{"id":117474,"date":"2026-03-24T03:17:33","date_gmt":"2026-03-24T03:17:33","guid":{"rendered":"https:\/\/soydeaqui.ddns.net\/pachuca\/index.php\/producto\/desforradora-para-fibra-ptica-loose-tube-tubo-holgado-de-4-posiciones-2\/"},"modified":"2026-03-24T03:17:45","modified_gmt":"2026-03-24T03:17:45","slug":"desforradora-para-fibra-ptica-loose-tube-tubo-holgado-de-4-posiciones-2","status":"publish","type":"product","link":"https:\/\/soydeaqui.ddns.net\/pachuca\/index.php\/producto\/desforradora-para-fibra-ptica-loose-tube-tubo-holgado-de-4-posiciones-2\/","title":{"rendered":"Desforradora para Fibra ?ptica Loose Tube (Tubo Holgado) de 4 Posiciones"},"content":{"rendered":"<div style='width: 100%; max-width: 1200px; margin: 0 auto; font-family: sans-serif; line-height: 1.6; color: inherit; background-color: transparent;'> <!-- Imagen principal --> <\/p>\n<div style='display: flex; justify-content: center; margin-bottom: 30px;'> <img style='width: 100%; max-width: 270px; height: auto; border: 1px solid rgba(150&comma;150&comma;150&comma;0.3); border-radius: 8px;' src='https:\/\/ftp3.syscom.mx\/usuarios\/orobles\/GREENLEE\/TEMPO-COMMUNICATIONS-lg.jpg' alt=''> <\/div>\n<p> <!-- Descripci\u00f3n principal --> <\/p>\n<div style='margin-bottom: 30px;'>\n<p style='font-size: 16px; margin: 0 0 15px 0; color: inherit;'>La Desforradora de Fibra \u00d3ptica de Acceso Intermedio MSS100 es una herramienta eficiente e indispensable para la terminaci\u00f3n de cables de fibra \u00f3ptica. La cuchilla afilada est\u00e1 compuesta de s\u00faper aleaci\u00f3n&comma; adecuada para pelar longitudinalmente el cable de tubo suelto (Loose Tube). El pelado abre el tubo en los lados superior e inferior para facilitar el acceso de la fibra.<\/p>\n<\/p><\/div>\n<p> <!-- Secci\u00f3n de caracter\u00edsticas --> <\/p>\n<div style='display: flex; flex-wrap: wrap; gap: 30px; margin-bottom: 30px;'>\n<div style='flex: 1 1 300px; min-width: 280px;'>\n<h3 style='font-size: 22px; border-bottom: 2px solid currentColor; padding-bottom: 5px; margin-top: 0; color: inherit; opacity: 0.8;'>Caracter\u00edsticas<\/h3>\n<ul style='padding-left: 20px; font-size: 15px; color: inherit;'>\n<li style='margin-bottom: 5px;'>La cuchilla de super aleaci\u00f3n asegura precisi\u00f3n y garantiza un filo para excelente corte despu\u00e9s de m\u00faltiples usos<\/li>\n<li style='margin-bottom: 5px;'>Cortadora Mid Span con 4 di\u00e1metros de ranura<\/li>\n<\/ul><\/div>\n<p> <!-- Secci\u00f3n de especificaciones --> <\/p>\n<div style='flex: 1 1 300px; min-width: 280px;'>\n<h3 style='font-size: 22px; border-bottom: 2px solid currentColor; padding-bottom: 5px; margin-top: 0; color: inherit; opacity: 0.8;'>Especificaciones<\/h3>\n<ul style='padding-left: 20px; font-size: 15px; color: inherit;'>\n<li style='margin-bottom: 5px;'><strong>Ranura 1:<\/strong> \u00d8 1.5~\u00d8 1.9mm<\/li>\n<li style='margin-bottom: 5px;'><strong>Ranura 2:<\/strong> \u00d8 2.0~\u00d8 2.4mm<\/li>\n<li style='margin-bottom: 5px;'><strong>Ranura 3:<\/strong> \u00d8 2.5~\u00d8 2.9mm<\/li>\n<li style='margin-bottom: 5px;'><strong>Ranura 4:<\/strong> \u00d8 3.0~\u00d8 3.3mm<\/li>\n<\/ul><\/div>\n<\/p><\/div>\n<p> <!-- Video --> <\/p>\n<div style='position: relative; padding-bottom: 56.25%; height: 0; overflow: hidden; margin-bottom: 30px;'>   <\/div>\n<p> <!-- Instrucciones de uso --> <\/p>\n<div style='margin-bottom: 30px;'>\n<h3 style='font-size: 22px; border-bottom: 2px solid currentColor; padding-bottom: 5px; margin-top: 0; color: inherit; opacity: 0.8;'>Instrucciones de uso<\/h3>\n<p style='font-size: 15px; margin: 15px 0; color: inherit;'>Simplemente seleccione la ranura adecuada&comma; coloque el tubo suelto&comma; presione la cuchilla en el revestimiento del tubo&comma; cierre y sujete las dos medias ranuras&comma; y mueva la cuchilla a lo largo del tubo para pelar.<\/p>\n<\/p><\/div>\n<\/p><\/div>\n","protected":false},"excerpt":{"rendered":"<p>Desforradora para Fibra ?ptica Loose Tube (Tubo Holgado) de 4 Posiciones<\/p>\n","protected":false},"featured_media":117473,"comment_status":"open","ping_status":"closed","template":"","meta":[],"product_brand":[],"product_cat":[636],"product_tag":[611,25,658],"class_list":{"0":"post-117474","1":"product","2":"type-product","3":"status-publish","4":"has-post-thumbnail","6":"product_cat-herramientas-fibra-optica","7":"product_tag-fibra-optica","8":"product_tag-herramientas","9":"product_tag-tempo","11":"first","12":"instock","13":"sale","14":"shipping-taxable","15":"purchasable","16":"product-type-simple"},"_links":{"self":[{"href":"https:\/\/soydeaqui.ddns.net\/pachuca\/index.php\/wp-json\/wp\/v2\/product\/117474","targetHints":{"allow":["GET"]}}],"collection":[{"href":"https:\/\/soydeaqui.ddns.net\/pachuca\/index.php\/wp-json\/wp\/v2\/product"}],"about":[{"href":"https:\/\/soydeaqui.ddns.net\/pachuca\/index.php\/wp-json\/wp\/v2\/types\/product"}],"replies":[{"embeddable":true,"href":"https:\/\/soydeaqui.ddns.net\/pachuca\/index.php\/wp-json\/wp\/v2\/comments?post=117474"}],"wp:featuredmedia":[{"embeddable":true,"href":"https:\/\/soydeaqui.ddns.net\/pachuca\/index.php\/wp-json\/wp\/v2\/media\/117473"}],"wp:attachment":[{"href":"https:\/\/soydeaqui.ddns.net\/pachuca\/index.php\/wp-json\/wp\/v2\/media?parent=117474"}],"wp:term":[{"taxonomy":"product_brand","embeddable":true,"href":"https:\/\/soydeaqui.ddns.net\/pachuca\/index.php\/wp-json\/wp\/v2\/product_brand?post=117474"},{"taxonomy":"product_cat","embeddable":true,"href":"https:\/\/soydeaqui.ddns.net\/pachuca\/index.php\/wp-json\/wp\/v2\/product_cat?post=117474"},{"taxonomy":"product_tag","embeddable":true,"href":"https:\/\/soydeaqui.ddns.net\/pachuca\/index.php\/wp-json\/wp\/v2\/product_tag?post=117474"}],"curies":[{"name":"wp","href":"https:\/\/api.w.org\/{rel}","templated":true}]}}