{"id":117423,"date":"2026-03-24T03:14:44","date_gmt":"2026-03-24T03:14:44","guid":{"rendered":"https:\/\/soydeaqui.ddns.net\/pachuca\/index.php\/producto\/dispositivo-de-bloqueo-smartkeeper-para-puertos-usb-a-color-rojo\/"},"modified":"2026-03-24T03:14:56","modified_gmt":"2026-03-24T03:14:56","slug":"dispositivo-de-bloqueo-smartkeeper-para-puertos-usb-a-color-rojo","status":"publish","type":"product","link":"https:\/\/soydeaqui.ddns.net\/pachuca\/index.php\/producto\/dispositivo-de-bloqueo-smartkeeper-para-puertos-usb-a-color-rojo\/","title":{"rendered":"Dispositivo de Bloqueo Smartkeeper, Para Puertos USB-A, Color Rojo"},"content":{"rendered":"<div style='width: 100%; max-width: 1200px; margin: 0 auto; font-family: sans-serif; line-height: 1.6; color: inherit; background-color: transparent;'> <!-- Secci\u00f3n de descripci\u00f3n principal --> <\/p>\n<div style='margin-bottom: 30px;'>\n<p>El dispositivo de bloqueo USB tipo A SmartKeeper protege los puertos USB-A para limitar o evitar el acceso no autorizado mediante la adici\u00f3n de una capa f\u00edsica. Tambi\u00e9n puede proteger el puerto del polvo y los residuos o de da\u00f1os causados por objetos extra\u00f1os. Solo se puede quitar con la llave maestra SmartKeeper. El dispositivo es de color rojo.<\/p>\n<p><strong>Nota:<\/strong> se requiere SKMKEY para su uso<\/p>\n<\/p><\/div>\n<p> <!-- Secci\u00f3n de especificaciones t\u00e9cnicas --> <\/p>\n<div style='display: flex; flex-wrap: wrap; gap: 20px; margin-bottom: 30px;'>\n<div style='flex: 1 1 250px; border: 1px solid rgba(150&comma; 150&comma; 150&comma; 0.4); border-radius: 8px; overflow: hidden; display: flex; flex-direction: column;'>\n<div style='padding: 15px; border-bottom: 1px solid rgba(150&comma; 150&comma; 150&comma; 0.2); font-weight: bold; font-size: 18px; color: inherit;'>Especificaciones T\u00e9cnicas<\/div>\n<div style='padding: 15px; color: inherit;'>\n<ul style='padding-left: 20px; margin: 0; font-size: 14px; list-style-type: disc;'>\n<li style='margin-bottom: 5px;'><strong>Color:<\/strong> Rojo<\/li>\n<li style='margin-bottom: 5px;'><strong>Propiedades de resistencia:<\/strong> Resistente a la manipulaci\u00f3n<\/li>\n<li style='margin-bottom: 5px;'><strong>Tipo de puerto:<\/strong> USB tipo A<\/li>\n<li style='margin-bottom: 5px;'><strong>Longitud:<\/strong> 0.39&#8242; (10 mm)<\/li>\n<li style='margin-bottom: 5px;'><strong>Ancho:<\/strong> 0.48&#8242; (12.3 mm)<\/li>\n<li style='margin-bottom: 5px;'><strong>Altura:<\/strong> 0.18&#8242; (4.6 mm)<\/li>\n<li style='margin-bottom: 5px;'><strong>Material:<\/strong> Policarbonato y Acero con n\u00edquel<\/li>\n<li style='margin-bottom: 5px;'><strong>Rango de temperatura:<\/strong> -4\u00b0F (-20\u00b0C) a +140\u00b0F (+60\u00b0C)<\/li>\n<li style='margin-bottom: 5px;'><strong>Conformidad:<\/strong> RoHS<\/li>\n<li style='margin-bottom: 5px;'><strong>Embalaje:<\/strong> 5 unidades por paquete<\/li>\n<\/ul><\/div>\n<\/p><\/div>\n<p> <!-- Secci\u00f3n de caracter\u00edsticas --> <\/p>\n<div style='flex: 1 1 250px; border: 1px solid rgba(150&comma; 150&comma; 150&comma; 0.4); border-radius: 8px; overflow: hidden; display: flex; flex-direction: column;'>\n<div style='padding: 15px; border-bottom: 1px solid rgba(150&comma; 150&comma; 150&comma; 0.2); font-weight: bold; font-size: 18px; color: inherit;'>Caracter\u00edsticas<\/div>\n<div style='padding: 15px; color: inherit;'>\n<ul style='padding-left: 20px; margin: 0; font-size: 14px; list-style-type: disc;'>\n<li style='margin-bottom: 5px;'>Dispositivo de seguridad f\u00edsico para puertos USB-A<\/li>\n<li style='margin-bottom: 5px;'>Dise\u00f1o compacto que no interfiere con conexiones adyacentes<\/li>\n<li style='margin-bottom: 5px;'>Mecanismo de bloqueo \u00fanico que requiere llave maestra<\/li>\n<li style='margin-bottom: 5px;'>F\u00e1cil instalaci\u00f3n con solo empujar<\/li>\n<li style='margin-bottom: 5px;'>Compatible con est\u00e1ndares USB tipo A<\/li>\n<\/ul><\/div>\n<\/p><\/div>\n<p> <!-- Secci\u00f3n de aplicaciones --> <\/p>\n<div style='flex: 1 1 250px; border: 1px solid rgba(150&comma; 150&comma; 150&comma; 0.4); border-radius: 8px; overflow: hidden; display: flex; flex-direction: column;'>\n<div style='padding: 15px; border-bottom: 1px solid rgba(150&comma; 150&comma; 150&comma; 0.2); font-weight: bold; font-size: 18px; color: inherit;'>Aplicaciones<\/div>\n<div style='padding: 15px; color: inherit;'>\n<p style='margin-bottom: 10px; font-size: 14px;'>El dispositivo de bloqueo SmartKeeper proporciona una soluci\u00f3n econ\u00f3mica para a\u00f1adir una capa f\u00edsica de seguridad a puertos USB tipo A en:<\/p>\n<ul style='padding-left: 20px; margin: 0; font-size: 14px; list-style-type: disc;'>\n<li style='margin-bottom: 5px;'>Computadoras<\/li>\n<li style='margin-bottom: 5px;'>Switches de red<\/li>\n<li style='margin-bottom: 5px;'>Equipos de telecomunicaciones<\/li>\n<li style='margin-bottom: 5px;'>Dispositivos industriales<\/li>\n<\/ul>\n<p style='margin-top: 15px; font-size: 14px;'>Ayuda a prevenir el acceso no autorizado y reduce el riesgo de da\u00f1os intencionales o accidentales.<\/p>\n<\/p><\/div>\n<\/p><\/div>\n<\/p><\/div>\n<p> <!-- Secci\u00f3n de beneficios --> <\/p>\n<div style='display: flex; flex-wrap: wrap; gap: 30px; margin-bottom: 30px;'>\n<div style='flex: 1 1 300px; min-width: 280px;'>\n<h3 style='font-size: 22px; border-bottom: 2px solid currentColor; padding-bottom: 5px; margin-top: 0; color: inherit; opacity: 0.8;'>Beneficios<\/h3>\n<ul style='padding-left: 20px; font-size: 15px; color: inherit;'>\n<li style='margin-bottom: 5px;'>Protecci\u00f3n contra transferencia de malware a trav\u00e9s de dispositivos USB<\/li>\n<li style='margin-bottom: 5px;'>Protecci\u00f3n contra acceso f\u00edsico no autorizado a datos sensibles<\/li>\n<li style='margin-bottom: 5px;'>Reducci\u00f3n del riesgo de da\u00f1os por objetos extra\u00f1os en el puerto<\/li>\n<li style='margin-bottom: 5px;'>Ahorro de costos asociados a brechas de seguridad y tiempo de inactividad<\/li>\n<\/ul><\/div>\n<\/p><\/div>\n<p> <!-- Separador --> <\/p>\n<hr style='border: 0; border-top: 1px solid rgba(150&comma; 150&comma; 150&comma; 0.3); margin: 30px 0;'> <\/div>\n","protected":false},"excerpt":{"rendered":"<p>Dispositivo de Bloqueo Smartkeeper, Para Puertos USB-A, Color Rojo<\/p>\n","protected":false},"featured_media":117422,"comment_status":"open","ping_status":"closed","template":"","meta":[],"product_brand":[],"product_cat":[691],"product_tag":[692,488,445],"class_list":{"0":"post-117423","1":"product","2":"type-product","3":"status-publish","4":"has-post-thumbnail","6":"product_cat-audio-y-video-cables-y-conectores","7":"product_tag-audio-y-video","8":"product_tag-cables-y-conectores","9":"product_tag-panduit","11":"first","12":"instock","13":"sale","14":"shipping-taxable","15":"purchasable","16":"product-type-simple"},"_links":{"self":[{"href":"https:\/\/soydeaqui.ddns.net\/pachuca\/index.php\/wp-json\/wp\/v2\/product\/117423","targetHints":{"allow":["GET"]}}],"collection":[{"href":"https:\/\/soydeaqui.ddns.net\/pachuca\/index.php\/wp-json\/wp\/v2\/product"}],"about":[{"href":"https:\/\/soydeaqui.ddns.net\/pachuca\/index.php\/wp-json\/wp\/v2\/types\/product"}],"replies":[{"embeddable":true,"href":"https:\/\/soydeaqui.ddns.net\/pachuca\/index.php\/wp-json\/wp\/v2\/comments?post=117423"}],"wp:featuredmedia":[{"embeddable":true,"href":"https:\/\/soydeaqui.ddns.net\/pachuca\/index.php\/wp-json\/wp\/v2\/media\/117422"}],"wp:attachment":[{"href":"https:\/\/soydeaqui.ddns.net\/pachuca\/index.php\/wp-json\/wp\/v2\/media?parent=117423"}],"wp:term":[{"taxonomy":"product_brand","embeddable":true,"href":"https:\/\/soydeaqui.ddns.net\/pachuca\/index.php\/wp-json\/wp\/v2\/product_brand?post=117423"},{"taxonomy":"product_cat","embeddable":true,"href":"https:\/\/soydeaqui.ddns.net\/pachuca\/index.php\/wp-json\/wp\/v2\/product_cat?post=117423"},{"taxonomy":"product_tag","embeddable":true,"href":"https:\/\/soydeaqui.ddns.net\/pachuca\/index.php\/wp-json\/wp\/v2\/product_tag?post=117423"}],"curies":[{"name":"wp","href":"https:\/\/api.w.org\/{rel}","templated":true}]}}