{"id":117409,"date":"2026-03-24T03:13:55","date_gmt":"2026-03-24T03:13:55","guid":{"rendered":"https:\/\/soydeaqui.ddns.net\/pachuca\/index.php\/producto\/nvr-maxpro-pe-professional-edition-4k-64-canales-ip-windows-10-iot-enterprise-64-tb-incluidos-2-u-rack-ndaa-onvif-h-265-fuente-redundante-raid-1-5-6-10-honeywell-security\/"},"modified":"2026-03-24T03:14:05","modified_gmt":"2026-03-24T03:14:05","slug":"nvr-maxpro-pe-professional-edition-4k-64-canales-ip-windows-10-iot-enterprise-64-tb-incluidos-2-u-rack-ndaa-onvif-h-265-fuente-redundante-raid-1-5-6-10-honeywell-security","status":"publish","type":"product","link":"https:\/\/soydeaqui.ddns.net\/pachuca\/index.php\/producto\/nvr-maxpro-pe-professional-edition-4k-64-canales-ip-windows-10-iot-enterprise-64-tb-incluidos-2-u-rack-ndaa-onvif-h-265-fuente-redundante-raid-1-5-6-10-honeywell-security\/","title":{"rendered":"NVR MAXPRO PE (Professional Edition) 4K \/ 64 Canales IP \/ Windows 10 IoT Enterprise \/ 64 TB (Incluidos) \/ 2 U Rack \/ NDAA \/ ONVIF \/ H.265 \/ Fuente Redundante \/ RAID 1\/5\/6\/10 \/ Honeywell Security"},"content":{"rendered":"<div style='width: 100%; max-width: 1200px; margin: 0 auto; font-family: sans-serif; line-height: 1.6; color: inherit; background-color: transparent;'> <!-- Im\u00e1genes iniciales --> <\/p>\n<div style='margin-bottom: 30px;'> <img style='width: 100%; height: auto; border: 1px solid rgba(150&comma;150&comma;150&comma;0.3); border-radius: 8px;' src='https:\/\/ftp3.syscom.mx\/usuarios\/pnunez\/Honeywell\/HC30WE5R2\/Imagenes\/banner-honeywell.jpg' alt=''> <img style='width: 100%; height: auto; border: 1px solid rgba(150&comma;150&comma;150&comma;0.3); border-radius: 8px; margin-top: 15px;' src='https:\/\/ftp3.syscom.mx\/usuarios\/pnunez\/Honeywell\/Banners\/syscom-stock-disponible%20%281%29.jpg' alt=''> <\/div>\n<p> <!-- Imagen principal del producto --> <\/p>\n<div style='display: flex; justify-content: center; margin: 30px 0;'> <img style='width: 40%; max-width: 500px; height: 100px; object-fit: cover; border: 1px solid rgba(150&comma;150&comma;150&comma;0.3); border-radius: 8px;' src='https:\/\/ftp3.syscom.mx\/usuarios\/pnunez\/Honeywell\/HNMPE128C144T12%20\/HONEYWELL-NAMES-04.jpg' alt=''> <\/div>\n<p> <!-- Secci\u00f3n de especificaciones --> <\/p>\n<div style='display: flex; flex-wrap: wrap; gap: 30px; margin-bottom: 30px;'> <!-- Caracter\u00edsticas del NVR --> <\/p>\n<div style='flex: 1 1 300px; min-width: 280px;'>\n<h3 style='font-size: 22px; border-bottom: 2px solid currentColor; padding-bottom: 5px; margin-top: 0; color: inherit; opacity: 0.8;'>Caracter\u00edsticas del NVR:<\/h3>\n<ul style='padding-left: 20px; font-size: 15px; color: inherit;'>\n<li style='margin-bottom: 5px;'><strong>Compresi\u00f3n de v\u00eddeo:<\/strong> H.264&comma; H.265<\/li>\n<li style='margin-bottom: 5px;'><strong>Resoluci\u00f3n m\u00e1xima:<\/strong> 4K<\/li>\n<li style='margin-bottom: 5px;'><strong>Reproducci\u00f3n s\u00edncrona:<\/strong> 64 Canales<\/li>\n<li style='margin-bottom: 5px;'><strong>Almacenamiento:<\/strong> 64 TB (8 x 8 TB) Incluido<\/li>\n<li style='margin-bottom: 5px;'><strong>Perfil ONVIF:<\/strong> S y G<\/li>\n<li style='margin-bottom: 5px;'><strong>Soporta RAID:<\/strong> 1\/5\/6\/10<\/li>\n<li style='margin-bottom: 5px;'><strong>Certificaci\u00f3n NDAA.<\/strong><\/li>\n<li style='margin-bottom: 5px;'><strong>Garant\u00eda 5 a\u00f1os.<\/strong><\/li>\n<\/ul><\/div>\n<p> <!-- Caracter\u00edsticas Generales --> <\/p>\n<div style='flex: 1 1 300px; min-width: 280px;'>\n<h3 style='font-size: 22px; border-bottom: 2px solid currentColor; padding-bottom: 5px; margin-top: 0; color: inherit; opacity: 0.8;'>Caracter\u00edsticas Generales:<\/h3>\n<ul style='padding-left: 20px; font-size: 15px; color: inherit;'>\n<li style='margin-bottom: 5px;'><strong>Sistema operativo:<\/strong> Windows 10 IoT Enterprise for Embedded Systems<\/li>\n<li style='margin-bottom: 5px;'><strong>Throughput entrada:<\/strong> 160 Mbps Salida: 700 Mbps.<\/li>\n<li style='margin-bottom: 5px;'><strong>Base de datos:<\/strong> Microsoft SQL Server\u00ae 2012 Express<\/li>\n<li style='margin-bottom: 5px;'><strong>Compatible con:<\/strong> Serie equIP y Performance<\/li>\n<li style='margin-bottom: 5px;'><strong>Entrada de audio:<\/strong> a trav\u00e9s de la c\u00e1mara<\/li>\n<li style='margin-bottom: 5px;'><strong>Procesador:<\/strong> Intel Xeon Silver 4110&comma; 2.1 GHz<\/li>\n<li style='margin-bottom: 5px;'><strong>Soporta:<\/strong> Fuente Redundante<\/li>\n<\/ul><\/div>\n<p> <!-- Caracter\u00edsticas F\u00edsicas y El\u00e9ctricas --> <\/p>\n<div style='flex: 1 1 300px; min-width: 280px;'>\n<h3 style='font-size: 22px; border-bottom: 2px solid currentColor; padding-bottom: 5px; margin-top: 0; color: inherit; opacity: 0.8;'>Caracter\u00edsticas F\u00edsicas y El\u00e9ctricas:<\/h3>\n<ul style='padding-left: 20px; font-size: 15px; color: inherit;'>\n<li style='margin-bottom: 5px;'><strong>Dimensiones:<\/strong> 434 x 86 x 708 mm<\/li>\n<li style='margin-bottom: 5px;'><strong>Alimentaci\u00f3n:<\/strong> 110V\/220V&comma; 750 W<\/li>\n<li style='margin-bottom: 5px;'><strong>Puertos red:<\/strong> 4 puertos 1 GB incluido (LAN)&comma; 10 GbE SFP+ opcional<\/li>\n<li style='margin-bottom: 5px;'><strong>Salidas de video:<\/strong> 2 VGA<\/li>\n<li style='margin-bottom: 5px;'><strong>Temperatura de operaci\u00f3n:<\/strong> 10\u00b0C a 35\u00b0C<\/li>\n<li style='margin-bottom: 5px;'><strong>Peso:<\/strong> 32.5 kg completamente equipado<\/li>\n<li style='margin-bottom: 5px;'><strong>Montaje:<\/strong> para rack de 2 unidades<\/li>\n<\/ul><\/div>\n<\/p><\/div>\n<p> <!-- Separador --> <\/p>\n<hr style='border: 0; border-top: 1px solid rgba(150&comma; 150&comma; 150&comma; 0.3); margin: 30px 0;'> <!-- Galer\u00eda de im\u00e1genes y video --> <\/p>\n<div style='display: flex; flex-direction: column; gap: 15px; margin-top: 30px;'> <img style='width: 100%; height: auto; border: 1px solid rgba(150&comma;150&comma;150&comma;0.3); border-radius: 8px;' src='https:\/\/ftp3.syscom.mx\/usuarios\/pnunez\/Honeywell\/HNMPE128C144T12%20\/HNMPE128C144T12.PNG' alt=''> <img style='width: 100%; height: auto; border: 1px solid rgba(150&comma;150&comma;150&comma;0.3); border-radius: 8px;' src='https:\/\/ftp3.syscom.mx\/usuarios\/pnunez\/Honeywell\/NDAA\/NDAA-HONEYWELL.jpg' alt=''> <!-- Video --> <\/p>\n<div style='position: relative; padding-bottom: 56.25%; height: 0; overflow: hidden; margin-bottom: 30px;'> <video style='position: absolute; top: 0; left: 0; width: 100%; height: 100%; border: none;' muted='' controls=''><source src='https:\/\/ftp3.syscom.mx\/usuarios\/pnunez\/Honeywell\/Videos%20Honeywell\/Honeywell%2035%20series%20_%20.mp4' type='video\/mp4'>Tu navegador no soporta el elemento de video.<\/video> <\/div>\n<\/p><\/div>\n<\/p><\/div>\n","protected":false},"excerpt":{"rendered":"<p>NVR MAXPRO PE (Professional Edition) 4K \/ 64 Canales IP \/ Windows 10 IoT Enterprise \/ 64 TB (Incluidos) \/ 2 U Rack \/ NDAA \/ ONVIF \/ H.265 \/ Fuente Redundante \/ RAID 1\/5\/6\/10 \/ Honeywell Security<\/p>\n","protected":false},"featured_media":117408,"comment_status":"open","ping_status":"closed","template":"","meta":[],"product_brand":[],"product_cat":[2234],"product_tag":[122,209,2235],"class_list":{"0":"post-117409","1":"product","2":"type-product","3":"status-publish","4":"has-post-thumbnail","6":"product_cat-nvrs-network-video-recorders","7":"product_tag-camaras-ip-y-nvrs","8":"product_tag-honeywell","9":"product_tag-nvrs-network-video-recorders","11":"first","12":"outofstock","13":"sale","14":"shipping-taxable","15":"purchasable","16":"product-type-simple"},"_links":{"self":[{"href":"https:\/\/soydeaqui.ddns.net\/pachuca\/index.php\/wp-json\/wp\/v2\/product\/117409","targetHints":{"allow":["GET"]}}],"collection":[{"href":"https:\/\/soydeaqui.ddns.net\/pachuca\/index.php\/wp-json\/wp\/v2\/product"}],"about":[{"href":"https:\/\/soydeaqui.ddns.net\/pachuca\/index.php\/wp-json\/wp\/v2\/types\/product"}],"replies":[{"embeddable":true,"href":"https:\/\/soydeaqui.ddns.net\/pachuca\/index.php\/wp-json\/wp\/v2\/comments?post=117409"}],"wp:featuredmedia":[{"embeddable":true,"href":"https:\/\/soydeaqui.ddns.net\/pachuca\/index.php\/wp-json\/wp\/v2\/media\/117408"}],"wp:attachment":[{"href":"https:\/\/soydeaqui.ddns.net\/pachuca\/index.php\/wp-json\/wp\/v2\/media?parent=117409"}],"wp:term":[{"taxonomy":"product_brand","embeddable":true,"href":"https:\/\/soydeaqui.ddns.net\/pachuca\/index.php\/wp-json\/wp\/v2\/product_brand?post=117409"},{"taxonomy":"product_cat","embeddable":true,"href":"https:\/\/soydeaqui.ddns.net\/pachuca\/index.php\/wp-json\/wp\/v2\/product_cat?post=117409"},{"taxonomy":"product_tag","embeddable":true,"href":"https:\/\/soydeaqui.ddns.net\/pachuca\/index.php\/wp-json\/wp\/v2\/product_tag?post=117409"}],"curies":[{"name":"wp","href":"https:\/\/api.w.org\/{rel}","templated":true}]}}