{"id":117376,"date":"2026-03-24T03:12:00","date_gmt":"2026-03-24T03:12:00","guid":{"rendered":"https:\/\/soydeaqui.ddns.net\/pachuca\/index.php\/producto\/biometrico-min-moe-para-acceso-y-asistencia-con-reconocimiento-facial-monitoreo-y-reportes-en-excel-por-software-termografia-industrial-acceso-tiempo-y-asistencia-reloj-checador\/"},"modified":"2026-03-24T03:12:16","modified_gmt":"2026-03-24T03:12:16","slug":"biometrico-min-moe-para-acceso-y-asistencia-con-reconocimiento-facial-monitoreo-y-reportes-en-excel-por-software-termografia-industrial-acceso-tiempo-y-asistencia-reloj-checador","status":"publish","type":"product","link":"https:\/\/soydeaqui.ddns.net\/pachuca\/index.php\/producto\/biometrico-min-moe-para-acceso-y-asistencia-con-reconocimiento-facial-monitoreo-y-reportes-en-excel-por-software-termografia-industrial-acceso-tiempo-y-asistencia-reloj-checador\/","title":{"rendered":"Biom\u00e9trico Min Moe para Acceso y Asistencia con Reconocimiento Facial  \/ Monitoreo y reportes en Excel por Software \/ Termograf\u00eda Industrial \/ Acceso + Tiempo y Asistencia (reloj checador)"},"content":{"rendered":"<div style='width: 100%; max-width: 1200px; margin: 0 auto; font-family: sans-serif; line-height: 1.6; color: inherit; background-color: transparent;'> <!-- Imagen principal --> <\/p>\n<div style='margin-bottom: 30px;'> <img style='width: 100%; height: auto; border: 1px solid rgba(150&comma;150&comma;150&comma;0.3); border-radius: 8px;' src='https:\/\/ftp3.syscom.mx\/usuarios\/fespinoza\/HIKVISION\/Dispositivos\/AI%20Terminals\/FEVER%20DETECTION\/hikvision-bio%20%281%29.jpg' alt='Biom\u00e9trico Min Moe'> <\/div>\n<p> <!-- Secci\u00f3n de caracter\u00edsticas principales --> <\/p>\n<div style='display: flex; flex-wrap: wrap; gap: 30px; margin-bottom: 30px;'>\n<div style='flex: 1 1 300px; min-width: 280px;'>\n<h3 style='font-size: 22px; border-bottom: 2px solid currentColor; padding-bottom: 5px; margin-top: 0; color: inherit; opacity: 0.8;'>Caracter\u00edsticas principales<\/h3>\n<ul style='padding-left: 20px; font-size: 15px; color: inherit;'>\n<li style='margin-bottom: 5px;'>Pantalla LCD touch 7&#8242;<\/li>\n<li style='margin-bottom: 5px;'>Doble C\u00e1mara de 2 mp&comma; con luz complementaria (IR&comma; WDR)<\/li>\n<li style='margin-bottom: 5px;'>Comunicaci\u00f3n IP (10\/100\/1000 Mbps)<\/li>\n<li style='margin-bottom: 5px;'>Distancia para reconocer rostro: 0.5 a 1.5 metros<\/li>\n<li style='margin-bottom: 5px;'>Reconocimiento en 0.2 segundos<\/li>\n<li style='margin-bottom: 5px;'>M\u00faltiple autentificaci\u00f3n<\/li>\n<li style='margin-bottom: 5px;'>Soporta hasta 6&comma;000 rostros<\/li>\n<li style='margin-bottom: 5px;'>Hasta 6&comma;000 tarjetas (MIFARE)<\/li>\n<li style='margin-bottom: 5px;'>Tarjetas recomendadas: ACCESSCARM1K&comma; ACCESSCARDM4K&comma; ACCESKFBM1K&comma; ACCESSWB65M1K&comma; ACCESSWB74M1K. <a style='color: inherit; text-decoration: underline;' href='https:\/\/www.syscom.mx\/principal\/promociones\/tarjetas_mifare-7359.html?ordenar=Relevancia&#038;pag=1' target='_blank' rel='noopener noreferrer'>Ver aqu\u00ed<\/a><\/li>\n<li style='margin-bottom: 5px;'>Hasta 100&comma;000 eventos<\/li>\n<li style='margin-bottom: 5px;'>Garant\u00eda: 2 A\u00f1os<\/li>\n<li style='margin-bottom: 5px;'>\u2713 IVMS4200 <a style='color: inherit; text-decoration: underline;' href='https:\/\/ftp3.syscom.mx\/usuarios\/fespinoza\/HIKVISION\/Software\/IVMS-4200%20V3.6.1.3\/iVMS-4200-Client-Software_Datasheet_V3.6.0_20210622.pdf' target='_blank' rel='noopener noreferrer'>Alcances (ficha t\u00e9cnica)<\/a><\/li>\n<li style='margin-bottom: 5px;'>\u2713 HikCentral (mediante licencia)<\/li>\n<\/ul><\/div>\n<p> <!-- Caracter\u00edsticas F\u00edsicas y El\u00e9ctricas --> <\/p>\n<div style='flex: 1 1 300px; min-width: 280px;'>\n<h3 style='font-size: 22px; border-bottom: 2px solid currentColor; padding-bottom: 5px; margin-top: 0; color: inherit; opacity: 0.8;'>Caracter\u00edsticas F\u00edsicas y El\u00e9ctricas<\/h3>\n<ul style='padding-left: 20px; font-size: 15px; color: inherit;'>\n<li style='margin-bottom: 5px;'>Alimentaci\u00f3n: 12 Vcc \/ 2A (Fuente no incluida)<\/li>\n<li style='margin-bottom: 5px;'>Fuentes sugeridas: <a style='color: inherit; text-decoration: underline;' href='https:\/\/www.syscom.mx\/principal\/searchcont?route=PL-12-DC-3A-BK-EPCOM-POWERLINE-70559&#038;autodetect=pl12dc3abk' target='_blank' rel='noopener noreferrer'>PL-12-DC-3A-BK<\/a> \/ <a style='color: inherit; text-decoration: underline;' href='https:\/\/www.syscom.mx\/producto\/PS-D-1202-D-SFIRE-77584.html' target='_blank' rel='noopener noreferrer'>PS-D-1202-D<\/a><\/li>\n<li style='margin-bottom: 5px;'>Temperatura de operaci\u00f3n: 0\u00b0C a 50\u00b0C (32\u00b0F a 122\u00b0F) 0 a 90% sin condensaci\u00f3n<\/li>\n<li style='margin-bottom: 5px;'>Interfaces:\n<ul style='padding-left: 20px; margin-top: 5px; margin-bottom: 5px;'>\n<li style='margin-bottom: 3px;'>Wiegand: 1<\/li>\n<li style='margin-bottom: 3px;'>Network: 1<\/li>\n<li style='margin-bottom: 3px;'>RS-485: 1<\/li>\n<li style='margin-bottom: 3px;'>Sensor de puerta: 1<\/li>\n<li style='margin-bottom: 3px;'>Bot\u00f3n de salida: 1<\/li>\n<li style='margin-bottom: 3px;'>Tamper: 1<\/li>\n<li style='margin-bottom: 3px;'>Salida de relevador para chapa<\/li>\n<\/ul>\n<\/li>\n<\/ul><\/div>\n<p> <!-- Caracter\u00edsticas Destacadas --> <\/p>\n<div style='flex: 1 1 300px; min-width: 280px;'>\n<h3 style='font-size: 22px; border-bottom: 2px solid currentColor; padding-bottom: 5px; margin-top: 0; color: inherit; opacity: 0.8;'>Caracter\u00edsticas Destacadas<\/h3>\n<ul style='padding-left: 20px; font-size: 15px; color: inherit;'>\n<li style='margin-bottom: 5px;'>Detecci\u00f3n de temperatura corporal (De 30\u00b0C a 45\u00b0C)<\/li>\n<li style='margin-bottom: 5px;'>Funci\u00f3n de Control de Acceso + Tiempo y Asistencia<\/li>\n<li style='margin-bottom: 5px;'>Rango de precisi\u00f3n 0.5\u00b0C<\/li>\n<li style='margin-bottom: 5px;'>Reconocimiento facial al instante&comma; con taza de precisi\u00f3n del 99%<\/li>\n<li style='margin-bottom: 5px;'>Administrado mediante IVMS4200 o aut\u00f3nomo<\/li>\n<li style='margin-bottom: 5px;'>Toma la temperatura corporal al instante y env\u00eda notificaci\u00f3n de temperatura anormal a iVMS4200<\/li>\n<li style='margin-bottom: 5px;'>El dispositivo debe durar encendido 30 min para su calibraci\u00f3n completa antes de su operaci\u00f3n (menos tiempo en algunos casos)<\/li>\n<li style='margin-bottom: 5px;'>Reportes de temperatura en Excel por software<\/li>\n<\/ul>\n<p> <!-- Monitores Compatibles --> <\/p>\n<div style='margin-top: 20px;'>\n<h4 style='font-size: 18px; margin-top: 0; color: inherit;'>Monitores Compatibles<\/h4>\n<ul style='padding-left: 20px; font-size: 15px; color: inherit;'>\n<li style='margin-bottom: 5px;'><a style='color: inherit; text-decoration: underline;' href='https:\/\/www.syscom.mx\/principal\/searchcont?route=DS-KH6220-LE1-HIKVISION-189752&#038;autodetect=dskh6220' target='_blank' rel='noopener noreferrer'>DS-KH6220-LE1<\/a> (solo local&comma; sin llamada a la App)<\/li>\n<li style='margin-bottom: 5px;'><a style='color: inherit; text-decoration: underline;' href='https:\/\/www.syscom.mx\/principal\/searchcont?route=DS-KH6320-WTE1-HIKVISION-170761&#038;autodetect=DSKH6310' target='_blank' rel='noopener noreferrer'>DS-KH6320-WTE1<\/a><\/li>\n<li style='margin-bottom: 5px;'><a style='color: inherit; text-decoration: underline;' href='https:\/\/www.syscom.mx\/principal\/searchcont?route=DS-KH8520-WTE1-HIKVISION-170927&#038;autodetect=DSKH' target='_blank' rel='noopener noreferrer'>DS-KH8520-WTE1<\/a><\/li>\n<li style='margin-bottom: 5px;'><a style='color: inherit; text-decoration: underline;' href='https:\/\/www.syscom.mx\/principal\/searchcont?route=DS-KH9510-WTE1-HIKVISION-194544&#038;autodetect=dskh9' target='_blank' rel='noopener noreferrer'>DS-KH9510-WTE1<\/a><\/li>\n<li style='margin-bottom: 5px;'><a style='color: inherit; text-decoration: underline;' href='https:\/\/www.syscom.mx\/principal\/searchcont?route=DS-KH9310-WTE1-HIKVISION-194536&#038;autodetect=dskh9' target='_blank' rel='noopener noreferrer'>DS-KH9310-WTE1<\/a><\/li>\n<\/ul><\/div>\n<\/p><\/div>\n<\/p><\/div>\n<p> <!-- Consideraciones --> <\/p>\n<div style='margin-bottom: 30px;'>\n<h3 style='font-size: 22px; border-bottom: 2px solid currentColor; padding-bottom: 5px; margin-top: 0; color: inherit; opacity: 0.8;'>Consideraciones<\/h3>\n<p style='font-size: 15px; color: inherit;'>Lector desarrollado con el algoritmo de reconocimiento de rostros y medici\u00f3n de temperatura m\u00e1s avanzado del mundo&comma; m\u00e1s r\u00e1pido que cualquier otro&comma; lectura a mayor distancia y m\u00e1s seguro debido a su algoritmo patentado con Inteligencia Artificial.<\/p>\n<\/p><\/div>\n<p> <!-- Secci\u00f3n de funcionalidades --> <\/p>\n<div style='display: flex; flex-wrap: wrap; gap: 30px; margin-bottom: 30px;'>\n<div style='flex: 1 1 300px; min-width: 280px;'>\n<h3 style='font-size: 22px; border-bottom: 2px solid currentColor; padding-bottom: 5px; margin-top: 0; color: inherit; opacity: 0.8;'>Funcionalidades<\/h3>\n<ul style='padding-left: 20px; font-size: 15px; color: inherit;'>\n<li style='margin-bottom: 5px;'>\u2713 Reconocimiento Facial + Temperatura + Detecci\u00f3n de Cubrebocas<\/li>\n<li style='margin-bottom: 5px;'>\u2713 NO abre puerta si no trae cubrebocas o temperatura normal (configurable)<\/li>\n<li style='margin-bottom: 5px;'>\u2713 Validaci\u00f3n a extra\u00f1os o a usuarios dados de alta (configurable)<\/li>\n<li style='margin-bottom: 5px;'>\u2713 Lectura de rostros en 0.3 seg y Temperatura en 1 segundo hasta a 1.5 mts<\/li>\n<li style='margin-bottom: 5px;'>\u2713 Reportes en excel con temperaturas y nombres de las personas<\/li>\n<li style='margin-bottom: 5px;'>\u2713 SDK Gratuito para integraciones propias<\/li>\n<li style='margin-bottom: 5px;'>\u2713 Funciona como Videoportero IP Multiapartamento (Touch)<\/li>\n<li style='margin-bottom: 5px;'>\u2713 Apertura con tarjeta de proximidad MIFARE<\/li>\n<li style='margin-bottom: 5px;'>\u2713 Montaje en pared (incluido)&comma; pedestal de piso modelo <a style='color: inherit; text-decoration: underline;' href='https:\/\/www.syscom.mx\/producto\/DS-KAB671-B-HIKVISION-176289.html' target='_blank' rel='noopener noreferrer'>DS-KAB671-B<\/a> (No incluido) o pedestal para instalaci\u00f3n en torniquete <a style='color: inherit; text-decoration: underline;' href='https:\/\/www.syscom.mx\/principal\/searchcont?route=DS-KAB6-ZU1-HIKVISION-195201&#038;autodetect=dskab' target='_blank' rel='noopener noreferrer'>DS-KAB6-ZU1<\/a> (No incluido)<\/li>\n<li style='margin-bottom: 5px;'>\u2713 Relevador para conexi\u00f3n de chapa y funci\u00f3n de reloj checador<\/li>\n<li style='margin-bottom: 5px;'>\u2713 Relevador auxiliar para alerta visual o sonora de temperatura alta<\/li>\n<\/ul><\/div>\n<p> <!-- Imagen de pedestal --> <\/p>\n<div style='flex: 1 1 300px; min-width: 280px; display: flex; align-items: center; justify-content: center;'> <img style='width: 100%; height: auto; border: 1px solid rgba(150&comma;150&comma;150&comma;0.3); border-radius: 8px;' src='https:\/\/ftp3.syscom.mx\/usuarios\/fespinoza\/HIKVISION\/Dispositivos\/AI%20Terminals\/FEVER%20DETECTION\/DS-K1TA70MI-T\/InagenPedestal.png' alt='Pedestal'> <\/div>\n<\/p><\/div>\n<p> <!-- Videos de funcionamiento --> <\/p>\n<div style='margin-bottom: 30px;'>\n<h3 style='font-size: 22px; border-bottom: 2px solid currentColor; padding-bottom: 5px; margin-top: 0; margin-bottom: 20px; color: inherit; opacity: 0.8; text-align: center;'>\u00a1AS\u00cd FUNCIONA! VIDEO CON EXPLICACI\u00d3N DE FUNCIONAMIENTO INTEGRADO AL SOFTWARE<\/h3>\n<div style='margin-bottom: 30px;'>\n<div style='position: relative; padding-bottom: 56.25%; height: 0; overflow: hidden; margin-bottom: 30px;'>   <\/div>\n<\/p><\/div>\n<div style='margin-bottom: 30px;'>\n<div style='position: relative; padding-bottom: 56.25%; height: 0; overflow: hidden; margin-bottom: 30px;'>   <\/div>\n<\/p><\/div>\n<div style='margin-bottom: 30px;'>\n<div style='position: relative; padding-bottom: 56.25%; height: 0; overflow: hidden; margin-bottom: 30px;'>   <\/div>\n<\/p><\/div>\n<\/p><\/div>\n<\/p><\/div>\n","protected":false},"excerpt":{"rendered":"<p>Biom\u00e9trico Min Moe para Acceso y Asistencia con Reconocimiento Facial  \/ Monitoreo y reportes en Excel por Software \/ Termograf\u00eda Industrial \/ Acceso + Tiempo y Asistencia (reloj checador)<\/p>\n","protected":false},"featured_media":117375,"comment_status":"open","ping_status":"closed","template":"","meta":[],"product_brand":[],"product_cat":[743],"product_tag":[744,54,745],"class_list":{"0":"post-117376","1":"product","2":"type-product","3":"status-publish","4":"has-post-thumbnail","6":"product_cat-para-tiempo-y-asistencia-checadores","7":"product_tag-biometricos","8":"product_tag-hikvision","9":"product_tag-para-tiempo-y-asistencia-checadores","11":"first","12":"outofstock","13":"sale","14":"shipping-taxable","15":"purchasable","16":"product-type-simple"},"_links":{"self":[{"href":"https:\/\/soydeaqui.ddns.net\/pachuca\/index.php\/wp-json\/wp\/v2\/product\/117376","targetHints":{"allow":["GET"]}}],"collection":[{"href":"https:\/\/soydeaqui.ddns.net\/pachuca\/index.php\/wp-json\/wp\/v2\/product"}],"about":[{"href":"https:\/\/soydeaqui.ddns.net\/pachuca\/index.php\/wp-json\/wp\/v2\/types\/product"}],"replies":[{"embeddable":true,"href":"https:\/\/soydeaqui.ddns.net\/pachuca\/index.php\/wp-json\/wp\/v2\/comments?post=117376"}],"wp:featuredmedia":[{"embeddable":true,"href":"https:\/\/soydeaqui.ddns.net\/pachuca\/index.php\/wp-json\/wp\/v2\/media\/117375"}],"wp:attachment":[{"href":"https:\/\/soydeaqui.ddns.net\/pachuca\/index.php\/wp-json\/wp\/v2\/media?parent=117376"}],"wp:term":[{"taxonomy":"product_brand","embeddable":true,"href":"https:\/\/soydeaqui.ddns.net\/pachuca\/index.php\/wp-json\/wp\/v2\/product_brand?post=117376"},{"taxonomy":"product_cat","embeddable":true,"href":"https:\/\/soydeaqui.ddns.net\/pachuca\/index.php\/wp-json\/wp\/v2\/product_cat?post=117376"},{"taxonomy":"product_tag","embeddable":true,"href":"https:\/\/soydeaqui.ddns.net\/pachuca\/index.php\/wp-json\/wp\/v2\/product_tag?post=117376"}],"curies":[{"name":"wp","href":"https:\/\/api.w.org\/{rel}","templated":true}]}}