{"id":117327,"date":"2026-03-24T03:09:25","date_gmt":"2026-03-24T03:09:25","guid":{"rendered":"https:\/\/soydeaqui.ddns.net\/pachuca\/index.php\/producto\/sly308-cable-elctrico-de-cobre-recubierto-thw-ls-calibre-12-awg-19-hilos-color-negro-100-metros-328-08-pies\/"},"modified":"2026-03-24T03:09:26","modified_gmt":"2026-03-24T03:09:26","slug":"sly308-cable-elctrico-de-cobre-recubierto-thw-ls-calibre-12-awg-19-hilos-color-negro-100-metros-328-08-pies","status":"publish","type":"product","link":"https:\/\/soydeaqui.ddns.net\/pachuca\/index.php\/producto\/sly308-cable-elctrico-de-cobre-recubierto-thw-ls-calibre-12-awg-19-hilos-color-negro-100-metros-328-08-pies\/","title":{"rendered":"( SLY308 ) Cable El?ctrico de Cobre Recubierto THW-LS Calibre 12 AWG 19 Hilos Color Negro (100 Metros) (328.08 Pies)"},"content":{"rendered":"<div style='width: 100%; max-width: 1200px; margin: 0 auto; font-family: sans-serif; line-height: 1.6; color: inherit; background-color: transparent;'> <!-- T\u00edtulos y descripci\u00f3n principal --> <\/p>\n<div style='width: 100%; max-width: 1200px; margin: 0 auto; font-family: sans-serif; line-height: 1.6; color: inherit; background-color: transparent;'>\n<h1 style='color: inherit; text-align: center; font-size: 28px; margin: 0;'><strong>SLY308BLK\/100<\/strong><\/h1>\n<h3 style='color: inherit; text-align: center; font-size: 18px; margin: 10px 0;'>Conductor de cobre suave con aislamiento de PVC autoextinguible<\/h3>\n<h3 style='color: inherit; text-align: center; font-size: 18px; margin: 10px 0;'>Venta en bobina de 100 metros<\/h3>\n<p style='text-align: center; margin: 20px 70px 30px 70px; font-size: 15px; color: inherit;'> <strong>Los conductores THW-LS son de alta seguridad&comma; son fabricados para uso confiable en lugares secos&comma; mojados o en aceite&comma; e instalados en ducto&comma; conduit o en charolas. Sus excelentes propiedades autoextinguibles&comma; lo hace ideal para ser instalado en construcciones de vivienda y peque\u00f1os comercios.<\/strong> <\/p>\n<\/p><\/div>\n<p> <!-- Secci\u00f3n de caracter\u00edsticas y especificaciones --> <\/p>\n<div style='display: flex; flex-wrap: wrap; gap: 30px; margin-bottom: 30px;'> <!-- Caracter\u00edsticas --> <\/p>\n<div style='flex: 1 1 300px; min-width: 280px;'> <img style='width: 100%; height: auto; border: 1px solid rgba(150&comma;150&comma;150&comma;0.3); border-radius: 8px;' src='https:\/\/ftp3.syscom.mx\/usuarios\/fotos\/BancoFotografiasSyscom\/INDIANA\/SLY286BLK_100\/SLY286BLK_100-p.PNG' alt=''> <\/p>\n<div style='border: 1px solid rgba(150&comma; 150&comma; 150&comma; 0.4); border-radius: 8px; overflow: hidden; margin-top: 10px;'>\n<div style='padding: 15px; border-bottom: 1px solid rgba(150&comma; 150&comma; 150&comma; 0.2); font-weight: bold; font-size: 18px; color: inherit;'>Caracter\u00edsticas:<\/div>\n<div style='padding: 15px; color: inherit;'>\n<ul style='padding-left: 20px; margin: 0; font-size: 14px; list-style-type: disc;'>\n<li style='margin-bottom: 5px;'><strong>Calibre:<\/strong> 12 AWG<\/li>\n<li style='margin-bottom: 5px;'><strong>N\u00famero de hilos:<\/strong> 19<\/li>\n<li style='margin-bottom: 5px;'><strong>\u00c1rea de conductor:<\/strong> 33.6 mm\u00b2<\/li>\n<li style='margin-bottom: 5px;'><strong>Di\u00e1metro de Conductor:<\/strong> 7.42 mm.<\/li>\n<li style='margin-bottom: 5px;'><strong>Espesor del Aislamiento:<\/strong> 1.52 mm.<\/li>\n<li style='margin-bottom: 5px;'><strong>Di\u00e1metro Exterior:<\/strong> 10.3 mm.<\/li>\n<li style='margin-bottom: 5px;'><strong>Peso por Metro:<\/strong> 0.372 kg.<\/li>\n<li style='margin-bottom: 5px;'><strong>Color de Recubrimiento:<\/strong> Negro.<\/li>\n<li style='margin-bottom: 5px;'><strong>Presentaci\u00f3n:<\/strong> Rollo con 100 m.<\/li>\n<\/ul><\/div>\n<\/p><\/div>\n<\/p><\/div>\n<p> <!-- Especificaciones --> <\/p>\n<div style='flex: 1 1 300px; min-width: 280px;'> <img style='width: 100%; height: auto; border: 1px solid rgba(150&comma;150&comma;150&comma;0.3); border-radius: 8px;' src='https:\/\/ftp3.syscom.mx\/usuarios\/fotos\/BancoFotografiasSyscom\/INDIANA\/SLY286BLK_100\/SLY286BLK_100-p.PNG' alt=''> <\/p>\n<div style='border: 1px solid rgba(150&comma; 150&comma; 150&comma; 0.4); border-radius: 8px; overflow: hidden; margin-top: 10px;'>\n<div style='padding: 15px; border-bottom: 1px solid rgba(150&comma; 150&comma; 150&comma; 0.2); font-weight: bold; font-size: 18px; color: inherit;'>Especificaciones:<\/div>\n<div style='padding: 15px; color: inherit;'>\n<ul style='padding-left: 20px; margin: 0; font-size: 14px; list-style-type: disc;'>\n<li style='margin-bottom: 5px;'><strong>NMX-J-010-ANCE<\/strong><\/li>\n<li style='margin-bottom: 5px;'>Temperatura de operaci\u00f3n en lugares secos : 90 \u00b0C<\/li>\n<li style='margin-bottom: 5px;'>Temperatura de operaci\u00f3n en lugares mojados : 75 \u00b0C<\/li>\n<li style='margin-bottom: 5px;'><strong>Atributos :<\/strong><\/li>\n<li style='margin-bottom: 5px;'>LS : Resistente a la propagaci\u00f3n del incendio&comma; baja emisi\u00f3n de humos y bajo contenido de gas \u00e1cido<\/li>\n<li style='margin-bottom: 5px;'>FV2 ( VW-1 ) : Antiflama<\/li>\n<li style='margin-bottom: 5px;'><strong>Deslizable<\/strong><\/li>\n<li style='margin-bottom: 5px;'>CT* Aprobado para uso en charolas portacables<\/li>\n<li style='margin-bottom: 5px;'>SR* Resistente a la intemperie y a la luz solar<\/li>\n<\/ul><\/div>\n<\/p><\/div>\n<\/p><\/div>\n<p> <!-- Productos relacionados --> <\/p>\n<div style='flex: 1 1 300px; min-width: 280px;'> <img style='width: 100%; height: auto; border: 1px solid rgba(150&comma;150&comma;150&comma;0.3); border-radius: 8px;' src='https:\/\/ftp3.syscom.mx\/usuarios\/fotos\/BancoFotografiasSyscom\/INDIANA\/SLY286BLK_100\/SLY286BLK_100-p.PNG' alt=''> <\/p>\n<div style='border: 1px solid rgba(150&comma; 150&comma; 150&comma; 0.4); border-radius: 8px; overflow: hidden; margin-top: 10px;'>\n<div style='padding: 15px; border-bottom: 1px solid rgba(150&comma; 150&comma; 150&comma; 0.2); font-weight: bold; font-size: 18px; color: inherit;'>Productos relacionados:<\/div>\n<div style='padding: 15px; color: inherit;'>\n<ul style='padding-left: 20px; margin: 0; font-size: 14px; list-style-type: disc;'>\n<li style='margin-bottom: 5px;'><strong>2 AWG :<\/strong> SLY286BLK\/100 &comma; SLY286WHT\/100<\/li>\n<li style='margin-bottom: 5px;'><strong>4 AWG :<\/strong> SLY287BLK\/100 &comma; SLY287GRN\/100 &comma; SLY287RED\/100 &comma; SLY287WHT\/100<\/li>\n<li style='margin-bottom: 5px;'><strong>6 AWG :<\/strong> SLY291BLK\/100 &comma; SLY291GRN\/100 &comma; SLY291RED\/100 &comma; SLY291WHT\/100<\/li>\n<li style='margin-bottom: 5px;'><strong>8 AWG:<\/strong> SLY296BLK\/100&comma; SLY296GRN\/100&comma; SLY296RED\/100&comma; SLY296WHT\/100<\/li>\n<li style='margin-bottom: 5px;'><strong>10 AWG :<\/strong> SLY304BLK\/100&comma; SLY304GRN\/100&comma; SLY304RED\/100&comma; SLY304WHT\/100<\/li>\n<li style='margin-bottom: 5px;'><strong>12 AWG :<\/strong> SLY308BLK\/100&comma;SLY308GRN\/100&comma;SLY308RED\/100&comma; SLY308WHT\/100<\/li>\n<li style='margin-bottom: 5px;'><strong>14 AWG :<\/strong> SLY312BLK\/100&comma;SLY312GRN\/100&comma;SLY312RED\/100&comma; SLY312WHT\/100<\/li>\n<li style='margin-bottom: 5px;'><strong>16 AWG :<\/strong> SLY316BLK\/100&comma;SLY316GRN\/100&comma;SLY316RED\/100&comma; SLY316WHT\/100<\/li>\n<li style='margin-bottom: 5px;'><strong>18 AWG :<\/strong> SLY328BLK\/100&comma;SLY328GRN\/100&comma;SLY328RED\/100&comma; SLY328WHT\/100<\/li>\n<li style='margin-bottom: 5px;'><strong>1\/0 AWG :<\/strong> SLY343BKL\/100<\/li>\n<li style='margin-bottom: 5px;'><strong>2\/0 AWG :<\/strong> SLY346BKL\/100<\/li>\n<li style='margin-bottom: 5px;'><strong>3\/0 AWG :<\/strong> SLY347BKL\/100<\/li>\n<li style='margin-bottom: 5px;'><strong>4\/0 AWG :<\/strong> SLY349BKL\/100<\/li>\n<\/ul><\/div>\n<\/p><\/div>\n<\/p><\/div>\n<\/p><\/div>\n<p> <!-- Separador --> <\/p>\n<hr style='border: 0; border-top: 1px solid rgba(150&comma; 150&comma; 150&comma; 0.3); margin: 30px 0;'> <\/div>\n","protected":false},"excerpt":{"rendered":"<p>( SLY308 ) Cable El?ctrico de Cobre Recubierto THW-LS Calibre 12 AWG 19 Hilos Color Negro (100 Metros) (328.08 Pies)<\/p>\n","protected":false},"featured_media":117326,"comment_status":"open","ping_status":"closed","template":"","meta":[],"product_brand":[],"product_cat":[487],"product_tag":[488,1124,489],"class_list":{"0":"post-117327","1":"product","2":"type-product","3":"status-publish","4":"has-post-thumbnail","6":"product_cat-para-alimentacion-y-electricidad","7":"product_tag-cables-y-conectores","8":"product_tag-indiana","9":"product_tag-para-alimentacion-y-electricidad","11":"first","12":"instock","13":"sale","14":"shipping-taxable","15":"purchasable","16":"product-type-simple"},"_links":{"self":[{"href":"https:\/\/soydeaqui.ddns.net\/pachuca\/index.php\/wp-json\/wp\/v2\/product\/117327","targetHints":{"allow":["GET"]}}],"collection":[{"href":"https:\/\/soydeaqui.ddns.net\/pachuca\/index.php\/wp-json\/wp\/v2\/product"}],"about":[{"href":"https:\/\/soydeaqui.ddns.net\/pachuca\/index.php\/wp-json\/wp\/v2\/types\/product"}],"replies":[{"embeddable":true,"href":"https:\/\/soydeaqui.ddns.net\/pachuca\/index.php\/wp-json\/wp\/v2\/comments?post=117327"}],"wp:featuredmedia":[{"embeddable":true,"href":"https:\/\/soydeaqui.ddns.net\/pachuca\/index.php\/wp-json\/wp\/v2\/media\/117326"}],"wp:attachment":[{"href":"https:\/\/soydeaqui.ddns.net\/pachuca\/index.php\/wp-json\/wp\/v2\/media?parent=117327"}],"wp:term":[{"taxonomy":"product_brand","embeddable":true,"href":"https:\/\/soydeaqui.ddns.net\/pachuca\/index.php\/wp-json\/wp\/v2\/product_brand?post=117327"},{"taxonomy":"product_cat","embeddable":true,"href":"https:\/\/soydeaqui.ddns.net\/pachuca\/index.php\/wp-json\/wp\/v2\/product_cat?post=117327"},{"taxonomy":"product_tag","embeddable":true,"href":"https:\/\/soydeaqui.ddns.net\/pachuca\/index.php\/wp-json\/wp\/v2\/product_tag?post=117327"}],"curies":[{"name":"wp","href":"https:\/\/api.w.org\/{rel}","templated":true}]}}