{"id":117299,"date":"2026-03-24T03:07:51","date_gmt":"2026-03-24T03:07:51","guid":{"rendered":"https:\/\/soydeaqui.ddns.net\/pachuca\/index.php\/producto\/bala-ip-4-megapixel-lente-mot-2-8-12-mm-30-mts-ir-exir-ik10-reconocimiento-facial-wdr-140-db-deepinview-busqueda-por-atributos-heat-map-acusense\/"},"modified":"2026-03-24T03:08:04","modified_gmt":"2026-03-24T03:08:04","slug":"bala-ip-4-megapixel-lente-mot-2-8-12-mm-30-mts-ir-exir-ik10-reconocimiento-facial-wdr-140-db-deepinview-busqueda-por-atributos-heat-map-acusense","status":"publish","type":"product","link":"https:\/\/soydeaqui.ddns.net\/pachuca\/index.php\/producto\/bala-ip-4-megapixel-lente-mot-2-8-12-mm-30-mts-ir-exir-ik10-reconocimiento-facial-wdr-140-db-deepinview-busqueda-por-atributos-heat-map-acusense\/","title":{"rendered":"Bala IP 4 Megapixel \/ Lente Mot. 2.8 &#8211; 12 mm \/ 30 mts IR EXIR \/ IK10 \/ Reconocimiento Facial \/ WDR 140 dB \/ DeepinView \/ B\u00fasqueda por Atributos \/ Heat Map \/ ACUSENSE"},"content":{"rendered":"<div style='width: 100%; max-width: 1200px; margin: 0 auto; font-family: sans-serif; line-height: 1.6; color: inherit; background-color: transparent;'>\n<div style='width: 100%;'> <img style='width: 100%; height: auto; border: 1px solid rgba(150&comma;150&comma;150&comma;0.3); border-radius: 8px;' src='http:\/\/ftp3.syscom.mx\/usuarios\/jdelafuente\/HIKVISION\/hikvision%20logo%20complete.png' alt=''> <\/div>\n<div style='display: grid; grid-template-columns: repeat(auto-fill&comma; minmax(280px&comma; 1fr)); gap: 30px; margin: 30px 0;'>\n<div style='flex: 1 1 300px; min-width: 280px;'>\n<h3 style='font-size: 22px; border-bottom: 2px solid currentColor; padding-bottom: 5px; margin-top: 0; color: inherit; opacity: 0.8;'>Caracter\u00edsticas principales:<\/h3>\n<ul style='padding-left: 20px; font-size: 15px; color: inherit;'>\n<li style='margin-bottom: 5px;'>Compresi\u00f3n de video: H.265+ \/ H.265 \/ H.264+ \/ H.264.<\/li>\n<li style='margin-bottom: 5px;'>Lente Motorizado: 2.8 a 12 mm (114.5\u00b0 a 41.8\u00b0).<\/li>\n<li style='margin-bottom: 5px;'>Velocidad del shutter: 1 s a 100.000 s&comma; soporta Slow Shutter.<\/li>\n<li style='margin-bottom: 5px;'>Iluminaci\u00f3n m\u00ednima DARKFIGHTER \u00bd :0.001 Lux @(F1.2&comma;AGC ON).<\/li>\n<li style='margin-bottom: 5px;'>Distancia de IR: 30 mts IR EXIR.<\/li>\n<li style='margin-bottom: 5px;'>1 puerto de red: 10 \/ 100 \/ 1000 Mbps.<\/li>\n<li style='margin-bottom: 5px;'>Soporta micro SD de hasta 256 GB (no incluida).<\/li>\n<li style='margin-bottom: 5px;'>Resoluci\u00f3n m\u00e1xima: 60Hz: 30fps (2560 \u00d7 1440&comma; 1920 \u00d7 1080&comma; 1280 \u00d7 720).<\/li>\n<li style='margin-bottom: 5px;'>Funciones: WDR real 140 dB \/ BLC \/ HLC \/ 3D DNR \/ Defog \/ EIS.<\/li>\n<li style='margin-bottom: 5px;'>Protocolos: ONVIF (PROFILE S&comma; PROFILE G&comma; PROFILE T) \/ ISAPI \/ SDK \/ ISUP<\/li>\n<\/ul><\/div>\n<div style='flex: 1 1 300px; min-width: 280px;'>\n<h3 style='font-size: 22px; border-bottom: 2px solid currentColor; padding-bottom: 5px; margin-top: 0; color: inherit; opacity: 0.8;'>Caracter\u00edsticas F\u00edsicas y El\u00e9ctricas:<\/h3>\n<ul style='padding-left: 20px; font-size: 15px; color: inherit;'>\n<li style='margin-bottom: 5px;'>Dimensiones: 144 \u00d7 347 mm<\/li>\n<li style='margin-bottom: 5px;'>Consumo \/ alimentaci\u00f3n: 12 Vcc \/ PoE (802.3 at) \/ 18 Watts.<\/li>\n<li style='margin-bottom: 5px;'>Protecci\u00f3n: IP67 ( Interior \/ Exterior).<\/li>\n<li style='margin-bottom: 5px;'>Antivand\u00e1lico: IK10.<\/li>\n<li style='margin-bottom: 5px;'>Peso: 1920 gramos.<\/li>\n<\/ul><\/div>\n<div style='flex: 1 1 300px; min-width: 280px;'>\n<h3 style='font-size: 22px; border-bottom: 2px solid currentColor; padding-bottom: 5px; margin-top: 0; color: inherit; opacity: 0.8;'>Caracter\u00edsticas Destacadas:<\/h3>\n<ul style='padding-left: 20px; font-size: 15px; color: inherit;'>\n<li style='margin-bottom: 5px;'>Face Counting (Conteo por rostro)&comma; permite contar las personas que ingresan y\/o salen de un \u00e1rea.<\/li>\n<li style='margin-bottom: 5px;'>Soporta 3 librer\u00edas con 30&comma;000 fotos.<\/li>\n<li style='margin-bottom: 5px;'>Almacena hasta por 24 horas el rostro de una persona no registra para en caso de que vuelva a ingresar contarlo como duplicado.<\/li>\n<\/ul><\/div>\n<\/p><\/div>\n<div style='width: 100%; margin: 30px 0;'> <img style='width: 100%; height: auto; border: 1px solid rgba(150&comma;150&comma;150&comma;0.3); border-radius: 8px;' src='https:\/\/ftp3.syscom.mx\/usuarios\/jsosa\/HIKVISION\/imagenes\/banners\/solution%20complete.png' alt=''> <\/div>\n<\/p><\/div>\n","protected":false},"excerpt":{"rendered":"<p>Bala IP 4 Megapixel \/ Lente Mot. 2.8 &#8211; 12 mm \/ 30 mts IR EXIR \/ IK10 \/ Reconocimiento Facial \/ WDR 140 dB \/ DeepinView \/ B\u00fasqueda por Atributos \/ Heat Map \/ ACUSENSE<\/p>\n","protected":false},"featured_media":117298,"comment_status":"open","ping_status":"closed","template":"","meta":[],"product_brand":[],"product_cat":[438],"product_tag":[439,122,54],"class_list":{"0":"post-117299","1":"product","2":"type-product","3":"status-publish","4":"has-post-thumbnail","6":"product_cat-bala","7":"product_tag-bala","8":"product_tag-camaras-ip-y-nvrs","9":"product_tag-hikvision","11":"first","12":"outofstock","13":"sale","14":"shipping-taxable","15":"purchasable","16":"product-type-simple"},"_links":{"self":[{"href":"https:\/\/soydeaqui.ddns.net\/pachuca\/index.php\/wp-json\/wp\/v2\/product\/117299","targetHints":{"allow":["GET"]}}],"collection":[{"href":"https:\/\/soydeaqui.ddns.net\/pachuca\/index.php\/wp-json\/wp\/v2\/product"}],"about":[{"href":"https:\/\/soydeaqui.ddns.net\/pachuca\/index.php\/wp-json\/wp\/v2\/types\/product"}],"replies":[{"embeddable":true,"href":"https:\/\/soydeaqui.ddns.net\/pachuca\/index.php\/wp-json\/wp\/v2\/comments?post=117299"}],"wp:featuredmedia":[{"embeddable":true,"href":"https:\/\/soydeaqui.ddns.net\/pachuca\/index.php\/wp-json\/wp\/v2\/media\/117298"}],"wp:attachment":[{"href":"https:\/\/soydeaqui.ddns.net\/pachuca\/index.php\/wp-json\/wp\/v2\/media?parent=117299"}],"wp:term":[{"taxonomy":"product_brand","embeddable":true,"href":"https:\/\/soydeaqui.ddns.net\/pachuca\/index.php\/wp-json\/wp\/v2\/product_brand?post=117299"},{"taxonomy":"product_cat","embeddable":true,"href":"https:\/\/soydeaqui.ddns.net\/pachuca\/index.php\/wp-json\/wp\/v2\/product_cat?post=117299"},{"taxonomy":"product_tag","embeddable":true,"href":"https:\/\/soydeaqui.ddns.net\/pachuca\/index.php\/wp-json\/wp\/v2\/product_tag?post=117299"}],"curies":[{"name":"wp","href":"https:\/\/api.w.org\/{rel}","templated":true}]}}