{"id":117236,"date":"2026-03-24T03:04:40","date_gmt":"2026-03-24T03:04:40","guid":{"rendered":"https:\/\/soydeaqui.ddns.net\/pachuca\/index.php\/producto\/dispositivo-de-almacenamiento-masivo-e-sata-compatibilidad-con-grabadores-tr-4308r-tr-4316r-capacidad-maxima-de-24tb\/"},"modified":"2026-03-24T03:04:56","modified_gmt":"2026-03-24T03:04:56","slug":"dispositivo-de-almacenamiento-masivo-e-sata-compatibilidad-con-grabadores-tr-4308r-tr-4316r-capacidad-maxima-de-24tb","status":"publish","type":"product","link":"https:\/\/soydeaqui.ddns.net\/pachuca\/index.php\/producto\/dispositivo-de-almacenamiento-masivo-e-sata-compatibilidad-con-grabadores-tr-4308r-tr-4316r-capacidad-maxima-de-24tb\/","title":{"rendered":"Dispositivo de almacenamiento masivo e-SATA, Compatibilidad con grabadores: TR-4308(R), TR-4316(R). Capacidad maxima de 24TB."},"content":{"rendered":"<div style='width: 100%; max-width: 1200px; margin: 0 auto; font-family: sans-serif; line-height: 1.6; color: inherit; background-color: transparent;'> <!-- Banner images --> <\/p>\n<div style='display: flex; flex-wrap: wrap; gap: 15px; margin-bottom: 30px;'>\n<div style='flex: 1 1 100%;'> <img style='width: 100%; height: auto; border: 1px solid rgba(150&comma;150&comma;150&comma;0.3); border-radius: 8px;' src='https:\/\/ftp3.syscom.mx\/usuarios\/fotos\/DCT4831HRXA\/196150-baner-proyectos.jpg' alt=''> <\/div>\n<div style='flex: 1 1 100%; display: flex; justify-content: center;'> <img style='width: 50%; height: auto; border: 1px solid rgba(150&comma;150&comma;150&comma;0.3); border-radius: 8px;' src='https:\/\/ftp3.syscom.mx\/usuarios\/luis.vargas\/IDIS\/Imagenes\/logo.png' alt='IDIS Logo'> <\/div>\n<\/p><\/div>\n<p> <!-- Main info --> <\/p>\n<div style='text-align: center; margin-bottom: 30px;'>\n<h1 style='font-size: 28px; margin: 0 0 10px 0; color: inherit;'><strong>DA-ES1104<\/strong><\/h1>\n<h3 style='font-size: 22px; margin: 0; color: inherit;'><span style='font-size: 25pt;'><strong><span style='color: #147e82;'>IDIS<\/span><\/strong><\/span><\/h3>\n<\/p><\/div>\n<p> <!-- Main content grid --> <\/p>\n<div style='display: flex; flex-wrap: wrap; gap: 30px; margin-bottom: 30px;'> <!-- Left column --> <\/p>\n<div style='flex: 1 1 400px;'> <img style='width: 100%; height: auto; border: 1px solid rgba(150&comma;150&comma;150&comma;0.3); border-radius: 8px; margin-bottom: 20px;' src='https:\/\/ftp3.syscom.mx\/usuarios\/fotos\/DAES1104\/DAES1104-A2.png' alt='Dispositivo frontal'> <!-- Caracter\u00edsticas Generales --> <\/p>\n<div style='border-top: 5px solid #0093A3; padding: 15px; margin-bottom: 25px;'>\n<h2 style='font-size: 22px; margin-top: 0; margin-bottom: 15px; color: inherit;'>Caracter\u00edsticas Generales<\/h2>\n<h4 style='font-size: 18px; margin-top: 10px; margin-bottom: 15px; color: inherit; opacity: 0.8;'>Almacenamiento eSata de 4 bah\u00edas.<\/h4>\n<ul style='padding-left: 20px; font-size: 15px; color: inherit;'>\n<li style='margin-bottom: 5px;'>Montaje en rack de 19 pulgadas.<\/li>\n<li style='margin-bottom: 5px;'>Soporta RAID 0&comma; 0 +1&comma; 5<\/li>\n<li style='margin-bottom: 5px;'>Velocidad de transferencia m\u00e1xima de 3&comma;0 Gbps (SATA II)<\/li>\n<li style='margin-bottom: 5px;'>Interfaz: eSATA x 1<\/li>\n<li>N\u00fameros de discos SATA II x 4&comma; 3.5&#8242;<\/li>\n<\/ul><\/div>\n<\/p><\/div>\n<p> <!-- Right column --> <\/p>\n<div style='flex: 1 1 400px;'> <img style='width: 76%; height: auto; border: 1px solid rgba(150&comma;150&comma;150&comma;0.3); border-radius: 8px; display: block; margin: 0 auto 20px;' src='https:\/\/ftp3.syscom.mx\/usuarios\/pnunez\/IDIS\/Imagenes%20ERP\/daes1104dimensiones.PNG' alt='Dimensiones'> <!-- Caracter\u00edsticas f\u00edsicas y el\u00e9ctricas --> <\/p>\n<div style='border-top: 5px solid #0093A3; padding: 15px; margin-bottom: 25px;'>\n<h2 style='font-size: 22px; margin-top: 0; margin-bottom: 15px; color: inherit;'>Caracter\u00edsticas f\u00edsicas y el\u00e9ctricas<\/h2>\n<p style='margin: 0 0 10px 0; font-weight: bold; color: inherit;'>Caracter\u00edsticas f\u00edsicas:<\/p>\n<ul style='padding-left: 20px; font-size: 15px; color: inherit;'>\n<li style='margin-bottom: 5px;'>Dimensiones: 48 x 44 x 34.6 cm.<\/li>\n<li style='margin-bottom: 5px;'>Peso: 6.4Kg.<\/li>\n<li style='margin-bottom: 5px;'>Temperatura de operaci\u00f3n: 0\u00b0C- 40\u00b0C.<\/li>\n<li style='margin-bottom: 5px;'>Certificaciones: FCC&comma; CE.<\/li>\n<li>Montaje en Rack&comma; 1U.<\/li>\n<\/ul>\n<p style='margin: 15px 0 10px 0; font-weight: bold; color: inherit;'>Caracter\u00edsticas el\u00e9ctricas:<\/p>\n<ul style='padding-left: 20px; font-size: 15px; color: inherit;'>\n<li style='margin-bottom: 5px;'>Alimentaci\u00f3n de entrada: 100V ~ 240VAC&comma; 0.6-0.3A&comma; 50\/60Hz<\/li>\n<li>Consumo el\u00e9ctrico: 40 W.<\/li>\n<\/ul><\/div>\n<\/p><\/div>\n<\/p><\/div>\n<p> <!-- Video section --> <\/p>\n<div style='display: flex; flex-wrap: wrap; gap: 30px; justify-content: center; margin-bottom: 30px;'>\n<div style='flex: 1 1 300px; min-width: 280px;'>\n<div style='position: relative; padding-bottom: 56.25%; height: 0; overflow: hidden;'>   <\/div>\n<\/p><\/div>\n<div style='flex: 1 1 300px; min-width: 280px;'>\n<div style='position: relative; padding-bottom: 56.25%; height: 0; overflow: hidden;'>   <\/div>\n<\/p><\/div>\n<div style='flex: 1 1 300px; min-width: 280px;'>\n<div style='position: relative; padding-bottom: 56.25%; height: 0; overflow: hidden;'>   <\/div>\n<\/p><\/div>\n<\/p><\/div>\n<p> <!-- Separator --> <\/p>\n<hr style='border: 0; border-top: 1px solid rgba(150&comma; 150&comma; 150&comma; 0.3); margin: 30px 0;'> <\/div>\n","protected":false},"excerpt":{"rendered":"<p>Dispositivo de almacenamiento masivo e-SATA, Compatibilidad con grabadores: TR-4308(R), TR-4316(R). Capacidad maxima de 24TB.<\/p>\n","protected":false},"featured_media":117235,"comment_status":"open","ping_status":"closed","template":"","meta":[],"product_brand":[],"product_cat":[2064],"product_tag":[2066,2276,2065],"class_list":{"0":"post-117236","1":"product","2":"type-product","3":"status-publish","4":"has-post-thumbnail","6":"product_cat-almacenamiento-nas-san-esata","7":"product_tag-almacenamiento-nas-san-esata","8":"product_tag-idis","9":"product_tag-servidores-almacenamiento","11":"first","12":"outofstock","13":"sale","14":"shipping-taxable","15":"purchasable","16":"product-type-simple"},"_links":{"self":[{"href":"https:\/\/soydeaqui.ddns.net\/pachuca\/index.php\/wp-json\/wp\/v2\/product\/117236","targetHints":{"allow":["GET"]}}],"collection":[{"href":"https:\/\/soydeaqui.ddns.net\/pachuca\/index.php\/wp-json\/wp\/v2\/product"}],"about":[{"href":"https:\/\/soydeaqui.ddns.net\/pachuca\/index.php\/wp-json\/wp\/v2\/types\/product"}],"replies":[{"embeddable":true,"href":"https:\/\/soydeaqui.ddns.net\/pachuca\/index.php\/wp-json\/wp\/v2\/comments?post=117236"}],"wp:featuredmedia":[{"embeddable":true,"href":"https:\/\/soydeaqui.ddns.net\/pachuca\/index.php\/wp-json\/wp\/v2\/media\/117235"}],"wp:attachment":[{"href":"https:\/\/soydeaqui.ddns.net\/pachuca\/index.php\/wp-json\/wp\/v2\/media?parent=117236"}],"wp:term":[{"taxonomy":"product_brand","embeddable":true,"href":"https:\/\/soydeaqui.ddns.net\/pachuca\/index.php\/wp-json\/wp\/v2\/product_brand?post=117236"},{"taxonomy":"product_cat","embeddable":true,"href":"https:\/\/soydeaqui.ddns.net\/pachuca\/index.php\/wp-json\/wp\/v2\/product_cat?post=117236"},{"taxonomy":"product_tag","embeddable":true,"href":"https:\/\/soydeaqui.ddns.net\/pachuca\/index.php\/wp-json\/wp\/v2\/product_tag?post=117236"}],"curies":[{"name":"wp","href":"https:\/\/api.w.org\/{rel}","templated":true}]}}