{"id":117234,"date":"2026-03-24T03:04:35","date_gmt":"2026-03-24T03:04:35","guid":{"rendered":"https:\/\/soydeaqui.ddns.net\/pachuca\/index.php\/producto\/iluminador-ir-de-bajo-consumo-cobertura-90-45-metros-de-iluminacion-exterior-ip66-montable-en-pared\/"},"modified":"2026-03-24T03:04:36","modified_gmt":"2026-03-24T03:04:36","slug":"iluminador-ir-de-bajo-consumo-cobertura-90-45-metros-de-iluminacion-exterior-ip66-montable-en-pared","status":"publish","type":"product","link":"https:\/\/soydeaqui.ddns.net\/pachuca\/index.php\/producto\/iluminador-ir-de-bajo-consumo-cobertura-90-45-metros-de-iluminacion-exterior-ip66-montable-en-pared\/","title":{"rendered":"Iluminador IR  de Bajo Consumo \/ Cobertura 90\u00b0 \/ 45 Metros de Iluminaci\u00f3n \/ Exterior IP66 \/ Montable en Pared"},"content":{"rendered":"<div style='width: 100%; max-width: 1200px; margin: 0 auto; font-family: sans-serif; line-height: 1.6; color: inherit; background-color: transparent;'> <!-- Im\u00e1genes --> <\/p>\n<div style='display: flex; flex-wrap: wrap; gap: 15px; margin-bottom: 30px;'> <img style='flex: 1 1 300px; max-width: 100%; height: auto; border: 1px solid rgba(150&comma;150&comma;150&comma;0.3); border-radius: 8px;' src='https:\/\/ftp3.syscom.mx\/usuarios\/anavarrete\/Iluminadores\/Hyperluxbanner.jpg' alt=''> <img style='flex: 1 1 300px; max-width: 100%; height: auto; border: 1px solid rgba(150&comma;150&comma;150&comma;0.3); border-radius: 8px;' src='https:\/\/ftp3.syscom.mx\/usuarios\/anavarrete\/Iluminadores\/Banner%20Hyperlux-2.jpg' alt=''> <\/div>\n<p> <!-- Secci\u00f3n de caracter\u00edsticas --> <\/p>\n<div style='display: flex; flex-wrap: wrap; gap: 30px; margin-bottom: 30px;'>\n<div style='flex: 1 1 300px; min-width: 280px;'>\n<h3 style='font-size: 22px; border-bottom: 2px solid currentColor; padding-bottom: 5px; margin-top: 0; color: inherit; opacity: 0.8;'>Caracter\u00edsticas<\/h3>\n<ul style='padding-left: 20px; font-size: 15px; color: inherit;'>\n<li style='margin-bottom: 5px;'><strong>\u00c1ngulo de iluminaci\u00f3n:<\/strong> 90\u00ba<\/li>\n<li style='margin-bottom: 5px;'><strong>Rango m\u00e1ximo de iluminaci\u00f3n:<\/strong> 45 m<\/li>\n<li style='margin-bottom: 5px;'><strong>Protecci\u00f3n:<\/strong> IP66<\/li>\n<li style='margin-bottom: 5px;'><strong>Longitud de onda:<\/strong> 850 nm<\/li>\n<li style='margin-bottom: 5px;'><strong>Montable en:<\/strong> Pared<\/li>\n<\/ul><\/div>\n<div style='flex: 1 1 300px; min-width: 280px;'>\n<h3 style='font-size: 22px; border-bottom: 2px solid currentColor; padding-bottom: 5px; margin-top: 0; color: inherit; opacity: 0.8;'>Caracter\u00edsticas f\u00edsicas y el\u00e9ctricas<\/h3>\n<ul style='padding-left: 20px; font-size: 15px; color: inherit;'>\n<li style='margin-bottom: 5px;'><strong>Alimentaci\u00f3n:<\/strong> 24VCA @ 0.7 A.IP66<\/li>\n<li style='margin-bottom: 5px;'><strong>Peso:<\/strong> 1.5Kg<\/li>\n<li style='margin-bottom: 5px;'><strong>Dimensiones:<\/strong> 181 x 131 x 72 mm<\/li>\n<\/ul><\/div>\n<div style='flex: 1 1 300px; min-width: 280px;'>\n<h3 style='font-size: 22px; border-bottom: 2px solid currentColor; padding-bottom: 5px; margin-top: 0; color: inherit; opacity: 0.8;'>Recomendaciones<\/h3>\n<ul style='padding-left: 20px; font-size: 15px; color: inherit;'>\n<li style='margin-bottom: 5px;'><strong>Usar cable:<\/strong> Usar cable de cobre Cal. 18 \u00f3 16. Mod. Recomendado 11181101<\/li>\n<li style='margin-bottom: 5px;'><strong>Fuente de alimentaci\u00f3n:<\/strong> PL24100<\/li>\n<\/ul><\/div>\n<\/p><\/div>\n<p> <!-- Separador --> <\/p>\n<hr style='border: 0; border-top: 1px solid rgba(150&comma; 150&comma; 150&comma; 0.3); margin: 30px 0;'> <!-- Videos --> <\/p>\n<div style='display: flex; flex-wrap: wrap; gap: 15px; margin-bottom: 30px;'>\n<div style='flex: 1 1 300px; min-width: 300px;'>\n<div style='position: relative; padding-bottom: 56.25%; height: 0; overflow: hidden;'>   <\/div>\n<\/p><\/div>\n<div style='flex: 1 1 300px; min-width: 300px;'>\n<div style='position: relative; padding-bottom: 56.25%; height: 0; overflow: hidden;'>   <\/div>\n<\/p><\/div>\n<\/p><\/div>\n<\/p><\/div>\n","protected":false},"excerpt":{"rendered":"<p>Iluminador IR  de Bajo Consumo \/ Cobertura 90\u00b0 \/ 45 Metros de Iluminaci\u00f3n \/ Exterior IP66 \/ Montable en Pared<\/p>\n","protected":false},"featured_media":117233,"comment_status":"open","ping_status":"closed","template":"","meta":[],"product_brand":[],"product_cat":[2318],"product_tag":[417,2320,2319],"class_list":{"0":"post-117234","1":"product","2":"type-product","3":"status-publish","4":"has-post-thumbnail","6":"product_cat-iluminadores-ir-y-de-luz-blanca","7":"product_tag-accesorios-generales","8":"product_tag-hyperlux","9":"product_tag-iluminadores-ir-y-de-luz-blanca","11":"first","12":"instock","13":"sale","14":"shipping-taxable","15":"purchasable","16":"product-type-simple"},"_links":{"self":[{"href":"https:\/\/soydeaqui.ddns.net\/pachuca\/index.php\/wp-json\/wp\/v2\/product\/117234","targetHints":{"allow":["GET"]}}],"collection":[{"href":"https:\/\/soydeaqui.ddns.net\/pachuca\/index.php\/wp-json\/wp\/v2\/product"}],"about":[{"href":"https:\/\/soydeaqui.ddns.net\/pachuca\/index.php\/wp-json\/wp\/v2\/types\/product"}],"replies":[{"embeddable":true,"href":"https:\/\/soydeaqui.ddns.net\/pachuca\/index.php\/wp-json\/wp\/v2\/comments?post=117234"}],"wp:featuredmedia":[{"embeddable":true,"href":"https:\/\/soydeaqui.ddns.net\/pachuca\/index.php\/wp-json\/wp\/v2\/media\/117233"}],"wp:attachment":[{"href":"https:\/\/soydeaqui.ddns.net\/pachuca\/index.php\/wp-json\/wp\/v2\/media?parent=117234"}],"wp:term":[{"taxonomy":"product_brand","embeddable":true,"href":"https:\/\/soydeaqui.ddns.net\/pachuca\/index.php\/wp-json\/wp\/v2\/product_brand?post=117234"},{"taxonomy":"product_cat","embeddable":true,"href":"https:\/\/soydeaqui.ddns.net\/pachuca\/index.php\/wp-json\/wp\/v2\/product_cat?post=117234"},{"taxonomy":"product_tag","embeddable":true,"href":"https:\/\/soydeaqui.ddns.net\/pachuca\/index.php\/wp-json\/wp\/v2\/product_tag?post=117234"}],"curies":[{"name":"wp","href":"https:\/\/api.w.org\/{rel}","templated":true}]}}