{"id":117186,"date":"2026-03-24T03:01:52","date_gmt":"2026-03-24T03:01:52","guid":{"rendered":"https:\/\/soydeaqui.ddns.net\/pachuca\/index.php\/producto\/kit-de-transceptores-baluns-con-terminal-push-superior-resolucion-4k-cable-flexible-coaxial-blindado-coaxitron-audio-por-coaxitron-menu-osd-conector-100-cobre-proteccion-tvs-calidad-pre\/"},"modified":"2026-03-24T03:02:01","modified_gmt":"2026-03-24T03:02:01","slug":"kit-de-transceptores-baluns-con-terminal-push-superior-resolucion-4k-cable-flexible-coaxial-blindado-coaxitron-audio-por-coaxitron-menu-osd-conector-100-cobre-proteccion-tvs-calidad-pre","status":"publish","type":"product","link":"https:\/\/soydeaqui.ddns.net\/pachuca\/index.php\/producto\/kit-de-transceptores-baluns-con-terminal-push-superior-resolucion-4k-cable-flexible-coaxial-blindado-coaxitron-audio-por-coaxitron-menu-osd-conector-100-cobre-proteccion-tvs-calidad-pre\/","title":{"rendered":"Kit de Transceptores (Baluns) con Terminal PUSH SUPERIOR, Resoluci\u00f3n 4K , Cable flexible COAXIAL Blindado \/ COAXITRON \/ AUDIO POR COAXITRON \/ Menu OSD \/Conector 100% COBRE \/ protecci\u00f3n TVS, Calidad PREMIUM"},"content":{"rendered":"<div style='width: 100%; max-width: 1200px; margin: 0 auto; font-family: sans-serif; line-height: 1.6; color: inherit; background-color: transparent;'> <!-- Imagen principal --> <\/p>\n<div style='width: 100%; margin-bottom: 30px;'> <img style='width: 100%; height: auto; border: 1px solid rgba(150&comma;150&comma;150&comma;0.3); border-radius: 8px;' src='https:\/\/ftp3.syscom.mx\/usuarios\/albamaria\/albamaria\/epcomtitanium\/titaniumequipo%20%281%29.jpg' alt=''> <\/div>\n<p> <!-- T\u00edtulos --> <\/p>\n<div style='text-align: center; margin-bottom: 30px;'>\n<h1 style='color: inherit; margin: 0; padding: 0;'><strong>TT101FTURBO<\/strong><\/h1>\n<h3 style='color: inherit; margin: 10px 0 5px; padding: 0;'>Kit de Transceptores<\/h3>\n<h3 style='color: inherit; opacity: 0.7; margin: 5px 0;'>Kit de transceptores de video pasivos (Baluns)<\/h3>\n<\/p><\/div>\n<p> <!-- Descripci\u00f3n principal --> <\/p>\n<div style='margin-bottom: 30px;'>\n<p style='text-align: center; margin: 10px 70px 50px 70px; color: inherit; font-size: 15px;'>El bal\u00fan de video TT-101-FTURBO es un dispositivo pasivo que permite la transmisi\u00f3n de se\u00f1ales de video CCTV HD en tiempo real a trav\u00e9s de un cable de par trenzado&comma; cuenta con conectores de Cobre que ofrecen mayor conductividad&comma; mejor desempe\u00f1o en altas frecuencias (Video HD y largas distancias) y mucho menor atenuaci\u00f3n&comma; algunas de las principales ventajas de este equipo es que cuenta con TVS (supresor de voltaje transitorio) de estado s\u00f3lido incorporado para protecci\u00f3n contra sobretensiones&comma; es antiest\u00e1tico&comma; ofrece protecci\u00f3n contra rayos Grado 3&comma; Inmunidad al ruido y diafon\u00eda de 60 dB y rechazo excepcional de interferencias. Es compatible con todas las c\u00e1maras anal\u00f3gicas HD-TVI\/ CVI\/ AHD\/ CVBS y ampliamente usado en c\u00e1maras de CCTV&comma; monitores&comma; DVR&comma; conmutadores&comma; codificadores IP y otros equipos CCTV. Sus terminales PUSH-PIN facilitan la conexi\u00f3n del par de cables UTP&comma; uno de los transceptores cuenta con coleta (PIG TAIL) para una f\u00e1cil conexi\u00f3n al dvr. Definitivamente el equipo Premium&comma; la competencia no ofrece tanto en sus productos.<\/p>\n<\/p><\/div>\n<p> <!-- Secci\u00f3n de caracter\u00edsticas --> <\/p>\n<div style='display: flex; flex-wrap: wrap; gap: 30px; margin-bottom: 30px;'>\n<div style='flex: 1 1 300px; min-width: 280px;'>\n<h3 style='font-size: 22px; border-bottom: 2px solid currentColor; padding-bottom: 5px; margin-top: 0; color: inherit; opacity: 0.8;'>Caracter\u00edsticas Destacadas<\/h3>\n<ul style='padding-left: 20px; font-size: 15px; color: inherit;'>\n<li style='margin-bottom: 5px;'><span style='font-size: 10pt;'>Dise\u00f1o de filtro de onda anti-est\u00e1tico<\/span><\/li>\n<li style='margin-bottom: 5px;'><span style='font-size: 10pt;'>Inmunidad al ruido y diafon\u00eda de 60 dB.<\/span><\/li>\n<li style='margin-bottom: 5px;'><strong><span style='font-size: 10pt;'>Rechazo excepcional de interferencias<\/span><\/strong><\/li>\n<li style='margin-bottom: 5px;'><strong><span style='font-size: 10pt;'>Protecci\u00f3n interconstruida contra sobretensi\u00f3n<\/span><\/strong><\/li>\n<li style='margin-bottom: 5px;'><span style='font-size: 10pt;'>TVS (supresor de voltaje transitorio) de estado s\u00f3lido incorporado.<\/span><\/li>\n<li style='margin-bottom: 5px;'><span style='font-size: 10pt;'>Transmisi\u00f3n de 150 metros (492 ft) para TurboHD en 4K<\/span><\/li>\n<li style='margin-bottom: 5px;'><span style='font-size: 10pt;'>Transmisi\u00f3n de 200 metros (656 ft) para TurboHD hasta 5 MP<\/span><\/li>\n<li style='margin-bottom: 5px;'><span style='font-size: 10pt;'>Transmisi\u00f3n de 250 metros (820 ft) para TurboHD hasta 2 MP<\/span><\/li>\n<li style='margin-bottom: 5px;'>\n<div style='color: red;'><span style='font-size: 10pt;'>Precio por Kit.<\/span><\/div>\n<\/li>\n<\/ul><\/div>\n<div style='flex: 1 1 300px; min-width: 280px;'>\n<h3 style='font-size: 22px; border-bottom: 2px solid currentColor; padding-bottom: 5px; margin-top: 0; color: inherit; opacity: 0.8;'>Caracter\u00edsticas F\u00edsicas y El\u00e9ctricas<\/h3>\n<ul style='padding-left: 20px; font-size: 15px; color: inherit;'>\n<li style='margin-bottom: 5px;'><span style='font-size: 10pt;'>No requieren alimentaci\u00f3n<\/span><\/li>\n<li style='margin-bottom: 5px;'><span style='font-size: 10pt;'>Dimensiones 35.1(L) x 16.7(W) x 18.7(H) mm (conector BNC excluido)<\/span><\/li>\n<li style='margin-bottom: 5px;'><span style='font-size: 10pt;'>Peso: 40 gramos.<\/span><\/li>\n<li style='margin-bottom: 5px;'><span style='font-size: 10pt;'>Temperatura de operaci\u00f3n: -20\u00b0C a 70\u00b0C<\/span><\/li>\n<li style='margin-bottom: 5px;'><span style='font-size: 10pt;'>Temperatura de almacenamiento: -40\u00b0 ~ 150\u00b0C<\/span><\/li>\n<li style='margin-bottom: 5px;'><span style='font-size: 10pt;'>Humedad Relativa: 0~95% (sin condensar)<\/span><\/li>\n<li style='margin-bottom: 5px;'><span style='font-size: 10pt;'>Carcasa ABS<\/span><\/li>\n<li style='margin-bottom: 5px;'><span style='font-size: 10pt;'>Color Negro.<\/span><\/li>\n<li style='margin-bottom: 5px;'><strong><span style='font-size: 10pt;'> por defectos de fabricaci\u00f3n<\/span><\/strong><\/li>\n<\/ul><\/div>\n<div style='flex: 1 1 300px; min-width: 280px;'>\n<h3 style='font-size: 22px; border-bottom: 2px solid currentColor; padding-bottom: 5px; margin-top: 0; color: inherit; opacity: 0.8;'>Caracter\u00edsticas Principales<\/h3>\n<ul style='padding-left: 20px; font-size: 15px; color: inherit;'>\n<li style='margin-bottom: 5px;'><strong><span style='font-size: 10pt;'>Kit de transceptores pasivos con terminales tipo PUSH-PIN. Uno de los transceptores cuenta con coleta (PIG TAIL)<\/span><\/strong><\/li>\n<li style='margin-bottom: 5px;'><strong><span style='font-size: 10pt;'>Compatible con c\u00e1maras con tecnolog\u00eda HD-TVI \/ HD-CVI \/ AHD \/ CVBS<\/span><\/strong><\/li>\n<li style='margin-bottom: 5px;'><span style='font-size: 10pt;'>Compatibles con c\u00e1maras anal\u00f3gicas (CVBS)<\/span><\/li>\n<li style='margin-bottom: 5px;'><strong><span style='font-size: 10pt;'>Soporta Coaxitron&comma; Audio por coaxitron y men\u00fa OSD<\/span><\/strong><\/li>\n<li style='margin-bottom: 5px;'><span style='font-size: 10pt;'>Transmisi\u00f3n en tiempo real por cable UTP cat 5e\/6\/6A\/7<\/span><\/li>\n<li style='margin-bottom: 5px;'><span style='font-size: 10pt;'>Formatos de video compatibles NTSC&comma; PAL&comma; SECAM<\/span><\/li>\n<li style='margin-bottom: 5px;'><span style='font-size: 10pt;'>Impedancia 75 ohms<\/span><\/li>\n<li style='margin-bottom: 5px;'><span style='font-size: 10pt;'>Conectores macho en BNC<\/span><\/li>\n<\/ul><\/div>\n<\/p><\/div>\n<p> <!-- Imagen de distancia de transceptores --> <\/p>\n<div style='width: 100%; margin-bottom: 30px;'> <img style='width: 100%; height: auto; border: 1px solid rgba(150&comma;150&comma;150&comma;0.3); border-radius: 8px;' src='http:\/\/ftp3.syscom.mx\/usuarios\/maguilar\/EpcomTitanium\/DISTANCIA-DE-TRANSCEPTORES-ES.jpg' alt=''> <\/div>\n<p> <!-- Separador final --> <\/p>\n<hr style='border: 0; border-top: 1px solid rgba(150&comma; 150&comma; 150&comma; 0.3); margin: 30px 0;'> <\/div>\n","protected":false},"excerpt":{"rendered":"<p>Kit de Transceptores (Baluns) con Terminal PUSH SUPERIOR, Resoluci\u00f3n 4K , Cable flexible COAXIAL Blindado \/ COAXITRON \/ AUDIO POR COAXITRON \/ Menu OSD \/Conector 100% COBRE \/ protecci\u00f3n TVS, Calidad PREMIUM<\/p>\n","protected":false},"featured_media":117185,"comment_status":"open","ping_status":"closed","template":"","meta":[],"product_brand":[],"product_cat":[2327],"product_tag":[417,507,2328],"class_list":{"0":"post-117186","1":"product","2":"type-product","3":"status-publish","4":"has-post-thumbnail","6":"product_cat-transceptores-de-video","7":"product_tag-accesorios-generales","8":"product_tag-epcom-titanium","9":"product_tag-transceptores-de-video","11":"first","12":"instock","13":"sale","14":"shipping-taxable","15":"purchasable","16":"product-type-simple"},"_links":{"self":[{"href":"https:\/\/soydeaqui.ddns.net\/pachuca\/index.php\/wp-json\/wp\/v2\/product\/117186","targetHints":{"allow":["GET"]}}],"collection":[{"href":"https:\/\/soydeaqui.ddns.net\/pachuca\/index.php\/wp-json\/wp\/v2\/product"}],"about":[{"href":"https:\/\/soydeaqui.ddns.net\/pachuca\/index.php\/wp-json\/wp\/v2\/types\/product"}],"replies":[{"embeddable":true,"href":"https:\/\/soydeaqui.ddns.net\/pachuca\/index.php\/wp-json\/wp\/v2\/comments?post=117186"}],"wp:featuredmedia":[{"embeddable":true,"href":"https:\/\/soydeaqui.ddns.net\/pachuca\/index.php\/wp-json\/wp\/v2\/media\/117185"}],"wp:attachment":[{"href":"https:\/\/soydeaqui.ddns.net\/pachuca\/index.php\/wp-json\/wp\/v2\/media?parent=117186"}],"wp:term":[{"taxonomy":"product_brand","embeddable":true,"href":"https:\/\/soydeaqui.ddns.net\/pachuca\/index.php\/wp-json\/wp\/v2\/product_brand?post=117186"},{"taxonomy":"product_cat","embeddable":true,"href":"https:\/\/soydeaqui.ddns.net\/pachuca\/index.php\/wp-json\/wp\/v2\/product_cat?post=117186"},{"taxonomy":"product_tag","embeddable":true,"href":"https:\/\/soydeaqui.ddns.net\/pachuca\/index.php\/wp-json\/wp\/v2\/product_tag?post=117186"}],"curies":[{"name":"wp","href":"https:\/\/api.w.org\/{rel}","templated":true}]}}