{"id":117181,"date":"2026-03-24T03:01:38","date_gmt":"2026-03-24T03:01:38","guid":{"rendered":"https:\/\/soydeaqui.ddns.net\/pachuca\/index.php\/producto\/tranceptor-receptor-de-video-pasivo-de-16-canales-resolucion-4k-compatible-con-cable-utp-cat-5e-6-compatible-con-hd-tvi-cvi-ahd-cvbs-todo-incluido-para-rack-proteccion-interconstruida-cont\/"},"modified":"2026-03-24T03:01:49","modified_gmt":"2026-03-24T03:01:49","slug":"tranceptor-receptor-de-video-pasivo-de-16-canales-resolucion-4k-compatible-con-cable-utp-cat-5e-6-compatible-con-hd-tvi-cvi-ahd-cvbs-todo-incluido-para-rack-proteccion-interconstruida-cont","status":"publish","type":"product","link":"https:\/\/soydeaqui.ddns.net\/pachuca\/index.php\/producto\/tranceptor-receptor-de-video-pasivo-de-16-canales-resolucion-4k-compatible-con-cable-utp-cat-5e-6-compatible-con-hd-tvi-cvi-ahd-cvbs-todo-incluido-para-rack-proteccion-interconstruida-cont\/","title":{"rendered":"(TRANCEPTOR) RECEPTOR DE VIDEO PASIVO DE 16 CANALES \/ Resoluci\u00f3n 4K \/ Compatible con cable UTP Cat 5e\/6 \/ Compatible con HD-TVI\/CVI\/AHD\/CVBS \/ TODO INCLUIDO PARA RACK \/ Protecci\u00f3n Interconstruida contra sobretensi\u00f3n."},"content":{"rendered":"<div style='width: 100%; max-width: 1200px; margin: 0 auto; font-family: sans-serif; line-height: 1.6; color: inherit; background-color: transparent;'>\n<div style='display: flex; flex-wrap: wrap; gap: 30px; margin-bottom: 30px;'>\n<div style='flex: 1 1 300px; min-width: 280px;'>\n<h3 style='font-size: 22px; border-bottom: 2px solid currentColor; padding-bottom: 5px; margin-top: 0; color: inherit; opacity: 0.8; text-align: center;'>CLICK EN EL VIDEO<\/h3>\n<div style='position: relative; padding-bottom: 56.25%; height: 0; overflow: hidden; margin-bottom: 30px;'>   <\/div>\n<\/p><\/div>\n<div style='flex: 1 1 300px; min-width: 280px;'>\n<h3 style='font-size: 22px; border-bottom: 2px solid currentColor; padding-bottom: 5px; margin-top: 0; color: inherit; opacity: 0.8;'>(TRANSCEPTOR) Receptor de video Pasivo de 16 canales&comma; Resoluci\u00f3n 4K<\/h3>\n<p>El TT-116-TURBO es un TRANCEPTOR de video PASIVO de 16 canales (Balun) que te permite enviar el video de tus c\u00e1maras an\u00e1logas por un mismo cable de red (UTP) Cat 5e \u00f3 6&comma; alcanzando distancias de 130 metros en 4K&comma; 180 metros en 5Mp y 250 metros en 1080P.<\/p>\n<p>El equipo est\u00e1 dise\u00f1ado para que sea colocado en su SITE de Telecomunicaciones ya que cuenta con los accesorios para ser instalado en un Rack Standard&comma; permitiendo consolidar todo el cableado del sistema de CCTV en un solo punto teniendo como resultado una instalaci\u00f3n limpia&comma; ordenada&comma; sin cables a\u00f1adidos o sueltos.<\/p>\n<p>El TT-116-TURBO contiene un supresor de sobretensiones incorporado para proteger el equipo contra picos de voltaje y proporcionar inmunidad al ruido para garantizar se\u00f1ales de calidad.<\/p>\n<\/p><\/div>\n<\/p><\/div>\n<div style='display: flex; flex-wrap: wrap; gap: 20px; margin-bottom: 30px;'>\n<div style='flex: 1 1 250px; border: 1px solid rgba(150&comma; 150&comma; 150&comma; 0.4); border-radius: 8px; overflow: hidden; display: flex; flex-direction: column;'>\n<div style='padding: 15px; border-bottom: 1px solid rgba(150&comma; 150&comma; 150&comma; 0.2); font-weight: bold; font-size: 18px; color: inherit;'>Caracter\u00edsticas Principales<\/div>\n<div style='padding: 15px; color: inherit;'> <img style='width: 100%; height: auto; border: 1px solid rgba(150&comma;150&comma;150&comma;0.3); border-radius: 8px;' src='http:\/\/ftp3.syscom.mx\/usuarios\/hallende\/FolkTitanium\/TT-116-TURBO\/TT116TURBO-4.png' alt=''> <\/p>\n<ul style='padding-left: 20px; margin: 15px 0; font-size: 14px; list-style-type: disc;'>\n<li style='margin-bottom: 5px;'>(TRANSCEPTOR) Receptor de video Pasivo de 16 canales<\/li>\n<li style='margin-bottom: 5px;'><strong>No requiere alimentaci\u00f3n<\/strong><\/li>\n<li style='margin-bottom: 5px;'><strong>Conexi\u00f3n por bloque de terminales tipo tornillo o por RJ45<\/strong><\/li>\n<li style='margin-bottom: 5px;'>Transmisi\u00f3n en tiempo real por cable UTP cat 5e\/6<\/li>\n<li style='margin-bottom: 5px;'>Compatible con c\u00e1maras con tecnolog\u00eda HD-TVI \/ HD-CVI \/ AHD \/ CVBS<\/li>\n<li style='margin-bottom: 5px;'>130m en 4K&comma; 180m en 5Mp y 250m en 1080P<\/li>\n<li style='margin-bottom: 5px;'><strong>Soporta OSD (On Screen Display)<\/strong><\/li>\n<li style='margin-bottom: 5px;'>Conectores BNC y RJ45<\/li>\n<li style='margin-bottom: 5px;'>Protecci\u00f3n interconstruida contra sobretensi\u00f3n<\/li>\n<\/ul><\/div>\n<\/p><\/div>\n<div style='flex: 1 1 250px; border: 1px solid rgba(150&comma; 150&comma; 150&comma; 0.4); border-radius: 8px; overflow: hidden; display: flex; flex-direction: column;'>\n<div style='padding: 15px; border-bottom: 1px solid rgba(150&comma; 150&comma; 150&comma; 0.2); font-weight: bold; font-size: 18px; color: inherit;'>Caracter\u00edsticas F\u00edsicas y El\u00e9ctricas<\/div>\n<div style='padding: 15px; color: inherit;'> <img style='width: 100%; height: auto; border: 1px solid rgba(150&comma;150&comma;150&comma;0.3); border-radius: 8px;' src='http:\/\/ftp3.syscom.mx\/usuarios\/hallende\/FolkTitanium\/TT-116-TURBO\/TT116TURBO-5.png' alt=''> <\/p>\n<ul style='padding-left: 20px; margin: 15px 0; font-size: 14px; list-style-type: disc;'>\n<li style='margin-bottom: 5px;'><strong>No requiere alimentaci\u00f3n<\/strong><\/li>\n<li style='margin-bottom: 5px;'><strong>16 Conectores hembra en BNC<\/strong><\/li>\n<li style='margin-bottom: 5px;'>Bloque de terminales tipo tornillo para cable UTP<\/li>\n<li style='margin-bottom: 5px;'>Entradas RJ45 para cable UTP<\/li>\n<li style='margin-bottom: 5px;'>16 Conectores hembra en BNC<\/li>\n<li style='margin-bottom: 5px;'>Dimensiones 430 mm (L) x 85 mm (W) x 44.5 mm (H) sin incluir conectores y cable<\/li>\n<li style='margin-bottom: 5px;'>Peso Neto 1.25 Kg.<\/li>\n<li style='margin-bottom: 5px;'>Color negro<\/li>\n<li style='margin-bottom: 5px;'><strong>1 A\u00f1o de Garant\u00eda por defectos de fabricaci\u00f3n<\/strong><\/li>\n<\/ul><\/div>\n<\/p><\/div>\n<div style='flex: 1 1 250px; border: 1px solid rgba(150&comma; 150&comma; 150&comma; 0.4); border-radius: 8px; overflow: hidden; display: flex; flex-direction: column;'>\n<div style='padding: 15px; border-bottom: 1px solid rgba(150&comma; 150&comma; 150&comma; 0.2); font-weight: bold; font-size: 18px; color: inherit;'>Caracter\u00edsticas Destacadas<\/div>\n<div style='padding: 15px; color: inherit;'> <img style='width: 100%; height: auto; border: 1px solid rgba(150&comma;150&comma;150&comma;0.3); border-radius: 8px;' src='http:\/\/ftp3.syscom.mx\/usuarios\/hallende\/FolkTitanium\/TT-116-TURBO\/TT116TURBO-6.png' alt=''> <\/p>\n<p style='margin: 15px 0 5px;'><span style='color: #0f1ca8;'><strong>El Kit incluye:<\/strong><\/span><\/p>\n<ul style='padding-left: 20px; margin: 0 0 15px; font-size: 14px; list-style-type: square;'>\n<li style='margin-bottom: 5px;'><strong>1 Receptor activo de 16 canales<\/strong><\/li>\n<li style='margin-bottom: 5px;'>Orejas para Rack y torniller\u00eda<\/li>\n<\/ul>\n<p style='margin: 15px 0 5px;'><span style='color: #0f1ca8;'><strong>Destacados:<\/strong><\/span><\/p>\n<ul style='padding-left: 20px; margin: 0 0 15px; font-size: 14px; list-style-type: square;'>\n<li style='margin-bottom: 5px;'><strong>Protecci\u00f3n contra sobretensiones de estado s\u00f3lido renovable<\/strong><\/li>\n<li style='margin-bottom: 5px;'><strong>Dise\u00f1o de filtro de onda anti-est\u00e1tico<\/strong><\/li>\n<li style='margin-bottom: 5px;'><strong>Inmunidad al ruido de 60 dB<\/strong><\/li>\n<li style='margin-bottom: 5px;'><strong>Soporta Coaxitron&comma; Audio por coaxitron y men\u00fa OSD<\/strong><\/li>\n<li style='margin-bottom: 5px;'><a style='color: #fc1e0a; text-decoration: none;' href='https:\/\/ftp3.syscom.mx\/usuarios\/hallende\/FolkTitanium\/ManualesTecnicos\/Manual%20de%20usuario%20%20TT116TURBO.pdf' target='_blank' rel='noopener'>M\u00e1s informaci\u00f3n del producto<\/a><\/li>\n<\/ul><\/div>\n<\/p><\/div>\n<\/p><\/div>\n<div style='margin: 30px 0;'> <img style='width: 100%; height: auto; border: 1px solid rgba(150&comma;150&comma;150&comma;0.3); border-radius: 8px;' src='https:\/\/ftp3.syscom.mx\/usuarios\/ccasares\/CCTVS\/DISTANCIA%20DE%20TRANSCEPTORES-3.jpg' alt=''> <\/div>\n<\/p><\/div>\n","protected":false},"excerpt":{"rendered":"<p>(TRANCEPTOR) RECEPTOR DE VIDEO PASIVO DE 16 CANALES \/ Resoluci\u00f3n 4K \/ Compatible con cable UTP Cat 5e\/6 \/ Compatible con HD-TVI\/CVI\/AHD\/CVBS \/ TODO INCLUIDO PARA RACK \/ Protecci\u00f3n Interconstruida contra sobretensi\u00f3n.<\/p>\n","protected":false},"featured_media":117180,"comment_status":"open","ping_status":"closed","template":"","meta":[],"product_brand":[],"product_cat":[2327],"product_tag":[417,507,2328],"class_list":{"0":"post-117181","1":"product","2":"type-product","3":"status-publish","4":"has-post-thumbnail","6":"product_cat-transceptores-de-video","7":"product_tag-accesorios-generales","8":"product_tag-epcom-titanium","9":"product_tag-transceptores-de-video","11":"first","12":"instock","13":"sale","14":"shipping-taxable","15":"purchasable","16":"product-type-simple"},"_links":{"self":[{"href":"https:\/\/soydeaqui.ddns.net\/pachuca\/index.php\/wp-json\/wp\/v2\/product\/117181","targetHints":{"allow":["GET"]}}],"collection":[{"href":"https:\/\/soydeaqui.ddns.net\/pachuca\/index.php\/wp-json\/wp\/v2\/product"}],"about":[{"href":"https:\/\/soydeaqui.ddns.net\/pachuca\/index.php\/wp-json\/wp\/v2\/types\/product"}],"replies":[{"embeddable":true,"href":"https:\/\/soydeaqui.ddns.net\/pachuca\/index.php\/wp-json\/wp\/v2\/comments?post=117181"}],"wp:featuredmedia":[{"embeddable":true,"href":"https:\/\/soydeaqui.ddns.net\/pachuca\/index.php\/wp-json\/wp\/v2\/media\/117180"}],"wp:attachment":[{"href":"https:\/\/soydeaqui.ddns.net\/pachuca\/index.php\/wp-json\/wp\/v2\/media?parent=117181"}],"wp:term":[{"taxonomy":"product_brand","embeddable":true,"href":"https:\/\/soydeaqui.ddns.net\/pachuca\/index.php\/wp-json\/wp\/v2\/product_brand?post=117181"},{"taxonomy":"product_cat","embeddable":true,"href":"https:\/\/soydeaqui.ddns.net\/pachuca\/index.php\/wp-json\/wp\/v2\/product_cat?post=117181"},{"taxonomy":"product_tag","embeddable":true,"href":"https:\/\/soydeaqui.ddns.net\/pachuca\/index.php\/wp-json\/wp\/v2\/product_tag?post=117181"}],"curies":[{"name":"wp","href":"https:\/\/api.w.org\/{rel}","templated":true}]}}