{"id":117173,"date":"2026-03-24T03:01:11","date_gmt":"2026-03-24T03:01:11","guid":{"rendered":"https:\/\/soydeaqui.ddns.net\/pachuca\/index.php\/producto\/kit-de-transceptores-activos-con-conector-para-alimentacion-12v-24vcc-ac-turbohd-para-aplicaciones-de-video-por-utp-cat5e-6-en-hd-distancia-de-hasta-150-m-en-4k\/"},"modified":"2026-03-24T03:01:32","modified_gmt":"2026-03-24T03:01:32","slug":"kit-de-transceptores-activos-con-conector-para-alimentacion-12v-24vcc-ac-turbohd-para-aplicaciones-de-video-por-utp-cat5e-6-en-hd-distancia-de-hasta-150-m-en-4k","status":"publish","type":"product","link":"https:\/\/soydeaqui.ddns.net\/pachuca\/index.php\/producto\/kit-de-transceptores-activos-con-conector-para-alimentacion-12v-24vcc-ac-turbohd-para-aplicaciones-de-video-por-utp-cat5e-6-en-hd-distancia-de-hasta-150-m-en-4k\/","title":{"rendered":"Kit de transceptores activos con conector para alimentaci\u00f3n (12V\/24Vcc\/AC) TurboHD para aplicaciones de video por UTP Cat5e\/6 en HD. Distancia de hasta 150 m en 4K"},"content":{"rendered":"<div style='width: 100%; max-width: 1200px; margin: 0 auto; font-family: sans-serif; line-height: 1.6; color: inherit; background-color: transparent;'> <!-- Secci\u00f3n de descripci\u00f3n principal --> <\/p>\n<div style='margin-bottom: 40px; text-align: center;'>\n<h1 style='font-size: 28px; margin: 0 0 10px; color: inherit;'><strong>TT-101PV-TURBO<\/strong><\/h1>\n<h3 style='color: inherit; opacity: 0.7; margin: 0 0 20px; font-size: 18px;'>Kit de tranceptores (Balum) activos&comma; env\u00eda alimentaci\u00f3n 12V\/24Vcc\/AC y video a una distancia de hasta 150 m en 4K<\/h3>\n<p style='margin: 0 auto; max-width: 800px; font-size: 15px; color: inherit;'> El TT-101PV-TURBO es un transmisor y receptor que permite la transmisi\u00f3n de voltaje y video HD en tiempo real. El equipo receptor se puede alimentar con voltajes de 12\/24 Vcc \/ Vca&comma; esto nos permite alcanzar grandes distancias que pueden ser hasta 150 metros en 4k&comma; el equipo transmisor nos proporcina el voltaje suministrado por el equipo receptor (considere la caida de tension). Es compatible con todas las c\u00e1maras anal\u00f3gicas HD-TVI&comma; HD-CVI&comma; AHD y CVBS. Tiene un cable flexible mini-coaxial que permite un montaje r\u00e1pido en c\u00e1maras y permite una conexi\u00f3n flexible con DVRs. El TT-101PV-TURBO cuenta con un supresor de sobretensi\u00f3n integrado para proteger el equipo de video contra picos de voltaje da\u00f1inos&comma; su inmunidad al ruido y diafon\u00eda aseguran se\u00f1ales de video de calidad. <\/p>\n<\/p><\/div>\n<p> <!-- Secci\u00f3n de cards con caracter\u00edsticas --> <\/p>\n<div style='display: flex; flex-wrap: wrap; gap: 30px; margin-bottom: 40px;'> <!-- Card 1 --> <\/p>\n<div style='flex: 1 1 300px; min-width: 280px; border: 1px solid rgba(150&comma; 150&comma; 150&comma; 0.4); border-radius: 8px; overflow: hidden; display: flex; flex-direction: column;'>\n<div style='background-color: rgba(238&comma; 238&comma; 238&comma; 0.6); padding: 15px; border-bottom: 1px solid rgba(150&comma; 150&comma; 150&comma; 0.2);'> <img style='width: 100%; height: auto; border: 1px solid rgba(150&comma;150&comma;150&comma;0.3); border-radius: 8px;' src='http:\/\/ftp3.syscom.mx\/usuarios\/hallende\/FolkTitanium\/TT-101-PV-TURBO\/TT101PVTURBO-1.png' alt=''> <\/div>\n<div style='flex-grow: 1; padding: 15px;'>\n<div style='font-weight: bold; font-size: 18px; margin-bottom: 15px; color: inherit; border-bottom: 2px solid currentColor; padding-bottom: 5px; opacity: 0.8;'>Caracter\u00edsticas Principales:<\/div>\n<ul style='padding-left: 20px; font-size: 14px; color: inherit; list-style-type: disc;'>\n<li style='margin-bottom: 8px;'><strong>Kit de transceptores activos&comma; env\u00eda Alimentaci\u00f3n y Video<\/strong><\/li>\n<li style='margin-bottom: 8px;'><strong>Transmisi\u00f3n de alimentaci\u00f3n en 12 V \/ 24 Vcc \/ Vca<\/strong><\/li>\n<li style='margin-bottom: 8px;'><strong>Compatible con c\u00e1maras con tecnolog\u00eda HD-TVI \/ HD-CVI \/ AHD \/ CVBS<\/strong><\/li>\n<li style='margin-bottom: 8px;'>Transmisi\u00f3n en tiempo real por cable UTP Cat 5e\/6\/6A<\/li>\n<li style='margin-bottom: 8px;'>Compatibles con c\u00e1maras an\u00e1logas (CVBS)<\/li>\n<li style='margin-bottom: 8px;'><strong>Protecci\u00f3n interconstruida contra sobretensi\u00f3n<\/strong><\/li>\n<li style='margin-bottom: 8px;'>Impedancia 75 ohms<\/li>\n<li style='margin-bottom: 8px;'>Conectores macho en BNC<\/li>\n<\/ul><\/div>\n<\/p><\/div>\n<p> <!-- Card 2 --> <\/p>\n<div style='flex: 1 1 300px; min-width: 280px; border: 1px solid rgba(150&comma; 150&comma; 150&comma; 0.4); border-radius: 8px; overflow: hidden; display: flex; flex-direction: column;'>\n<div style='background-color: rgba(238&comma; 238&comma; 238&comma; 0.6); padding: 15px; border-bottom: 1px solid rgba(150&comma; 150&comma; 150&comma; 0.2);'> <img style='width: 100%; height: auto; border: 1px solid rgba(150&comma;150&comma;150&comma;0.3); border-radius: 8px;' src='http:\/\/ftp3.syscom.mx\/usuarios\/hallende\/FolkTitanium\/TT-101-PV-TURBO\/TT101PVTURBO-2.png' alt=''> <\/div>\n<div style='flex-grow: 1; padding: 15px;'>\n<div style='font-weight: bold; font-size: 18px; margin-bottom: 15px; color: inherit; border-bottom: 2px solid currentColor; padding-bottom: 5px; opacity: 0.8;'>Caracter\u00edsticas F\u00edsicas y El\u00e9ctricas:<\/div>\n<ul style='padding-left: 20px; font-size: 14px; color: inherit; list-style-type: disc;'>\n<li style='margin-bottom: 8px;'><strong>Puede ser alimentado por fuentes de 12\/24 Vcc \/ Vca<\/strong>\n<div style='color: #0000ee; font-weight: normal;'>(Fuente de alimentaci\u00f3n NO incluida)<\/div>\n<\/li>\n<li style='margin-bottom: 8px;'>Dimensiones 60.4(L) x 29.0(W) x 20.4(H) mm (conector BNC y cable excluidos)<\/li>\n<li style='margin-bottom: 8px;'>Peso: 60 gramos.<\/li>\n<li style='margin-bottom: 8px;'>Temperatura de operaci\u00f3n: -20\u00b0C a 70\u00b0C<\/li>\n<li style='margin-bottom: 8px;'>Temperatura de almacenamiento: -40\u00b0 ~ 150\u00b0C<\/li>\n<li style='margin-bottom: 8px;'>Humedad Relativa: 0~95% (sin condensar)<\/li>\n<li style='margin-bottom: 8px;'>Carcasa ABS<\/li>\n<li style='margin-bottom: 8px;'>Color Negro.<\/li>\n<li style='margin-bottom: 8px;'><strong>por defectos de fabricaci\u00f3n<\/strong><\/li>\n<\/ul><\/div>\n<\/p><\/div>\n<p> <!-- Card 3 --> <\/p>\n<div style='flex: 1 1 300px; min-width: 280px; border: 1px solid rgba(150&comma; 150&comma; 150&comma; 0.4); border-radius: 8px; overflow: hidden; display: flex; flex-direction: column;'>\n<div style='background-color: rgba(238&comma; 238&comma; 238&comma; 0.6); padding: 15px; border-bottom: 1px solid rgba(150&comma; 150&comma; 150&comma; 0.2);'> <img style='width: 100%; height: auto; border: 1px solid rgba(150&comma;150&comma;150&comma;0.3); border-radius: 8px;' src='http:\/\/ftp3.syscom.mx\/usuarios\/hallende\/FolkTitanium\/TT-101-PV-TURBO\/TT101PVTURBO-3.png' alt=''> <\/div>\n<div style='flex-grow: 1; padding: 15px;'>\n<div style='font-weight: bold; font-size: 18px; margin-bottom: 15px; color: inherit; border-bottom: 2px solid currentColor; padding-bottom: 5px; opacity: 0.8;'>Caracter\u00edsticas Destacadas:<\/div>\n<ul style='padding-left: 20px; font-size: 14px; color: inherit; list-style-type: disc;'>\n<li style='margin-bottom: 8px;'><strong>Dise\u00f1o de filtro de onda anti-est\u00e1tico<\/strong><\/li>\n<li style='margin-bottom: 8px;'><strong>Inmunidad al ruido y diafon\u00eda de 60 dB.<\/strong><\/li>\n<li style='margin-bottom: 8px;'><strong>Rechazo excepcional de interferencias<\/strong><\/li>\n<li style='margin-bottom: 8px;'>TVS (supresor de voltaje transitorio) de estado s\u00f3lido incorporado.<\/li>\n<li style='margin-bottom: 8px;'>Transmisi\u00f3n de 150 metros (492 ft) para TurboHD en 4K<\/li>\n<li style='margin-bottom: 8px;'>Transmisi\u00f3n de 200 metros (656 ft) para TurboHD hasta 5 MP<\/li>\n<li style='margin-bottom: 8px;'>Transmisi\u00f3n de 250 metros (820 ft) para TurboHD hasta 2 MP<\/li>\n<li style='margin-bottom: 8px; color: #0000ee;'>Nota: El voltaje de la entrada es el mismo que en la salida&comma; considere la ca\u00edda de tensi\u00f3n<\/li>\n<li style='margin-bottom: 8px; color: #cc0000;'><strong>Precio por Kit.<\/strong><\/li>\n<\/ul><\/div>\n<\/p><\/div>\n<\/p><\/div>\n<p> <!-- Imagen final --> <\/p>\n<div style='margin-top: 30px;'> <img style='width: 100%; height: auto; border: 1px solid rgba(150&comma;150&comma;150&comma;0.3); border-radius: 8px;' src='http:\/\/ftp3.syscom.mx\/usuarios\/maguilar\/EpcomTitanium\/DISTANCIA-DE-TRANSCEPTORES-ES.jpg' alt=''> <\/div>\n<p> <!-- Nota final --> <\/p>\n<div style='margin-top: 20px; font-size: 14px; color: inherit;'> <strong>*Precio por Kit<\/strong> <\/div>\n<\/p><\/div>\n","protected":false},"excerpt":{"rendered":"<p>Kit de transceptores activos con conector para alimentaci\u00f3n (12V\/24Vcc\/AC) TurboHD para aplicaciones de video por UTP Cat5e\/6 en HD. Distancia de hasta 150 m en 4K<\/p>\n","protected":false},"featured_media":117172,"comment_status":"open","ping_status":"closed","template":"","meta":[],"product_brand":[],"product_cat":[2327],"product_tag":[417,507,2328],"class_list":{"0":"post-117173","1":"product","2":"type-product","3":"status-publish","4":"has-post-thumbnail","6":"product_cat-transceptores-de-video","7":"product_tag-accesorios-generales","8":"product_tag-epcom-titanium","9":"product_tag-transceptores-de-video","11":"first","12":"instock","13":"sale","14":"shipping-taxable","15":"purchasable","16":"product-type-simple"},"_links":{"self":[{"href":"https:\/\/soydeaqui.ddns.net\/pachuca\/index.php\/wp-json\/wp\/v2\/product\/117173","targetHints":{"allow":["GET"]}}],"collection":[{"href":"https:\/\/soydeaqui.ddns.net\/pachuca\/index.php\/wp-json\/wp\/v2\/product"}],"about":[{"href":"https:\/\/soydeaqui.ddns.net\/pachuca\/index.php\/wp-json\/wp\/v2\/types\/product"}],"replies":[{"embeddable":true,"href":"https:\/\/soydeaqui.ddns.net\/pachuca\/index.php\/wp-json\/wp\/v2\/comments?post=117173"}],"wp:featuredmedia":[{"embeddable":true,"href":"https:\/\/soydeaqui.ddns.net\/pachuca\/index.php\/wp-json\/wp\/v2\/media\/117172"}],"wp:attachment":[{"href":"https:\/\/soydeaqui.ddns.net\/pachuca\/index.php\/wp-json\/wp\/v2\/media?parent=117173"}],"wp:term":[{"taxonomy":"product_brand","embeddable":true,"href":"https:\/\/soydeaqui.ddns.net\/pachuca\/index.php\/wp-json\/wp\/v2\/product_brand?post=117173"},{"taxonomy":"product_cat","embeddable":true,"href":"https:\/\/soydeaqui.ddns.net\/pachuca\/index.php\/wp-json\/wp\/v2\/product_cat?post=117173"},{"taxonomy":"product_tag","embeddable":true,"href":"https:\/\/soydeaqui.ddns.net\/pachuca\/index.php\/wp-json\/wp\/v2\/product_tag?post=117173"}],"curies":[{"name":"wp","href":"https:\/\/api.w.org\/{rel}","templated":true}]}}