{"id":117165,"date":"2026-03-24T03:00:45","date_gmt":"2026-03-24T03:00:45","guid":{"rendered":"https:\/\/soydeaqui.ddns.net\/pachuca\/index.php\/producto\/kit-de-transceptores-activos-envia-alimentacion-12v-24vcc-ac-video-y-audio-a-una-distancia-de-hasta-150-m-en-4k-para-aplicaciones-de-video-por-utp-cat-5e-6-en-alta-definicion\/"},"modified":"2026-03-24T03:01:06","modified_gmt":"2026-03-24T03:01:06","slug":"kit-de-transceptores-activos-envia-alimentacion-12v-24vcc-ac-video-y-audio-a-una-distancia-de-hasta-150-m-en-4k-para-aplicaciones-de-video-por-utp-cat-5e-6-en-alta-definicion","status":"publish","type":"product","link":"https:\/\/soydeaqui.ddns.net\/pachuca\/index.php\/producto\/kit-de-transceptores-activos-envia-alimentacion-12v-24vcc-ac-video-y-audio-a-una-distancia-de-hasta-150-m-en-4k-para-aplicaciones-de-video-por-utp-cat-5e-6-en-alta-definicion\/","title":{"rendered":"Kit de transceptores activos, env\u00eda alimentaci\u00f3n 12V\/24Vcc\/AC, video y audio a una distancia de hasta 150 m en 4K para aplicaciones de video por UTP Cat 5e \/ 6 en alta definici\u00f3n."},"content":{"rendered":"<div style='width: 100%; max-width: 1200px; margin: 0 auto; font-family: sans-serif; line-height: 1.6; color: inherit; background-color: transparent;'>\n<div style='display: flex; flex-wrap: wrap; gap: 30px; margin-bottom: 30px;'>\n<div style='flex: 1 1 300px; min-width: 280px;'>\n<h3 style='font-size: 22px; border-bottom: 2px solid currentColor; padding-bottom: 5px; margin-top: 0; color: inherit; opacity: 0.8;'>Caracter\u00edsticas principales<\/h3>\n<ul style='padding-left: 20px; font-size: 15px; color: inherit;'>\n<li style='margin-bottom: 5px;'>Kit de transceptores activos&comma; env\u00eda Alimentaci\u00f3n&comma; Video y Audio<\/li>\n<li style='margin-bottom: 5px;'>Transmisi\u00f3n de alimentaci\u00f3n en 12 V \/ 24 Vcc \/ Vca<\/li>\n<li style='margin-bottom: 5px;'>Compatible con c\u00e1maras con tecnolog\u00eda HD-TVI \/ HD-CVI \/ AHD \/ CVBS<\/li>\n<li style='margin-bottom: 5px;'>Soporta Coaxitron&comma; Audio por coaxitron y men\u00fa OSD<\/li>\n<li style='margin-bottom: 5px;'>Transmisi\u00f3n en tiempo real por cable UTP Cat 5e\/6\/6A<\/li>\n<li style='margin-bottom: 5px;'>Compatibles con c\u00e1maras an\u00e1logas (CVBS)<\/li>\n<li style='margin-bottom: 5px;'>Protecci\u00f3n interconstruida contra sobretensi\u00f3n<\/li>\n<li style='margin-bottom: 5px;'>Impedancia 75 ohms<\/li>\n<li style='margin-bottom: 5px;'>Conectores macho en BNC<\/li>\n<\/ul><\/div>\n<div style='flex: 1 1 300px; min-width: 280px;'>\n<h3 style='font-size: 22px; border-bottom: 2px solid currentColor; padding-bottom: 5px; margin-top: 0; color: inherit; opacity: 0.8;'>Caracter\u00edsticas f\u00edsicas y el\u00e9ctricas<\/h3>\n<ul style='padding-left: 20px; font-size: 15px; color: inherit;'>\n<li style='margin-bottom: 5px;'>Puede ser alimentado por fuentes de 12\/24 Vcc \/ Vca<\/li>\n<li style='margin-bottom: 5px; color: blue;'>Fuente de alimentaci\u00f3n NO incluida<\/li>\n<li style='margin-bottom: 5px;'>Dimensiones: 60.4(L) x 29.0(W) x 20.4(H) mm (conector BNC y cable excluidos)<\/li>\n<li style='margin-bottom: 5px;'>Peso: 60 gramos<\/li>\n<li style='margin-bottom: 5px;'>Temperatura de operaci\u00f3n: -20\u00b0C a 70\u00b0C<\/li>\n<li style='margin-bottom: 5px;'>Temperatura de almacenamiento: -40\u00b0 ~ 150\u00b0C<\/li>\n<li style='margin-bottom: 5px;'>Humedad Relativa: 0~95% (sin condensar)<\/li>\n<li style='margin-bottom: 5px;'>Carcasa ABS<\/li>\n<li style='margin-bottom: 5px;'>Color Negro<\/li>\n<li style='margin-bottom: 5px;'>Por defectos de fabricaci\u00f3n<\/li>\n<\/ul><\/div>\n<div style='flex: 1 1 300px; min-width: 280px;'>\n<h3 style='font-size: 22px; border-bottom: 2px solid currentColor; padding-bottom: 5px; margin-top: 0; color: inherit; opacity: 0.8;'>Caracter\u00edsticas destacadas<\/h3>\n<ul style='padding-left: 20px; font-size: 15px; color: inherit;'>\n<li style='margin-bottom: 5px;'><strong>Dise\u00f1o de filtro de onda anti-est\u00e1tico<\/strong><\/li>\n<li style='margin-bottom: 5px;'><strong>Inmunidad al ruido y diafon\u00eda de 60 dB.<\/strong><\/li>\n<li style='margin-bottom: 5px;'><strong>Rechazo excepcional de interferencias<\/strong><\/li>\n<li style='margin-bottom: 5px;'>TVS (supresor de voltaje transitorio) de estado s\u00f3lido incorporado.<\/li>\n<li style='margin-bottom: 5px;'>Transmisi\u00f3n de 150 metros (492 ft) para TurboHD en 4K<\/li>\n<li style='margin-bottom: 5px;'>Transmisi\u00f3n de 200 metros (656 ft) para TurboHD hasta 5 MP<\/li>\n<li style='margin-bottom: 5px;'>Transmisi\u00f3n de 250 metros (820 ft) para TurboHD hasta 2 MP<\/li>\n<li style='margin-bottom: 5px; color: blue;'>Nota: El voltaje de la entrada es el mismo en la salida&comma; considere la ca\u00edda de tensi\u00f3n<\/li>\n<li style='margin-bottom: 5px; color: red;'>Precio por Kit.<\/li>\n<\/ul><\/div>\n<\/p><\/div>\n<div style='display: flex; flex-wrap: wrap; gap: 30px; margin-bottom: 30px;'>\n<div style='flex: 1 1 100%;'>\n<h3 style='font-size: 22px; border-bottom: 2px solid currentColor; padding-bottom: 5px; margin-top: 0; color: inherit; opacity: 0.8;'>Descripci\u00f3n general<\/h3>\n<p style='font-size: 15px; color: inherit;'>El TT-101PVA-TURBO es un transmisor y receptor que permite la transmisi\u00f3n de voltaje&comma; video HD y audio en tiempo real. El equipo receptor se puede alimentar con voltajes de 12\/24 Vcc \/ Vca&comma; esto nos permite alcanzar grandes distancias que pueden ser hasta 150 metros en 4K&comma; el equipo transmisor nos proporciona el voltaje suministrado por el equipo receptor (considere la ca\u00edda de tensi\u00f3n). Es compatible con todas las c\u00e1maras anal\u00f3gicas HD-TVI&comma; HD-CVI&comma; AHD y CVBS. Tiene un cable flexible mini-coaxial que permite un montaje r\u00e1pido en c\u00e1maras y permite una conexi\u00f3n flexible con DVRs. El TT-101PVA-TURBO cuenta con un supresor de sobretensi\u00f3n integrado para proteger el equipo de video contra picos de voltaje da\u00f1inos&comma; su inmunidad al ruido y diafon\u00eda aseguran se\u00f1ales de video de calidad.<\/p>\n<\/p><\/div>\n<\/p><\/div>\n<div style='display: flex; flex-wrap: wrap; gap: 30px; margin-bottom: 30px;'>\n<div style='flex: 1 1 300px; min-width: 280px;'> <img style='width: 100%; height: auto; border: 1px solid rgba(150&comma;150&comma;150&comma;0.3); border-radius: 8px;' src='http:\/\/ftp3.syscom.mx\/usuarios\/hallende\/FolkTitanium\/TT-101-PVA-TURBO\/TT101PVATURBO-1.png' alt=''> <\/div>\n<div style='flex: 1 1 300px; min-width: 280px;'> <img style='width: 100%; height: auto; border: 1px solid rgba(150&comma;150&comma;150&comma;0.3); border-radius: 8px;' src='http:\/\/ftp3.syscom.mx\/usuarios\/hallende\/FolkTitanium\/TT-101-PVA-TURBO\/TT101PVATURBO-2.png' alt=''> <\/div>\n<div style='flex: 1 1 300px; min-width: 280px;'> <img style='width: 100%; height: auto; border: 1px solid rgba(150&comma;150&comma;150&comma;0.3); border-radius: 8px;' src='http:\/\/ftp3.syscom.mx\/usuarios\/hallende\/FolkTitanium\/TT-101-PVA-TURBO\/TT101PVATURBO-3.png' alt=''> <\/div>\n<\/p><\/div>\n<div style='display: flex; flex-wrap: wrap; gap: 30px; margin-bottom: 30px;'>\n<div style='flex: 1 1 100%;'> <img style='width: 100%; height: auto; border: 1px solid rgba(150&comma;150&comma;150&comma;0.3); border-radius: 8px;' src='http:\/\/ftp3.syscom.mx\/usuarios\/maguilar\/EpcomTitanium\/DISTANCIA-DE-TRANSCEPTORES-ES.jpg' alt=''> <\/div>\n<\/p><\/div>\n<\/p><\/div>\n","protected":false},"excerpt":{"rendered":"<p>Kit de transceptores activos, env\u00eda alimentaci\u00f3n 12V\/24Vcc\/AC, video y audio a una distancia de hasta 150 m en 4K para aplicaciones de video por UTP Cat 5e \/ 6 en alta definici\u00f3n.<\/p>\n","protected":false},"featured_media":117164,"comment_status":"open","ping_status":"closed","template":"","meta":[],"product_brand":[],"product_cat":[2327],"product_tag":[417,507,2328],"class_list":{"0":"post-117165","1":"product","2":"type-product","3":"status-publish","4":"has-post-thumbnail","6":"product_cat-transceptores-de-video","7":"product_tag-accesorios-generales","8":"product_tag-epcom-titanium","9":"product_tag-transceptores-de-video","11":"first","12":"instock","13":"sale","14":"shipping-taxable","15":"purchasable","16":"product-type-simple"},"_links":{"self":[{"href":"https:\/\/soydeaqui.ddns.net\/pachuca\/index.php\/wp-json\/wp\/v2\/product\/117165","targetHints":{"allow":["GET"]}}],"collection":[{"href":"https:\/\/soydeaqui.ddns.net\/pachuca\/index.php\/wp-json\/wp\/v2\/product"}],"about":[{"href":"https:\/\/soydeaqui.ddns.net\/pachuca\/index.php\/wp-json\/wp\/v2\/types\/product"}],"replies":[{"embeddable":true,"href":"https:\/\/soydeaqui.ddns.net\/pachuca\/index.php\/wp-json\/wp\/v2\/comments?post=117165"}],"wp:featuredmedia":[{"embeddable":true,"href":"https:\/\/soydeaqui.ddns.net\/pachuca\/index.php\/wp-json\/wp\/v2\/media\/117164"}],"wp:attachment":[{"href":"https:\/\/soydeaqui.ddns.net\/pachuca\/index.php\/wp-json\/wp\/v2\/media?parent=117165"}],"wp:term":[{"taxonomy":"product_brand","embeddable":true,"href":"https:\/\/soydeaqui.ddns.net\/pachuca\/index.php\/wp-json\/wp\/v2\/product_brand?post=117165"},{"taxonomy":"product_cat","embeddable":true,"href":"https:\/\/soydeaqui.ddns.net\/pachuca\/index.php\/wp-json\/wp\/v2\/product_cat?post=117165"},{"taxonomy":"product_tag","embeddable":true,"href":"https:\/\/soydeaqui.ddns.net\/pachuca\/index.php\/wp-json\/wp\/v2\/product_tag?post=117165"}],"curies":[{"name":"wp","href":"https:\/\/api.w.org\/{rel}","templated":true}]}}