{"id":117145,"date":"2026-03-24T02:59:40","date_gmt":"2026-03-24T02:59:40","guid":{"rendered":"https:\/\/soydeaqui.ddns.net\/pachuca\/index.php\/producto\/dvr-24-canales-turbohd-8-canales-ip-2-megapixel-4-bahias-de-disco-duro-4-canales-de-audio-16-entradas-de-alarma\/"},"modified":"2026-03-24T02:59:49","modified_gmt":"2026-03-24T02:59:49","slug":"dvr-24-canales-turbohd-8-canales-ip-2-megapixel-4-bahias-de-disco-duro-4-canales-de-audio-16-entradas-de-alarma","status":"publish","type":"product","link":"https:\/\/soydeaqui.ddns.net\/pachuca\/index.php\/producto\/dvr-24-canales-turbohd-8-canales-ip-2-megapixel-4-bahias-de-disco-duro-4-canales-de-audio-16-entradas-de-alarma\/","title":{"rendered":"DVR 24 Canales TURBOHD + 8 Canales IP \/2 Megapixel \/ 4 Bah\u00edas de Disco Duro \/ 4 Canales de Audio \/ 16 Entradas de Alarma"},"content":{"rendered":"<div style='width: 100%; max-width: 1200px; margin: 0 auto; font-family: sans-serif; line-height: 1.6; color: inherit; background-color: transparent;'>\n<div style='display: flex; flex-wrap: wrap; gap: 30px; margin-bottom: 30px;'>\n<div style='flex: 1 1 300px; min-width: 280px;'>\n<div style='text-align: center; margin-bottom: 20px;'> <img style='width: 100%; max-width: 450px; height: auto; border: 1px solid rgba(150&comma;150&comma;150&comma;0.3); border-radius: 8px;' src='http:\/\/ftp3.syscom.mx\/usuarios\/jdelafuente\/HIKVISION\/hikvision%20logo%20complete.png' alt=''> <\/div>\n<\/p><\/div>\n<\/p><\/div>\n<div style='display: flex; flex-wrap: wrap; gap: 30px; margin-bottom: 30px;'>\n<div style='flex: 1 1 300px; min-width: 280px;'>\n<div style='text-align: center; margin-bottom: 20px;'> <img style='width: 100%; max-width: 400px; height: auto; border: 1px solid rgba(150&comma;150&comma;150&comma;0.3); border-radius: 8px;' src='http:\/\/ftp3.syscom.mx\/usuarios\/fotos\/EV1004TURBOX\/85248-advertencia3mp.png' alt=''> <\/div>\n<\/p><\/div>\n<\/p><\/div>\n<div style='display: flex; flex-wrap: wrap; gap: 30px; margin-bottom: 30px;'>\n<div style='flex: 1 1 300px; min-width: 280px;'>\n<h3 style='font-size: 22px; border-bottom: 2px solid currentColor; padding-bottom: 5px; margin-top: 0; color: inherit; opacity: 0.8;'>Caracter\u00edsticas principales del DVR\/NVR:<\/h3>\n<ul style='padding-left: 20px; font-size: 15px; color: inherit;'>\n<li style='margin-bottom: 5px;'>Sistema Trih\u00edbrido (TVI&comma; Anal\u00f3gico e IP).<\/li>\n<li style='margin-bottom: 5px; font-weight: bold;'>24 Canales de V\u00eddeo TurboHD + 8 IP \u00f3 32 Canales IP apagando los canales TurboHD.<\/li>\n<li style='margin-bottom: 5px; font-weight: bold;'>Podemos agregar c\u00e1maras TurboHD e IP de 2 Megapixeles como m\u00e1ximo.<\/li>\n<li style='margin-bottom: 5px;'>4 Entradas \/ 2 Salida de Audio.<\/li>\n<li style='margin-bottom: 5px;'>Capacidad para 4 Discos Duros SATA de hasta 6 TB.<\/li>\n<li style='margin-bottom: 5px;'>Salidas de Video HDMI \/ VGA Simult\u00e1neas FullHD 1080p.<\/li>\n<li style='margin-bottom: 5px;'>Soporta Hik-connect domain&comma; DYNDNS&comma; NO-IP<\/li>\n<li style='margin-bottom: 5px; font-weight: bold;'>Soporta Hik-Connect P2P para visualizaci\u00f3n.<\/li>\n<li style='margin-bottom: 5px;'>Compatible con Software Cliente iVMS-4200 (Windows&comma; Mac)&comma; iVMS-4500 (Android&comma; iPhone&comma; iPad&comma; iPod Touch).<\/li>\n<li style='margin-bottom: 5px;'>Compatibilidad con navegador Chrome (IE tab)&comma; Safari&comma; Internet Explorer.<\/li>\n<li style='margin-bottom: 5px; font-weight: bold;'>Soporta Canal Zero.<\/li>\n<li style='margin-bottom: 5px; font-weight: bold;'>Para conectar los canales IP requiere utilizar un switch\/switch poe (no incluido)<\/li>\n<\/ul><\/div>\n<\/p><\/div>\n<div style='display: flex; flex-wrap: wrap; gap: 30px; margin-bottom: 30px;'>\n<div style='flex: 1 1 250px; border: 1px solid rgba(150&comma; 150&comma; 150&comma; 0.4); border-radius: 8px; overflow: hidden; display: flex; flex-direction: column;'>\n<div style='padding: 15px; border-bottom: 1px solid rgba(150&comma; 150&comma; 150&comma; 0.2); font-weight: bold; font-size: 18px; color: inherit;'>Canales de Video<\/div>\n<div style='padding: 15px; color: inherit;'>\n<ul style='padding-left: 20px; margin: 0; font-size: 14px; list-style-type: disc;'>\n<li style='margin-bottom: 5px;'>24 Canales de Video (TurboHD (TVI)&comma; Anal\u00f3gico).<\/li>\n<li style='margin-bottom: 5px;'>Conector BNC.<\/li>\n<\/ul><\/div>\n<\/p><\/div>\n<div style='flex: 1 1 250px; border: 1px solid rgba(150&comma; 150&comma; 150&comma; 0.4); border-radius: 8px; overflow: hidden; display: flex; flex-direction: column;'>\n<div style='padding: 15px; border-bottom: 1px solid rgba(150&comma; 150&comma; 150&comma; 0.2); font-weight: bold; font-size: 18px; color: inherit;'>Codificaci\u00f3n de Video<\/div>\n<div style='padding: 15px; color: inherit;'>\n<ul style='padding-left: 20px; margin: 0; font-size: 14px; list-style-type: disc;'>\n<li style='margin-bottom: 5px;'>Main stream: 1080p@12fps&comma; 720p&comma; VGA&comma; WD1&comma; 4CIF&comma; CIF.<\/li>\n<li style='margin-bottom: 5px;'>Sub stream: 4CIF&comma; CIF&comma; QCIF&comma; QVGA.<\/li>\n<li style='margin-bottom: 5px;'>Bitrate de 32 Kbps hasta 6 Mbps.<\/li>\n<\/ul><\/div>\n<\/p><\/div>\n<div style='flex: 1 1 250px; border: 1px solid rgba(150&comma; 150&comma; 150&comma; 0.4); border-radius: 8px; overflow: hidden; display: flex; flex-direction: column;'>\n<div style='padding: 15px; border-bottom: 1px solid rgba(150&comma; 150&comma; 150&comma; 0.2); font-weight: bold; font-size: 18px; color: inherit;'>Canales de Audio<\/div>\n<div style='padding: 15px; color: inherit;'>\n<ul style='padding-left: 20px; margin: 0; font-size: 14px; list-style-type: disc;'>\n<li style='margin-bottom: 5px;'>4 Canal de Entrada de Audio (Conector RCA).<\/li>\n<li style='margin-bottom: 5px;'>2 Canal de Salida de Audio (Conector RCA).<\/li>\n<\/ul><\/div>\n<\/p><\/div>\n<div style='flex: 1 1 250px; border: 1px solid rgba(150&comma; 150&comma; 150&comma; 0.4); border-radius: 8px; overflow: hidden; display: flex; flex-direction: column;'>\n<div style='padding: 15px; border-bottom: 1px solid rgba(150&comma; 150&comma; 150&comma; 0.2); font-weight: bold; font-size: 18px; color: inherit;'>Codificaci\u00f3n de Audio<\/div>\n<div style='padding: 15px; color: inherit;'>\n<ul style='padding-left: 20px; margin: 0; font-size: 14px; list-style-type: disc;'>\n<li style='margin-bottom: 5px;'>Compresi\u00f3n G.711U.<\/li>\n<li style='margin-bottom: 5px;'>Bitrate de 64 Kbps.<\/li>\n<\/ul><\/div>\n<\/p><\/div>\n<div style='flex: 1 1 250px; border: 1px solid rgba(150&comma; 150&comma; 150&comma; 0.4); border-radius: 8px; overflow: hidden; display: flex; flex-direction: column;'>\n<div style='padding: 15px; border-bottom: 1px solid rgba(150&comma; 150&comma; 150&comma; 0.2); font-weight: bold; font-size: 18px; color: inherit;'>Salidas de V\u00eddeo<\/div>\n<div style='padding: 15px; color: inherit;'>\n<ul style='padding-left: 20px; margin: 0; font-size: 14px; list-style-type: disc;'>\n<li style='margin-bottom: 5px;'>Salida Video de HDMI y VGA simult\u00e1neas.<\/li>\n<li style='margin-bottom: 5px;'>Soporta resoluciones de 1920&#215;1080&comma; 1280&#215;1024&comma; 1280&#215;720&comma; 1024&#215;768 en HDMI o VGA.<\/li>\n<\/ul><\/div>\n<\/p><\/div>\n<div style='flex: 1 1 250px; border: 1px solid rgba(150&comma; 150&comma; 150&comma; 0.4); border-radius: 8px; overflow: hidden; display: flex; flex-direction: column;'>\n<div style='padding: 15px; border-bottom: 1px solid rgba(150&comma; 150&comma; 150&comma; 0.2); font-weight: bold; font-size: 18px; color: inherit;'>Grabaci\u00f3n<\/div>\n<div style='padding: 15px; color: inherit;'>\n<ul style='padding-left: 20px; margin: 0; font-size: 14px; list-style-type: disc;'>\n<li style='margin-bottom: 5px;'>Grabaci\u00f3n con Sobre-Escritura autom\u00e1tica.<\/li>\n<li style='margin-bottom: 5px;'>Configurable para comenzar a grabar con un solo clic.<\/li>\n<li style='margin-bottom: 5px;'>Programaci\u00f3n de grabaci\u00f3n por calendario&comma; manual o evento.<\/li>\n<\/ul><\/div>\n<\/p><\/div>\n<div style='flex: 1 1 250px; border: 1px solid rgba(150&comma; 150&comma; 150&comma; 0.4); border-radius: 8px; overflow: hidden; display: flex; flex-direction: column;'>\n<div style='padding: 15px; border-bottom: 1px solid rgba(150&comma; 150&comma; 150&comma; 0.2); font-weight: bold; font-size: 18px; color: inherit;'>B\u00fasqueda y Reproducci\u00f3n<\/div>\n<div style='padding: 15px; color: inherit;'>\n<ul style='padding-left: 20px; margin: 0; font-size: 14px; list-style-type: disc;'>\n<li style='margin-bottom: 5px;'>Reproducci\u00f3n instant\u00e1nea de una c\u00e1mara en el modo de Multi-Vista en vivo.<\/li>\n<li style='margin-bottom: 5px;'>Reproducci\u00f3n simult\u00e1nea s\u00edncrona de 4 canales a 1080p.<\/li>\n<li style='margin-bottom: 5px;'>Reproducci\u00f3n local y remota.<\/li>\n<li style='margin-bottom: 5px;'>Bloqueo de segmentos importantes de grabaci\u00f3n para evitar la sobre-escritura.<\/li>\n<\/ul><\/div>\n<\/p><\/div>\n<div style='flex: 1 1 250px; border: 1px solid rgba(150&comma; 150&comma; 150&comma; 0.4); border-radius: 8px; overflow: hidden; display: flex; flex-direction: column;'>\n<div style='padding: 15px; border-bottom: 1px solid rgba(150&comma; 150&comma; 150&comma; 0.2); font-weight: bold; font-size: 18px; color: inherit;'>Eventos<\/div>\n<div style='padding: 15px; color: inherit;'>\n<ul style='padding-left: 20px; margin: 0; font-size: 14px; list-style-type: disc;'>\n<li style='margin-bottom: 5px;'>Alerta audible&comma; Pop-Up&comma; notificaci\u00f3n por email y notificaci\u00f3n a Centro de Monitoreo al dispararse un evento.<\/li>\n<li style='margin-bottom: 5px;'>Alarma por detecci\u00f3n de movimiento&comma; bloqueo de c\u00e1mara y desconexi\u00f3n&comma; configurable por canal.<\/li>\n<li style='margin-bottom: 5px;'>Monitoreo del estado del disco duro&comma; red&comma; accesos y estado de las c\u00e1maras con notificaciones remotas.<\/li>\n<li style='margin-bottom: 5px;'>Memoria interna para bit\u00e1cora con toda la actividad del DVR realizada por el sistema&comma; eventos o los usuarios&comma; protegida para no poder borrarse incluso aunque el equipo regrese a valores de f\u00e1brica o que los discos duros sean inicializados.<\/li>\n<\/ul><\/div>\n<\/p><\/div>\n<div style='flex: 1 1 250px; border: 1px solid rgba(150&comma; 150&comma; 150&comma; 0.4); border-radius: 8px; overflow: hidden; display: flex; flex-direction: column;'>\n<div style='padding: 15px; border-bottom: 1px solid rgba(150&comma; 150&comma; 150&comma; 0.2); font-weight: bold; font-size: 18px; color: inherit;'>Red<\/div>\n<div style='padding: 15px; color: inherit;'>\n<ul style='padding-left: 20px; margin: 0; font-size: 14px; list-style-type: disc;'>\n<li style='margin-bottom: 5px;'>Soporta Main y Sub Stream.<\/li>\n<li style='margin-bottom: 5px;'>Protocolos soportados: TCP\/IP&comma; PPPoE&comma; DHCP&comma; DNS&comma; DDNS&comma; NTP&comma; SADP&comma; SMTP&comma; SNMP&comma; NFS&comma; iSCSI&comma; UPnP&comma; HTTP&comma; HTTPS.<\/li>\n<\/ul><\/div>\n<\/p><\/div>\n<div style='flex: 1 1 250px; border: 1px solid rgba(150&comma; 150&comma; 150&comma; 0.4); border-radius: 8px; overflow: hidden; display: flex; flex-direction: column;'>\n<div style='padding: 15px; border-bottom: 1px solid rgba(150&comma; 150&comma; 150&comma; 0.2); font-weight: bold; font-size: 18px; color: inherit;'>Interfaces<\/div>\n<div style='padding: 15px; color: inherit;'>\n<ul style='padding-left: 20px; margin: 0; font-size: 14px; list-style-type: disc;'>\n<li style='margin-bottom: 5px;'>1 Puerto RS-485 para Control.<\/li>\n<li style='margin-bottom: 5px;'>2 Puertos USB 2.0 (Soporta Mouse para control&comma; incluido).<\/li>\n<li style='margin-bottom: 5px;'>1 Puerto de Red RJ-45 10\/100\/1000 Mbps.<\/li>\n<li style='margin-bottom: 5px;'>Entradas\/Salidas de Alarma: 16 Entradas \/ 4 Salida.<\/li>\n<\/ul><\/div>\n<\/p><\/div>\n<div style='flex: 1 1 250px; border: 1px solid rgba(150&comma; 150&comma; 150&comma; 0.4); border-radius: 8px; overflow: hidden; display: flex; flex-direction: column;'>\n<div style='padding: 15px; border-bottom: 1px solid rgba(150&comma; 150&comma; 150&comma; 0.2); font-weight: bold; font-size: 18px; color: inherit;'>Caracter\u00edsticas f\u00edsicas y el\u00e9ctricas<\/div>\n<div style='padding: 15px; color: inherit;'>\n<ul style='padding-left: 20px; margin: 0; font-size: 14px; list-style-type: disc;'>\n<li style='margin-bottom: 5px; font-weight: bold;'>Montaje de rack 19&#8242; 2U<\/li>\n<li style='margin-bottom: 5px;'>Alimentaci\u00f3n: 12Vcc (consumo sin disco duro 20W).<\/li>\n<li style='margin-bottom: 5px;'>Temperatura de operaci\u00f3n: -10~55 \u00baC.<\/li>\n<li style='margin-bottom: 5px;'>Dimensiones: 445 X 390 X 70 mm.<\/li>\n<li style='margin-bottom: 5px;'>Peso: 5 Kg.<\/li>\n<li style='margin-bottom: 5px; font-weight: bold;'>Garant\u00eda: 2 a\u00f1os<\/li>\n<\/ul><\/div>\n<\/p><\/div>\n<\/p><\/div>\n<div style='display: flex; flex-wrap: wrap; gap: 30px; margin-bottom: 30px;'>\n<div style='flex: 1 1 300px; min-width: 280px;'>\n<div style='text-align: center; margin-bottom: 20px;'> <img style='width: 100%; max-width: 800px; height: auto; border: 1px solid rgba(150&comma;150&comma;150&comma;0.3); border-radius: 8px;' src='http:\/\/ftp3.syscom.mx\/usuarios\/fotos\/EV1004TURBOX\/85248-advertencia3mp.png' alt=''> <\/div>\n<\/p><\/div>\n<\/p><\/div>\n<div style='display: flex; flex-wrap: wrap; gap: 30px; margin-bottom: 30px;'>\n<div style='flex: 1 1 300px; min-width: 280px;'>\n<h3 style='font-size: 22px; border-bottom: 2px solid currentColor; padding-bottom: 5px; margin-top: 0; color: inherit; opacity: 0.8; text-align: center;'>Recursos<\/h3>\n<div style='display: flex; flex-wrap: wrap; gap: 15px; justify-content: center;'>\n<div style='flex: 1 1 200px; min-width: 180px; text-align: center;'> <a href='https:\/\/www.hikvision.com\/es-la\/support\/download\/software\/ivms4200-series\/?q=serie%20ivms4200&#038;position=1' target='_blank' rel='noopener' style='display: block;'> <img style='width: 100%; max-width: 200px; height: auto; border: 1px solid rgba(150&comma;150&comma;150&comma;0.3); border-radius: 8px;' src='https:\/\/ftp3.syscom.mx\/usuarios\/gmagos\/HIK\/IP\/IPC\/Imagenes%20pagina\/Descargas%20IVMS4200.jpg' alt=''> <\/a> <\/div>\n<div style='flex: 1 1 200px; min-width: 180px; text-align: center;'> <a href='https:\/\/appstore.hikvision.com\/' target='_blank' rel='noopener' style='display: block;'> <img style='width: 100%; max-width: 200px; height: auto; border: 1px solid rgba(150&comma;150&comma;150&comma;0.3); border-radius: 8px;' src='https:\/\/ftp3.syscom.mx\/usuarios\/gmagos\/HIK\/IP\/IPC\/Imagenes%20pagina\/Descargas%20de%20app.jpg' alt=''> <\/a> <\/div>\n<div style='flex: 1 1 200px; min-width: 180px; text-align: center;'> <a href='https:\/\/ftp3.syscom.mx\/usuarios\/emendoza\/elesbanmch\/HIKVISON\/SPECS\/DS-73247332HGHI-SH.pdf' target='_blank' rel='noopener' style='display: block;'> <img style='width: 100%; max-width: 200px; height: auto; border: 1px solid rgba(150&comma;150&comma;150&comma;0.3); border-radius: 8px;' src='https:\/\/ftp3.syscom.mx\/usuarios\/gmagos\/HIK\/IP\/IPC\/Imagenes%20pagina\/Descarga%20de%20PDF.jpg' alt=''> <\/a> <\/div>\n<\/p><\/div>\n<\/p><\/div>\n<\/p><\/div>\n<div style='display: flex; flex-wrap: wrap; gap: 30px; margin-bottom: 30px;'>\n<div style='flex: 1 1 300px; min-width: 280px;'>\n<div style='text-align: center; margin-bottom: 20px;'> <img style='width: 100%; max-width: 940px; height: auto; border: 1px solid rgba(150&comma;150&comma;150&comma;0.3); border-radius: 8px;' src='http:\/\/ftp3.syscom.mx\/usuarios\/fotos\/DS7104HGHIF1\/N\/88609-baner.jpg' alt=''> <\/div>\n<\/p><\/div>\n<\/p><\/div>\n<\/p><\/div>\n","protected":false},"excerpt":{"rendered":"<p>DVR 24 Canales TURBOHD + 8 Canales IP \/2 Megapixel \/ 4 Bah\u00edas de Disco Duro \/ 4 Canales de Audio \/ 16 Entradas de Alarma<\/p>\n","protected":false},"featured_media":117144,"comment_status":"open","ping_status":"closed","template":"","meta":[],"product_brand":[],"product_cat":[2254],"product_tag":[2255,54,2256],"class_list":{"0":"post-117145","1":"product","2":"type-product","3":"status-publish","4":"has-post-thumbnail","6":"product_cat-videograbadoras-analogicas-turbohd-tvi-ahd-cvi","7":"product_tag-camaras-y-dvrs-hd-turbohd-ahd-hd-tvi","8":"product_tag-hikvision","9":"product_tag-videograbadoras-analogicas-turbohd-tvi-ahd-cvi","11":"first","12":"outofstock","13":"sale","14":"shipping-taxable","15":"purchasable","16":"product-type-simple"},"_links":{"self":[{"href":"https:\/\/soydeaqui.ddns.net\/pachuca\/index.php\/wp-json\/wp\/v2\/product\/117145","targetHints":{"allow":["GET"]}}],"collection":[{"href":"https:\/\/soydeaqui.ddns.net\/pachuca\/index.php\/wp-json\/wp\/v2\/product"}],"about":[{"href":"https:\/\/soydeaqui.ddns.net\/pachuca\/index.php\/wp-json\/wp\/v2\/types\/product"}],"replies":[{"embeddable":true,"href":"https:\/\/soydeaqui.ddns.net\/pachuca\/index.php\/wp-json\/wp\/v2\/comments?post=117145"}],"wp:featuredmedia":[{"embeddable":true,"href":"https:\/\/soydeaqui.ddns.net\/pachuca\/index.php\/wp-json\/wp\/v2\/media\/117144"}],"wp:attachment":[{"href":"https:\/\/soydeaqui.ddns.net\/pachuca\/index.php\/wp-json\/wp\/v2\/media?parent=117145"}],"wp:term":[{"taxonomy":"product_brand","embeddable":true,"href":"https:\/\/soydeaqui.ddns.net\/pachuca\/index.php\/wp-json\/wp\/v2\/product_brand?post=117145"},{"taxonomy":"product_cat","embeddable":true,"href":"https:\/\/soydeaqui.ddns.net\/pachuca\/index.php\/wp-json\/wp\/v2\/product_cat?post=117145"},{"taxonomy":"product_tag","embeddable":true,"href":"https:\/\/soydeaqui.ddns.net\/pachuca\/index.php\/wp-json\/wp\/v2\/product_tag?post=117145"}],"curies":[{"name":"wp","href":"https:\/\/api.w.org\/{rel}","templated":true}]}}