{"id":117143,"date":"2026-03-24T02:59:34","date_gmt":"2026-03-24T02:59:34","guid":{"rendered":"https:\/\/soydeaqui.ddns.net\/pachuca\/index.php\/producto\/protector-de-1u-para-bastidor-de-12-puertos-transmision-gigabit-ethernet-rj45-entrada-salida\/"},"modified":"2026-03-24T02:59:36","modified_gmt":"2026-03-24T02:59:36","slug":"protector-de-1u-para-bastidor-de-12-puertos-transmision-gigabit-ethernet-rj45-entrada-salida","status":"publish","type":"product","link":"https:\/\/soydeaqui.ddns.net\/pachuca\/index.php\/producto\/protector-de-1u-para-bastidor-de-12-puertos-transmision-gigabit-ethernet-rj45-entrada-salida\/","title":{"rendered":"Protector de 1U para bastidor de 12 puertos, transmisi\u00f3n Gigabit Ethernet, RJ45 entrada \/ salida"},"content":{"rendered":"<div style='width: 100%; max-width: 1200px; margin: 0 auto; font-family: sans-serif; line-height: 1.6; color: inherit; background-color: transparent;'>\n<div style='display: flex; flex-wrap: wrap; gap: 30px; margin-bottom: 30px;'>\n<div style='flex: 1 1 300px; min-width: 280px;'>\n<h3 style='font-size: 22px; border-bottom: 2px solid currentColor; padding-bottom: 5px; margin-top: 0; color: inherit; opacity: 0.8;'>Caracter\u00edsticas principales<\/h3>\n<ul style='padding-left: 20px; font-size: 15px; color: inherit;'>\n<li style='margin-bottom: 5px;'>Reduce el tiempo de inactividad en los equipos de red<\/li>\n<li style='margin-bottom: 5px;'>Protecci\u00f3n para 12 conexiones RJ45 en paquete de montaje en rack de 1U<\/li>\n<li style='margin-bottom: 5px;'>Tecnolog\u00eda SAD (Silicon Avalanche Diode &#8211; Diodo de avalancha de silicio)<\/li>\n<li style='margin-bottom: 5px;'>Tierra de punto \u00fanico que mejora la protecci\u00f3n y acelera la instalaci\u00f3n<\/li>\n<li style='margin-bottom: 5px;'>M\u00f3dulos de protecci\u00f3n contra sobretensiones reemplazables individualmente<\/li>\n<\/ul><\/div>\n<div style='flex: 1 1 300px; min-width: 280px;'>\n<h3 style='font-size: 22px; border-bottom: 2px solid currentColor; padding-bottom: 5px; margin-top: 0; color: inherit; opacity: 0.8;'>Especificaciones t\u00e9cnicas<\/h3>\n<ul style='padding-left: 20px; font-size: 15px; color: inherit;'>\n<li style='margin-bottom: 5px;'><strong>Tipo de conexi\u00f3n:<\/strong> RJ45 (8 hilos) Entrada\/ Salida<\/li>\n<li style='margin-bottom: 5px;'><strong>Redes compatibles:<\/strong> CAT5e&comma; CAT6&comma; CAT6A<\/li>\n<li style='margin-bottom: 5px;'><strong>Tasa de datos m\u00e1xima:<\/strong> CAT5e\/Gigabit Ethernet<\/li>\n<li style='margin-bottom: 5px;'><strong>Voltaje de servicio:<\/strong> \u22645V<\/li>\n<li style='margin-bottom: 5px;'><strong>Modos de protecci\u00f3n:<\/strong> Todas las l\u00edneas &#8211; Tierra<\/li>\n<li style='margin-bottom: 5px;'><strong>Voltaje de clamping:<\/strong> 6.8VDC<\/li>\n<li style='margin-bottom: 5px;'><strong>Corriente de pico de sobretensi\u00f3n:<\/strong> 268A\/puerto<\/li>\n<li style='margin-bottom: 5px;'><strong>Aprobaciones:<\/strong> UL497B<\/li>\n<li style='margin-bottom: 5px;'><strong>Normas cumplidas:<\/strong> CAT5e&comma; EIA\/TIA568A&comma; EIA\/TIA568B<\/li>\n<\/ul><\/div>\n<div style='flex: 1 1 300px; min-width: 280px;'>\n<h3 style='font-size: 22px; border-bottom: 2px solid currentColor; padding-bottom: 5px; margin-top: 0; color: inherit; opacity: 0.8;'>Caracter\u00edsticas f\u00edsicas<\/h3>\n<ul style='padding-left: 20px; font-size: 15px; color: inherit;'>\n<li style='margin-bottom: 5px;'><strong>Dimensiones:<\/strong> 45 mm x 483 mm x 70 mm<\/li>\n<li style='margin-bottom: 5px;'><strong>Peso:<\/strong> 0.76 Kg<\/li>\n<li style='margin-bottom: 5px;'><strong>Carcasa:<\/strong> Metal galvanizado<\/li>\n<\/ul><\/div>\n<div style='flex: 1 1 300px; min-width: 280px;'>\n<h3 style='font-size: 22px; border-bottom: 2px solid currentColor; padding-bottom: 5px; margin-top: 0; color: inherit; opacity: 0.8;'>Aplicaciones<\/h3>\n<ul style='padding-left: 20px; font-size: 15px; color: inherit;'>\n<li style='margin-bottom: 5px;'>Protecci\u00f3n de redes de datos<\/li>\n<li style='margin-bottom: 5px;'>Sistemas VoIP<\/li>\n<li style='margin-bottom: 5px;'>V\u00eddeo por IP<\/li>\n<li style='margin-bottom: 5px;'>Compatibilidad con Gigabit Ethernet<\/li>\n<\/ul><\/div>\n<\/p><\/div>\n<hr style='border: 0; border-top: 1px solid rgba(150&comma; 150&comma; 150&comma; 0.3); margin: 30px 0;'>\n<div style='display: flex; flex-wrap: wrap; gap: 20px; margin-bottom: 30px;'>\n<div style='flex: 1 1 250px; border: 1px solid rgba(150&comma; 150&comma; 150&comma; 0.4); border-radius: 8px; overflow: hidden; display: flex; flex-direction: column;'>\n<div style='padding: 15px; border-bottom: 1px solid rgba(150&comma; 150&comma; 150&comma; 0.2); font-weight: bold; font-size: 18px; color: inherit;'>Garant\u00eda<\/div>\n<div style='padding: 15px; color: inherit;'>\n<ul style='padding-left: 20px; margin: 0; font-size: 14px; list-style-type: disc;'>\n<li style='margin-bottom: 5px;'>10 a\u00f1os de garant\u00eda limitada<\/li>\n<\/ul><\/div>\n<\/p><\/div>\n<\/p><\/div>\n<\/p><\/div>\n","protected":false},"excerpt":{"rendered":"<p>Protector de 1U para bastidor de 12 puertos, transmisi\u00f3n Gigabit Ethernet, RJ45 entrada \/ salida<\/p>\n","protected":false},"featured_media":117142,"comment_status":"open","ping_status":"closed","template":"","meta":[],"product_brand":[],"product_cat":[1320],"product_tag":[968,534,898],"class_list":{"0":"post-117143","1":"product","2":"type-product","3":"status-publish","4":"has-post-thumbnail","6":"product_cat-corriente-alterna-proteccion-contra-descargas-videovigilancia","7":"product_tag-corriente-alterna","8":"product_tag-ditek","9":"product_tag-proteccion-contra-descargas","11":"first","12":"outofstock","13":"sale","14":"shipping-taxable","15":"purchasable","16":"product-type-simple"},"_links":{"self":[{"href":"https:\/\/soydeaqui.ddns.net\/pachuca\/index.php\/wp-json\/wp\/v2\/product\/117143","targetHints":{"allow":["GET"]}}],"collection":[{"href":"https:\/\/soydeaqui.ddns.net\/pachuca\/index.php\/wp-json\/wp\/v2\/product"}],"about":[{"href":"https:\/\/soydeaqui.ddns.net\/pachuca\/index.php\/wp-json\/wp\/v2\/types\/product"}],"replies":[{"embeddable":true,"href":"https:\/\/soydeaqui.ddns.net\/pachuca\/index.php\/wp-json\/wp\/v2\/comments?post=117143"}],"wp:featuredmedia":[{"embeddable":true,"href":"https:\/\/soydeaqui.ddns.net\/pachuca\/index.php\/wp-json\/wp\/v2\/media\/117142"}],"wp:attachment":[{"href":"https:\/\/soydeaqui.ddns.net\/pachuca\/index.php\/wp-json\/wp\/v2\/media?parent=117143"}],"wp:term":[{"taxonomy":"product_brand","embeddable":true,"href":"https:\/\/soydeaqui.ddns.net\/pachuca\/index.php\/wp-json\/wp\/v2\/product_brand?post=117143"},{"taxonomy":"product_cat","embeddable":true,"href":"https:\/\/soydeaqui.ddns.net\/pachuca\/index.php\/wp-json\/wp\/v2\/product_cat?post=117143"},{"taxonomy":"product_tag","embeddable":true,"href":"https:\/\/soydeaqui.ddns.net\/pachuca\/index.php\/wp-json\/wp\/v2\/product_tag?post=117143"}],"curies":[{"name":"wp","href":"https:\/\/api.w.org\/{rel}","templated":true}]}}