{"id":117139,"date":"2026-03-24T02:59:24","date_gmt":"2026-03-24T02:59:24","guid":{"rendered":"https:\/\/soydeaqui.ddns.net\/pachuca\/index.php\/producto\/aislante-de-lazo-de-tierra-previene-distorsion-de-la-senal-de-video-causado-por-lazos-de-tierra\/"},"modified":"2026-03-24T02:59:26","modified_gmt":"2026-03-24T02:59:26","slug":"aislante-de-lazo-de-tierra-previene-distorsion-de-la-senal-de-video-causado-por-lazos-de-tierra","status":"publish","type":"product","link":"https:\/\/soydeaqui.ddns.net\/pachuca\/index.php\/producto\/aislante-de-lazo-de-tierra-previene-distorsion-de-la-senal-de-video-causado-por-lazos-de-tierra\/","title":{"rendered":"Aislante de lazo de tierra , previene distorsi\u00f3n de la se\u00f1al de video causado por lazos de tierra"},"content":{"rendered":"<div style='width: 100%; max-width: 1200px; margin: 0 auto; font-family: sans-serif; line-height: 1.6; color: inherit; background-color: transparent;'> <!-- Secci\u00f3n de descripci\u00f3n principal --> <\/p>\n<div style='margin-bottom: 30px;'>\n<p style='font-size: 15px; color: inherit; margin-bottom: 15px;'> El protector DTK-GLI de DITEK (Aislador de lazo a tierra ) es un dispositivo pasivo que utiliza m\u00faltiples etapas&comma; la tecnolog\u00eda de circuitos h\u00edbridos para reducir la distorsi\u00f3n de v\u00eddeo causada por la interferencia de bucle de tierra. El DTK-GLI corrige problemas de bucle de tierra&comma; incluyendo la distorsi\u00f3n de v\u00eddeo; y elimina la distorsi\u00f3n de imagen&comma; diafon\u00eda y las ondulaciones. El DTK-GLI es ideal para su uso en el que se transmite una se\u00f1al de v\u00eddeo a trav\u00e9s del cable coaxial entre los puntos con diferentes potenciales de tierra&comma; por lo general causada por las cargas el\u00e9ctricas desequilibradas. <\/p>\n<\/p><\/div>\n<p> <!-- Secci\u00f3n de caracter\u00edsticas --> <\/p>\n<div style='display: flex; flex-wrap: wrap; gap: 30px; margin-bottom: 30px;'>\n<div style='flex: 1 1 300px; min-width: 280px;'>\n<h3 style='font-size: 22px; border-bottom: 2px solid currentColor; padding-bottom: 5px; margin-top: 0; color: inherit; opacity: 0.8;'>Caracter\u00edsticas<\/h3>\n<ul style='padding-left: 20px; font-size: 15px; color: inherit;'>\n<li style='margin-bottom: 5px;'>Previene la distorsi\u00f3n de la se\u00f1al de video causada por conflictos en cargas de alimentaci\u00f3n.<\/li>\n<li style='margin-bottom: 5px;'>Dispositivo pasivo que de comunicaci\u00f3n de video.<\/li>\n<li style='margin-bottom: 5px;'>Conexi\u00f3n en serie.<\/li>\n<li style='margin-bottom: 5px;'>Conectores : BNC de entrada y salida.<\/li>\n<li style='margin-bottom: 5px;'>Impedancia :75 ohms.<\/li>\n<li style='margin-bottom: 5px;'>P\u00e9rdida por inserci\u00f3n : 1.1 dB ( 5 Mhz ).<\/li>\n<li style='margin-bottom: 5px;'>Rechazo de bucle a tierra : 90 dB a 50\/60 Hz.<\/li>\n<li style='margin-bottom: 5px;'>Soporte de voltaje en el diel\u00e9ctrico : 1000 Vca @ 60 Hz por 2 segundos.<\/li>\n<li style='margin-bottom: 5px;'>Dimensiones : 33.02 x 76.20 x 60.96 mm<\/li>\n<li style='margin-bottom: 5px;'>Peso : 113 grs.<\/li>\n<\/ul><\/div>\n<\/p><\/div>\n<p> <!-- Separador --> <\/p>\n<hr style='border: 0; border-top: 1px solid rgba(150&comma; 150&comma; 150&comma; 0.3); margin: 30px 0;'> <\/div>\n","protected":false},"excerpt":{"rendered":"<p>Aislante de lazo de tierra , previene distorsi\u00f3n de la se\u00f1al de video causado por lazos de tierra<\/p>\n","protected":false},"featured_media":117138,"comment_status":"open","ping_status":"closed","template":"","meta":[],"product_brand":[],"product_cat":[2369],"product_tag":[545,534,898],"class_list":{"0":"post-117139","1":"product","2":"type-product","3":"status-publish","4":"has-post-thumbnail","6":"product_cat-coaxial-proteccion-contra-descargas-videovigilancia","7":"product_tag-coaxial","8":"product_tag-ditek","9":"product_tag-proteccion-contra-descargas","11":"first","12":"outofstock","13":"sale","14":"shipping-taxable","15":"purchasable","16":"product-type-simple"},"_links":{"self":[{"href":"https:\/\/soydeaqui.ddns.net\/pachuca\/index.php\/wp-json\/wp\/v2\/product\/117139","targetHints":{"allow":["GET"]}}],"collection":[{"href":"https:\/\/soydeaqui.ddns.net\/pachuca\/index.php\/wp-json\/wp\/v2\/product"}],"about":[{"href":"https:\/\/soydeaqui.ddns.net\/pachuca\/index.php\/wp-json\/wp\/v2\/types\/product"}],"replies":[{"embeddable":true,"href":"https:\/\/soydeaqui.ddns.net\/pachuca\/index.php\/wp-json\/wp\/v2\/comments?post=117139"}],"wp:featuredmedia":[{"embeddable":true,"href":"https:\/\/soydeaqui.ddns.net\/pachuca\/index.php\/wp-json\/wp\/v2\/media\/117138"}],"wp:attachment":[{"href":"https:\/\/soydeaqui.ddns.net\/pachuca\/index.php\/wp-json\/wp\/v2\/media?parent=117139"}],"wp:term":[{"taxonomy":"product_brand","embeddable":true,"href":"https:\/\/soydeaqui.ddns.net\/pachuca\/index.php\/wp-json\/wp\/v2\/product_brand?post=117139"},{"taxonomy":"product_cat","embeddable":true,"href":"https:\/\/soydeaqui.ddns.net\/pachuca\/index.php\/wp-json\/wp\/v2\/product_cat?post=117139"},{"taxonomy":"product_tag","embeddable":true,"href":"https:\/\/soydeaqui.ddns.net\/pachuca\/index.php\/wp-json\/wp\/v2\/product_tag?post=117139"}],"curies":[{"name":"wp","href":"https:\/\/api.w.org\/{rel}","templated":true}]}}