{"id":117075,"date":"2026-03-24T02:55:59","date_gmt":"2026-03-24T02:55:59","guid":{"rendered":"https:\/\/soydeaqui.ddns.net\/pachuca\/index.php\/producto\/panel-de-parcheo-de-impacto-110-utp-de-24-puertos-cat6a-19-pulgadas-48-26-cm-con-barra-para-organizar-cables-y-espacio-para-etiqueta\/"},"modified":"2026-03-24T02:56:10","modified_gmt":"2026-03-24T02:56:10","slug":"panel-de-parcheo-de-impacto-110-utp-de-24-puertos-cat6a-19-pulgadas-48-26-cm-con-barra-para-organizar-cables-y-espacio-para-etiqueta","status":"publish","type":"product","link":"https:\/\/soydeaqui.ddns.net\/pachuca\/index.php\/producto\/panel-de-parcheo-de-impacto-110-utp-de-24-puertos-cat6a-19-pulgadas-48-26-cm-con-barra-para-organizar-cables-y-espacio-para-etiqueta\/","title":{"rendered":"Panel de Parcheo de Impacto (110) UTP de 24 Puertos Cat6A, 19 Pulgadas (48.26 cm), con Barra para Organizar Cables y Espacio para Etiqueta"},"content":{"rendered":"<div style='width: 100%; max-width: 1200px; margin: 0 auto; font-family: sans-serif; line-height: 1.6; color: inherit; background-color: transparent;'> <!-- Secci\u00f3n de descripci\u00f3n principal --> <\/p>\n<div style='margin-bottom: 30px;'>\n<h2 style='font-size: 24px; border-bottom: 2px solid currentColor; padding-bottom: 5px; margin-top: 0; color: inherit; opacity: 0.9;'>Panel de Parcheo UTP Cat6A<\/h2>\n<p style='font-size: 15px; color: inherit; margin-bottom: 15px;'>Dise\u00f1ado para conexiones de red de alto rendimiento&comma; este panel de parcheo ofrece una soluci\u00f3n confiable y organizada para instalaciones de cableado estructurado.<\/p>\n<ul style='padding-left: 20px; font-size: 15px; color: inherit; list-style-type: disc;'>\n<li style='margin-bottom: 5px;'>F\u00e1cil identificaci\u00f3n con \u00e1reas para etiquetas de puertos<\/li>\n<li style='margin-bottom: 5px;'>Barra integrada para organizaci\u00f3n de cables<\/li>\n<li style='margin-bottom: 5px;'>Dise\u00f1o compacto para montaje en rack de 19 pulgadas<\/li>\n<\/ul><\/div>\n<p> <!-- Secci\u00f3n de caracter\u00edsticas t\u00e9cnicas --> <\/p>\n<div style='display: flex; flex-wrap: wrap; gap: 30px; margin-bottom: 30px;'>\n<div style='flex: 1 1 300px; min-width: 280px;'>\n<h3 style='font-size: 20px; border-bottom: 2px solid currentColor; padding-bottom: 5px; margin-top: 0; color: inherit; opacity: 0.8;'>Caracter\u00edsticas T\u00e9cnicas<\/h3>\n<ul style='padding-left: 20px; font-size: 15px; color: inherit; list-style-type: disc;'>\n<li style='margin-bottom: 5px;'><strong>Tipo:<\/strong> Panel de parcheo punchdown<\/li>\n<li style='margin-bottom: 5px;'><strong>Cantidad de puertos:<\/strong> 24 puertos<\/li>\n<li style='margin-bottom: 5px;'><strong>Categor\u00eda:<\/strong> Cat6A<\/li>\n<li style='margin-bottom: 5px;'><strong>Est\u00e1ndares de cableado:<\/strong> T568A\/T568B<\/li>\n<li style='margin-bottom: 5px;'><strong>Formato:<\/strong> 19 pulgadas&comma; 1U<\/li>\n<li style='margin-bottom: 5px;'><strong>Color:<\/strong> Negro<\/li>\n<li style='margin-bottom: 5px;'><strong>Estilo:<\/strong> Liso<\/li>\n<li style='margin-bottom: 5px;'><strong>Identificaci\u00f3n:<\/strong> Espacio para etiqueta<\/li>\n<\/ul><\/div>\n<div style='flex: 1 1 300px; min-width: 280px;'>\n<h3 style='font-size: 20px; border-bottom: 2px solid currentColor; padding-bottom: 5px; margin-top: 0; color: inherit; opacity: 0.8;'>Especificaciones Adicionales<\/h3>\n<ul style='padding-left: 20px; font-size: 15px; color: inherit; list-style-type: disc;'>\n<li style='margin-bottom: 5px;'><strong>Garant\u00eda:<\/strong> 1 a\u00f1o<\/li>\n<li style='margin-bottom: 5px;'><strong>Origen:<\/strong> Hecho en China<\/li>\n<li style='margin-bottom: 5px;'><strong>Contenido del paquete:<\/strong> 1 pieza<\/li>\n<li style='margin-bottom: 5px;'><strong>Aplicaci\u00f3n:<\/strong> Instalaciones de red estructurada<\/li>\n<li style='margin-bottom: 5px;'><strong>Requerimientos:<\/strong> Instalaci\u00f3n profesional requerida<\/li>\n<\/ul><\/div>\n<\/p><\/div>\n<p> <!-- Secci\u00f3n de informaci\u00f3n de importaci\u00f3n --> <\/p>\n<div style='margin-bottom: 30px;'>\n<h3 style='font-size: 20px; border-bottom: 2px solid currentColor; padding-bottom: 5px; margin-top: 0; color: inherit; opacity: 0.8;'>Informaci\u00f3n del Fabricante<\/h3>\n<p style='font-size: 15px; color: inherit; margin-bottom: 10px;'><strong>Importador:<\/strong> Sistemas y Servicios de Comunicaci\u00f3n&comma; S.A. de C.V.<\/p>\n<p style='font-size: 15px; color: inherit; margin-bottom: 10px;'><strong>Direcci\u00f3n:<\/strong> Av. 20 de Noviembre No. 805&comma; Col. Centro&comma; Chihuahua&comma; Chih. M\u00e9xico&comma; C.P. 31000<\/p>\n<p style='font-size: 15px; color: inherit; margin-bottom: 10px;'><strong>RFC:<\/strong> SSC-840823-JT3<\/p>\n<p style='font-size: 15px; color: inherit; margin-bottom: 10px;'><strong>Tel\u00e9fono:<\/strong> 6144152525<\/p>\n<p style='font-size: 15px; color: inherit; margin-bottom: 10px;'><strong>Sitio web:<\/strong> <a href='http:\/\/www.syscom.mx' style='color: inherit; text-decoration: underline;' target='_blank'>www.syscom.mx<\/a><\/p>\n<\/p><\/div>\n<p> <!-- Separador --> <\/p>\n<hr style='border: 0; border-top: 1px solid rgba(150&comma; 150&comma; 150&comma; 0.3); margin: 30px 0;'> <\/div>\n","protected":false},"excerpt":{"rendered":"<p>Panel de Parcheo de Impacto (110) UTP de 24 Puertos Cat6A, 19 Pulgadas (48.26 cm), con Barra para Organizar Cables y Espacio para Etiqueta<\/p>\n","protected":false},"featured_media":117074,"comment_status":"open","ping_status":"closed","template":"","meta":[],"product_brand":[],"product_cat":[613],"product_tag":[586,435,614],"class_list":{"0":"post-117075","1":"product","2":"type-product","3":"status-publish","4":"has-post-thumbnail","6":"product_cat-patch-panels","7":"product_tag-cableado-de-cobre","8":"product_tag-linkedpro-by-epcom","9":"product_tag-patch-panels","11":"first","12":"instock","13":"sale","14":"shipping-taxable","15":"purchasable","16":"product-type-simple"},"_links":{"self":[{"href":"https:\/\/soydeaqui.ddns.net\/pachuca\/index.php\/wp-json\/wp\/v2\/product\/117075","targetHints":{"allow":["GET"]}}],"collection":[{"href":"https:\/\/soydeaqui.ddns.net\/pachuca\/index.php\/wp-json\/wp\/v2\/product"}],"about":[{"href":"https:\/\/soydeaqui.ddns.net\/pachuca\/index.php\/wp-json\/wp\/v2\/types\/product"}],"replies":[{"embeddable":true,"href":"https:\/\/soydeaqui.ddns.net\/pachuca\/index.php\/wp-json\/wp\/v2\/comments?post=117075"}],"wp:featuredmedia":[{"embeddable":true,"href":"https:\/\/soydeaqui.ddns.net\/pachuca\/index.php\/wp-json\/wp\/v2\/media\/117074"}],"wp:attachment":[{"href":"https:\/\/soydeaqui.ddns.net\/pachuca\/index.php\/wp-json\/wp\/v2\/media?parent=117075"}],"wp:term":[{"taxonomy":"product_brand","embeddable":true,"href":"https:\/\/soydeaqui.ddns.net\/pachuca\/index.php\/wp-json\/wp\/v2\/product_brand?post=117075"},{"taxonomy":"product_cat","embeddable":true,"href":"https:\/\/soydeaqui.ddns.net\/pachuca\/index.php\/wp-json\/wp\/v2\/product_cat?post=117075"},{"taxonomy":"product_tag","embeddable":true,"href":"https:\/\/soydeaqui.ddns.net\/pachuca\/index.php\/wp-json\/wp\/v2\/product_tag?post=117075"}],"curies":[{"name":"wp","href":"https:\/\/api.w.org\/{rel}","templated":true}]}}