{"id":117057,"date":"2026-03-24T02:54:58","date_gmt":"2026-03-24T02:54:58","guid":{"rendered":"https:\/\/soydeaqui.ddns.net\/pachuca\/index.php\/producto\/fuente-de-poder-profesional-cctv-de-12-13-2vdc-5a-8-camaras-volt-de-entrada-100-240-vca-fusibles-administrables\/"},"modified":"2026-03-24T02:55:10","modified_gmt":"2026-03-24T02:55:10","slug":"fuente-de-poder-profesional-cctv-de-12-13-2vdc-5a-8-camaras-volt-de-entrada-100-240-vca-fusibles-administrables","status":"publish","type":"product","link":"https:\/\/soydeaqui.ddns.net\/pachuca\/index.php\/producto\/fuente-de-poder-profesional-cctv-de-12-13-2vdc-5a-8-camaras-volt-de-entrada-100-240-vca-fusibles-administrables\/","title":{"rendered":"Fuente de poder profesional CCTV de 12-13.2Vdc @5A, 8 c\u00e1maras, Volt. de entrada: 100-240 Vca (Fusibles Administrables)"},"content":{"rendered":"<div style='width: 100%; max-width: 1200px; margin: 0 auto; font-family: sans-serif; line-height: 1.6; color: inherit; background-color: transparent;'>\n<div style='display: flex; flex-wrap: wrap; gap: 30px; margin-bottom: 30px;'>\n<div style='flex: 1 1 300px; min-width: 280px;'> <a href='http:\/\/ftp3.syscom.mx\/usuarios\/dcarreon\/IMPRESOS\/EPCOMindustrialFAMILIA.pdf' target='_new'> <img style='width: 100%; height: auto; border: 1px solid rgba(150&comma;150&comma;150&comma;0.3); border-radius: 8px;' src='http:\/\/ftp3.syscom.mx\/usuarios\/dcarreon\/IMPRESOS\/LOGO_epcom%20industrial.jpg' alt='Pasteles'> <\/a> <\/div>\n<div style='flex: 1 1 300px; min-width: 280px;'>\n<p style='color: inherit; font-size: 14px; margin-top: 0;'> La l\u00ednea de fuentes de poder optimizadas para videovigilancia&comma; est\u00e1n elaboradas bajo los m\u00e1s altos est\u00e1ndares de calidad para resistir entornos demandantes dentro de la industria y uso dom\u00e9stico. <\/p>\n<p> <img style='width: 100%; height: auto; border: 1px solid rgba(150&comma;150&comma;150&comma;0.3); border-radius: 8px; margin: 20px 0;' src='https:\/\/ftp3.syscom.mx\/usuarios\/fotos\/GRT1204VDCV3\/75339-fusibles_banner.jpg' alt=''> <\/div>\n<\/p><\/div>\n<div style='display: flex; flex-wrap: wrap; gap: 30px; margin-bottom: 30px;'>\n<div style='flex: 1 1 300px; min-width: 280px;'>\n<h3 style='font-size: 22px; border-bottom: 2px solid currentColor; padding-bottom: 5px; margin-top: 0; color: inherit; opacity: 0.8;'>Caracter\u00edsticas Funcionales<\/h3>\n<ul style='padding-left: 20px; font-size: 15px; color: inherit;'>\n<li style='margin-bottom: 5px;'>Distribuci\u00f3n de corriente por salida configurable (ver manual de usuario)<\/li>\n<li style='margin-bottom: 5px;'>Cuenta con fusibles de fusi\u00f3n r\u00e1pida (fusible de burbuja)<\/li>\n<li style='margin-bottom: 5px;'>Sistema de enfriamiento por convecci\u00f3n del aire<\/li>\n<li style='margin-bottom: 5px;'>Tiene una tablilla de distribuci\u00f3n para conexi\u00f3n de 8 c\u00e1maras<\/li>\n<li style='margin-bottom: 5px;'>Protecci\u00f3n electr\u00f3nica contra sobrecarga y sobrevoltaje<\/li>\n<li style='margin-bottom: 5px;'>Ideal para alimentar videoc\u00e1maras u otro equipo el\u00e9ctrico a 12 Vcc<\/li>\n<li style='margin-bottom: 5px;'>Compatible con toda la l\u00ednea de c\u00e1maras anal\u00f3gicas y TURBO HD SYSCOM<\/li>\n<\/ul><\/div>\n<div style='flex: 1 1 300px; min-width: 280px;'>\n<h3 style='font-size: 22px; border-bottom: 2px solid currentColor; padding-bottom: 5px; margin-top: 0; color: inherit; opacity: 0.8;'>Caracter\u00edsticas El\u00e9ctricas<\/h3>\n<ul style='padding-left: 20px; font-size: 15px; color: inherit;'>\n<li style='margin-bottom: 5px;'><strong>N\u00famero de Salidas:<\/strong> 8<\/li>\n<li style='margin-bottom: 5px;'><strong>Voltaje de entrada:<\/strong> 100-240 Vca (Entrada de voltaje de l\u00ednea autoajustable)<\/li>\n<li style='margin-bottom: 5px;'><strong>Voltaje de salida:<\/strong> 12 Vcc Nominal (Ajustable de 11.4 a 13.2 Vdc)<\/li>\n<li style='margin-bottom: 5px;'><strong>Corriente de salida:<\/strong> 5 Amp<\/li>\n<li style='margin-bottom: 5px;'><strong>Fusible por salida:<\/strong> de fusi\u00f3n r\u00e1pida (tipo burbuja) 1.6 Amp<\/li>\n<\/ul>\n<h3 style='font-size: 22px; border-bottom: 2px solid currentColor; padding-bottom: 5px; margin-top: 25px; color: inherit; opacity: 0.8;'>Caracter\u00edsticas F\u00edsicas<\/h3>\n<ul style='padding-left: 20px; font-size: 15px; color: inherit;'>\n<li style='margin-bottom: 5px;'><strong>Pintura:<\/strong> Negra Electrost\u00e1tica<\/li>\n<li style='margin-bottom: 5px;'><strong>Aplicaci\u00f3n:<\/strong> Interior<\/li>\n<li style='margin-bottom: 5px;'><strong>Material:<\/strong> Gabinete de Acero de primera calidad<\/li>\n<li style='margin-bottom: 5px;'><strong>Peso:<\/strong> 1.28 Kg (sin embalaje)<\/li>\n<li style='margin-bottom: 5px;'><strong>Dimensiones exteriores:<\/strong> 176 X 203 X 69 mm (Ancho x Alto x Profundidad)<\/li>\n<\/ul><\/div>\n<div style='flex: 1 1 300px; min-width: 280px;'>\n<h3 style='font-size: 22px; border-bottom: 2px solid currentColor; padding-bottom: 5px; margin-top: 0; color: inherit; opacity: 0.8;'>Caracter\u00edsticas Extras<\/h3>\n<ul style='padding-left: 20px; font-size: 15px; color: inherit;'>\n<li style='margin-bottom: 5px;'>Puerta totalmente abatible<\/li>\n<li style='margin-bottom: 5px;'>Cierre por tornillos tipo Phillips (cruz)<\/li>\n<li style='margin-bottom: 5px;'>Instalaci\u00f3n en pared a trav\u00e9s de ojos de llave en gabinete<\/li>\n<\/ul>\n<h3 style='font-size: 22px; border-bottom: 2px solid currentColor; padding-bottom: 5px; margin-top: 25px; color: inherit; opacity: 0.8;'>Recomendaciones<\/h3>\n<ul style='padding-left: 20px; font-size: 15px; color: inherit;'>\n<li style='margin-bottom: 5px;'>La longitud m\u00e1xima de cableado permitida en las fuentes de corriente directa es de 60 m (con cable de cobre calibre 24 AWG)<\/li>\n<li style='margin-bottom: 5px;'>Aseg\u00farese de que la instalaci\u00f3n sea realizada por un profesional capacitado<\/li>\n<li style='margin-bottom: 5px;'>Aterrice su fuente de poder para maximizar la protecci\u00f3n (<10 ohms)<\/li>\n<li style='margin-bottom: 5px;'>Programe un plan de mantenimiento para eliminar exceso de polvo y suciedad en el equipo<\/li>\n<\/ul>\n<p> <img style='width: 100%; max-width: 155px; height: auto; border: 1px solid rgba(150&comma;150&comma;150&comma;0.3); border-radius: 8px; margin-top: 20px;' src='http:\/\/ftp3.syscom.mx\/usuarios\/dcarreon\/IMAGENES\/IMAGENES\/LOGOS\/LOGOS\/garantia2a_os.jpg' alt='Instalaci\u00f3n de Equipo en el Rack'> <\/div>\n<\/p><\/div>\n<div style='display: flex; flex-wrap: wrap; gap: 30px; margin-bottom: 30px;'>\n<div style='flex: 1 1 300px; min-width: 280px;'>\n<p style='color: inherit; font-size: 14px; margin-top: 0;'> <em>**Ver brochure para caracter\u00edsticas adicionales<\/em> <\/p>\n<\/p><\/div>\n<\/p><\/div>\n<hr style='border: 0; border-top: 1px solid rgba(150&comma; 150&comma; 150&comma; 0.3); margin: 30px 0;'> <\/div>\n","protected":false},"excerpt":{"rendered":"<p>Fuente de poder profesional CCTV de 12-13.2Vdc @5A, 8 c\u00e1maras, Volt. de entrada: 100-240 Vca (Fusibles Administrables)<\/p>\n","protected":false},"featured_media":117056,"comment_status":"open","ping_status":"closed","template":"","meta":[],"product_brand":[],"product_cat":[1103],"product_tag":[142,181,457],"class_list":{"0":"post-117057","1":"product","2":"type-product","3":"status-publish","4":"has-post-thumbnail","6":"product_cat-fuentes-de-alimentacion-energia-videovigilancia","7":"product_tag-energia","8":"product_tag-epcom-industrial","9":"product_tag-fuentes-de-alimentacion","11":"first","12":"outofstock","13":"sale","14":"shipping-taxable","15":"purchasable","16":"product-type-simple"},"_links":{"self":[{"href":"https:\/\/soydeaqui.ddns.net\/pachuca\/index.php\/wp-json\/wp\/v2\/product\/117057","targetHints":{"allow":["GET"]}}],"collection":[{"href":"https:\/\/soydeaqui.ddns.net\/pachuca\/index.php\/wp-json\/wp\/v2\/product"}],"about":[{"href":"https:\/\/soydeaqui.ddns.net\/pachuca\/index.php\/wp-json\/wp\/v2\/types\/product"}],"replies":[{"embeddable":true,"href":"https:\/\/soydeaqui.ddns.net\/pachuca\/index.php\/wp-json\/wp\/v2\/comments?post=117057"}],"wp:featuredmedia":[{"embeddable":true,"href":"https:\/\/soydeaqui.ddns.net\/pachuca\/index.php\/wp-json\/wp\/v2\/media\/117056"}],"wp:attachment":[{"href":"https:\/\/soydeaqui.ddns.net\/pachuca\/index.php\/wp-json\/wp\/v2\/media?parent=117057"}],"wp:term":[{"taxonomy":"product_brand","embeddable":true,"href":"https:\/\/soydeaqui.ddns.net\/pachuca\/index.php\/wp-json\/wp\/v2\/product_brand?post=117057"},{"taxonomy":"product_cat","embeddable":true,"href":"https:\/\/soydeaqui.ddns.net\/pachuca\/index.php\/wp-json\/wp\/v2\/product_cat?post=117057"},{"taxonomy":"product_tag","embeddable":true,"href":"https:\/\/soydeaqui.ddns.net\/pachuca\/index.php\/wp-json\/wp\/v2\/product_tag?post=117057"}],"curies":[{"name":"wp","href":"https:\/\/api.w.org\/{rel}","templated":true}]}}