{"id":117053,"date":"2026-03-24T02:54:41","date_gmt":"2026-03-24T02:54:41","guid":{"rendered":"https:\/\/soydeaqui.ddns.net\/pachuca\/index.php\/producto\/camara-bullet-turbohd-1080p-lente-fijo-3-6-mm-20m-ir-inteligente-ip66-exterior\/"},"modified":"2026-03-24T02:54:43","modified_gmt":"2026-03-24T02:54:43","slug":"camara-bullet-turbohd-1080p-lente-fijo-3-6-mm-20m-ir-inteligente-ip66-exterior","status":"publish","type":"product","link":"https:\/\/soydeaqui.ddns.net\/pachuca\/index.php\/producto\/camara-bullet-turbohd-1080p-lente-fijo-3-6-mm-20m-ir-inteligente-ip66-exterior\/","title":{"rendered":"C\u00e1mara Bullet TURBOHD 1080p \/ Lente fijo 3.6 mm \/ 20m IR inteligente \/ IP66 \/ Exterior"},"content":{"rendered":"<div style='width: 100%; max-width: 1200px; margin: 0 auto; font-family: sans-serif; line-height: 1.6; color: inherit; background-color: transparent;'>\n<div style='text-align: center; margin-bottom: 30px;'><img style='width: 100%; max-width: 300px; height: auto; border: 1px solid rgba(150&comma;150&comma;150&comma;0.3); border-radius: 8px;' src='https:\/\/ftp3.syscom.mx\/usuarios\/fotos\/logotipos\/hikvision.png' alt='Logo' \/><\/p>\n<h1 style='font-size: 2.5rem; margin: 20px 0; color: inherit;'>Controla y monitorea tus dispositivos de seguridad<\/h1>\n<p style='font-size: 1.2rem; color: inherit; opacity: 0.8; margin-bottom: 20px;'>Descarga la app oficial Hik-Connect y aprovecha al m\u00e1ximo tu producto inteligente<\/p>\n<div style='display: flex; justify-content: center; gap: 20px; margin-bottom: 30px;'><img style='height: 60px; width: auto; border: 1px solid rgba(150&comma;150&comma;150&comma;0.3); border-radius: 8px;' src='https:\/\/ftp3.syscom.mx\/usuarios\/ftp\/single_page\/hikvision\/hikconnectlogo.png' alt='Logo 1' \/><img style='height: 60px; width: auto; border: 1px solid rgba(150&comma;150&comma;150&comma;0.3); border-radius: 8px;' src='https:\/\/ftp3.syscom.mx\/usuarios\/ftp\/single_page\/hikvision\/appstoreygoogleplay.png' alt='Logo 2' \/><\/div>\n<\/div>\n<div style='margin-bottom: 40px;'>\n<h2 style='text-align: center; font-size: 24px; margin-bottom: 30px; color: inherit; opacity: 0.9;'>Beneficios principales<\/h2>\n<div style='display: flex; flex-wrap: wrap; gap: 20px; justify-content: center;'>\n<div style='flex: 1 1 220px; min-width: 200px; background: rgba(255&comma;0&comma;0&comma;0.05); border: 1px solid rgba(150&comma;150&comma;150&comma;0.2); border-radius: 8px; padding: 20px; text-align: center;'>\n<div style='width: 60px; height: 60px; margin: 0 auto 15px; background: #ff4b5c; border-radius: 50%; display: flex; align-items: center; justify-content: center;'>\n<div style='width: 30px; height: 30px; background: white; border-radius: 50%;'><\/div>\n<\/div>\n<h5 style='margin-bottom: 10px; font-size: 18px; color: inherit;'>Control remoto<\/h5>\n<p style='font-size: 14px; color: inherit; opacity: 0.8;'>Controla tus dispositivos desde cualquier lugar<\/p>\n<\/div>\n<div style='flex: 1 1 220px; min-width: 200px; background: rgba(220&comma;70&comma;151&comma;0.05); border: 1px solid rgba(150&comma;150&comma;150&comma;0.2); border-radius: 8px; padding: 20px; text-align: center;'>\n<div style='width: 60px; height: 60px; margin: 0 auto 15px; background: #dc4697; border-radius: 50%; display: flex; align-items: center; justify-content: center;'>\n<div style='width: 30px; height: 30px; background: white; border-radius: 50%;'><\/div>\n<\/div>\n<h5 style='margin-bottom: 10px; font-size: 18px; color: inherit;'>Monitoreo en tiempo real<\/h5>\n<p style='font-size: 14px; color: inherit; opacity: 0.8;'>Visualiza tus dispositivos al instante<\/p>\n<\/div>\n<div style='flex: 1 1 220px; min-width: 200px; background: rgba(161&comma;83&comma;205&comma;0.05); border: 1px solid rgba(150&comma;150&comma;150&comma;0.2); border-radius: 8px; padding: 20px; text-align: center;'>\n<div style='width: 60px; height: 60px; margin: 0 auto 15px; background: #a153cd; border-radius: 50%; display: flex; align-items: center; justify-content: center;'>\n<div style='width: 30px; height: 30px; background: white; border-radius: 50%;'><\/div>\n<\/div>\n<h5 style='margin-bottom: 10px; font-size: 18px; color: inherit;'>Notificaciones<\/h5>\n<p style='font-size: 14px; color: inherit; opacity: 0.8;'>Recibe notificaciones y alertas de los eventos que registra tu dispositivo.<\/p>\n<\/div>\n<div style='flex: 1 1 220px; min-width: 200px; background: rgba(100&comma;104&comma;242&comma;0.05); border: 1px solid rgba(150&comma;150&comma;150&comma;0.2); border-radius: 8px; padding: 20px; text-align: center;'>\n<div style='width: 60px; height: 60px; margin: 0 auto 15px; background: #6468f2; border-radius: 50%; display: flex; align-items: center; justify-content: center;'>\n<div style='width: 30px; height: 30px; background: white; border-radius: 50%;'><\/div>\n<\/div>\n<h5 style='margin-bottom: 10px; font-size: 18px; color: inherit;'>Interfaz de usuario sencilla<\/h5>\n<p style='font-size: 14px; color: inherit; opacity: 0.8;'>Amigable para usuarios finales<\/p>\n<\/div>\n<\/div>\n<\/div>\n<div style='margin-bottom: 40px;'>\n<div style='display: grid; grid-template-columns: repeat(auto-fill&comma; minmax(280px&comma; 1fr)); gap: 24px; margin-bottom: 30px;'>\n<div style='background: #ffffff; border: 1px solid rgba(150&comma;150&comma;150&comma;0.3); border-radius: 10px; padding: 20px; text-align: center;'>\n<div style='width: 56px; height: 56px; margin: 0 auto 16px; background: #f2f6ff; border-radius: 50%; display: flex; align-items: center; justify-content: center;'><img style='width: 60px; height: 60px; border: none;' src='https:\/\/cdn-icons-gif.flaticon.com\/19036\/19036565.gif' alt='' \/><\/div>\n<div style='font-size: 16px; font-weight: 600; color: inherit; margin-bottom: 8px;'>Resoluci\u00f3n 3K<\/div>\n<div style='font-size: 14px; line-height: 1.6; color: inherit; opacity: 0.8;'>Imagen ultra n\u00edtida con mayor nivel de detalle para una identificaci\u00f3n m\u00e1s precisa.<\/div>\n<\/div>\n<div style='background: #ffffff; border: 1px solid rgba(150&comma;150&comma;150&comma;0.3); border-radius: 10px; padding: 20px; text-align: center;'>\n<div style='width: 56px; height: 56px; margin: 0 auto 16px; background: #f2f6ff; border-radius: 50%; display: flex; align-items: center; justify-content: center;'><img style='width: 60px; height: 60px; border: none;' src='https:\/\/cdn-icons-gif.flaticon.com\/19034\/19034320.gif' alt='' \/><\/div>\n<div style='font-size: 16px; font-weight: 600; color: inherit; margin-bottom: 8px;'>Inteligencia Artificial<\/div>\n<div style='font-size: 14px; line-height: 1.6; color: inherit; opacity: 0.8;'>Distingue personas y veh\u00edculos&comma; reduciendo falsas alarmas y mejorando la eficiencia.<\/div>\n<\/div>\n<div style='background: #ffffff; border: 1px solid rgba(150&comma;150&comma;150&comma;0.3); border-radius: 10px; padding: 20px; text-align: center;'>\n<div style='width: 56px; height: 56px; margin: 0 auto 16px; background: #f2f6ff; border-radius: 50%; display: flex; align-items: center; justify-content: center;'><img style='width: 60px; height: 60px; border: none;' src='https:\/\/cdn-icons-gif.flaticon.com\/13896\/13896687.gif' alt='' \/><\/div>\n<div style='font-size: 16px; font-weight: 600; color: inherit; margin-bottom: 8px;'>Visualizaci\u00f3n Remota<\/div>\n<div style='font-size: 14px; line-height: 1.6; color: inherit; opacity: 0.8;'>Accede a tus c\u00e1maras en tiempo real desde cualquier lugar.<\/div>\n<\/div>\n<div style='background: #ffffff; border: 1px solid rgba(150&comma;150&comma;150&comma;0.3); border-radius: 10px; padding: 20px; text-align: center;'>\n<div style='width: 56px; height: 56px; margin: 0 auto 16px; background: #f2f6ff; border-radius: 50%; display: flex; align-items: center; justify-content: center;'><img style='width: 60px; height: 60px; border: none;' src='https:\/\/cdn-icons-gif.flaticon.com\/8121\/8121329.gif' alt='' \/><\/div>\n<div style='font-size: 16px; font-weight: 600; color: inherit; margin-bottom: 8px;'>Audio Bidireccional<\/div>\n<div style='font-size: 14px; line-height: 1.6; color: inherit; opacity: 0.8;'>Escucha y habla a trav\u00e9s de la c\u00e1mara para una comunicaci\u00f3n inmediata.<\/div>\n<\/div>\n<div style='background: #ffffff; border: 1px solid rgba(150&comma;150&comma;150&comma;0.3); border-radius: 10px; padding: 20px; text-align: center;'>\n<div style='width: 56px; height: 56px; margin: 0 auto 16px; background: #f2f6ff; border-radius: 50%; display: flex; align-items: center; justify-content: center;'><img style='width: 60px; height: 60px; border: none;' src='https:\/\/cdn-icons-gif.flaticon.com\/19009\/19009399.gif' alt='' \/><\/div>\n<div style='font-size: 16px; font-weight: 600; color: inherit; margin-bottom: 8px;'>Almacenamiento<\/div>\n<div style='font-size: 14px; line-height: 1.6; color: inherit; opacity: 0.8;'>Soporta disco duro de 10 TB (no incluido)<\/div>\n<\/div>\n<div style='background: #ffffff; border: 1px solid rgba(150&comma;150&comma;150&comma;0.3); border-radius: 10px; padding: 20px; text-align: center;'>\n<div style='width: 56px; height: 56px; margin: 0 auto 16px; background: #f2f6ff; border-radius: 50%; display: flex; align-items: center; justify-content: center;'><img style='width: 60px; height: 60px; border: none;' src='https:\/\/cdn-icons-gif.flaticon.com\/19028\/19028330.gif' alt='' \/><\/div>\n<div style='font-size: 16px; font-weight: 600; color: inherit; margin-bottom: 8px;'>Compatibilidad avanzada<\/div>\n<div style='font-size: 14px; line-height: 1.6; color: inherit; opacity: 0.8;'>Soporta tecnologias AHD\/CVI\/TVI\/CVBS e IP<\/div>\n<\/div>\n<\/div>\n<\/div>\n<div style='margin-bottom: 40px;'>\n<div style='display: grid; grid-template-columns: repeat(auto-fill&comma; minmax(280px&comma; 1fr)); gap: 20px;'>\n<div style='background: #ffffff; border: 1px solid rgba(150&comma;150&comma;150&comma;0.3); border-radius: 10px; padding: 20px;'>\n<div style='font-size: 18px; font-weight: bold; color: inherit; margin-bottom: 15px; border-bottom: 2px solid currentColor; padding-bottom: 8px; color: #df001e; opacity: 0.9;'>Caracter\u00edsticas Principales:<\/div>\n<ul style='padding-left: 20px; margin: 0; font-size: 14px; color: inherit;'>\n<li style='margin-bottom: 8px;'><strong>Cantidad de canales:<\/strong> 4 Canales TurboHD + 2 Canales IP<\/li>\n<li style='margin-bottom: 8px;'><strong>Resoluci\u00f3n m\u00e1xima soportada en TurboHD:<\/strong> 3K lite \/ 5MP<\/li>\n<li style='margin-bottom: 8px;'><strong>Compresi\u00f3n de video:<\/strong> H.265+ \/ H.265 \/ H.264<\/li>\n<li style='margin-bottom: 8px;'><strong>Capacidad de almacenamiento:<\/strong> 1 HDD de hasta 10 TB (no incluido)<\/li>\n<li style='margin-bottom: 8px;'><strong>Entradas y salidas de video:<\/strong> Simultaneas HDMI\/VGA 1920 X 1080\/60Hz<\/li>\n<li style='margin-bottom: 8px;'><strong>Acceso remoto P2P:<\/strong> HikConnect \/ HikConnect Teams.<\/li>\n<li style='margin-bottom: 8px;'><strong>Entradas y salidas de audio y de alarmas:<\/strong>\n<ul style='padding-left: 20px; margin: 8px 0;'>\n<li style='margin-bottom: 5px;'><strong>Alarmas:<\/strong> No soportado<\/li>\n<li style='margin-bottom: 5px;'><strong>Audio:<\/strong> Audio por Coaxitron y Audio Bidireccional en todos los canales \/ 1 Canal fisico<\/li>\n<\/ul>\n<\/li>\n<li style='margin-bottom: 8px;'><strong>Inteligencia Artificial AcuSense:<\/strong> Cruce de linea \/ entrada de area \/ movimiento con filtro de humanos y vehiculos.<\/li>\n<\/ul>\n<\/div>\n<div style='background: #ffffff; border: 1px solid rgba(150&comma;150&comma;150&comma;0.3); border-radius: 10px; padding: 20px;'>\n<div style='font-size: 18px; font-weight: bold; color: inherit; margin-bottom: 15px; border-bottom: 2px solid currentColor; padding-bottom: 8px; color: #df001e; opacity: 0.9;'>Resolucion:<\/div>\n<ul style='padding-left: 20px; margin: 0; font-size: 14px; color: inherit;'>\n<li style='margin-bottom: 8px;'><strong>TVI (TURBOHD):<\/strong> 3K \/ 5 MP \/ 4 MP \/ 2 MP.<\/li>\n<li style='margin-bottom: 8px;'><strong>CVI:<\/strong> 5 MP \/ 4 MP \/ 2 MP.<\/li>\n<li style='margin-bottom: 8px;'><strong>AHD:<\/strong> 5 MP \/ 4 MP \/ 2 MP.<\/li>\n<li style='margin-bottom: 8px;'><strong>CVBS (anal\u00f3gico):<\/strong> 1200 TVL.<\/li>\n<li style='margin-bottom: 8px;'><strong>IP:<\/strong> 6 MP \/ 5 MP\/ 4 MP \/ 2 MP<\/li>\n<\/ul>\n<div style='font-size: 18px; font-weight: bold; color: inherit; margin: 25px 0 15px; border-bottom: 2px solid currentColor; padding-bottom: 8px; color: #df001e; opacity: 0.9;'>Caracter\u00edsticas F\u00edsicas y El\u00e9ctricas:<\/div>\n<ul style='padding-left: 20px; margin: 0; font-size: 14px; color: inherit;'>\n<li style='margin-bottom: 8px;'><strong>Alimentaci\u00f3n:<\/strong> 12 Vcc (fuente incluida).<\/li>\n<li style='margin-bottom: 8px;'><strong>Consumo sin HDD:<\/strong> 18 watts.<\/li>\n<li style='margin-bottom: 8px;'><strong>Temperatura de operaci\u00f3n:<\/strong> -10 \u00baC hasta 55 \u00baC.<\/li>\n<li style='margin-bottom: 8px;'><strong>Dimensiones:<\/strong> 315 x 242 x 45 mm (W \u00d7 D \u00d7 H)<\/li>\n<li style='margin-bottom: 8px;'><strong>Peso:<\/strong> 1.78 Kg sin HDD.<\/li>\n<\/ul>\n<\/div>\n<\/div>\n<div style='margin-bottom: 40px;'>\n<div style='background: #ffffff; border: 1px solid rgba(150&comma;150&comma;150&comma;0.3); border-radius: 10px; padding: 20px;'>\n<div style='font-size: 18px; font-weight: bold; color: inherit; margin-bottom: 15px; border-bottom: 2px solid currentColor; padding-bottom: 8px; color: #df001e; opacity: 0.9;'>Caracter\u00edsticas Destacadas:<\/div>\n<ul style='padding-left: 20px; margin: 0; font-size: 14px; color: inherit;'>\n<li style='margin-bottom: 12px;'>Soporta audio de dos vias por coaxitron (UTP o coaxial). Compatible con modelo de c\u00e1maras TURBOHD que soporten audio de dos v\u00edas. Podemos tener una comunicaci\u00f3n desde la App Hik-Connect bidireccional hacia la c\u00e1mara.<\/li>\n<li style='margin-bottom: 12px;'>Soporta 2 canales con tecnologia ACUSENSE&comma; permite filtrar por analitica de cruce de linea o intrusion de area humanos o vehiculos para activar un evento o grabaci\u00f3n&comma; esto nos permite descartar falsas alarmas (grabaciones) cuando exista un movimiento de hojas o movimiento de algun animal&comma; vuelve mas eficiente la grabaci\u00f3n cuando realmente si sea necesario.<\/li>\n<li style='margin-bottom: 12px;'>Soporta en todos los canales con tecnolog\u00eda ACUSENSE Lite&comma; permite filtrar por detecci\u00f3n de movimiento humanos o vehiculos para activar un evento o grabaci\u00f3n&comma; esto nos permite descartar falsas alarmas (grabaciones) cuando exista un movimiento de hojas o movimiento de algun animal&comma; vuelve mas eficiente la grabaci\u00f3n cuando realmente si sea necesario.<\/li>\n<li style='margin-bottom: 8px;'>Soporta apagar canales TURBOHD y poder conventir el DVR en un equipo NVR completo&comma; por cada canal TURBOHD que se apague se puede generar un canal IP adicional. Podemos tener hasta 6 canales IP en total.<\/li>\n<\/ul>\n<\/div>\n<\/div>\n<\/div>\n<div style='margin-bottom: 40px;'>\n<div style='text-align: center; margin-bottom: 25px;'>\n<h3 style='font-size: 20px; color: inherit; opacity: 0.9; margin-bottom: 20px;'>Comparativo 3K Lite vs 3K Est\u00e1ndar<\/h3>\n<\/div>\n<table style='width: 100%; border-collapse: collapse; border: 1px solid rgba(223&comma;0&comma;30&comma;0.3); margin-bottom: 30px;'>\n<thead>\n<tr>\n<th style='width: 33%; padding: 12px; text-align: center; border: 1px solid rgba(223&comma;0&comma;30&comma;0.3); background-color: #df001e; color: white; font-weight: bold;'>Caracter\u00edstica<\/th>\n<th style='width: 33%; padding: 12px; text-align: center; border: 1px solid rgba(223&comma;0&comma;30&comma;0.3); background-color: #df001e; color: white; font-weight: bold;'>3K Lite (2.5MP)<\/th>\n<th style='width: 33%; padding: 12px; text-align: center; border: 1px solid rgba(223&comma;0&comma;30&comma;0.3); background-color: #df001e; color: white; font-weight: bold;'>3K Est\u00e1ndar (5MP)<\/th>\n<\/tr>\n<\/thead>\n<tbody>\n<tr>\n<th style='padding: 12px; text-align: center; border: 1px solid rgba(223&comma;0&comma;30&comma;0.3); background-color: rgba(223&comma;0&comma;30&comma;0.05); color: inherit;'>Resoluci\u00f3n<\/th>\n<td style='padding: 12px; text-align: center; border: 1px solid rgba(223&comma;0&comma;30&comma;0.3);'>2560\u00d71440<\/td>\n<td style='padding: 12px; text-align: center; border: 1px solid rgba(223&comma;0&comma;30&comma;0.3);'>2880\u00d71620<\/td>\n<\/tr>\n<tr>\n<th style='padding: 12px; text-align: center; border: 1px solid rgba(223&comma;0&comma;30&comma;0.3); background-color: rgba(223&comma;0&comma;30&comma;0.05); color: inherit;'>Almacenamiento<\/th>\n<td style='padding: 12px; text-align: center; border: 1px solid rgba(223&comma;0&comma;30&comma;0.3);'>Optimizado (+30% duraci\u00f3n)<\/td>\n<td style='padding: 12px; text-align: center; border: 1px solid rgba(223&comma;0&comma;30&comma;0.3);'>Mayor espacio requerido<\/td>\n<\/tr>\n<tr>\n<th style='padding: 12px; text-align: center; border: 1px solid rgba(223&comma;0&comma;30&comma;0.3); background-color: rgba(223&comma;0&comma;30&comma;0.05); color: inherit;'>Uso recomendado<\/th>\n<td style='padding: 12px; text-align: center; border: 1px solid rgba(223&comma;0&comma;30&comma;0.3);'>\u00c1reas medianas\/Interiores<\/td>\n<td style='padding: 12px; text-align: center; border: 1px solid rgba(223&comma;0&comma;30&comma;0.3);'>\u00c1reas extensas\/Exteriores<\/td>\n<\/tr>\n<\/tbody>\n<\/table>\n<\/div>\n<div style='margin-bottom: 40px;'><img style='width: 100%; height: auto; border: 1px solid rgba(150&comma;150&comma;150&comma;0.3); border-radius: 8px;' src='https:\/\/ftp3.syscom.mx\/usuarios\/jsosa\/HIKVISION\/imagenes\/banners\/solution%20complete.png' alt='' \/><\/div>\n<div style='margin-bottom: 40px;'>\n<div style='display: flex; flex-wrap: wrap; gap: 30px; justify-content: center;'>\n<div style='flex: 1 1 300px; min-width: 280px;'>\n<div style='position: relative; padding-bottom: 56.25%; height: 0; overflow: hidden; margin-bottom: 30px;'> <\/div>\n<\/div>\n<div style='flex: 1 1 300px; min-width: 280px;'>\n<div style='position: relative; padding-bottom: 56.25%; height: 0; overflow: hidden; margin-bottom: 30px;'> <\/div>\n<\/div>\n<div style='flex: 1 1 300px; min-width: 280px;'>\n<div style='position: relative; padding-bottom: 56.25%; height: 0; overflow: hidden; margin-bottom: 30px;'> <\/div>\n<\/div>\n<div style='flex: 1 1 300px; min-width: 280px;'>\n<div style='position: relative; padding-bottom: 56.25%; height: 0; overflow: hidden; margin-bottom: 30px;'> <\/div>\n<\/div>\n<\/div>\n<\/div>\n<\/div>\n","protected":false},"excerpt":{"rendered":"<p>C\u00e1mara Bullet TURBOHD 1080p \/ Lente fijo 3.6 mm \/ 20m IR inteligente \/ IP66 \/ Exterior<\/p>\n","protected":false},"featured_media":117052,"comment_status":"open","ping_status":"closed","template":"","meta":[],"product_brand":[],"product_cat":[2268],"product_tag":[439,2255,935],"class_list":{"0":"post-117053","1":"product","2":"type-product","3":"status-publish","4":"has-post-thumbnail","6":"product_cat-bala-camaras-y-dvrs-hd-turbohd-ahd-hd-tvi","7":"product_tag-bala","8":"product_tag-camaras-y-dvrs-hd-turbohd-ahd-hd-tvi","9":"product_tag-epcom","11":"first","12":"outofstock","13":"sale","14":"shipping-taxable","15":"purchasable","16":"product-type-simple"},"_links":{"self":[{"href":"https:\/\/soydeaqui.ddns.net\/pachuca\/index.php\/wp-json\/wp\/v2\/product\/117053","targetHints":{"allow":["GET"]}}],"collection":[{"href":"https:\/\/soydeaqui.ddns.net\/pachuca\/index.php\/wp-json\/wp\/v2\/product"}],"about":[{"href":"https:\/\/soydeaqui.ddns.net\/pachuca\/index.php\/wp-json\/wp\/v2\/types\/product"}],"replies":[{"embeddable":true,"href":"https:\/\/soydeaqui.ddns.net\/pachuca\/index.php\/wp-json\/wp\/v2\/comments?post=117053"}],"wp:featuredmedia":[{"embeddable":true,"href":"https:\/\/soydeaqui.ddns.net\/pachuca\/index.php\/wp-json\/wp\/v2\/media\/117052"}],"wp:attachment":[{"href":"https:\/\/soydeaqui.ddns.net\/pachuca\/index.php\/wp-json\/wp\/v2\/media?parent=117053"}],"wp:term":[{"taxonomy":"product_brand","embeddable":true,"href":"https:\/\/soydeaqui.ddns.net\/pachuca\/index.php\/wp-json\/wp\/v2\/product_brand?post=117053"},{"taxonomy":"product_cat","embeddable":true,"href":"https:\/\/soydeaqui.ddns.net\/pachuca\/index.php\/wp-json\/wp\/v2\/product_cat?post=117053"},{"taxonomy":"product_tag","embeddable":true,"href":"https:\/\/soydeaqui.ddns.net\/pachuca\/index.php\/wp-json\/wp\/v2\/product_tag?post=117053"}],"curies":[{"name":"wp","href":"https:\/\/api.w.org\/{rel}","templated":true}]}}