{"id":11685,"date":"2026-03-18T07:53:21","date_gmt":"2026-03-18T07:53:21","guid":{"rendered":"https:\/\/soydeaqui.ddns.net\/pachuca\/index.php\/producto\/glandula-de-compresion-para-uso-con-paneles-fcp3-para-proteccion-de-cable-de-fibra-optica-de-5-8-a-13-9-mm-0-23-0-55in-de-diametro\/"},"modified":"2026-03-18T07:53:24","modified_gmt":"2026-03-18T07:53:24","slug":"glandula-de-compresion-para-uso-con-paneles-fcp3-para-proteccion-de-cable-de-fibra-optica-de-5-8-a-13-9-mm-0-23-0-55in-de-diametro","status":"publish","type":"product","link":"https:\/\/soydeaqui.ddns.net\/pachuca\/index.php\/producto\/glandula-de-compresion-para-uso-con-paneles-fcp3-para-proteccion-de-cable-de-fibra-optica-de-5-8-a-13-9-mm-0-23-0-55in-de-diametro\/","title":{"rendered":"Gl\u00e1ndula de Compresi\u00f3n Para Uso Con Paneles FCP3, Para Protecci\u00f3n de Cable de Fibra \u00d3ptica de 5.8 a 13.9 mm (0.23 &#8211; 0.55in) de Diametro"},"content":{"rendered":"<div style='width: 100%; max-width: 1200px; margin: 0 auto; font-family: sans-serif; line-height: 1.6; color: inherit; background-color: transparent;'> <!-- Secci\u00f3n de caracter\u00edsticas principales --> <\/p>\n<div style='display: flex; flex-wrap: wrap; gap: 30px; margin-bottom: 30px;'>\n<div style='flex: 1 1 300px; min-width: 280px;'>\n<h3 style='font-size: 22px; border-bottom: 2px solid currentColor; padding-bottom: 5px; margin-top: 0; color: inherit; opacity: 0.8;'>Caracter\u00edsticas Principales<\/h3>\n<ul style='padding-left: 20px; font-size: 15px; color: inherit;'>\n<li style='margin-bottom: 5px;'>Accesorio de compresi\u00f3n para seguridad de cables<\/li>\n<li style='margin-bottom: 5px;'>Roscado para evitar saltos en conexiones<\/li>\n<li style='margin-bottom: 5px;'>Instalaci\u00f3n r\u00e1pida en paneles FCP3<\/li>\n<li style='margin-bottom: 5px;'>Sistema optimizado para tuercas de seguridad<\/li>\n<li style='margin-bottom: 5px;'>Compatible con cableado de fibra \u00f3ptica<\/li>\n<\/ul><\/div>\n<\/p><\/div>\n<p> <!-- Secci\u00f3n de especificaciones t\u00e9cnicas --> <\/p>\n<div style='display: flex; flex-wrap: wrap; gap: 20px; margin-bottom: 30px;'>\n<div style='flex: 1 1 250px; border: 1px solid rgba(150&comma; 150&comma; 150&comma; 0.4); border-radius: 8px; overflow: hidden; display: flex; flex-direction: column;'>\n<div style='padding: 15px; border-bottom: 1px solid rgba(150&comma; 150&comma; 150&comma; 0.2); font-weight: bold; font-size: 18px; color: inherit;'>Especificaciones T\u00e9cnicas<\/div>\n<div style='padding: 15px; color: inherit;'>\n<ul style='padding-left: 20px; margin: 0; font-size: 14px; list-style-type: disc;'>\n<li style='margin-bottom: 5px;'><strong>Tipo:<\/strong> Gl\u00e1ndula de compresi\u00f3n<\/li>\n<li style='margin-bottom: 5px;'><strong>Uso:<\/strong> Para protecci\u00f3n de cable de fibra \u00f3ptica<\/li>\n<li style='margin-bottom: 5px;'><strong>Di\u00e1metro de cable:<\/strong> 5.8 a 13.9 mm (0.23 &#8211; 0.55 in)<\/li>\n<li style='margin-bottom: 5px;'><strong>Modelo:<\/strong> CF40<\/li>\n<li style='margin-bottom: 5px;'><strong>Compatibilidad:<\/strong> Paneles FCP3<\/li>\n<\/ul><\/div>\n<\/p><\/div>\n<p> <!-- Secci\u00f3n de detalles de instalaci\u00f3n --> <\/p>\n<div style='flex: 1 1 250px; border: 1px solid rgba(150&comma; 150&comma; 150&comma; 0.4); border-radius: 8px; overflow: hidden; display: flex; flex-direction: column;'>\n<div style='padding: 15px; border-bottom: 1px solid rgba(150&comma; 150&comma; 150&comma; 0.2); font-weight: bold; font-size: 18px; color: inherit;'>Detalles de Instalaci\u00f3n<\/div>\n<div style='padding: 15px; color: inherit;'>\n<ul style='padding-left: 20px; margin: 0; font-size: 14px; list-style-type: disc;'>\n<li style='margin-bottom: 5px;'>Dise\u00f1o con roscas para evitar saltos<\/li>\n<li style='margin-bottom: 5px;'>Permite instalaci\u00f3n m\u00e1s r\u00e1pida de tuercas de seguridad<\/li>\n<li style='margin-bottom: 5px;'>Sistema optimizado para anclaje de cables<\/li>\n<\/ul><\/div>\n<\/p><\/div>\n<p> <!-- Secci\u00f3n de compatibilidad --> <\/p>\n<div style='flex: 1 1 250px; border: 1px solid rgba(150&comma; 150&comma; 150&comma; 0.4); border-radius: 8px; overflow: hidden; display: flex; flex-direction: column;'>\n<div style='padding: 15px; border-bottom: 1px solid rgba(150&comma; 150&comma; 150&comma; 0.2); font-weight: bold; font-size: 18px; color: inherit;'>Compatibilidad<\/div>\n<div style='padding: 15px; color: inherit;'>\n<ul style='padding-left: 20px; margin: 0; font-size: 14px; list-style-type: disc;'>\n<li style='margin-bottom: 5px;'>Paneles FCP3<\/li>\n<li style='margin-bottom: 5px;'>Cable de fibra \u00f3ptica de 5.8 a 13.9 mm<\/li>\n<\/ul><\/div>\n<\/p><\/div>\n<\/p><\/div>\n<p> <!-- Secci\u00f3n de im\u00e1genes --> <\/p>\n<div style='display: flex; flex-wrap: wrap; gap: 30px; margin-bottom: 30px; justify-content: center;'>\n<div style='flex: 1 1 300px; min-width: 280px; max-width: 400px;'> <img style='width: 100%; height: auto; border: 1px solid rgba(150&comma;150&comma;150&comma;0.3); border-radius: 8px;' src='https:\/\/ftp3.syscom.mx\/usuarios\/fotos\/CF40\/89480-siemon_148.jpg' alt='Gl\u00e1ndula de compresi\u00f3n CF40 - Vista general'> <\/div>\n<div style='flex: 1 1 300px; min-width: 280px; max-width: 400px;'> <img style='width: 100%; height: auto; border: 1px solid rgba(150&comma;150&comma;150&comma;0.3); border-radius: 8px;' src='https:\/\/ftp3.syscom.mx\/usuarios\/fotos\/CF40\/89480-18810319726_1112c97bfd_o.jpg' alt='Gl\u00e1ndula de compresi\u00f3n CF40 - Ejemplo de instalaci\u00f3n'> <\/div>\n<\/p><\/div>\n<p> <!-- Separador --> <\/p>\n<hr style='border: 0; border-top: 1px solid rgba(150&comma; 150&comma; 150&comma; 0.3); margin: 30px 0;'> <\/div>\n","protected":false},"excerpt":{"rendered":"<p>Gl\u00e1ndula de Compresi\u00f3n Para Uso Con Paneles FCP3, Para Protecci\u00f3n de Cable de Fibra \u00d3ptica de 5.8 a 13.9 mm (0.23 &#8211; 0.55in) de Diametro<\/p>\n","protected":false},"featured_media":11684,"comment_status":"open","ping_status":"closed","template":"","meta":[],"product_brand":[],"product_cat":[604],"product_tag":[606,605,600],"class_list":{"0":"post-11685","1":"product","2":"type-product","3":"status-publish","4":"has-post-thumbnail","6":"product_cat-accesorios-para-racks-y-gabinetes","7":"product_tag-accesorios-para-racks-y-gabinetes","8":"product_tag-racks-y-gabinetes","9":"product_tag-siemon","11":"first","12":"instock","13":"sale","14":"shipping-taxable","15":"purchasable","16":"product-type-simple"},"_links":{"self":[{"href":"https:\/\/soydeaqui.ddns.net\/pachuca\/index.php\/wp-json\/wp\/v2\/product\/11685","targetHints":{"allow":["GET"]}}],"collection":[{"href":"https:\/\/soydeaqui.ddns.net\/pachuca\/index.php\/wp-json\/wp\/v2\/product"}],"about":[{"href":"https:\/\/soydeaqui.ddns.net\/pachuca\/index.php\/wp-json\/wp\/v2\/types\/product"}],"replies":[{"embeddable":true,"href":"https:\/\/soydeaqui.ddns.net\/pachuca\/index.php\/wp-json\/wp\/v2\/comments?post=11685"}],"wp:featuredmedia":[{"embeddable":true,"href":"https:\/\/soydeaqui.ddns.net\/pachuca\/index.php\/wp-json\/wp\/v2\/media\/11684"}],"wp:attachment":[{"href":"https:\/\/soydeaqui.ddns.net\/pachuca\/index.php\/wp-json\/wp\/v2\/media?parent=11685"}],"wp:term":[{"taxonomy":"product_brand","embeddable":true,"href":"https:\/\/soydeaqui.ddns.net\/pachuca\/index.php\/wp-json\/wp\/v2\/product_brand?post=11685"},{"taxonomy":"product_cat","embeddable":true,"href":"https:\/\/soydeaqui.ddns.net\/pachuca\/index.php\/wp-json\/wp\/v2\/product_cat?post=11685"},{"taxonomy":"product_tag","embeddable":true,"href":"https:\/\/soydeaqui.ddns.net\/pachuca\/index.php\/wp-json\/wp\/v2\/product_tag?post=11685"}],"curies":[{"name":"wp","href":"https:\/\/api.w.org\/{rel}","templated":true}]}}