{"id":11681,"date":"2026-03-18T07:53:18","date_gmt":"2026-03-18T07:53:18","guid":{"rendered":"https:\/\/soydeaqui.ddns.net\/pachuca\/index.php\/producto\/conector-de-fibra-ptica-pre-pulido-lightbow-lc-upc-simplex-monomodo-os1-os2-re-terminable-color-azul\/"},"modified":"2026-03-18T07:53:19","modified_gmt":"2026-03-18T07:53:19","slug":"conector-de-fibra-ptica-pre-pulido-lightbow-lc-upc-simplex-monomodo-os1-os2-re-terminable-color-azul","status":"publish","type":"product","link":"https:\/\/soydeaqui.ddns.net\/pachuca\/index.php\/producto\/conector-de-fibra-ptica-pre-pulido-lightbow-lc-upc-simplex-monomodo-os1-os2-re-terminable-color-azul\/","title":{"rendered":"Conector de Fibra ?ptica Pre-Pulido LightBow LC\/UPC Simplex, Monomodo OS1\/OS2, Re-Terminable, Color Azul"},"content":{"rendered":"<div style='width: 100%; max-width: 1200px; margin: 0 auto; font-family: sans-serif; line-height: 1.6; color: inherit; background-color: transparent;'> <!-- Imagen principal --> <\/p>\n<div style='margin-bottom: 30px;'> <img style='width: 100%; height: auto; border: 1px solid rgba(150&comma;150&comma;150&comma;0.3); border-radius: 8px;' src='https:\/\/ftp3.syscom.mx\/usuarios\/fotos\/FC1LBLCU9BL\/89479-siemonarriba.jpg' alt=''> <\/div>\n<p> <!-- Contenido principal --> <\/p>\n<div style='display: flex; flex-wrap: wrap; gap: 30px; margin-bottom: 30px;'>\n<div style='flex: 1 1 300px; min-width: 280px;'>\n<p style='font-size: 15px; color: inherit;'> En combinaci\u00f3n con la exclusiva herramienta de terminaci\u00f3n con patente de Siemon&comma; los conectores pre-pulidos LightBow se pueden implementar con gran velocidad de terminaci\u00f3n y con capacidad de ajustar o re-terminar. Disponibles en configuraciones LC y SC&comma; soportan versiones monomodo y multimodo de soluciones XGLO y LightSystem de Siemon. <\/p>\n<p style='font-size: 15px; color: inherit;'> Parte de LightHouse\u2122 la soluci\u00f3n de fibra avanzada de Siemon&comma; LightBow\u2122 es el sistema de terminaci\u00f3n de Fibra \u00d3ptica con patente pendiente en su herramienta de terminaci\u00f3n y conectores pre-pulidos de empalme mec\u00e1nico&comma; reduce significativamente el tiempo de terminaci\u00f3n&comma; evita la contaminaci\u00f3n de la superficie de contacto&comma; elimina espacios de aire&comma; habilita una f\u00e1cil verificaci\u00f3n de las terminaciones a trav\u00e9s de una ventana VFL (Localizador Visual de Fallas) y ofrece la posibilidad de re-terminar el conector. <\/p>\n<p style='font-size: 15px; color: inherit;'> La l\u00ednea de productos LightBow\u2122 es la sustituci\u00f3n de la l\u00ednea de productos XLR8\u2122. <\/p>\n<\/p><\/div>\n<\/p><\/div>\n<p> <!-- Secci\u00f3n de especificaciones --> <\/p>\n<div style='display: flex; flex-wrap: wrap; gap: 20px; margin-bottom: 30px;'>\n<div style='flex: 1 1 250px; border: 1px solid rgba(150&comma; 150&comma; 150&comma; 0.4); border-radius: 8px; overflow: hidden; display: flex; flex-direction: column;'>\n<div style='padding: 15px; border-bottom: 1px solid rgba(150&comma; 150&comma; 150&comma; 0.2); font-weight: bold; font-size: 18px; color: inherit;'>Herramienta Requerida<\/div>\n<div style='padding: 15px; color: inherit;'>\n<ul style='padding-left: 20px; margin: 0; font-size: 14px; list-style-type: disc;'>\n<li style='margin-bottom: 5px;'> <strong>Herramienta necesaria para abrir y cerrar los conectores:<\/strong> <a style='color: inherit; text-decoration: none; font-weight: bold;' href='https:\/\/www.syscom.mx\/producto\/FT-LB-TOOL-SIEMON-89134.html'>FT-LB-TOOL<\/a> <\/li>\n<\/ul><\/div>\n<\/p><\/div>\n<div style='flex: 1 1 250px; border: 1px solid rgba(150&comma; 150&comma; 150&comma; 0.4); border-radius: 8px; overflow: hidden; display: flex; flex-direction: column;'>\n<div style='padding: 15px; border-bottom: 1px solid rgba(150&comma; 150&comma; 150&comma; 0.2); font-weight: bold; font-size: 18px; color: inherit;'>Rendimiento \u00d3ptico<\/div>\n<div style='padding: 15px; color: inherit;'>\n<p style='margin-top: 0; font-size: 14px;'><strong>P\u00e9rdida de inserci\u00f3n (t\u00edpico):<\/strong><\/p>\n<ul style='padding-left: 20px; margin: 0 0 15px 20px; font-size: 14px; list-style-type: disc;'>\n<li style='margin-bottom: 5px;'>MM: 0.20dB<\/li>\n<li style='margin-bottom: 5px;'>SM: UPC 0.20dB<\/li>\n<li style='margin-bottom: 5px;'>SM: APC 0.30dB<\/li>\n<\/ul>\n<p style='margin-top: 0; margin-bottom: 5px; font-size: 14px;'><strong>P\u00e9rdida de retorno (t\u00edpico):<\/strong><\/p>\n<ul style='padding-left: 20px; margin: 0 0 5px 20px; font-size: 14px; list-style-type: disc;'>\n<li style='margin-bottom: 5px;'>MM: -37 dB<\/li>\n<li style='margin-bottom: 5px;'>SM: UPC -55dB<\/li>\n<li style='margin-bottom: 5px;'>SM: APC\n<ul style='margin: 5px 0 0 20px; padding: 0; list-style-type: disc;'>\n<li style='margin-bottom: 5px;'>60 DB para 1310 nm<\/li>\n<li style='margin-bottom: 5px;'>65dB Para 1550 nm<\/li>\n<\/ul>\n<\/li>\n<\/ul><\/div>\n<\/p><\/div>\n<div style='flex: 1 1 250px; border: 1px solid rgba(150&comma; 150&comma; 150&comma; 0.4); border-radius: 8px; overflow: hidden; display: flex; flex-direction: column;'>\n<div style='padding: 15px; border-bottom: 1px solid rgba(150&comma; 150&comma; 150&comma; 0.2); font-weight: bold; font-size: 18px; color: inherit;'>Conector<\/div>\n<div style='padding: 15px; color: inherit;'>\n<ul style='padding-left: 20px; margin: 0; font-size: 14px; list-style-type: disc;'>\n<li style='margin-bottom: 5px;'><strong>Tipo:<\/strong> LC\/UPC Simplex<\/li>\n<li style='margin-bottom: 5px;'><strong>Tipo de fibra:<\/strong> Monomodo OS1\/OS2<\/li>\n<li style='margin-bottom: 5px;'><strong>Re-terminable:<\/strong> S\u00ed<\/li>\n<li style='margin-bottom: 5px;'><strong>Color:<\/strong> Azul<\/li>\n<\/ul><\/div>\n<\/p><\/div>\n<\/p><\/div>\n<p> <!-- Imagen adicional --> <\/p>\n<div style='margin-bottom: 30px;'> <img style='width: 100%; height: auto; border: 1px solid rgba(150&comma;150&comma;150&comma;0.3); border-radius: 8px;' src='https:\/\/ftp3.syscom.mx\/usuarios\/fotos\/FC1LBLCU9BL\/89479-lc_conector_siemon.png' alt=''> <\/div>\n<p> <!-- Video --> <\/p>\n<div style='margin-bottom: 30px;'>\n<p style='font-weight: bold; font-size: 18px; margin-bottom: 15px; color: inherit;'>Terminaci\u00f3n de Conectores Lightbow:<\/p>\n<div style='position: relative; padding-bottom: 56.25%; height: 0; overflow: hidden; margin-bottom: 30px;'>   <\/div>\n<\/p><\/div>\n<p> <!-- Imagen inferior --> <\/p>\n<div style='margin-bottom: 30px;'> <img style='width: 100%; height: auto; border: 1px solid rgba(150&comma;150&comma;150&comma;0.3); border-radius: 8px;' src='https:\/\/ftp3.syscom.mx\/usuarios\/fotos\/FC1LBLCU9BL\/89479-siemonabajo.png' alt=''> <\/div>\n<\/p><\/div>\n","protected":false},"excerpt":{"rendered":"<p>Conector de Fibra ?ptica Pre-Pulido LightBow LC\/UPC Simplex, Monomodo OS1\/OS2, Re-Terminable, Color Azul<\/p>\n","protected":false},"featured_media":11680,"comment_status":"open","ping_status":"closed","template":"","meta":[],"product_brand":[],"product_cat":[615],"product_tag":[616,611,600],"class_list":{"0":"post-11681","1":"product","2":"type-product","3":"status-publish","4":"has-post-thumbnail","6":"product_cat-conectores","7":"product_tag-conectores","8":"product_tag-fibra-optica","9":"product_tag-siemon","11":"first","12":"instock","13":"sale","14":"shipping-taxable","15":"purchasable","16":"product-type-simple"},"_links":{"self":[{"href":"https:\/\/soydeaqui.ddns.net\/pachuca\/index.php\/wp-json\/wp\/v2\/product\/11681","targetHints":{"allow":["GET"]}}],"collection":[{"href":"https:\/\/soydeaqui.ddns.net\/pachuca\/index.php\/wp-json\/wp\/v2\/product"}],"about":[{"href":"https:\/\/soydeaqui.ddns.net\/pachuca\/index.php\/wp-json\/wp\/v2\/types\/product"}],"replies":[{"embeddable":true,"href":"https:\/\/soydeaqui.ddns.net\/pachuca\/index.php\/wp-json\/wp\/v2\/comments?post=11681"}],"wp:featuredmedia":[{"embeddable":true,"href":"https:\/\/soydeaqui.ddns.net\/pachuca\/index.php\/wp-json\/wp\/v2\/media\/11680"}],"wp:attachment":[{"href":"https:\/\/soydeaqui.ddns.net\/pachuca\/index.php\/wp-json\/wp\/v2\/media?parent=11681"}],"wp:term":[{"taxonomy":"product_brand","embeddable":true,"href":"https:\/\/soydeaqui.ddns.net\/pachuca\/index.php\/wp-json\/wp\/v2\/product_brand?post=11681"},{"taxonomy":"product_cat","embeddable":true,"href":"https:\/\/soydeaqui.ddns.net\/pachuca\/index.php\/wp-json\/wp\/v2\/product_cat?post=11681"},{"taxonomy":"product_tag","embeddable":true,"href":"https:\/\/soydeaqui.ddns.net\/pachuca\/index.php\/wp-json\/wp\/v2\/product_tag?post=11681"}],"curies":[{"name":"wp","href":"https:\/\/api.w.org\/{rel}","templated":true}]}}