{"id":116774,"date":"2026-03-24T02:38:58","date_gmt":"2026-03-24T02:38:58","guid":{"rendered":"https:\/\/soydeaqui.ddns.net\/pachuca\/index.php\/producto\/cierre-l-para-fleje-de-3-4-para-thf34-100pzs-4830-02001\/"},"modified":"2026-03-24T02:39:00","modified_gmt":"2026-03-24T02:39:00","slug":"cierre-l-para-fleje-de-3-4-para-thf34-100pzs-4830-02001","status":"publish","type":"product","link":"https:\/\/soydeaqui.ddns.net\/pachuca\/index.php\/producto\/cierre-l-para-fleje-de-3-4-para-thf34-100pzs-4830-02001\/","title":{"rendered":"Cierre L para fleje de 3\/4 para THF34 (100pzs) (4830-02001)"},"content":{"rendered":"<div style='width: 100%; max-width: 1200px; margin: 0 auto; font-family: sans-serif; line-height: 1.6; color: inherit; background-color: transparent;'>\n<div style='display: flex; flex-direction: column; gap: 30px;'>\n<div style='text-align: center;'> <img style='width: 412px; height: 210px; border: 1px solid rgba(150&comma;150&comma;150&comma;0.3); border-radius: 8px;' src='http:\/\/ftp3.syscom.mx\/usuarios\/jdelafuente\/THORSMAN\/THORSMAN%20logo.jpg' alt=''> <\/div>\n<div style='display: flex; flex-wrap: wrap; gap: 30px;'>\n<div style='flex: 1 1 300px; min-width: 280px;'>\n<h3 style='font-size: 22px; border-bottom: 2px solid currentColor; padding-bottom: 5px; margin-top: 0; color: inherit; opacity: 0.8;'>Caracter\u00edsticas<\/h3>\n<ul style='padding-left: 20px; font-size: 15px; color: inherit;'>\n<li style='margin-bottom: 5px;'>Para uso en interiores y exteriores<\/li>\n<li style='margin-bottom: 5px;'>Espesor del cierre 0.80 mm<\/li>\n<li style='margin-bottom: 5px;'>Peso de la pieza: 6.02 g<\/li>\n<li style='margin-bottom: 5px;'>Ideal para fleje de 19 mm de ancho (3\/4\u201d)<\/li>\n<li style='margin-bottom: 5px;'>Abertura m\u00e1xima del cierre para el paso del fleje 4.3 mm<\/li>\n<li style='margin-bottom: 5px;'>Presentaci\u00f3n comercial: Bolsa con 100 piezas<\/li>\n<\/ul><\/div>\n<div style='flex: 1 1 300px; min-width: 280px;'>\n<h3 style='font-size: 22px; border-bottom: 2px solid currentColor; padding-bottom: 5px; margin-top: 0; color: inherit; opacity: 0.8;'>Materiales<\/h3>\n<ul style='padding-left: 20px; font-size: 15px; color: inherit;'>\n<li style='margin-bottom: 5px;'>Acero inoxidable SS304<\/li>\n<\/ul>\n<div style='margin-top: 20px; text-align: center;'> <img style='width: 87px; height: 65px; border: 1px solid rgba(150&comma;150&comma;150&comma;0.3); border-radius: 8px;' src='http:\/\/ftp3.syscom.mx\/usuarios\/egomez\/Hecho%20en%20Mexico.jpg' alt=''> <\/div>\n<\/p><\/div>\n<\/p><\/div>\n<div style='text-align: center;'>\n<h3 style='font-size: 22px; border-bottom: 2px solid currentColor; padding-bottom: 5px; margin-top: 0; color: inherit; opacity: 0.8;'>Dimensiones (Acotaci\u00f3n en mm)<\/h3>\n<p> <img style='width: 100%; height: auto; border: 1px solid rgba(150&comma;150&comma;150&comma;0.3); border-radius: 8px;' src='http:\/\/ftp3.syscom.mx\/usuarios\/jdelafuente\/THORSMAN\/Productos\/TELECOM\/THFCL34.PNG' alt=''> <\/div>\n<div style='display: grid; grid-template-columns: repeat(auto-fill&comma; minmax(280px&comma; 1fr)); gap: 20px; margin-top: 30px;'>\n<div style='border: 1px solid rgba(150&comma;150&comma;150&comma;0.3); border-radius: 8px; overflow: hidden;'> <img style='width: 100%; height: auto; border: none;' src='https:\/\/ftp3.syscom.mx\/usuarios\/ftp\/single_page\/thorsman\/Thorsman1-02.jpg' alt=''> <\/div>\n<div style='border: 1px solid rgba(150&comma;150&comma;150&comma;0.3); border-radius: 8px; overflow: hidden;'> <img style='width: 100%; height: auto; border: none;' src='https:\/\/ftp3.syscom.mx\/usuarios\/ftp\/single_page\/thorsman\/Thorsman1-01.jpg' alt=''> <\/div>\n<\/p><\/div>\n<div style='background: linear-gradient(90deg&comma; #2a397a 50%&comma; #0080ff 100%); color: white; padding: 20px; border-radius: 8px;'>\n<h1 style='font-size: 22px; font-family: sans-serif; font-weight: 300; margin: 0; padding: 10px 0;'>Thorsman es la Marca L\u00edder en M\u00e9xico Reconocida por Productos de Canalizaci\u00f3n y Fijaci\u00f3n<\/h1>\n<\/p><\/div>\n<div style='display: flex; flex-wrap: wrap; gap: 30px; align-items: center;'>\n<div style='flex: 1 1 300px; min-width: 280px;'> <img style='width: 100%; height: auto; border: 1px solid rgba(150&comma;150&comma;150&comma;0.3); border-radius: 8px;' src='https:\/\/ftp3.syscom.mx\/usuarios\/ftp\/single_page\/thorsman\/thorsman1-04.png' alt=''> <\/div>\n<div style='flex: 2 1 400px; min-width: 300px;'>\n<h4 style='font-size: 18px; font-family: sans-serif; font-weight: 300; line-height: 1.4; color: inherit;'> Cuenta con amplia gama de soluciones para instalaciones el\u00e9ctricas y de cableado estructurado&comma; brindan funcionalidad&comma; distribuci\u00f3n&comma; protecci\u00f3n y est\u00e9tica. <\/h4>\n<\/p><\/div>\n<\/p><\/div>\n<div style='background: #2a397a; color: white; padding: 20px; border-radius: 8px;'>\n<h3 style='text-align: center; font-size: 20px; margin-top: 0; padding: 10px 0;'>Sistemas que cubren todas las necesidades<\/h3>\n<div style='display: grid; grid-template-columns: repeat(auto-fit&comma; minmax(150px&comma; 1fr)); gap: 20px; margin-top: 20px;'>\n<div style='text-align: center;'> <img style='width: 100%; height: auto; border: none; max-width: 120px;' src='https:\/\/ftp3.syscom.mx\/usuarios\/ftp\/single_page\/thorsman\/thorsman1-09.png' alt=''> <\/p>\n<p style='margin-top: 10px;'>Hospital<\/p>\n<\/p><\/div>\n<div style='text-align: center;'> <img style='width: 100%; height: auto; border: none; max-width: 120px;' src='https:\/\/ftp3.syscom.mx\/usuarios\/ftp\/single_page\/thorsman\/thorsman1-08.png' alt=''> <\/p>\n<p style='margin-top: 10px;'>Hogar<\/p>\n<\/p><\/div>\n<div style='text-align: center;'> <img style='width: 100%; height: auto; border: none; max-width: 120px;' src='https:\/\/ftp3.syscom.mx\/usuarios\/ftp\/single_page\/thorsman\/thorsman1-10.png' alt=''> <\/p>\n<p style='margin-top: 10px;'>Industria<\/p>\n<\/p><\/div>\n<div style='text-align: center;'> <img style='width: 100%; height: auto; border: none; max-width: 120px;' src='https:\/\/ftp3.syscom.mx\/usuarios\/ftp\/single_page\/thorsman\/thorsman1-11.png' alt=''> <\/p>\n<p style='margin-top: 10px;'>Oficina<\/p>\n<\/p><\/div>\n<\/p><\/div>\n<\/p><\/div>\n<div style='display: grid; grid-template-columns: repeat(auto-fill&comma; minmax(280px&comma; 1fr)); gap: 30px;'>\n<div style='border: 1px solid rgba(150&comma;150&comma;150&comma;0.3); border-radius: 8px; overflow: hidden; padding: 15px;'> <img style='width: 100%; height: auto; border: none;' src='https:\/\/ftp3.syscom.mx\/usuarios\/ftp\/single_page\/thorsman\/thorsman1-05.png' alt=''> <\/p>\n<p style='margin-top: 15px; color: inherit; font-size: 14px;'> El 40% de la capacidad es la m\u00e1xima recomendada por EIA\/TIA-569-A para dise\u00f1ar sistemas de cableado estructurado. <\/p>\n<\/p><\/div>\n<div style='border: 1px solid rgba(150&comma;150&comma;150&comma;0.3); border-radius: 8px; overflow: hidden; padding: 15px;'> <img style='width: 100%; height: auto; border: none;' src='https:\/\/ftp3.syscom.mx\/usuarios\/ftp\/single_page\/thorsman\/thorsman1-06.png' alt=''> <\/p>\n<p style='margin-top: 15px; color: inherit; font-size: 14px;'> Encuentre los sistemas de fijaci\u00f3n de Thorsman&comma; como las grapas para cable&comma; fleje&comma; cinchos de nylon y acero inoxidable&comma; que son fundamentales para la seguridad en cualquier instalaci\u00f3n. <\/p>\n<\/p><\/div>\n<div style='border: 1px solid rgba(150&comma;150&comma;150&comma;0.3); border-radius: 8px; overflow: hidden; padding: 15px;'> <img style='width: 100%; height: auto; border: none;' src='https:\/\/ftp3.syscom.mx\/usuarios\/ftp\/single_page\/thorsman\/thorsman1-07.png' alt=''> <\/p>\n<p style='margin-top: 15px; color: inherit; font-size: 14px;'> Los sistemas telecom de Thorsman&comma; como las mini cajas de piso de energ\u00eda y voz\/datos&comma; as\u00ed como las cajas de piso de 2 y 4 m\u00f3dulos configurables&comma; brindan la soluci\u00f3n completa en conectividad para centros de entretenimiento como lo son casinos&comma; ferias&comma; museos&comma; plazas comerciales&comma; entre otros. <\/p>\n<\/p><\/div>\n<\/p><\/div>\n<\/p><\/div>\n<\/p><\/div>\n","protected":false},"excerpt":{"rendered":"<p>Cierre L para fleje de 3\/4 para THF34 (100pzs) (4830-02001)<\/p>\n","protected":false},"featured_media":116773,"comment_status":"open","ping_status":"closed","template":"","meta":[],"product_brand":[],"product_cat":[574],"product_tag":[572,575,583],"class_list":{"0":"post-116774","1":"product","2":"type-product","3":"status-publish","4":"has-post-thumbnail","6":"product_cat-fijacion","7":"product_tag-canalizacion","8":"product_tag-fijacion","9":"product_tag-thorsman","11":"first","12":"outofstock","13":"sale","14":"shipping-taxable","15":"purchasable","16":"product-type-simple"},"_links":{"self":[{"href":"https:\/\/soydeaqui.ddns.net\/pachuca\/index.php\/wp-json\/wp\/v2\/product\/116774","targetHints":{"allow":["GET"]}}],"collection":[{"href":"https:\/\/soydeaqui.ddns.net\/pachuca\/index.php\/wp-json\/wp\/v2\/product"}],"about":[{"href":"https:\/\/soydeaqui.ddns.net\/pachuca\/index.php\/wp-json\/wp\/v2\/types\/product"}],"replies":[{"embeddable":true,"href":"https:\/\/soydeaqui.ddns.net\/pachuca\/index.php\/wp-json\/wp\/v2\/comments?post=116774"}],"wp:featuredmedia":[{"embeddable":true,"href":"https:\/\/soydeaqui.ddns.net\/pachuca\/index.php\/wp-json\/wp\/v2\/media\/116773"}],"wp:attachment":[{"href":"https:\/\/soydeaqui.ddns.net\/pachuca\/index.php\/wp-json\/wp\/v2\/media?parent=116774"}],"wp:term":[{"taxonomy":"product_brand","embeddable":true,"href":"https:\/\/soydeaqui.ddns.net\/pachuca\/index.php\/wp-json\/wp\/v2\/product_brand?post=116774"},{"taxonomy":"product_cat","embeddable":true,"href":"https:\/\/soydeaqui.ddns.net\/pachuca\/index.php\/wp-json\/wp\/v2\/product_cat?post=116774"},{"taxonomy":"product_tag","embeddable":true,"href":"https:\/\/soydeaqui.ddns.net\/pachuca\/index.php\/wp-json\/wp\/v2\/product_tag?post=116774"}],"curies":[{"name":"wp","href":"https:\/\/api.w.org\/{rel}","templated":true}]}}