{"id":116746,"date":"2026-03-24T02:37:29","date_gmt":"2026-03-24T02:37:29","guid":{"rendered":"https:\/\/soydeaqui.ddns.net\/pachuca\/index.php\/producto\/nvr-5-megapixel-8-canales-ip-8-puertos-poe-2-bahias-de-disco-duro-h-264\/"},"modified":"2026-03-24T02:37:42","modified_gmt":"2026-03-24T02:37:42","slug":"nvr-5-megapixel-8-canales-ip-8-puertos-poe-2-bahias-de-disco-duro-h-264","status":"publish","type":"product","link":"https:\/\/soydeaqui.ddns.net\/pachuca\/index.php\/producto\/nvr-5-megapixel-8-canales-ip-8-puertos-poe-2-bahias-de-disco-duro-h-264\/","title":{"rendered":"NVR 5 Megapixel \/ 8 canales IP \/ 8 Puertos PoE+ \/ 2 Bah\u00edas de Disco Duro \/ H.264+"},"content":{"rendered":"<div style='width: 100%; max-width: 1200px; margin: 0 auto; font-family: sans-serif; line-height: 1.6; color: inherit; background-color: transparent;'> <!-- Logo Hikvision --> <\/p>\n<div style='text-align: center; margin-bottom: 30px;'> <img style='width: 100%; max-width: 450px; height: auto; border: 1px solid rgba(150&comma;150&comma;150&comma;0.3); border-radius: 8px;' src='http:\/\/ftp3.syscom.mx\/usuarios\/jdelafuente\/HIKVISION\/hikvision%20logo%20complete.png' alt='Logo Hikvision'> <\/div>\n<p> <!-- Secciones principales --> <\/p>\n<div style='display: flex; flex-wrap: wrap; gap: 30px; margin-bottom: 30px;'>\n<div style='flex: 1 1 300px; min-width: 280px;'>\n<h3 style='font-size: 22px; border-bottom: 2px solid currentColor; padding-bottom: 5px; margin-top: 0; color: inherit; opacity: 0.8;'>Caracter\u00edsticas del NVR<\/h3>\n<ul style='padding-left: 20px; font-size: 15px; color: inherit;'>\n<li style='margin-bottom: 5px;'>Compresi\u00f3n de v\u00eddeo: H.264+ \/ H.264<\/li>\n<li style='margin-bottom: 5px;'>Soporta mouse USB para operar (incluido)<\/li>\n<li style='margin-bottom: 5px;'>Soporta 2 HDD\u00b4s de hasta 6TB (no incluido)<\/li>\n<li style='margin-bottom: 5px;'>Soporta b\u00fasqueda de agenda en forma local \u00f3 remota<\/li>\n<li style='margin-bottom: 5px;'>Soporta DDNS (DynDNS&comma; No-IP&comma; etc)<\/li>\n<li style='margin-bottom: 5px;'>Soporta Hik-Connect P2P<\/li>\n<li style='margin-bottom: 5px;'>Soporta acceso remoto via tel\u00e9fono: Android&comma; iPhone&comma; iPad (IVMS-4500 \/ Hik-Connect)<\/li>\n<li style='margin-bottom: 5px;'>Compatibilidad con navegadores IE&comma; Safari&comma; Chrome (ietab)<\/li>\n<li style='margin-bottom: 5px;'>Software cliente IVMS-4200 (gratuito)<\/li>\n<li style='margin-bottom: 5px; font-weight: bold;'>Soporta m\u00faltiples marcas como: AXIS&comma; ONVIF&comma; PANASONIC&comma; PSIA&comma; SAMSUNG&comma; ACTi&comma; SANYO&comma; ZAVIO&comma; VIVOTEK entre otros<\/li>\n<\/ul><\/div>\n<div style='flex: 1 1 300px; min-width: 280px;'>\n<h3 style='font-size: 22px; border-bottom: 2px solid currentColor; padding-bottom: 5px; margin-top: 0; color: inherit; opacity: 0.8;'>Capacidad de procesamiento y funciones de red<\/h3>\n<ul style='padding-left: 20px; font-size: 15px; color: inherit;'>\n<li style='margin-bottom: 5px; font-weight: bold;'>Throughput entrada: 80 Mbps<\/li>\n<li style='margin-bottom: 5px; font-weight: bold;'>Throughput salida: 80 Mbps<\/li>\n<li style='margin-bottom: 5px;'>1 puerto red 10 \/ 100 \/ 1000 Mbps (LAN)<\/li>\n<li style='margin-bottom: 5px; font-weight: bold;'>8 Puertos PoE Interconstruidos 802.3 at (30W max)<\/li>\n<li style='margin-bottom: 5px;'>Configuraci\u00f3n remota de par\u00e1metros<\/li>\n<li style='margin-bottom: 5px;'>Descarga y reproducci\u00f3n por red de los archivos grabados en la NVR<\/li>\n<li style='margin-bottom: 5px;'>Soporta la descarga de bit\u00e1cora de alarmas del NVR en forma remota<\/li>\n<li style='margin-bottom: 5px;'>Configuraci\u00f3n remota de par\u00e1metros<\/li>\n<\/ul><\/div>\n<div style='flex: 1 1 300px; min-width: 280px;'>\n<h3 style='font-size: 22px; border-bottom: 2px solid currentColor; padding-bottom: 5px; margin-top: 0; color: inherit; opacity: 0.8;'>Funciones de Grabaci\u00f3n y Visualizaci\u00f3n<\/h3>\n<ul style='padding-left: 20px; font-size: 15px; color: inherit;'>\n<li style='margin-bottom: 5px;'>Detecci\u00f3n de movimiento multizona<\/li>\n<li style='margin-bottom: 5px;'>Zoom digital en visualizaci\u00f3n y grabaci\u00f3n<\/li>\n<li style='margin-bottom: 5px;'>Dual stream (main stream y sub stream)<\/li>\n<li style='margin-bottom: 5px;'>Soporta avance r\u00e1pido&comma; lento&comma; cuadro a cuadro&comma; etc<\/li>\n<li style='margin-bottom: 5px;'>Soporta tecnolog\u00eda de discos duros S.M.A.R.T.<\/li>\n<li style='margin-bottom: 5px;'>Soporta m\u00faltiples tipos de grabaci\u00f3n&comma; incluyendo tiempo real&comma; grabaci\u00f3n manual&comma; videosensor&comma; videosensor y alarma&comma; videosensor o alarma<\/li>\n<li style='margin-bottom: 5px;'>Soporta grabaci\u00f3n c\u00edclica (sobreescritura) y no c\u00edclica<\/li>\n<\/ul><\/div>\n<div style='flex: 1 1 300px; min-width: 280px;'>\n<h3 style='font-size: 22px; border-bottom: 2px solid currentColor; padding-bottom: 5px; margin-top: 0; color: inherit; opacity: 0.8;'>Resoluci\u00f3n de Grabaci\u00f3n por Canal<\/h3>\n<ul style='padding-left: 20px; font-size: 15px; color: inherit;'>\n<li style='margin-bottom: 5px;'>720P: 8 Canales@30IPS<\/li>\n<li style='margin-bottom: 5px;'>1080P: 8 Canales@30IPS<\/li>\n<li style='margin-bottom: 5px;'>5MP: 8 Canales@12IPS<\/li>\n<li style='margin-bottom: 5px;'>Reproducci\u00f3n s\u00edncrona en canales: 8 Canales<\/li>\n<\/ul><\/div>\n<div style='flex: 1 1 300px; min-width: 280px;'>\n<h3 style='font-size: 22px; border-bottom: 2px solid currentColor; padding-bottom: 5px; margin-top: 0; color: inherit; opacity: 0.8;'>Interfaces Entradas \/ Salidas<\/h3>\n<ul style='padding-left: 20px; font-size: 15px; color: inherit;'>\n<li style='margin-bottom: 5px;'>Salida HDMI: 1920 x 1080 (Full HD)<\/li>\n<li style='margin-bottom: 5px;'>Salida VGA: 1920 x 1080 (Full HD)<\/li>\n<li style='margin-bottom: 5px;'>Salida simult\u00e1nea HDMI y VGA<\/li>\n<li style='margin-bottom: 5px;'>Entrada de Audio: 1 Canal<\/li>\n<li style='margin-bottom: 5px;'>Alarmas: No soporta<\/li>\n<li style='margin-bottom: 5px;'>Salida de Audio: 1 Canal<\/li>\n<li style='margin-bottom: 5px;'>Soporta audio bidireccional (audio de dos v\u00edas)<\/li>\n<li style='margin-bottom: 5px;'>Grabaci\u00f3n externa: No soporta<\/li>\n<li style='margin-bottom: 5px;'>Capacidad de discos SATA: 2 HDD de hasta 6TB<\/li>\n<li style='margin-bottom: 5px;'>Soporte para e-SATA: No soporta<\/li>\n<li style='margin-bottom: 5px;'>Arreglo de discos: No aplica<\/li>\n<\/ul><\/div>\n<div style='flex: 1 1 300px; min-width: 280px;'>\n<h3 style='font-size: 22px; border-bottom: 2px solid currentColor; padding-bottom: 5px; margin-top: 0; color: inherit; opacity: 0.8;'>Caracter\u00edsticas f\u00edsicas y el\u00e9ctricas<\/h3>\n<ul style='padding-left: 20px; font-size: 15px; color: inherit;'>\n<li style='margin-bottom: 5px;'>Dimensiones: 445 \u00d7 290 \u00d7 45 mm (1 unidad de rack)<\/li>\n<li style='margin-bottom: 5px;'>Alimentaci\u00f3n: 100 a 240 Vca \/ 10 W<\/li>\n<li style='margin-bottom: 5px;'>Temperatura de operaci\u00f3n: -10\u00b0C a 55\u00b0C<\/li>\n<li style='margin-bottom: 5px;'>Peso: 1 Kg sin HDD<\/li>\n<li style='margin-bottom: 5px;'>Garant\u00eda: 2 a\u00f1os<\/li>\n<\/ul><\/div>\n<\/p><\/div>\n<p> <!-- Separador --> <\/p>\n<hr style='border: 0; border-top: 1px solid rgba(150&comma; 150&comma; 150&comma; 0.3); margin: 30px 0;'> <!-- Recursos --> <\/p>\n<div style='margin-bottom: 30px;'>\n<h3 style='font-size: 22px; border-bottom: 2px solid currentColor; padding-bottom: 5px; margin-top: 0; color: inherit; opacity: 0.8; margin-bottom: 15px;'>Recursos<\/h3>\n<div style='display: flex; flex-wrap: wrap; gap: 15px;'>\n<div style='flex: 1 1 200px; min-width: 180px;'> <a href='https:\/\/www.hikvision.com\/es-la\/support\/download\/software\/ivms4200-series\/?q=serie%20ivms4200&#038;position=1' target='_blank' rel='noopener'> <img style='width: 100%; height: auto; border: 1px solid rgba(150&comma;150&comma;150&comma;0.3); border-radius: 8px;' src='https:\/\/ftp3.syscom.mx\/usuarios\/gmagos\/HIK\/IP\/IPC\/Imagenes%20pagina\/Descargas%20IVMS4200.jpg' alt='IVMS4200 Software'> <\/a> <\/div>\n<div style='flex: 1 1 200px; min-width: 180px;'> <a href='https:\/\/appstore.hikvision.com\/' target='_blank' rel='noopener'> <img style='width: 100%; height: auto; border: 1px solid rgba(150&comma;150&comma;150&comma;0.3); border-radius: 8px;' src='https:\/\/ftp3.syscom.mx\/usuarios\/gmagos\/HIK\/IP\/IPC\/Imagenes%20pagina\/Descargas%20de%20app.jpg' alt='Hikvision App Store'> <\/a> <\/div>\n<div style='flex: 1 1 200px; min-width: 180px;'> <a href='https:\/\/ftp3.syscom.mx\/usuarios\/ftp\/2018\/10\/29\/3c176\/Datasheet%20of%20DS-7600NI-E1&#038;E2_P%20Series%20NVR%203.4.9%2020170901.pdf' target='_blank' rel='noopener'> <img style='width: 100%; height: auto; border: 1px solid rgba(150&comma;150&comma;150&comma;0.3); border-radius: 8px;' src='https:\/\/ftp3.syscom.mx\/usuarios\/gmagos\/HIK\/IP\/IPC\/Imagenes%20pagina\/Descarga%20de%20PDF.jpg' alt='Datasheet PDF'> <\/a> <\/div>\n<\/p><\/div>\n<\/p><\/div>\n<p> <!-- Im\u00e1genes adicionales --> <\/p>\n<div style='display: flex; flex-wrap: wrap; gap: 30px; margin-bottom: 30px;'>\n<div style='flex: 1 1 460px; min-width: 300px;'> <img style='width: 100%; height: auto; border: 1px solid rgba(150&comma;150&comma;150&comma;0.3); border-radius: 8px;' src='http:\/\/ftp3.syscom.mx\/usuarios\/leobardo.hernandez\/fotos\/h264+.gif' alt='H.264+'> <\/div>\n<div style='flex: 1 1 460px; min-width: 300px;'> <img style='width: 100%; height: auto; border: 1px solid rgba(150&comma;150&comma;150&comma;0.3); border-radius: 8px;' src='http:\/\/ftp3.syscom.mx\/usuarios\/leobardo.hernandez\/fotos\/unnamed.gif' alt=''> <\/div>\n<\/p><\/div>\n<p> <!-- Imagen adicional --> <\/p>\n<div style='margin-bottom: 30px;'> <img style='width: 100%; height: auto; border: 1px solid rgba(150&comma;150&comma;150&comma;0.3); border-radius: 8px;' src='http:\/\/ftp3.syscom.mx\/usuarios\/oponce\/HIKVISION\/GRAFICOS\/DS7600NIEIMAG.jpg' alt=''> <\/div>\n<p> <!-- \u00daltima imagen --> <\/p>\n<div style='margin-bottom: 30px;'> <img style='width: 100%; height: auto; border: 1px solid rgba(150&comma;150&comma;150&comma;0.3); border-radius: 8px;' src='http:\/\/ftp3.syscom.mx\/usuarios\/fotos\/DS7604NIE1_4P\/DS7604NIE1_4P_1.png' alt=''> <\/div>\n<p> <!-- Banner final --> <\/p>\n<div style='text-align: center;'> <img style='width: 100%; max-width: 940px; height: auto; border: 1px solid rgba(150&comma;150&comma;150&comma;0.3); border-radius: 8px;' src='http:\/\/ftp3.syscom.mx\/usuarios\/jdelafuente\/HIKVISION\/hikvision-solution%20banner.jpg' alt='Soluci\u00f3n Hikvision'> <\/div>\n<\/p><\/div>\n","protected":false},"excerpt":{"rendered":"<p>NVR 5 Megapixel \/ 8 canales IP \/ 8 Puertos PoE+ \/ 2 Bah\u00edas de Disco Duro \/ H.264+<\/p>\n","protected":false},"featured_media":116745,"comment_status":"open","ping_status":"closed","template":"","meta":[],"product_brand":[],"product_cat":[2234],"product_tag":[122,54,2235],"class_list":{"0":"post-116746","1":"product","2":"type-product","3":"status-publish","4":"has-post-thumbnail","6":"product_cat-nvrs-network-video-recorders","7":"product_tag-camaras-ip-y-nvrs","8":"product_tag-hikvision","9":"product_tag-nvrs-network-video-recorders","11":"first","12":"outofstock","13":"sale","14":"shipping-taxable","15":"purchasable","16":"product-type-simple"},"_links":{"self":[{"href":"https:\/\/soydeaqui.ddns.net\/pachuca\/index.php\/wp-json\/wp\/v2\/product\/116746","targetHints":{"allow":["GET"]}}],"collection":[{"href":"https:\/\/soydeaqui.ddns.net\/pachuca\/index.php\/wp-json\/wp\/v2\/product"}],"about":[{"href":"https:\/\/soydeaqui.ddns.net\/pachuca\/index.php\/wp-json\/wp\/v2\/types\/product"}],"replies":[{"embeddable":true,"href":"https:\/\/soydeaqui.ddns.net\/pachuca\/index.php\/wp-json\/wp\/v2\/comments?post=116746"}],"wp:featuredmedia":[{"embeddable":true,"href":"https:\/\/soydeaqui.ddns.net\/pachuca\/index.php\/wp-json\/wp\/v2\/media\/116745"}],"wp:attachment":[{"href":"https:\/\/soydeaqui.ddns.net\/pachuca\/index.php\/wp-json\/wp\/v2\/media?parent=116746"}],"wp:term":[{"taxonomy":"product_brand","embeddable":true,"href":"https:\/\/soydeaqui.ddns.net\/pachuca\/index.php\/wp-json\/wp\/v2\/product_brand?post=116746"},{"taxonomy":"product_cat","embeddable":true,"href":"https:\/\/soydeaqui.ddns.net\/pachuca\/index.php\/wp-json\/wp\/v2\/product_cat?post=116746"},{"taxonomy":"product_tag","embeddable":true,"href":"https:\/\/soydeaqui.ddns.net\/pachuca\/index.php\/wp-json\/wp\/v2\/product_tag?post=116746"}],"curies":[{"name":"wp","href":"https:\/\/api.w.org\/{rel}","templated":true}]}}