{"id":116727,"date":"2026-03-24T02:36:28","date_gmt":"2026-03-24T02:36:28","guid":{"rendered":"https:\/\/soydeaqui.ddns.net\/pachuca\/index.php\/producto\/tpd-taquete-auto-perforable-color-blanco-100pzs-1301-01100\/"},"modified":"2026-03-24T02:36:47","modified_gmt":"2026-03-24T02:36:47","slug":"tpd-taquete-auto-perforable-color-blanco-100pzs-1301-01100","status":"publish","type":"product","link":"https:\/\/soydeaqui.ddns.net\/pachuca\/index.php\/producto\/tpd-taquete-auto-perforable-color-blanco-100pzs-1301-01100\/","title":{"rendered":"TPD Taquete auto-perforable color blanco (100pzs) (1301-01100)"},"content":{"rendered":"<div style='width: 100%; max-width: 1200px; margin: 0 auto; font-family: sans-serif; line-height: 1.6; color: inherit; background-color: transparent;'> <!-- Logo --> <\/p>\n<div style='margin-bottom: 30px;'> <img style='width: 100%; max-width: 412px; height: auto; border: 1px solid rgba(150&comma;150&comma;150&comma;0.3); border-radius: 8px;' src='http:\/\/ftp3.syscom.mx\/usuarios\/jdelafuente\/THORSMAN\/THORSMAN%20logo.jpg' alt='Logo Thorsman'> <\/div>\n<p> <!-- Caracter\u00edsticas --> <\/p>\n<div style='margin-bottom: 30px;'>\n<h3 style='font-size: 22px; border-bottom: 2px solid currentColor; padding-bottom: 5px; margin-top: 0; color: inherit; opacity: 0.8;'>Caracter\u00edsticas<\/h3>\n<ul style='padding-left: 20px; font-size: 15px; color: inherit;'>\n<li style='margin-bottom: 5px;'>Taquetes auto-perforable para sujetar y fijar objetos en muros falsos como tablaroca&comma; falso plaf\u00f3n o mamposter\u00eda<\/li>\n<li style='margin-bottom: 5px;'>Color blanco.<\/li>\n<li style='margin-bottom: 5px;'>No se requiere taladrar el muro.<\/li>\n<li style='margin-bottom: 5px;'>Carga recomendada: 5 Kg.<\/li>\n<li style='margin-bottom: 5px;'>Resistencia a la extracci\u00f3n: 5 Kg.<\/li>\n<li style='margin-bottom: 5px;'>Temperaturas de operaci\u00f3n -40\u00b0 C a +80\u00b0 C<\/li>\n<li style='margin-bottom: 5px;'>Recomendaciones: Tornillo 10 x 1 1\/2&#8242; (38mm).<\/li>\n<\/ul><\/div>\n<p> <!-- Materiales --> <\/p>\n<div style='margin-bottom: 30px;'>\n<h3 style='font-size: 22px; border-bottom: 2px solid currentColor; padding-bottom: 5px; margin-top: 0; color: inherit; opacity: 0.8;'>Materiales<\/h3>\n<ul style='padding-left: 20px; font-size: 15px; color: inherit;'>\n<li style='margin-bottom: 5px;'>Color Blanco<\/li>\n<li style='margin-bottom: 5px;'>Elaborado con poliamida (nylon no. 6 reforzado con fibra de vidrio)<\/li>\n<li style='margin-bottom: 5px;'>Resistente al impacto y extracci\u00f3n<\/li>\n<\/ul><\/div>\n<p> <!-- Im\u00e1genes adicionales --> <\/p>\n<div style='margin-bottom: 30px;'> <img style='width: 100%; max-width: 79px; height: auto; border: 1px solid rgba(150&comma;150&comma;150&comma;0.3); border-radius: 8px;' src='http:\/\/ftp3.syscom.mx\/usuarios\/egomez\/Hecho%20en%20Mexico.jpg' alt='Hecho en M\u00e9xico'> <\/div>\n<p> <!-- Dimensiones --> <\/p>\n<div style='margin-bottom: 30px;'>\n<h3 style='font-size: 22px; border-bottom: 2px solid currentColor; padding-bottom: 5px; margin-top: 0; color: inherit; opacity: 0.8;'>Dimensiones (Acotaci\u00f3n en mm)<\/h3>\n<div style='display: flex; flex-wrap: wrap; gap: 15px;'> <img style='flex: 1 1 300px; max-width: 668px; height: auto; border: 1px solid rgba(150&comma;150&comma;150&comma;0.3); border-radius: 8px;' src='http:\/\/ftp3.syscom.mx\/usuarios\/jdelafuente\/THORSMAN\/Productos\/FIJACION\/THTAP38.PNG' alt='Dimensiones'> <img style='flex: 1 1 300px; border: 1px solid rgba(150&comma;150&comma;150&comma;0.3); border-radius: 8px;' src='http:\/\/ftp3.syscom.mx\/usuarios\/jdelafuente\/THORSMAN\/Productos\/FIJACION\/THTAP38%20INST..PNG' alt='Instalaci\u00f3n'> <\/div>\n<\/p><\/div>\n<p> <!-- Im\u00e1genes adicionales Thorsman --> <\/p>\n<div style='margin-bottom: 30px;'>\n<div style='display: flex; flex-wrap: wrap; gap: 15px;'> <img style='flex: 1 1 300px; border: 1px solid rgba(150&comma;150&comma;150&comma;0.3); border-radius: 8px;' src='https:\/\/ftp3.syscom.mx\/usuarios\/ftp\/single_page\/thorsman\/Thorsman1-02.jpg' alt='Thorsman Producto'> <img style='flex: 1 1 300px; border: 1px solid rgba(150&comma;150&comma;150&comma;0.3); border-radius: 8px;' src='https:\/\/ftp3.syscom.mx\/usuarios\/ftp\/single_page\/thorsman\/Thorsman1-01.jpg' alt='Thorsman Producto'> <\/div>\n<\/p><\/div>\n<p> <!-- Banner Thorsman --> <\/p>\n<div style='margin-bottom: 30px; background: linear-gradient(90deg&comma; #2a397a 50%&comma; #0080ff 100%); color: white; padding: 20px; border-radius: 8px;'>\n<h2 style='font-size: 22px; font-family: roboto; font-weight: 300; margin: 0;'>Thorsman es la Marca L\u00edder en M\u00e9xico Reconocida por Productos de Canalizaci\u00f3n y Fijaci\u00f3n<\/h2>\n<\/p><\/div>\n<p> <!-- Contenido adicional Thorsman --> <\/p>\n<div style='margin-bottom: 30px;'>\n<div style='display: flex; flex-wrap: wrap; gap: 15px;'>\n<div style='flex: 1 1 300px;'> <img style='width: 100%; max-width: 400px; height: auto; margin: 0 auto 15%; border: 1px solid rgba(150&comma;150&comma;150&comma;0.3); border-radius: 8px;' src='https:\/\/ftp3.syscom.mx\/usuarios\/ftp\/single_page\/thorsman\/thorsman1-04.png' alt='Thorsman Producto'> <\/div>\n<div style='flex: 1 1 300px;'>\n<h4 style='font-family: roboto; font-weight: 300; line-height: 140%; color: inherit;'>Cuenta con amplia gama de soluciones para instalaciones el\u00e9ctricas y de cableado estructurado&comma; brindan funcionalidad&comma; distribuci\u00f3n&comma; protecci\u00f3n y est\u00e9tica&comma; tambi\u00e9n lo puede encontrar como: mesa de capacidades para electrocalhas&comma; capacidad de carga de canaletas aparentes.<\/h4>\n<\/p><\/div>\n<\/p><\/div>\n<\/p><\/div>\n<p> <!-- Sistemas Thorsman --> <\/p>\n<div style='margin-bottom: 30px; background-color: #2a397a; color: white; padding: 20px; border-radius: 8px;'>\n<h3 style='text-align: center; margin-top: 0;'>Sistemas que cubren todas las necesidades<\/h3>\n<div style='display: flex; flex-wrap: wrap; justify-content: center; gap: 15px; margin-top: 20px;'>\n<div style='flex: 1 1 150px; text-align: center;'> <img style='width: 80px; height: auto; margin: 0 auto 12%; border: 1px solid rgba(150&comma;150&comma;150&comma;0.3); border-radius: 8px;' src='https:\/\/ftp3.syscom.mx\/usuarios\/ftp\/single_page\/thorsman\/thorsman1-09.png' alt='Hospital'> <\/p>\n<p style='padding: 10%; margin: 0;'>Hospital<\/p>\n<\/p><\/div>\n<div style='flex: 1 1 150px; text-align: center;'> <img style='width: 80px; height: auto; margin: 0 auto 12%; border: 1px solid rgba(150&comma;150&comma;150&comma;0.3); border-radius: 8px;' src='https:\/\/ftp3.syscom.mx\/usuarios\/ftp\/single_page\/thorsman\/thorsman1-08.png' alt='Hogar'> <\/p>\n<p style='padding: 10%; margin: 0;'>Hogar<\/p>\n<\/p><\/div>\n<div style='flex: 1 1 150px; text-align: center;'> <img style='width: 80px; height: auto; margin: 0 auto 12%; border: 1px solid rgba(150&comma;150&comma;150&comma;0.3); border-radius: 8px;' src='https:\/\/ftp3.syscom.mx\/usuarios\/ftp\/single_page\/thorsman\/thorsman1-10.png' alt='Industria'> <\/p>\n<p style='padding: 10%; margin: 0;'>Industria<\/p>\n<\/p><\/div>\n<div style='flex: 1 1 150px; text-align: center;'> <img style='width: 80px; height: auto; margin: 0 auto 12%; border: 1px solid rgba(150&comma;150&comma;150&comma;0.3); border-radius: 8px;' src='https:\/\/ftp3.syscom.mx\/usuarios\/ftp\/single_page\/thorsman\/thorsman1-11.png' alt='Oficina'> <\/p>\n<p style='padding: 10%; margin: 0;'>Oficina<\/p>\n<\/p><\/div>\n<\/p><\/div>\n<\/p><\/div>\n<p> <!-- Contenido final Thorsman --> <\/p>\n<div style='margin-bottom: 30px;'>\n<div style='display: flex; flex-wrap: wrap; gap: 30px;'>\n<div style='flex: 1 1 300px;'> <img style='width: 100%; max-width: 400px; height: auto; margin: 0 auto; display: block; padding: 10% 0%; border: 1px solid rgba(150&comma;150&comma;150&comma;0.3); border-radius: 8px;' src='https:\/\/ftp3.syscom.mx\/usuarios\/ftp\/single_page\/thorsman\/thorsman1-05.png' alt='Capacidad recomendada'> <\/p>\n<p style='font-size: 14px; color: inherit;'>El 40% de la capacidad es la m\u00e1xima recomendada por EIA\/TIA-569-A para dise\u00f1ar sistemas de cableado estructurado.<\/p>\n<\/p><\/div>\n<div style='flex: 1 1 300px;'> <img style='width: 100%; max-width: 400px; height: auto; margin: 0 auto; display: block; padding: 10% 0%; border: 1px solid rgba(150&comma;150&comma;150&comma;0.3); border-radius: 8px;' src='https:\/\/ftp3.syscom.mx\/usuarios\/ftp\/single_page\/thorsman\/thorsman1-06.png' alt='Sistemas de fijaci\u00f3n'> <\/p>\n<p style='font-size: 14px; color: inherit;'>Encuentre los sistemas de fijaci\u00f3n de Thorsman&comma; como las grapas para cable&comma; fleje&comma; cinchos de nylon y acero inoxidable&comma; que son fundamentales para la seguridad en cualquier instalaci\u00f3n.<\/p>\n<\/p><\/div>\n<div style='flex: 1 1 300px;'> <img style='width: 100%; max-width: 400px; height: auto; margin: 0 auto; display: block; padding: 10% 0%; border: 1px solid rgba(150&comma;150&comma;150&comma;0.3); border-radius: 8px;' src='https:\/\/ftp3.syscom.mx\/usuarios\/ftp\/single_page\/thorsman\/thorsman1-07.png' alt='Sistemas telecom'> <\/p>\n<p style='font-size: 14px; color: inherit;'>Los sistemas telecom de Thorsman&comma; como las mini cajas de piso de energ\u00eda y voz\/datos&comma; as\u00ed como las cajas de piso de 2 y 4 m\u00f3dulos configurables&comma; brindan la soluci\u00f3n completa en conectividad para centros de entretenimiento como lo son casinos&comma; ferias&comma; museos&comma; plazas comerciales&comma; entre otros.<\/p>\n<\/p><\/div>\n<\/p><\/div>\n<\/p><\/div>\n<\/p><\/div>\n","protected":false},"excerpt":{"rendered":"<p>TPD Taquete auto-perforable color blanco (100pzs) (1301-01100)<\/p>\n","protected":false},"featured_media":116726,"comment_status":"open","ping_status":"closed","template":"","meta":[],"product_brand":[],"product_cat":[574],"product_tag":[572,575,583],"class_list":{"0":"post-116727","1":"product","2":"type-product","3":"status-publish","4":"has-post-thumbnail","6":"product_cat-fijacion","7":"product_tag-canalizacion","8":"product_tag-fijacion","9":"product_tag-thorsman","11":"first","12":"instock","13":"sale","14":"shipping-taxable","15":"purchasable","16":"product-type-simple"},"_links":{"self":[{"href":"https:\/\/soydeaqui.ddns.net\/pachuca\/index.php\/wp-json\/wp\/v2\/product\/116727","targetHints":{"allow":["GET"]}}],"collection":[{"href":"https:\/\/soydeaqui.ddns.net\/pachuca\/index.php\/wp-json\/wp\/v2\/product"}],"about":[{"href":"https:\/\/soydeaqui.ddns.net\/pachuca\/index.php\/wp-json\/wp\/v2\/types\/product"}],"replies":[{"embeddable":true,"href":"https:\/\/soydeaqui.ddns.net\/pachuca\/index.php\/wp-json\/wp\/v2\/comments?post=116727"}],"wp:featuredmedia":[{"embeddable":true,"href":"https:\/\/soydeaqui.ddns.net\/pachuca\/index.php\/wp-json\/wp\/v2\/media\/116726"}],"wp:attachment":[{"href":"https:\/\/soydeaqui.ddns.net\/pachuca\/index.php\/wp-json\/wp\/v2\/media?parent=116727"}],"wp:term":[{"taxonomy":"product_brand","embeddable":true,"href":"https:\/\/soydeaqui.ddns.net\/pachuca\/index.php\/wp-json\/wp\/v2\/product_brand?post=116727"},{"taxonomy":"product_cat","embeddable":true,"href":"https:\/\/soydeaqui.ddns.net\/pachuca\/index.php\/wp-json\/wp\/v2\/product_cat?post=116727"},{"taxonomy":"product_tag","embeddable":true,"href":"https:\/\/soydeaqui.ddns.net\/pachuca\/index.php\/wp-json\/wp\/v2\/product_tag?post=116727"}],"curies":[{"name":"wp","href":"https:\/\/api.w.org\/{rel}","templated":true}]}}