{"id":116723,"date":"2026-03-24T02:36:13","date_gmt":"2026-03-24T02:36:13","guid":{"rendered":"https:\/\/soydeaqui.ddns.net\/pachuca\/index.php\/producto\/switch-administrable-l2-de-16-puertos-poe-y-2-puertos-compartidos-gigabit-tp-sfp\/"},"modified":"2026-03-24T02:36:16","modified_gmt":"2026-03-24T02:36:16","slug":"switch-administrable-l2-de-16-puertos-poe-y-2-puertos-compartidos-gigabit-tp-sfp","status":"publish","type":"product","link":"https:\/\/soydeaqui.ddns.net\/pachuca\/index.php\/producto\/switch-administrable-l2-de-16-puertos-poe-y-2-puertos-compartidos-gigabit-tp-sfp\/","title":{"rendered":"Switch Administrable L2 de 16 Puertos PoE+ y 2 Puertos Compartidos Gigabit TP\/SFP"},"content":{"rendered":"<div style='width: 100%; max-width: 1200px; margin: 0 auto; font-family: sans-serif; line-height: 1.6; color: inherit; background-color: transparent;'>\n<div style='display: flex; flex-wrap: wrap; gap: 30px; margin-bottom: 30px;'>\n<div style='flex: 1 1 300px; min-width: 280px;'>\n<h3 style='font-size: 22px; border-bottom: 2px solid currentColor; padding-bottom: 5px; margin-top: 0; color: inherit; opacity: 0.8;'>Puertos<\/h3>\n<ul style='padding-left: 20px; font-size: 15px; color: inherit;'>\n<li style='margin-bottom: 5px;'>16 Puertos HighPoE 10\/100BaseT<\/li>\n<li style='margin-bottom: 5px;'>2 Puertos 100 Base X\/1000Base compartidos (puertos 17-18)<\/li>\n<li style='margin-bottom: 5px;'>Compatible con High PoE 802.3at hasta 30W por puerto<\/li>\n<li style='margin-bottom: 5px;'>Throughput: 5.35Mpps @ 64Bytes<\/li>\n<\/ul><\/div>\n<div style='flex: 1 1 300px; min-width: 280px;'>\n<h3 style='font-size: 22px; border-bottom: 2px solid currentColor; padding-bottom: 5px; margin-top: 0; color: inherit; opacity: 0.8;'>Protecci\u00f3n<\/h3>\n<ul style='padding-left: 20px; font-size: 15px; color: inherit;'>\n<li style='margin-bottom: 5px;'>Auto detecta dispositivos PoE 802.3af&comma; protege los equipos de da\u00f1os por mala instalaci\u00f3n<\/li>\n<li style='margin-bottom: 5px;'>Protecci\u00f3n de Circuito que previene interferencia entre puertos<\/li>\n<\/ul><\/div>\n<div style='flex: 1 1 300px; min-width: 280px;'>\n<h3 style='font-size: 22px; border-bottom: 2px solid currentColor; padding-bottom: 5px; margin-top: 0; color: inherit; opacity: 0.8;'>Administraci\u00f3n<\/h3>\n<ul style='padding-left: 20px; font-size: 15px; color: inherit;'>\n<li style='margin-bottom: 5px;'>Administraci\u00f3n por Interfaz Web<\/li>\n<li style='margin-bottom: 5px;'>Monitoreo por SNMP v1<\/li>\n<li style='margin-bottom: 5px;'>Bot\u00f3n de reset para restaurar valores de f\u00e1brica<\/li>\n<\/ul><\/div>\n<div style='flex: 1 1 300px; min-width: 280px;'>\n<h3 style='font-size: 22px; border-bottom: 2px solid currentColor; padding-bottom: 5px; margin-top: 0; color: inherit; opacity: 0.8;'>Caracter\u00edsticas Capa 2<\/h3>\n<ul style='padding-left: 20px; font-size: 15px; color: inherit;'>\n<li style='margin-bottom: 5px;'>Soporta VLANs&comma; Broadcast Storm Control&comma; Link Aggregation&comma; Spanning Tree Protocol&comma; Quality of Service<\/li>\n<li style='margin-bottom: 5px;'>Multicast&comma; Port Mirroring<\/li>\n<li style='margin-bottom: 5px;'>Auto-Negociaci\u00f3n Full\/Half Duplex<\/li>\n<li style='margin-bottom: 5px;'>Auto-Detecci\u00f3n MDI\/MDI-X para cada puerto RJ45<\/li>\n<li style='margin-bottom: 5px;'>Arquitectura Store and Forward de Alto Rendimiento<\/li>\n<\/ul><\/div>\n<div style='flex: 1 1 300px; min-width: 280px;'>\n<h3 style='font-size: 22px; border-bottom: 2px solid currentColor; padding-bottom: 5px; margin-top: 0; color: inherit; opacity: 0.8;'>Caracter\u00edsticas F\u00edsicas y El\u00e9ctricas<\/h3>\n<ul style='padding-left: 20px; font-size: 15px; color: inherit;'>\n<li style='margin-bottom: 5px;'>Alimentaci\u00f3n: 100-240VCA @ 240W<\/li>\n<li style='margin-bottom: 5px;'>Potencia Total: 220W<\/li>\n<li style='margin-bottom: 5px;'>Dimensiones: 1U Rack&comma; 440 x 200 x 44.5 mm<\/li>\n<li style='margin-bottom: 5px;'>Peso: 2.55Kg<\/li>\n<li style='margin-bottom: 5px;'>Temperatura de Operaci\u00f3n: 0 a 50\u00b0C<\/li>\n<\/ul><\/div>\n<div style='flex: 1 1 300px; min-width: 280px;'>\n<h3 style='font-size: 22px; border-bottom: 2px solid currentColor; padding-bottom: 5px; margin-top: 0; color: inherit; opacity: 0.8;'>Garant\u00eda<\/h3>\n<ul style='padding-left: 20px; font-size: 15px; color: inherit;'>\n<li style='margin-bottom: 5px;'>3 a\u00f1os de garant\u00eda<\/li>\n<\/ul><\/div>\n<\/p><\/div>\n<div style='display: flex; justify-content: center; margin: 30px 0;'> <img style='width: 100%; height: auto; border: 1px solid rgba(150&comma;150&comma;150&comma;0.3); border-radius: 8px; max-width: 600px;' src='http:\/\/ftp3.syscom.mx\/usuarios\/despinoza\/planet\/FGSW-1816HPS-2.gif' alt='FGSW1816HPS'> <\/div>\n<\/p><\/div>\n","protected":false},"excerpt":{"rendered":"<p>Switch Administrable L2 de 16 Puertos PoE+ y 2 Puertos Compartidos Gigabit TP\/SFP<\/p>\n","protected":false},"featured_media":116722,"comment_status":"open","ping_status":"closed","template":"","meta":[],"product_brand":[],"product_cat":[1986],"product_tag":[664,2033,1987],"class_list":{"0":"post-116723","1":"product","2":"type-product","3":"status-publish","4":"has-post-thumbnail","6":"product_cat-switches-poe","7":"product_tag-networking","8":"product_tag-planet","9":"product_tag-switches-poe","11":"first","12":"outofstock","13":"sale","14":"shipping-taxable","15":"purchasable","16":"product-type-simple"},"_links":{"self":[{"href":"https:\/\/soydeaqui.ddns.net\/pachuca\/index.php\/wp-json\/wp\/v2\/product\/116723","targetHints":{"allow":["GET"]}}],"collection":[{"href":"https:\/\/soydeaqui.ddns.net\/pachuca\/index.php\/wp-json\/wp\/v2\/product"}],"about":[{"href":"https:\/\/soydeaqui.ddns.net\/pachuca\/index.php\/wp-json\/wp\/v2\/types\/product"}],"replies":[{"embeddable":true,"href":"https:\/\/soydeaqui.ddns.net\/pachuca\/index.php\/wp-json\/wp\/v2\/comments?post=116723"}],"wp:featuredmedia":[{"embeddable":true,"href":"https:\/\/soydeaqui.ddns.net\/pachuca\/index.php\/wp-json\/wp\/v2\/media\/116722"}],"wp:attachment":[{"href":"https:\/\/soydeaqui.ddns.net\/pachuca\/index.php\/wp-json\/wp\/v2\/media?parent=116723"}],"wp:term":[{"taxonomy":"product_brand","embeddable":true,"href":"https:\/\/soydeaqui.ddns.net\/pachuca\/index.php\/wp-json\/wp\/v2\/product_brand?post=116723"},{"taxonomy":"product_cat","embeddable":true,"href":"https:\/\/soydeaqui.ddns.net\/pachuca\/index.php\/wp-json\/wp\/v2\/product_cat?post=116723"},{"taxonomy":"product_tag","embeddable":true,"href":"https:\/\/soydeaqui.ddns.net\/pachuca\/index.php\/wp-json\/wp\/v2\/product_tag?post=116723"}],"curies":[{"name":"wp","href":"https:\/\/api.w.org\/{rel}","templated":true}]}}