{"id":116708,"date":"2026-03-24T02:35:25","date_gmt":"2026-03-24T02:35:25","guid":{"rendered":"https:\/\/soydeaqui.ddns.net\/pachuca\/index.php\/producto\/switch-industrial-temperatura-de-operacion-40-a-75oc-4-puertos-poe-10-100-1-puerto-100base-fx\/"},"modified":"2026-03-24T02:35:34","modified_gmt":"2026-03-24T02:35:34","slug":"switch-industrial-temperatura-de-operacion-40-a-75oc-4-puertos-poe-10-100-1-puerto-100base-fx","status":"publish","type":"product","link":"https:\/\/soydeaqui.ddns.net\/pachuca\/index.php\/producto\/switch-industrial-temperatura-de-operacion-40-a-75oc-4-puertos-poe-10-100-1-puerto-100base-fx\/","title":{"rendered":"Switch industrial, Temperatura de Operaci\u00f3n: -40 a 75\u00baC, 4 puertos PoE 10\/100 + 1 Puerto 100Base-FX"},"content":{"rendered":"<div style='width: 100%; max-width: 1200px; margin: 0 auto; font-family: sans-serif; line-height: 1.6; color: inherit; background-color: transparent;'> <!-- Banner principal --> <\/p>\n<div style='margin-bottom: 30px;'> <img style='width: 100%; height: auto; border: 1px solid rgba(150&comma;150&comma;150&comma;0.3); border-radius: 8px;' src='https:\/\/ftp3.syscom.mx\/usuarios\/fotos\/ISW514PTF\/73562-banner_isw-514ptf.png' alt=''> <\/div>\n<p> <!-- Descripci\u00f3n principal --> <\/p>\n<div style='margin-bottom: 30px;'>\n<p>El Switch Ethernet industrial est\u00e1 dise\u00f1ado para transmitir energ\u00eda y datos a trav\u00e9s de un solo cable Ethernet a dispositivos remotos habilitados para PoE y funciona de manera confiable en entornos industriales pesados. La serie ISW-514PT proporciona cuatro puertos de cobre de 10\/100Mbps que admiten el inyector Power over Ethernet IEEE 802.3af y una interfaz de fibra \u00f3ptica 100Base-FX entregada en un estuche resistente IP-30.<\/p>\n<p>Con una potencia de hasta 15&comma;4 vatios por puerto para cualquier dispositivo remoto (IEEE 802.3af)&comma; como las c\u00e1maras IP PoE y el punto de acceso LAN inal\u00e1mbrico PoE&comma; la serie ISW-514PT es una soluci\u00f3n ideal para implementar el sistema de vigilancia y el servicio inal\u00e1mbrico en ambientes con amplio rango de temperatura.<\/p>\n<\/p><\/div>\n<p> <!-- Secci\u00f3n de caracter\u00edsticas --> <\/p>\n<div style='display: flex; flex-wrap: wrap; gap: 30px; margin-bottom: 30px;'>\n<div style='flex: 1 1 300px; min-width: 280px;'>\n<h3 style='font-size: 22px; border-bottom: 2px solid currentColor; padding-bottom: 5px; margin-top: 0; color: inherit; opacity: 0.8;'>Caracter\u00edsticas principales<\/h3>\n<ul style='padding-left: 20px; font-size: 15px; color: inherit;'>\n<li style='margin-bottom: 5px;'>Soporta IEEE 802.3af Power over Ethernet<\/li>\n<li style='margin-bottom: 5px;'>Puerto de fibra \u00f3ptica 100Base-FX<\/li>\n<li style='margin-bottom: 5px;'>Rango de temperatura: -40 a 75\u00b0C<\/li>\n<li style='margin-bottom: 5px;'>Dise\u00f1o industrial con protecci\u00f3n IP30<\/li>\n<li style='margin-bottom: 5px;'>Alimentaci\u00f3n 24VCC o 48VCC con redundancia<\/li>\n<\/ul><\/div>\n<div style='flex: 1 1 300px; min-width: 280px;'>\n<h3 style='font-size: 22px; border-bottom: 2px solid currentColor; padding-bottom: 5px; margin-top: 0; color: inherit; opacity: 0.8;'>Caracter\u00edsticas t\u00e9cnicas<\/h3>\n<ul style='padding-left: 20px; font-size: 15px; color: inherit;'>\n<li style='margin-bottom: 5px;'>Velocidad de conmutaci\u00f3n: 1 Gbps<\/li>\n<li style='margin-bottom: 5px;'>Tama\u00f1o de la tabla MAC: 2K<\/li>\n<li style='margin-bottom: 5px;'>Arquitectura Store and Forward<\/li>\n<li style='margin-bottom: 5px;'>Soporta auto-MDI\/MDI-X<\/li>\n<li style='margin-bottom: 5px;'>Detecci\u00f3n autom\u00e1tica 10\/100 Mbps<\/li>\n<\/ul><\/div>\n<\/p><\/div>\n<p> <!-- Secci\u00f3n de PoE --> <\/p>\n<div style='margin-bottom: 30px;'>\n<h3 style='font-size: 22px; border-bottom: 2px solid currentColor; padding-bottom: 5px; margin-top: 0; color: inherit; opacity: 0.8;'>Alimentaci\u00f3n Power over Ethernet<\/h3>\n<p>La funci\u00f3n PoE se admite con m\u00e1s frecuencia en los dispositivos Ethernet industriales para un funcionamiento eficiente en entornos hostiles. La alimentaci\u00f3n en l\u00ednea de la serie ISW-514PT sigue el est\u00e1ndar IEEE 802.3af y permite suministrar alimentaci\u00f3n a 4 dispositivos compatibles con PoE a una distancia de hasta 100 metros a trav\u00e9s del cable UTP Cat 5\/5e de 4 pares.<\/p>\n<p>Con datos y energ\u00eda sobre Ethernet desde una sola unidad&comma; la serie ISW-514PT puede reducir el despliegue de cables y elimina la necesidad de tomas el\u00e9ctricas dedicadas en la pared&comma; el techo o cualquier lugar inalcanzable. Un cable que transporta datos y energ\u00eda reduce los costos de instalaci\u00f3n&comma; simplifica el esfuerzo de instalaci\u00f3n y elimina la necesidad de electricistas o cables de extensi\u00f3n.<\/p>\n<\/p><\/div>\n<p> <!-- Secci\u00f3n de fibra \u00f3ptica --> <\/p>\n<div style='margin-bottom: 30px;'>\n<h3 style='font-size: 22px; border-bottom: 2px solid currentColor; padding-bottom: 5px; margin-top: 0; color: inherit; opacity: 0.8;'>Puerto de fibra \u00f3ptica 100Base-FX<\/h3>\n<p>La serie ISW-514PT est\u00e1 equipada con un puerto 100Base-FX que brinda m\u00e1s flexibilidad para el transporte&comma; manufactura&comma; seguridad y vigilancia en la extensi\u00f3n de distancia sin ninguna limitaci\u00f3n. La serie ISW-514PT ofrece una arquitectura de conmutaci\u00f3n de alto rendimiento:<\/p>\n<ul style='padding-left: 20px; font-size: 15px; color: inherit;'>\n<li style='margin-bottom: 5px;'><strong>Modelo ISW-514PTF:<\/strong> 4 puertos UTP a 10\/100Mbps y 1 puerto 100FX (para m\u00f3dulo SFP de modo simple\/multimodo)<\/li>\n<\/ul>\n<p>La capacidad de enlace ascendente de fibra \u00f3ptica convierte a la serie ISW-514PT en un modelo adecuado para el despliegue de redes de larga distancia. Los usuarios pueden elegir el modelo adecuado para el despliegue de la red si es necesario.<\/p>\n<\/p><\/div>\n<p> <!-- Secci\u00f3n de temperatura --> <\/p>\n<div style='margin-bottom: 30px;'>\n<h3 style='font-size: 22px; border-bottom: 2px solid currentColor; padding-bottom: 5px; margin-top: 0; color: inherit; opacity: 0.8;'>Rango de temperatura ampliado<\/h3>\n<p>La serie ISW-514PT proporciona un alto nivel de inmunidad contra la interferencia electromagn\u00e9tica y las fuertes sobrecargas el\u00e9ctricas que se encuentran generalmente en los pisos de las plantas o en los gabinetes de control de tr\u00e1fico en la acera. Al poder operar en un amplio rango de temperaturas de -40 a 75 grados C&comma; la serie ISW-514PT se puede colocar en casi cualquier entorno dif\u00edcil.<\/p>\n<p>Tambi\u00e9n ofrece entradas de alimentaci\u00f3n de polaridad reversible de 24 VCC o 48 VCC con redundancia doble para aplicaciones de alta disponibilidad que requieren fuentes de alimentaci\u00f3n de respaldo.<\/p>\n<\/p><\/div>\n<p> <!-- Secci\u00f3n de rendimiento --> <\/p>\n<div style='margin-bottom: 30px;'>\n<h3 style='font-size: 22px; border-bottom: 2px solid currentColor; padding-bottom: 5px; margin-top: 0; color: inherit; opacity: 0.8;'>Rendimiento del switch<\/h3>\n<p>La serie ISW-514PT proporciona un rendimiento de interruptor sin bloqueo&comma; con velocidad de cable de hasta 1 Gbps y la tabla de direcciones MAC de 2K. Tambi\u00e9n realiza la transferencia de paquetes a velocidad de cable sin riesgo de p\u00e9rdida de paquetes y la funci\u00f3n de control de flujo est\u00e1 habilitada de forma predeterminada para proporcionar una transferencia de datos r\u00e1pida y confiable.<\/p>\n<p>Todas las interfaces de cobre RJ-45 son compatibles con la autonegociaci\u00f3n a 10\/100Mbps para una detecci\u00f3n de velocidad \u00f3ptima a trav\u00e9s del cable RJ-45 Categor\u00eda 3&comma; 4&comma; 5&comma; 5e o 6. El soporte est\u00e1ndar de auto-MDI\/MDI-X puede detectar el tipo de conexi\u00f3n a cualquier dispositivo Ethernet sin requerir cables rectos o cruzados especiales.<\/p>\n<\/p><\/div>\n<p> <!-- Secci\u00f3n de aplicaciones --> <\/p>\n<div style='margin-bottom: 30px;'>\n<h3 style='font-size: 22px; border-bottom: 2px solid currentColor; padding-bottom: 5px; margin-top: 0; color: inherit; opacity: 0.8;'>Aplicaciones<\/h3>\n<p>El ISW-514PTF ofrece hasta 4 interfaces PoE&comma; puede construir f\u00e1cilmente un sistema de tel\u00e9fono IP con control central&comma; sistema de c\u00e1mara IP o AP inal\u00e1mbrico Grupo para la red industrial. Por ejemplo&comma; se pueden instalar f\u00e1cilmente 4 c\u00e1maras o puntos de acceso inal\u00e1mbricos a la vuelta de la esquina en el entorno industrial para satisfacer las demandas de vigilancia o para una red inal\u00e1mbrica de roaming. Sin la limitaci\u00f3n de la toma de corriente&comma; la serie ISW-514PT hace que la instalaci\u00f3n de c\u00e1maras IP o WLAN AP sea m\u00e1s f\u00e1cil y eficiente.<\/p>\n<\/p><\/div>\n<p> <!-- Especificaciones t\u00e9cnicas --> <\/p>\n<div style='display: flex; flex-wrap: wrap; gap: 20px; margin-bottom: 30px;'>\n<div style='flex: 1 1 250px; border: 1px solid rgba(150&comma; 150&comma; 150&comma; 0.4); border-radius: 8px; overflow: hidden; display: flex; flex-direction: column;'>\n<div style='padding: 15px; border-bottom: 1px solid rgba(150&comma; 150&comma; 150&comma; 0.2); font-weight: bold; font-size: 18px; color: inherit;'>Puertos<\/div>\n<div style='padding: 15px; color: inherit;'>\n<ul style='padding-left: 20px; margin: 0; font-size: 14px; list-style-type: disc;'>\n<li style='margin-bottom: 5px;'>4 Puertos 10\/100BaseT<\/li>\n<li style='margin-bottom: 5px;'>1 Puerto 100Base-FX<\/li>\n<\/ul><\/div>\n<\/p><\/div>\n<div style='flex: 1 1 250px; border: 1px solid rgba(150&comma; 150&comma; 150&comma; 0.4); border-radius: 8px; overflow: hidden; display: flex; flex-direction: column;'>\n<div style='padding: 15px; border-bottom: 1px solid rgba(150&comma; 150&comma; 150&comma; 0.2); font-weight: bold; font-size: 18px; color: inherit;'>Caracter\u00edsticas<\/div>\n<div style='padding: 15px; color: inherit;'>\n<ul style='padding-left: 20px; margin: 0; font-size: 14px; list-style-type: disc;'>\n<li style='margin-bottom: 5px;'>Auto-Negociaci\u00f3n Half\/Full Duplex 10Base-T \/ 100Base-TX<\/li>\n<li style='margin-bottom: 5px;'>Protecci\u00f3n IP30<\/li>\n<li style='margin-bottom: 5px;'>Run\/CRC elimina paquetes err\u00f3neos<\/li>\n<li style='margin-bottom: 5px;'>Arquitectura Store and Forward<\/li>\n<\/ul><\/div>\n<\/p><\/div>\n<div style='flex: 1 1 250px; border: 1px solid rgba(150&comma; 150&comma; 150&comma; 0.4); border-radius: 8px; overflow: hidden; display: flex; flex-direction: column;'>\n<div style='padding: 15px; border-bottom: 1px solid rgba(150&comma; 150&comma; 150&comma; 0.2); font-weight: bold; font-size: 18px; color: inherit;'>Capa 2<\/div>\n<div style='padding: 15px; color: inherit;'>\n<ul style='padding-left: 20px; margin: 0; font-size: 14px; list-style-type: disc;'>\n<li style='margin-bottom: 5px;'>Cumple con est\u00e1ndares 802.3&comma; 802.3u&comma; 802.3x<\/li>\n<li style='margin-bottom: 5px;'>Prevenci\u00f3n de p\u00e9rdida de paquetes<\/li>\n<li style='margin-bottom: 5px;'>Fuente redundante con polaridad inversa<\/li>\n<\/ul><\/div>\n<\/p><\/div>\n<div style='flex: 1 1 250px; border: 1px solid rgba(150&comma; 150&comma; 150&comma; 0.4); border-radius: 8px; overflow: hidden; display: flex; flex-direction: column;'>\n<div style='padding: 15px; border-bottom: 1px solid rgba(150&comma; 150&comma; 150&comma; 0.2); font-weight: bold; font-size: 18px; color: inherit;'>Especificaciones f\u00edsicas<\/div>\n<div style='padding: 15px; color: inherit;'>\n<ul style='padding-left: 20px; margin: 0; font-size: 14px; list-style-type: disc;'>\n<li style='margin-bottom: 5px;'><strong>Alimentaci\u00f3n:<\/strong> 24 o 48 VCC&comma; redundante (no incluye fuentes)<\/li>\n<li style='margin-bottom: 5px;'><strong>Dimensiones:<\/strong> 135 x 87.8 x 56 mm<\/li>\n<li style='margin-bottom: 5px;'><strong>Peso:<\/strong> 842g<\/li>\n<li style='margin-bottom: 5px;'><strong>Temperatura:<\/strong> -40 a 75\u00b0C<\/li>\n<\/ul><\/div>\n<\/p><\/div>\n<\/p><\/div>\n<p> <!-- Im\u00e1genes adicionales --> <\/p>\n<div style='display: flex; flex-wrap: wrap; gap: 15px; margin-bottom: 30px;'>\n<div style='flex: 1 1 400px; min-width: 300px;'> <img style='width: 100%; height: auto; border: 1px solid rgba(150&comma;150&comma;150&comma;0.3); border-radius: 8px;' src='http:\/\/ftp3.syscom.mx\/usuarios\/despinoza\/planet\/ISW-5xxPTF.gif' alt='ISW514PTF'> <\/div>\n<div style='flex: 1 1 250px; min-width: 200px;'> <img style='width: 100%; height: auto; border: 1px solid rgba(150&comma;150&comma;150&comma;0.3); border-radius: 8px;' src='http:\/\/ftp3.syscom.mx\/usuarios\/fotos\/ISW514PTF\/ISW514PTF_1.png' alt=''> <\/div>\n<div style='flex: 1 1 250px; min-width: 200px;'> <img style='width: 100%; height: auto; border: 1px solid rgba(150&comma;150&comma;150&comma;0.3); border-radius: 8px;' src='http:\/\/ftp3.syscom.mx\/usuarios\/fotos\/ISW514PTF\/ISW514PTF_2.png' alt=''> <\/div>\n<div style='flex: 1 1 250px; min-width: 200px;'> <img style='width: 100%; height: auto; border: 1px solid rgba(150&comma;150&comma;150&comma;0.3); border-radius: 8px;' src='https:\/\/ftp3.syscom.mx\/usuarios\/fotos\/ISW514PTF\/73562-garantia3.png' alt=''> <\/div>\n<\/p><\/div>\n<p> <!-- Separador final --> <\/p>\n<hr style='border: 0; border-top: 1px solid rgba(150&comma; 150&comma; 150&comma; 0.3); margin: 30px 0;'> <\/div>\n","protected":false},"excerpt":{"rendered":"<p>Switch industrial, Temperatura de Operaci\u00f3n: -40 a 75\u00baC, 4 puertos PoE 10\/100 + 1 Puerto 100Base-FX<\/p>\n","protected":false},"featured_media":116707,"comment_status":"open","ping_status":"closed","template":"","meta":[],"product_brand":[],"product_cat":[1970],"product_tag":[664,2033,1971],"class_list":{"0":"post-116708","1":"product","2":"type-product","3":"status-publish","4":"has-post-thumbnail","6":"product_cat-switches","7":"product_tag-networking","8":"product_tag-planet","9":"product_tag-switches","11":"first","12":"instock","13":"sale","14":"shipping-taxable","15":"purchasable","16":"product-type-simple"},"_links":{"self":[{"href":"https:\/\/soydeaqui.ddns.net\/pachuca\/index.php\/wp-json\/wp\/v2\/product\/116708","targetHints":{"allow":["GET"]}}],"collection":[{"href":"https:\/\/soydeaqui.ddns.net\/pachuca\/index.php\/wp-json\/wp\/v2\/product"}],"about":[{"href":"https:\/\/soydeaqui.ddns.net\/pachuca\/index.php\/wp-json\/wp\/v2\/types\/product"}],"replies":[{"embeddable":true,"href":"https:\/\/soydeaqui.ddns.net\/pachuca\/index.php\/wp-json\/wp\/v2\/comments?post=116708"}],"wp:featuredmedia":[{"embeddable":true,"href":"https:\/\/soydeaqui.ddns.net\/pachuca\/index.php\/wp-json\/wp\/v2\/media\/116707"}],"wp:attachment":[{"href":"https:\/\/soydeaqui.ddns.net\/pachuca\/index.php\/wp-json\/wp\/v2\/media?parent=116708"}],"wp:term":[{"taxonomy":"product_brand","embeddable":true,"href":"https:\/\/soydeaqui.ddns.net\/pachuca\/index.php\/wp-json\/wp\/v2\/product_brand?post=116708"},{"taxonomy":"product_cat","embeddable":true,"href":"https:\/\/soydeaqui.ddns.net\/pachuca\/index.php\/wp-json\/wp\/v2\/product_cat?post=116708"},{"taxonomy":"product_tag","embeddable":true,"href":"https:\/\/soydeaqui.ddns.net\/pachuca\/index.php\/wp-json\/wp\/v2\/product_tag?post=116708"}],"curies":[{"name":"wp","href":"https:\/\/api.w.org\/{rel}","templated":true}]}}