{"id":116597,"date":"2026-03-24T02:26:33","date_gmt":"2026-03-24T02:26:33","guid":{"rendered":"https:\/\/soydeaqui.ddns.net\/pachuca\/index.php\/producto\/supresor-de-pico-clase-b-con-voltaje-de-operacion-127-220-vca-3-fases-60-ka\/"},"modified":"2026-03-24T02:27:12","modified_gmt":"2026-03-24T02:27:12","slug":"supresor-de-pico-clase-b-con-voltaje-de-operacion-127-220-vca-3-fases-60-ka","status":"publish","type":"product","link":"https:\/\/soydeaqui.ddns.net\/pachuca\/index.php\/producto\/supresor-de-pico-clase-b-con-voltaje-de-operacion-127-220-vca-3-fases-60-ka\/","title":{"rendered":"Supresor de pico clase B con voltaje de operaci\u00f3n 127\/220 Vca, 3 fases, 60 KA"},"content":{"rendered":"<div style='width: 100%; max-width: 1200px; margin: 0 auto; font-family: sans-serif; line-height: 1.6; color: inherit; background-color: transparent;'> <!-- Imagen principal --> <\/p>\n<div style='margin-bottom: 30px;'> <img style='width: 100%; height: auto; border: 1px solid rgba(150&comma;150&comma;150&comma;0.3); border-radius: 8px;' src='https:\/\/ftp3.syscom.mx\/usuarios\/fotos\/KDALU\/76017-total_ground.jpg' alt=''> <\/div>\n<p> <!-- Contenido principal --> <\/p>\n<div style='display: flex; flex-direction: column; gap: 20px;'>\n<p style='margin: 0; font-size: 15px; color: inherit; text-align: justify;'>Los supresores de transientes SUPRECTOR clase B&comma; est\u00e1n dise\u00f1ados para brindar la mejor protecci\u00f3n a tableros secundarios&comma; especialmente a los de carga cr\u00edtica.<\/p>\n<p style='margin: 0; font-size: 15px; color: inherit; text-align: justify;'>Los supresores marca SUPRECTOR cuentan con tecnolog\u00eda h\u00edbrida que incluye varistores de distintas capacidades acordes a las diferentes necesidades de protecci\u00f3n. Adem\u00e1s&comma; los varistores integran un fusible t\u00e9rmico de alta precisi\u00f3n que en caso de una sobrecorriente abre el circuito&comma; evitando el desprendimiento de llama e impidiendo que el varistor quede en corto. Ofrecen tambi\u00e9n protecci\u00f3n modular para un f\u00e1cil reemplazo&comma; reparaci\u00f3n y crecimiento.<\/p>\n<p style='margin: 0; font-size: 15px; color: inherit; text-align: justify;'>Otra virtud de SUPRECTOR es el circuito de seguimiento de onda&comma; cuya funci\u00f3n es filtrar el ruido que se genera por el corte de voltaje transitorio.<\/p>\n<p> <!-- Secci\u00f3n de aplicaciones --> <\/p>\n<div style='display: flex; flex-direction: column; gap: 15px;'>\n<h3 style='font-size: 22px; border-bottom: 2px solid currentColor; padding-bottom: 5px; margin-top: 0; color: inherit; opacity: 0.8;'>APLICACIONES<\/h3>\n<ul style='padding-left: 20px; font-size: 15px; color: inherit; margin: 0;'>\n<li style='margin-bottom: 5px;'>Los supresores clase B est\u00e1n dise\u00f1ados para brindar protecci\u00f3n en tableros secundarios o de distribuci\u00f3n.<\/li>\n<\/ul><\/div>\n<p> <!-- Secci\u00f3n de caracter\u00edsticas --> <\/p>\n<div style='display: flex; flex-direction: column; gap: 15px;'>\n<h3 style='font-size: 22px; border-bottom: 2px solid currentColor; padding-bottom: 5px; margin-top: 0; color: inherit; opacity: 0.8;'>CARACTER\u00cdSTICAS<\/h3>\n<ul style='padding-left: 20px; font-size: 15px; color: inherit; margin: 0;'>\n<li style='margin-bottom: 5px;'><strong>Gabinete:<\/strong> Acero NEMA 4<\/li>\n<li style='margin-bottom: 5px;'><strong>Dimensiones:<\/strong> 30 x 20 x 12 cm<\/li>\n<li style='margin-bottom: 5px;'><strong>Voltajes de Operaci\u00f3n:<\/strong> 127\/220 Vca<\/li>\n<li style='margin-bottom: 5px;'><strong>Capacidad:<\/strong> 60 KA<\/li>\n<li style='margin-bottom: 5px;'><strong>Fases:<\/strong> 3<\/li>\n<li style='margin-bottom: 5px;'><strong>Hilos:<\/strong> 5<\/li>\n<li style='margin-bottom: 5px;'><strong>Modos de Protecci\u00f3n:<\/strong><\/li>\n<\/ul>\n<ul style='padding-left: 40px; font-size: 15px; color: inherit; margin: 0;'>\n<li style='margin-bottom: 5px;'>L\u00ednea-Neutro (L-N)<\/li>\n<li style='margin-bottom: 5px;'>L\u00ednea-Tierra (L-G)<\/li>\n<li style='margin-bottom: 5px;'>Neutro-Tierra (N-G)<\/li>\n<li style='margin-bottom: 5px;'>L\u00ednea-L\u00ednea (L-L) (Bajo Pedido)<\/li>\n<\/ul><\/div>\n<p> <!-- Secci\u00f3n de garant\u00eda --> <\/p>\n<div style='display: flex; flex-direction: column; gap: 15px;'>\n<h3 style='font-size: 22px; border-bottom: 2px solid currentColor; padding-bottom: 5px; margin-top: 0; color: inherit; opacity: 0.8;'>GARANT\u00cdA<\/h3>\n<p style='margin: 0; font-size: 15px; color: inherit;'>5 a\u00f1os.<\/p>\n<\/p><\/div>\n<p> <!-- Secci\u00f3n de diagn\u00f3stico --> <\/p>\n<div style='display: flex; flex-direction: column; gap: 15px;'>\n<h3 style='font-size: 22px; border-bottom: 2px solid currentColor; padding-bottom: 5px; margin-top: 0; color: inherit; opacity: 0.8;'>DIAGN\u00d3STICO DE OPERACI\u00d3N<\/h3>\n<ul style='padding-left: 20px; font-size: 15px; color: inherit; margin: 0;'>\n<li style='margin-bottom: 5px;'><span style='color: #27ae60;'><strong>VERDE<\/strong><\/span> = PROTEGIDO<\/li>\n<li style='margin-bottom: 5px;'><span style='color: #c0392b;'><strong>ROJO<\/strong><\/span> = DESPROTEGIDO<\/li>\n<li style='margin-bottom: 5px;'><strong>LED(s) apagado(s)<\/strong> = DESCONECTADO. Reemplazar el m\u00f3dulo del supresor despu\u00e9s de haber revisado el voltaje de l\u00ednea y el diagrama de instalaci\u00f3n.<\/li>\n<\/ul><\/div>\n<p> <!-- Secci\u00f3n de recomendaciones --> <\/p>\n<div style='display: flex; flex-direction: column; gap: 15px;'>\n<h3 style='font-size: 22px; border-bottom: 2px solid currentColor; padding-bottom: 5px; margin-top: 0; color: inherit; opacity: 0.8;'>Recomendaci\u00f3n de Uso<\/h3>\n<div style='margin-bottom: 30px;'> <img style='width: 100%; height: auto; border: 1px solid rgba(150&comma;150&comma;150&comma;0.3); border-radius: 8px;' src='https:\/\/ftp3.syscom.mx\/usuarios\/fotos\/SUPR1201FBSO\/76131-supresores_tabla_recomendacion_uso_2.png' alt=''> <\/div>\n<p style='margin: 0; font-size: 15px; color: inherit; text-align: justify;'><strong>\u00bfC\u00f3mo Seleccionar un Supresor Clase B Total Ground?<\/strong><\/p>\n<div style='margin-bottom: 30px;'> <img style='width: 100%; height: auto; border: 1px solid rgba(150&comma;150&comma;150&comma;0.3); border-radius: 8px;' src='https:\/\/ftp3.syscom.mx\/usuarios\/fotos\/SUPR1201FBSO\/76131-tabla_voltaje_a_b_c.png' alt=''> <\/div>\n<div style='margin-bottom: 30px;'> <img style='width: 100%; height: auto; border: 1px solid rgba(150&comma;150&comma;150&comma;0.3); border-radius: 8px;' src='https:\/\/ftp3.syscom.mx\/usuarios\/fotos\/SUPR1201FBSO\/76131-supresor_medidad.png' alt=''> <\/div>\n<\/p><\/div>\n<\/p><\/div>\n<\/p><\/div>\n","protected":false},"excerpt":{"rendered":"<p>Supresor de pico clase B con voltaje de operaci\u00f3n 127\/220 Vca, 3 fases, 60 KA<\/p>\n","protected":false},"featured_media":116596,"comment_status":"open","ping_status":"closed","template":"","meta":[],"product_brand":[],"product_cat":[1320],"product_tag":[968,898,635],"class_list":{"0":"post-116597","1":"product","2":"type-product","3":"status-publish","4":"has-post-thumbnail","6":"product_cat-corriente-alterna-proteccion-contra-descargas-videovigilancia","7":"product_tag-corriente-alterna","8":"product_tag-proteccion-contra-descargas","9":"product_tag-total-ground","11":"first","12":"outofstock","13":"sale","14":"shipping-taxable","15":"purchasable","16":"product-type-simple"},"_links":{"self":[{"href":"https:\/\/soydeaqui.ddns.net\/pachuca\/index.php\/wp-json\/wp\/v2\/product\/116597","targetHints":{"allow":["GET"]}}],"collection":[{"href":"https:\/\/soydeaqui.ddns.net\/pachuca\/index.php\/wp-json\/wp\/v2\/product"}],"about":[{"href":"https:\/\/soydeaqui.ddns.net\/pachuca\/index.php\/wp-json\/wp\/v2\/types\/product"}],"replies":[{"embeddable":true,"href":"https:\/\/soydeaqui.ddns.net\/pachuca\/index.php\/wp-json\/wp\/v2\/comments?post=116597"}],"wp:featuredmedia":[{"embeddable":true,"href":"https:\/\/soydeaqui.ddns.net\/pachuca\/index.php\/wp-json\/wp\/v2\/media\/116596"}],"wp:attachment":[{"href":"https:\/\/soydeaqui.ddns.net\/pachuca\/index.php\/wp-json\/wp\/v2\/media?parent=116597"}],"wp:term":[{"taxonomy":"product_brand","embeddable":true,"href":"https:\/\/soydeaqui.ddns.net\/pachuca\/index.php\/wp-json\/wp\/v2\/product_brand?post=116597"},{"taxonomy":"product_cat","embeddable":true,"href":"https:\/\/soydeaqui.ddns.net\/pachuca\/index.php\/wp-json\/wp\/v2\/product_cat?post=116597"},{"taxonomy":"product_tag","embeddable":true,"href":"https:\/\/soydeaqui.ddns.net\/pachuca\/index.php\/wp-json\/wp\/v2\/product_tag?post=116597"}],"curies":[{"name":"wp","href":"https:\/\/api.w.org\/{rel}","templated":true}]}}