{"id":116377,"date":"2026-03-24T02:12:27","date_gmt":"2026-03-24T02:12:27","guid":{"rendered":"https:\/\/soydeaqui.ddns.net\/pachuca\/index.php\/producto\/supresor-de-pico-clase-c-con-voltaje-de-operacion-220-380-vca-2-fases-320-ka\/"},"modified":"2026-03-24T02:12:58","modified_gmt":"2026-03-24T02:12:58","slug":"supresor-de-pico-clase-c-con-voltaje-de-operacion-220-380-vca-2-fases-320-ka","status":"publish","type":"product","link":"https:\/\/soydeaqui.ddns.net\/pachuca\/index.php\/producto\/supresor-de-pico-clase-c-con-voltaje-de-operacion-220-380-vca-2-fases-320-ka\/","title":{"rendered":"Supresor de Pico Clase C con Voltaje de Operaci\u00f3n 220\/380 Vca, 2 Fases, 320 KA"},"content":{"rendered":"<div style='width: 100%; max-width: 1200px; margin: 0 auto; font-family: sans-serif; line-height: 1.6; color: inherit; background-color: transparent;'> <!-- Imagen principal --> <\/p>\n<div style='width: 100%; margin-bottom: 30px;'> <img style='width: 100%; height: auto; border: 1px solid rgba(150&comma;150&comma;150&comma;0.3); border-radius: 8px;' src='https:\/\/ftp3.syscom.mx\/usuarios\/fotos\/KDALU\/76017-total_ground.jpg' alt=''> <\/div>\n<p> <!-- Descripci\u00f3n general --> <\/p>\n<div style='margin-bottom: 30px;'>\n<p style='font-size: 15px; margin-bottom: 15px; color: inherit; text-align: justify;'>Los supresores de transientes SUPRECTOR clase C&comma; est\u00e1n dise\u00f1ados para brindar la mejor protecci\u00f3n a tableros principales&comma; especialmente a los de carga cr\u00edtica.<\/p>\n<p style='font-size: 15px; margin-bottom: 15px; color: inherit; text-align: justify;'>Los supresores marca SUPRECTOR cuentan con tecnolog\u00eda h\u00edbrida que incluye varistores de distintas capacidades acordes a las diferentes necesidades de protecci\u00f3n. Adem\u00e1s&comma; los varistores integran un fusible t\u00e9rmico de alta precisi\u00f3n que en caso de una sobrecorriente abre el circuito&comma; evitando el desprendimiento de llama e impidiendo que el varistor quede en corto. Ofrecen tambi\u00e9n protecci\u00f3n modular para un f\u00e1cil reemplazo&comma; reparaci\u00f3n y crecimiento.<\/p>\n<p style='font-size: 15px; margin-bottom: 15px; color: inherit; text-align: justify;'>Otra virtud de SUPRECTOR es el circuito de seguimiento de onda&comma; cuya funci\u00f3n es filtrar el ruido que se genera por el corte de voltaje transitorio.<\/p>\n<\/p><\/div>\n<p> <!-- Aplicaciones --> <\/p>\n<div style='margin-bottom: 30px;'>\n<h3 style='font-size: 20px; border-bottom: 2px solid currentColor; padding-bottom: 5px; margin-top: 0; color: inherit; opacity: 0.8;'>APLICACIONES<\/h3>\n<p style='font-size: 15px; margin-bottom: 15px; color: inherit; text-align: justify;'>Los supresores clase C est\u00e1n dise\u00f1ados para brindar protecci\u00f3n en tableros principales o de distribuci\u00f3n.<\/p>\n<\/p><\/div>\n<p> <!-- Caracter\u00edsticas --> <\/p>\n<div style='margin-bottom: 30px;'>\n<h3 style='font-size: 20px; border-bottom: 2px solid currentColor; padding-bottom: 5px; margin-top: 0; color: inherit; opacity: 0.8;'>CARACTER\u00cdSTICAS<\/h3>\n<ul style='padding-left: 20px; font-size: 15px; margin-bottom: 20px; color: inherit;'>\n<li style='margin-bottom: 5px;'><strong>Gabinete:<\/strong> De acero NEMA 4<\/li>\n<li style='margin-bottom: 5px;'><strong>Dimensiones:<\/strong> 30 x 20 x 12 cm<\/li>\n<li style='margin-bottom: 5px;'><strong>Voltaje de Operaci\u00f3n:<\/strong> 220\/380 Vca<\/li>\n<li style='margin-bottom: 5px;'><strong>Capacidad:<\/strong> 320 KA<\/li>\n<li style='margin-bottom: 5px;'><strong>Fases:<\/strong> 2<\/li>\n<li style='margin-bottom: 5px;'><strong>hilos:<\/strong> 4<\/li>\n<\/ul><\/div>\n<p> <!-- Modos de Protecci\u00f3n --> <\/p>\n<div style='margin-bottom: 30px;'>\n<h3 style='font-size: 20px; border-bottom: 2px solid currentColor; padding-bottom: 5px; margin-top: 0; color: inherit; opacity: 0.8;'>MODOS DE PROTECCI\u00d3N<\/h3>\n<ul style='padding-left: 20px; font-size: 15px; margin-bottom: 20px; color: inherit;'>\n<li style='margin-bottom: 5px;'>L\u00ednea-Neutro (L-N)<\/li>\n<li style='margin-bottom: 5px;'>L\u00ednea-Tierra (L-G)<\/li>\n<li style='margin-bottom: 5px;'>Neutro-Tierra (N-G)<\/li>\n<li style='margin-bottom: 5px;'>L\u00ednea-L\u00ednea (L-L) (Bajo Pedido)<\/li>\n<\/ul><\/div>\n<p> <!-- Diagn\u00f3stico de operaci\u00f3n --> <\/p>\n<div style='margin-bottom: 30px;'>\n<h3 style='font-size: 20px; border-bottom: 2px solid currentColor; padding-bottom: 5px; margin-top: 0; color: inherit; opacity: 0.8;'>DIAGN\u00d3STICO DE OPERACI\u00d3N<\/h3>\n<ul style='padding-left: 20px; font-size: 15px; margin-bottom: 20px; color: inherit;'>\n<li style='margin-bottom: 5px;'><span style='color: #27ae60;'><strong>VERDE<\/strong><\/span> = PROTEGIDO<\/li>\n<li style='margin-bottom: 5px;'><span style='color: #c0392b;'><strong>ROJO<\/strong><\/span> = DESPROTEGIDO<\/li>\n<li style='margin-bottom: 5px;'>LED(s) apagado(s) = <strong>DESCONECTADO<\/strong>. Reemplazar el m\u00f3dulo del supresor despu\u00e9s de haber revisado el voltaje de l\u00ednea y el diagrama de instalaci\u00f3n.<\/li>\n<\/ul><\/div>\n<p> <!-- Garant\u00eda --> <\/p>\n<div style='margin-bottom: 30px;'>\n<h3 style='font-size: 20px; border-bottom: 2px solid currentColor; padding-bottom: 5px; margin-top: 0; color: inherit; opacity: 0.8;'>GARANT\u00cdA<\/h3>\n<p style='font-size: 15px; color: inherit;'>5 a\u00f1os<\/p>\n<\/p><\/div>\n<p> <!-- Imagen de recomendaci\u00f3n de uso --> <\/p>\n<div style='margin-bottom: 30px;'>\n<h3 style='font-size: 20px; border-bottom: 2px solid currentColor; padding-bottom: 5px; margin-top: 0; color: inherit; opacity: 0.8;'>Recomendaci\u00f3n de Uso<\/h3>\n<p> <img style='width: 100%; height: auto; border: 1px solid rgba(150&comma;150&comma;150&comma;0.3); border-radius: 8px;' src='https:\/\/ftp3.syscom.mx\/usuarios\/fotos\/SUPR2003FC\/76146-supresores_tabla_recomendacion_uso.png' alt=''> <\/div>\n<p> <!-- Im\u00e1genes de selecci\u00f3n de supresor --> <\/p>\n<div style='display: flex; flex-wrap: wrap; gap: 30px; margin-bottom: 30px;'>\n<div style='flex: 1 1 300px; min-width: 280px;'>\n<h3 style='font-size: 20px; border-bottom: 2px solid currentColor; padding-bottom: 5px; margin-top: 0; color: inherit; opacity: 0.8;'>\u00bfC\u00f3mo Seleccionar un Supresor Clase C Total Ground?<\/h3>\n<p> <img style='width: 100%; height: auto; border: 1px solid rgba(150&comma;150&comma;150&comma;0.3); border-radius: 8px;' src='https:\/\/ftp3.syscom.mx\/usuarios\/fotos\/SUPR2003FC\/76146-tabla_voltaje_c.png' alt=''> <\/div>\n<div style='flex: 1 1 300px; min-width: 280px;'>\n<h3 style='font-size: 20px; border-bottom: 2px solid currentColor; padding-bottom: 5px; margin-top: 0; color: inherit; opacity: 0.8;'>Medidas del Supresor<\/h3>\n<p> <img style='width: 100%; height: auto; border: 1px solid rgba(150&comma;150&comma;150&comma;0.3); border-radius: 8px;' src='https:\/\/ftp3.syscom.mx\/usuarios\/fotos\/SUPR2003FC\/76146-supresor_medidad.png' alt=''> <\/div>\n<\/p><\/div>\n<\/p><\/div>\n","protected":false},"excerpt":{"rendered":"<p>Supresor de Pico Clase C con Voltaje de Operaci\u00f3n 220\/380 Vca, 2 Fases, 320 KA<\/p>\n","protected":false},"featured_media":116376,"comment_status":"open","ping_status":"closed","template":"","meta":[],"product_brand":[],"product_cat":[1320],"product_tag":[968,898,635],"class_list":{"0":"post-116377","1":"product","2":"type-product","3":"status-publish","4":"has-post-thumbnail","6":"product_cat-corriente-alterna-proteccion-contra-descargas-videovigilancia","7":"product_tag-corriente-alterna","8":"product_tag-proteccion-contra-descargas","9":"product_tag-total-ground","11":"first","12":"outofstock","13":"sale","14":"shipping-taxable","15":"purchasable","16":"product-type-simple"},"_links":{"self":[{"href":"https:\/\/soydeaqui.ddns.net\/pachuca\/index.php\/wp-json\/wp\/v2\/product\/116377","targetHints":{"allow":["GET"]}}],"collection":[{"href":"https:\/\/soydeaqui.ddns.net\/pachuca\/index.php\/wp-json\/wp\/v2\/product"}],"about":[{"href":"https:\/\/soydeaqui.ddns.net\/pachuca\/index.php\/wp-json\/wp\/v2\/types\/product"}],"replies":[{"embeddable":true,"href":"https:\/\/soydeaqui.ddns.net\/pachuca\/index.php\/wp-json\/wp\/v2\/comments?post=116377"}],"wp:featuredmedia":[{"embeddable":true,"href":"https:\/\/soydeaqui.ddns.net\/pachuca\/index.php\/wp-json\/wp\/v2\/media\/116376"}],"wp:attachment":[{"href":"https:\/\/soydeaqui.ddns.net\/pachuca\/index.php\/wp-json\/wp\/v2\/media?parent=116377"}],"wp:term":[{"taxonomy":"product_brand","embeddable":true,"href":"https:\/\/soydeaqui.ddns.net\/pachuca\/index.php\/wp-json\/wp\/v2\/product_brand?post=116377"},{"taxonomy":"product_cat","embeddable":true,"href":"https:\/\/soydeaqui.ddns.net\/pachuca\/index.php\/wp-json\/wp\/v2\/product_cat?post=116377"},{"taxonomy":"product_tag","embeddable":true,"href":"https:\/\/soydeaqui.ddns.net\/pachuca\/index.php\/wp-json\/wp\/v2\/product_tag?post=116377"}],"curies":[{"name":"wp","href":"https:\/\/api.w.org\/{rel}","templated":true}]}}