{"id":116229,"date":"2026-03-24T02:03:26","date_gmt":"2026-03-24T02:03:26","guid":{"rendered":"https:\/\/soydeaqui.ddns.net\/pachuca\/index.php\/producto\/venta-x-metro-cable-coaxial-rg59-siams-malla-de-cobre-y-aluminio-hecho-en-mxico-optimizado-para-hd-2-hilos-calibre-20\/"},"modified":"2026-03-24T02:03:28","modified_gmt":"2026-03-24T02:03:28","slug":"venta-x-metro-cable-coaxial-rg59-siams-malla-de-cobre-y-aluminio-hecho-en-mxico-optimizado-para-hd-2-hilos-calibre-20","status":"publish","type":"product","link":"https:\/\/soydeaqui.ddns.net\/pachuca\/index.php\/producto\/venta-x-metro-cable-coaxial-rg59-siams-malla-de-cobre-y-aluminio-hecho-en-mxico-optimizado-para-hd-2-hilos-calibre-20\/","title":{"rendered":"( Venta x Metro ) Cable Coaxial RG59 Siam?s, Malla de Cobre y Aluminio, Hecho en M?xico, Optimizado para HD+ 2 Hilos Calibre 20"},"content":{"rendered":"<div style='width: 100%; max-width: 1200px; margin: 0 auto; font-family: sans-serif; line-height: 1.6; color: inherit; background-color: transparent;'>\n<div style='display: flex; flex-wrap: wrap; gap: 30px; margin-bottom: 30px;'>\n<div style='flex: 1 1 300px; min-width: 280px;'>\n<h3 style='font-size: 22px; border-bottom: 2px solid currentColor; padding-bottom: 5px; margin-top: 0; color: inherit; opacity: 0.8;'>Descripci\u00f3n<\/h3>\n<p style='margin-bottom: 15px; font-size: 15px; color: inherit;'>Cable Siam\u00e9s ( Coaxial + Multiconductor )<\/p>\n<p style='margin-bottom: 15px; font-size: 15px; color: inherit;'>Coaxial&comma; conductor de cobre s\u00f3lido&comma; aislamiento de polietileno espumado tipo SFS\u00ae ( Skin Foam Skin )&comma; blindaje electromagn\u00e9tico contra interferencias ( Malla de cobre al 90 % de cobertura)&comma; cubierta de PVC ( Policloruro de vinilo ) con propiedades retardantes a la flama y resistentes a los rayos UV.<\/p>\n<p style='margin-bottom: 15px; font-size: 15px; color: inherit;'>Multiconductor&comma; 2 conductores de aluminio recubierto de cobre ( CCA ) flexible ( Cord\u00f3n )&comma; aislamiento y cubierta de policloruro de Vinilo ( PVC ).<\/p>\n<p style='margin-bottom: 15px; font-size: 15px; color: inherit;'>Aplicaci\u00f3n: Los cables de CCTV de VIAKON\u00ae est\u00e1n dise\u00f1ados para conectar y controlar los sistemas de video vigilancia&comma; tales como: C\u00e1maras An\u00e1logas y Video grabadoras digitales.<\/p>\n<p style='margin-bottom: 15px; font-size: 15px; color: inherit;'><strong>* Precio por metro<\/strong><\/p>\n<\/p><\/div>\n<\/p><\/div>\n<div style='display: flex; flex-wrap: wrap; gap: 20px; margin-bottom: 30px;'>\n<div style='flex: 1 1 250px; border: 1px solid rgba(150&comma; 150&comma; 150&comma; 0.4); border-radius: 8px; overflow: hidden; display: flex; flex-direction: column;'>\n<div style='padding: 15px; border-bottom: 1px solid rgba(150&comma; 150&comma; 150&comma; 0.2); font-weight: bold; font-size: 18px; color: inherit;'>Caracter\u00edstica Especial<\/div>\n<div style='padding: 15px; color: inherit;'>\n<ul style='padding-left: 20px; margin: 0; font-size: 14px; list-style-type: disc;'>\n<li style='margin-bottom: 5px;'>Cubierta resistente a la intemperie ( Rayos UV )<\/li>\n<\/ul><\/div>\n<\/p><\/div>\n<div style='flex: 1 1 250px; border: 1px solid rgba(150&comma; 150&comma; 150&comma; 0.4); border-radius: 8px; overflow: hidden; display: flex; flex-direction: column;'>\n<div style='padding: 15px; border-bottom: 1px solid rgba(150&comma; 150&comma; 150&comma; 0.2); font-weight: bold; font-size: 18px; color: inherit;'>Conductor<\/div>\n<div style='padding: 15px; color: inherit;'>\n<ul style='padding-left: 20px; margin: 0; font-size: 14px; list-style-type: disc;'>\n<li style='margin-bottom: 5px;'><strong>N\u00famero de conductor coaxial:<\/strong> 1<\/li>\n<li style='margin-bottom: 5px;'><strong>Material:<\/strong> Cobre<\/li>\n<li style='margin-bottom: 5px;'><strong>Di\u00e1metro externo nominal:<\/strong> 0.032&#8242;<\/li>\n<\/ul><\/div>\n<\/p><\/div>\n<div style='flex: 1 1 250px; border: 1px solid rgba(150&comma; 150&comma; 150&comma; 0.4); border-radius: 8px; overflow: hidden; display: flex; flex-direction: column;'>\n<div style='padding: 15px; border-bottom: 1px solid rgba(150&comma; 150&comma; 150&comma; 0.2); font-weight: bold; font-size: 18px; color: inherit;'>Aislamiento<\/div>\n<div style='padding: 15px; color: inherit;'>\n<ul style='padding-left: 20px; margin: 0; font-size: 14px; list-style-type: disc;'>\n<li style='margin-bottom: 5px;'><strong>Material:<\/strong> Polietileno Espumado ( SFS )<\/li>\n<li style='margin-bottom: 5px;'><strong>Di\u00e1metro externo nominal:<\/strong> 0.144&#8242;<\/li>\n<\/ul><\/div>\n<\/p><\/div>\n<div style='flex: 1 1 250px; border: 1px solid rgba(150&comma; 150&comma; 150&comma; 0.4); border-radius: 8px; overflow: hidden; display: flex; flex-direction: column;'>\n<div style='padding: 15px; border-bottom: 1px solid rgba(150&comma; 150&comma; 150&comma; 0.2); font-weight: bold; font-size: 18px; color: inherit;'>Blindaje<\/div>\n<div style='padding: 15px; color: inherit;'>\n<ul style='padding-left: 20px; margin: 0; font-size: 14px; list-style-type: disc;'>\n<li style='margin-bottom: 5px;'><strong>Malla:<\/strong> CCA ( Copper Clad Aluminium )<\/li>\n<li style='margin-bottom: 5px;'><strong>Cobertura:<\/strong> 95 %<\/li>\n<\/ul><\/div>\n<\/p><\/div>\n<div style='flex: 1 1 250px; border: 1px solid rgba(150&comma; 150&comma; 150&comma; 0.4); border-radius: 8px; overflow: hidden; display: flex; flex-direction: column;'>\n<div style='padding: 15px; border-bottom: 1px solid rgba(150&comma; 150&comma; 150&comma; 0.2); font-weight: bold; font-size: 18px; color: inherit;'>Cubierta<\/div>\n<div style='padding: 15px; color: inherit;'>\n<ul style='padding-left: 20px; margin: 0; font-size: 14px; list-style-type: disc;'>\n<li style='margin-bottom: 5px;'><strong>Material:<\/strong> FR-PVC<\/li>\n<li style='margin-bottom: 5px;'><strong>Di\u00e1metro externo nominal:<\/strong> 0.237&#8242;<\/li>\n<li style='margin-bottom: 5px;'><strong>Color:<\/strong> Blanco<\/li>\n<\/ul><\/div>\n<\/p><\/div>\n<div style='flex: 1 1 250px; border: 1px solid rgba(150&comma; 150&comma; 150&comma; 0.4); border-radius: 8px; overflow: hidden; display: flex; flex-direction: column;'>\n<div style='padding: 15px; border-bottom: 1px solid rgba(150&comma; 150&comma; 150&comma; 0.2); font-weight: bold; font-size: 18px; color: inherit;'>Especificaciones<\/div>\n<div style='padding: 15px; color: inherit;'>\n<ul style='padding-left: 20px; margin: 0; font-size: 14px; list-style-type: disc;'>\n<li style='margin-bottom: 5px;'><strong>UL444:<\/strong> Cables para Comunicaciones<\/li>\n<li style='margin-bottom: 5px;'><strong>NEC Art\u00edculo 725:<\/strong> Se\u00f1alizaci\u00f3n&comma; control remoto y circuitos de potencia limitada<\/li>\n<li style='margin-bottom: 5px;'><strong>NMX-I-248-NYCE:<\/strong> Cables para telecomunicaciones y cableado estructurado<\/li>\n<\/ul><\/div>\n<\/p><\/div>\n<div style='flex: 1 1 250px; border: 1px solid rgba(150&comma; 150&comma; 150&comma; 0.4); border-radius: 8px; overflow: hidden; display: flex; flex-direction: column;'>\n<div style='padding: 15px; border-bottom: 1px solid rgba(150&comma; 150&comma; 150&comma; 0.2); font-weight: bold; font-size: 18px; color: inherit;'>Aplicaci\u00f3n<\/div>\n<div style='padding: 15px; color: inherit;'>\n<p style='margin: 0; font-size: 14px; color: inherit;'>Aplicaci\u00f3n para env\u00edo de se\u00f1ales de video compuesto&comma; 1 VPP 75 Ohms y alimentaci\u00f3n de 12 Vcc \u00f3 24 VCA a c\u00e1maras fijas. Distancia t\u00edpica de video y alimentaci\u00f3n: 150 mts. Requiere conector BNC para RG59.<\/p>\n<\/p><\/div>\n<\/p><\/div>\n<\/p><\/div>\n<hr style='border: 0; border-top: 1px solid rgba(150&comma; 150&comma; 150&comma; 0.3); margin: 30px 0;'> <\/div>\n","protected":false},"excerpt":{"rendered":"<p>( Venta x Metro ) Cable Coaxial RG59 Siam?s, Malla de Cobre y Aluminio, Hecho en M?xico, Optimizado para HD+ 2 Hilos Calibre 20<\/p>\n","protected":false},"featured_media":116228,"comment_status":"open","ping_status":"closed","template":"","meta":[],"product_brand":[],"product_cat":[2277],"product_tag":[2278,488,242],"class_list":{"0":"post-116229","1":"product","2":"type-product","3":"status-publish","4":"has-post-thumbnail","6":"product_cat-cables-armados-coaxial","7":"product_tag-cables-armados-coaxial","8":"product_tag-cables-y-conectores","9":"product_tag-viakon","11":"first","12":"outofstock","13":"sale","14":"shipping-taxable","15":"purchasable","16":"product-type-simple"},"_links":{"self":[{"href":"https:\/\/soydeaqui.ddns.net\/pachuca\/index.php\/wp-json\/wp\/v2\/product\/116229","targetHints":{"allow":["GET"]}}],"collection":[{"href":"https:\/\/soydeaqui.ddns.net\/pachuca\/index.php\/wp-json\/wp\/v2\/product"}],"about":[{"href":"https:\/\/soydeaqui.ddns.net\/pachuca\/index.php\/wp-json\/wp\/v2\/types\/product"}],"replies":[{"embeddable":true,"href":"https:\/\/soydeaqui.ddns.net\/pachuca\/index.php\/wp-json\/wp\/v2\/comments?post=116229"}],"wp:featuredmedia":[{"embeddable":true,"href":"https:\/\/soydeaqui.ddns.net\/pachuca\/index.php\/wp-json\/wp\/v2\/media\/116228"}],"wp:attachment":[{"href":"https:\/\/soydeaqui.ddns.net\/pachuca\/index.php\/wp-json\/wp\/v2\/media?parent=116229"}],"wp:term":[{"taxonomy":"product_brand","embeddable":true,"href":"https:\/\/soydeaqui.ddns.net\/pachuca\/index.php\/wp-json\/wp\/v2\/product_brand?post=116229"},{"taxonomy":"product_cat","embeddable":true,"href":"https:\/\/soydeaqui.ddns.net\/pachuca\/index.php\/wp-json\/wp\/v2\/product_cat?post=116229"},{"taxonomy":"product_tag","embeddable":true,"href":"https:\/\/soydeaqui.ddns.net\/pachuca\/index.php\/wp-json\/wp\/v2\/product_tag?post=116229"}],"curies":[{"name":"wp","href":"https:\/\/api.w.org\/{rel}","templated":true}]}}