{"id":116227,"date":"2026-03-24T02:03:21","date_gmt":"2026-03-24T02:03:21","guid":{"rendered":"https:\/\/soydeaqui.ddns.net\/pachuca\/index.php\/producto\/bobina-de-305-metros-1000-pies-de-cable-rg59-siams-malla-de-cobre-y-aluminio-cca-hecho-en-mxico-optimizado-para-hd-para-uso-en-intemperie\/"},"modified":"2026-03-24T02:03:23","modified_gmt":"2026-03-24T02:03:23","slug":"bobina-de-305-metros-1000-pies-de-cable-rg59-siams-malla-de-cobre-y-aluminio-cca-hecho-en-mxico-optimizado-para-hd-para-uso-en-intemperie","status":"publish","type":"product","link":"https:\/\/soydeaqui.ddns.net\/pachuca\/index.php\/producto\/bobina-de-305-metros-1000-pies-de-cable-rg59-siams-malla-de-cobre-y-aluminio-cca-hecho-en-mxico-optimizado-para-hd-para-uso-en-intemperie\/","title":{"rendered":"Bobina de 305 Metros (1000 Pies) de Cable RG59 Siam?s, Malla de Cobre y Aluminio, CCA, Hecho en M?xico, Optimizado para HD, Para Uso en Intemperie."},"content":{"rendered":"<div style='width: 100%; max-width: 1200px; margin: 0 auto; font-family: sans-serif; line-height: 1.6; color: inherit; background-color: transparent;'> <!-- Secci\u00f3n de descripci\u00f3n --> <\/p>\n<div style='margin-bottom: 30px;'>\n<h3 style='font-size: 22px; border-bottom: 2px solid currentColor; padding-bottom: 5px; margin-top: 0; color: inherit; opacity: 0.8;'>DESCRIPCI\u00d3N<\/h3>\n<p><strong>Cable Coaxial Siames con un par de conductores de CCA adicionales en calibre 20 AWG.<\/strong><\/p>\n<p>Conductor de cobre solido&comma; aislamiento de polietileno espumado&comma; blindaje electromagn\u00e9tico (Malla de CCA al 90 % de cobertura)&comma; cubierta de PVC (Policloruro de Vinilo) con propiedades Retardantes a la Flama y Resistente a los Rayos UV. Cable Siames Coaxial con un par de conductores de CCA adicionales en calibre 20 AWG.<\/p>\n<\/p><\/div>\n<p> <!-- Secci\u00f3n de aplicaci\u00f3n --> <\/p>\n<div style='margin-bottom: 30px;'>\n<h3 style='font-size: 22px; border-bottom: 2px solid currentColor; padding-bottom: 5px; margin-top: 0; color: inherit; opacity: 0.8;'>APLICACI\u00d3N<\/h3>\n<p>Los cables CCTV Viakon\u00ae est\u00e1n dise\u00f1ados para conectar y controlar los sistemas de video vigilancia&comma; tales como: C\u00e1maras An\u00e1logas y DVR<\/p>\n<ul style='padding-left: 20px; font-size: 15px; color: inherit;'>\n<li style='margin-bottom: 5px;'>Para aplicaci\u00f3n en Intemperie<\/li>\n<\/ul><\/div>\n<p> <!-- Secci\u00f3n de informaci\u00f3n de producto --> <\/p>\n<div style='margin-bottom: 30px;'>\n<h3 style='font-size: 22px; border-bottom: 2px solid currentColor; padding-bottom: 5px; margin-top: 0; color: inherit; opacity: 0.8;'>INFORMACI\u00d3N DE PRODUCTO<\/h3>\n<ul style='padding-left: 20px; font-size: 15px; color: inherit;'>\n<li style='margin-bottom: 5px;'><strong>N\u00famero de conductores:<\/strong> 1<\/li>\n<li style='margin-bottom: 5px;'><strong>Material:<\/strong> Cobre<\/li>\n<li style='margin-bottom: 5px;'><strong>Blindaje:<\/strong> Malla de cobre y aluminio al 90 %<\/li>\n<li style='margin-bottom: 5px;'><strong>Di\u00e1metro externo:<\/strong> 0.44 cm<\/li>\n<li style='margin-bottom: 5px;'><strong>SIAMES:<\/strong> 2 Conductores&comma; 20 AWG<\/li>\n<\/ul><\/div>\n<p> <!-- Secci\u00f3n de certificaciones --> <\/p>\n<div style='margin-bottom: 30px;'>\n<h3 style='font-size: 22px; border-bottom: 2px solid currentColor; padding-bottom: 5px; margin-top: 0; color: inherit; opacity: 0.8;'>CERTIFICACIONES<\/h3>\n<ul style='padding-left: 20px; font-size: 15px; color: inherit;'>\n<li style='margin-bottom: 5px;'>UL 444<\/li>\n<li style='margin-bottom: 5px;'>NEC Art\u00edculo 725<\/li>\n<li style='margin-bottom: 5px;'>NMX-I-248-NYCE<\/li>\n<\/ul><\/div>\n<p> <!-- Secci\u00f3n de informaci\u00f3n adicional --> <\/p>\n<div style='margin-bottom: 30px;'>\n<p style='margin-bottom: 5px;'><strong>* Precio por carrete de 305 mts.<\/strong><\/p>\n<p style='margin-bottom: 5px;'><strong>** Modelo alternativo:<\/strong> RG59-S-CCS<\/p>\n<\/p><\/div>\n<p> <!-- Video de YouTube --> <\/p>\n<div style='position: relative; padding-bottom: 56.25%; height: 0; overflow: hidden; margin-bottom: 30px;'>   <\/div>\n<p> <!-- Separador final --> <\/p>\n<hr style='border: 0; border-top: 1px solid rgba(150&comma; 150&comma; 150&comma; 0.3); margin: 30px 0;'> <\/div>\n","protected":false},"excerpt":{"rendered":"<p>Bobina de 305 Metros (1000 Pies) de Cable RG59 Siam?s, Malla de Cobre y Aluminio, CCA, Hecho en M?xico, Optimizado para HD, Para Uso en Intemperie.<\/p>\n","protected":false},"featured_media":116226,"comment_status":"open","ping_status":"closed","template":"","meta":[],"product_brand":[],"product_cat":[2355],"product_tag":[2356,488,242],"class_list":{"0":"post-116227","1":"product","2":"type-product","3":"status-publish","4":"has-post-thumbnail","6":"product_cat-cable-coaxial-y-conectores","7":"product_tag-cable-coaxial-y-conectores","8":"product_tag-cables-y-conectores","9":"product_tag-viakon","11":"first","12":"instock","13":"sale","14":"shipping-taxable","15":"purchasable","16":"product-type-simple"},"_links":{"self":[{"href":"https:\/\/soydeaqui.ddns.net\/pachuca\/index.php\/wp-json\/wp\/v2\/product\/116227","targetHints":{"allow":["GET"]}}],"collection":[{"href":"https:\/\/soydeaqui.ddns.net\/pachuca\/index.php\/wp-json\/wp\/v2\/product"}],"about":[{"href":"https:\/\/soydeaqui.ddns.net\/pachuca\/index.php\/wp-json\/wp\/v2\/types\/product"}],"replies":[{"embeddable":true,"href":"https:\/\/soydeaqui.ddns.net\/pachuca\/index.php\/wp-json\/wp\/v2\/comments?post=116227"}],"wp:featuredmedia":[{"embeddable":true,"href":"https:\/\/soydeaqui.ddns.net\/pachuca\/index.php\/wp-json\/wp\/v2\/media\/116226"}],"wp:attachment":[{"href":"https:\/\/soydeaqui.ddns.net\/pachuca\/index.php\/wp-json\/wp\/v2\/media?parent=116227"}],"wp:term":[{"taxonomy":"product_brand","embeddable":true,"href":"https:\/\/soydeaqui.ddns.net\/pachuca\/index.php\/wp-json\/wp\/v2\/product_brand?post=116227"},{"taxonomy":"product_cat","embeddable":true,"href":"https:\/\/soydeaqui.ddns.net\/pachuca\/index.php\/wp-json\/wp\/v2\/product_cat?post=116227"},{"taxonomy":"product_tag","embeddable":true,"href":"https:\/\/soydeaqui.ddns.net\/pachuca\/index.php\/wp-json\/wp\/v2\/product_tag?post=116227"}],"curies":[{"name":"wp","href":"https:\/\/api.w.org\/{rel}","templated":true}]}}