{"id":116204,"date":"2026-03-24T02:02:03","date_gmt":"2026-03-24T02:02:03","guid":{"rendered":"https:\/\/soydeaqui.ddns.net\/pachuca\/index.php\/producto\/microfono-omnidireccional-captacion-de-sonido-hasta-5-m-en-cualquier-direccion-compatible-con-todas-las-marcas-de-camaras\/"},"modified":"2026-03-24T02:02:05","modified_gmt":"2026-03-24T02:02:05","slug":"microfono-omnidireccional-captacion-de-sonido-hasta-5-m-en-cualquier-direccion-compatible-con-todas-las-marcas-de-camaras","status":"publish","type":"product","link":"https:\/\/soydeaqui.ddns.net\/pachuca\/index.php\/producto\/microfono-omnidireccional-captacion-de-sonido-hasta-5-m-en-cualquier-direccion-compatible-con-todas-las-marcas-de-camaras\/","title":{"rendered":"Micr\u00f3fono omnidireccional captaci\u00f3n de sonido hasta 5 m en cualquier direcci\u00f3n, compatible con todas las marcas de c\u00e1maras"},"content":{"rendered":"<div style='width: 100%; max-width: 1200px; margin: 0 auto; font-family: sans-serif; line-height: 1.6; color: inherit;'>\n<div style='display: flex; flex-direction: column; gap: 30px;'>\n<div>\n<p>Verifact\u00ae A es un micr\u00f3fono omnidireccional con la capacidad de escuchar hasta dentro de <strong style='color: inherit;'>9 metros<\/strong> di\u00e1metrales. El Verifact A es <strong style='color: inherit;'>f\u00e1cil de montar a cualquier pared o techo<\/strong>. Verifact\u00ae A captura una calidad excepcional de sonido&comma; una amplia respuesta de frecuencia y tiene la durabilidad excepcional gracias a su dise\u00f1o robusto y construcci\u00f3n de pl\u00e1stico de alto impacto. Este micr\u00f3fono es alimentado por 12 Vdc y produce se\u00f1al nivel de l\u00ednea.<\/p>\n<div style='margin-top: 20px;'> <strong style='color: inherit;'>Aplicaciones:<\/strong> <\/p>\n<ul style='padding-left: 20px; margin-top: 10px; color: inherit;'>\n<li style='margin-bottom: 5px;'>En aplicaciones de CCTV.<\/li>\n<li style='margin-bottom: 5px;'>Tiendas de comida r\u00e1pida.<\/li>\n<li style='margin-bottom: 5px;'>Centros de desorden del sue\u00f1o.<\/li>\n<li style='margin-bottom: 5px;'>Laboratorios de terapia.<\/li>\n<li style='margin-bottom: 5px;'>Cuartos de interrogaci\u00f3n.<\/li>\n<li style='margin-bottom: 5px;'>Escuelas&comma; negocios&comma; cajeros.<\/li>\n<li style='margin-bottom: 5px;'>Tiendas departamentales.<\/li>\n<\/ul><\/div>\n<\/p><\/div>\n<div style='display: flex; flex-wrap: wrap; gap: 30px;'>\n<div style='flex: 1 1 300px; min-width: 280px;'>\n<h3 style='font-size: 22px; border-bottom: 2px solid currentColor; padding-bottom: 5px; margin-top: 0; color: inherit; opacity: 0.8;'>Caracter\u00edsticas<\/h3>\n<ul style='padding-left: 20px; font-size: 15px; color: inherit;'>\n<li style='margin-bottom: 5px;'>Captaci\u00f3n de sonidos normales de 3.5 metros de separaci\u00f3n.<\/li>\n<li style='margin-bottom: 5px;'>Compatible con bases e interfaces LOUROE.<\/li>\n<li style='margin-bottom: 5px;'>Cableados hasta de 300 metros respecto a la base e interface.<\/li>\n<li style='margin-bottom: 5px;'>Montajes para cielo \u00f3 superficies planas.<\/li>\n<li style='margin-bottom: 5px;'>Alimentaci\u00f3n a trav\u00e9s de la base o interface.<\/li>\n<\/ul><\/div>\n<div style='flex: 1 1 300px; min-width: 280px;'>\n<h3 style='font-size: 22px; border-bottom: 2px solid currentColor; padding-bottom: 5px; margin-top: 0; color: inherit; opacity: 0.8;'>Especificaciones<\/h3>\n<ul style='padding-left: 20px; font-size: 15px; color: inherit;'>\n<li style='margin-bottom: 5px;'><strong style='color: inherit;'>Tipo:<\/strong> Electro-condensador<\/li>\n<li style='margin-bottom: 5px;'><strong style='color: inherit;'>Salida:<\/strong> Line Level (0dB @ 1k ohm)&comma; sin balaceo.<\/li>\n<li style='margin-bottom: 5px;'><strong style='color: inherit;'>Frecuencia de respuesta:<\/strong> 40 kHz +\/- 1 dB<\/li>\n<li style='margin-bottom: 5px;'><strong style='color: inherit;'>Corriente de operaci\u00f3n:<\/strong> 4 mA<\/li>\n<li style='margin-bottom: 5px;'><strong style='color: inherit;'>Voltaje de operaci\u00f3n:<\/strong> 12 Vcc&comma; 500 mA.<\/li>\n<li style='margin-bottom: 5px;'><strong style='color: inherit;'>Dimensiones:<\/strong> Di\u00e1metro 4\u201d x \u00bd A. Di\u00e1metro 10 cm x 3.8 cm A.<\/li>\n<li style='margin-bottom: 5px;'><strong style='color: inherit;'>Peso:<\/strong> 0.11 kg.<\/li>\n<li style='margin-bottom: 5px;'><strong style='color: inherit;'>Requiere cable:<\/strong> 22&comma; 20 \u00f3 18 AWG blindado&comma; requiere blindado ya que es el m\u00e1s adecuado para las aplicaciones de audio. Modelos sugeridos 9261&comma; TI21.<\/li>\n<\/ul><\/div>\n<\/p><\/div>\n<div style='text-align: center;'> <img style='width: 100%; height: auto; border: 1px solid rgba(150&comma;150&comma;150&comma;0.3); border-radius: 8px;' src='http:\/\/ftp3.syscom.mx\/usuarios\/fotos\/VERIFACTAima\/VERIFACTA1.jpg' alt=''> <\/div>\n<div style='display: flex; flex-wrap: wrap; gap: 20px; justify-content: center;'>\n<div style='position: relative; padding-bottom: 56.25%; height: 0; overflow: hidden; width: 100%; max-width: 560px;'>   <\/div>\n<div style='position: relative; padding-bottom: 56.25%; height: 0; overflow: hidden; width: 100%; max-width: 560px;'>   <\/div>\n<div style='position: relative; padding-bottom: 56.25%; height: 0; overflow: hidden; width: 100%; max-width: 560px;'>   <\/div>\n<div style='position: relative; padding-bottom: 56.25%; height: 0; overflow: hidden; width: 100%; max-width: 560px;'>   <\/div>\n<div style='position: relative; padding-bottom: 56.25%; height: 0; overflow: hidden; width: 100%; max-width: 560px;'>   <\/div>\n<\/p><\/div>\n<\/p><\/div>\n<\/p><\/div>\n","protected":false},"excerpt":{"rendered":"<p>Micr\u00f3fono omnidireccional captaci\u00f3n de sonido hasta 5 m en cualquier direcci\u00f3n, compatible con todas las marcas de c\u00e1maras<\/p>\n","protected":false},"featured_media":116203,"comment_status":"open","ping_status":"closed","template":"","meta":[],"product_brand":[],"product_cat":[2301],"product_tag":[417,975,2302],"class_list":{"0":"post-116204","1":"product","2":"type-product","3":"status-publish","4":"has-post-thumbnail","6":"product_cat-microfonos","7":"product_tag-accesorios-generales","8":"product_tag-louroe-electronics","9":"product_tag-microfonos","11":"first","12":"outofstock","13":"sale","14":"shipping-taxable","15":"purchasable","16":"product-type-simple"},"_links":{"self":[{"href":"https:\/\/soydeaqui.ddns.net\/pachuca\/index.php\/wp-json\/wp\/v2\/product\/116204","targetHints":{"allow":["GET"]}}],"collection":[{"href":"https:\/\/soydeaqui.ddns.net\/pachuca\/index.php\/wp-json\/wp\/v2\/product"}],"about":[{"href":"https:\/\/soydeaqui.ddns.net\/pachuca\/index.php\/wp-json\/wp\/v2\/types\/product"}],"replies":[{"embeddable":true,"href":"https:\/\/soydeaqui.ddns.net\/pachuca\/index.php\/wp-json\/wp\/v2\/comments?post=116204"}],"wp:featuredmedia":[{"embeddable":true,"href":"https:\/\/soydeaqui.ddns.net\/pachuca\/index.php\/wp-json\/wp\/v2\/media\/116203"}],"wp:attachment":[{"href":"https:\/\/soydeaqui.ddns.net\/pachuca\/index.php\/wp-json\/wp\/v2\/media?parent=116204"}],"wp:term":[{"taxonomy":"product_brand","embeddable":true,"href":"https:\/\/soydeaqui.ddns.net\/pachuca\/index.php\/wp-json\/wp\/v2\/product_brand?post=116204"},{"taxonomy":"product_cat","embeddable":true,"href":"https:\/\/soydeaqui.ddns.net\/pachuca\/index.php\/wp-json\/wp\/v2\/product_cat?post=116204"},{"taxonomy":"product_tag","embeddable":true,"href":"https:\/\/soydeaqui.ddns.net\/pachuca\/index.php\/wp-json\/wp\/v2\/product_tag?post=116204"}],"curies":[{"name":"wp","href":"https:\/\/api.w.org\/{rel}","templated":true}]}}