{"id":116202,"date":"2026-03-24T02:01:57","date_gmt":"2026-03-24T02:01:57","guid":{"rendered":"https:\/\/soydeaqui.ddns.net\/pachuca\/index.php\/producto\/microfono-omnidireccional-captacion-de-sonido-hasta-5-mts-en-cualquier-direccion-compatible-con-todas-las-marcas-de-camaras-extension-de-cable-de-1-m-para-utilizarse-cuando-la-altura-del-techo-pasa\/"},"modified":"2026-03-24T02:02:00","modified_gmt":"2026-03-24T02:02:00","slug":"microfono-omnidireccional-captacion-de-sonido-hasta-5-mts-en-cualquier-direccion-compatible-con-todas-las-marcas-de-camaras-extension-de-cable-de-1-m-para-utilizarse-cuando-la-altura-del-techo-pasa","status":"publish","type":"product","link":"https:\/\/soydeaqui.ddns.net\/pachuca\/index.php\/producto\/microfono-omnidireccional-captacion-de-sonido-hasta-5-mts-en-cualquier-direccion-compatible-con-todas-las-marcas-de-camaras-extension-de-cable-de-1-m-para-utilizarse-cuando-la-altura-del-techo-pasa\/","title":{"rendered":"Micr\u00f3fono omnidireccional captaci\u00f3n de sonido hasta 5 mts en cualquier direcci\u00f3n, compatible con todas las marcas de c\u00e1maras, extensi\u00f3n de cable de 1 m para utilizarse cuando la altura del techo pasa de los 5 m"},"content":{"rendered":"<div style='width: 100%; max-width: 1200px; margin: 0 auto; font-family: sans-serif; line-height: 1.6; color: inherit; background-color: transparent;'> <!-- Secci\u00f3n de contenido general --> <\/p>\n<div style='display: flex; flex-wrap: wrap; gap: 30px; margin-bottom: 30px;'>\n<div style='flex: 1 1 300px; min-width: 280px;'>\n<h3 style='font-size: 22px; border-bottom: 2px solid currentColor; padding-bottom: 5px; margin-top: 0; color: inherit; opacity: 0.8;'>Descripci\u00f3n general<\/h3>\n<p style='font-size: 15px; color: inherit; margin-top: 10px;'> Verifact B\u00ae es un micr\u00f3fono omnidireccional para montaje en techos altos&comma; el Verifact B cuenta con una extensi\u00f3n de 1 metro. Verifact B\u00ae capta sonidos de 9 metros diametrales. Este micr\u00f3fono es alimentado por 12 Vcc y produce se\u00f1al nivel de l\u00ednea. <\/p>\n<\/p><\/div>\n<\/p><\/div>\n<p> <!-- Secci\u00f3n de aplicaciones --> <\/p>\n<div style='display: flex; flex-wrap: wrap; gap: 30px; margin-bottom: 30px;'>\n<div style='flex: 1 1 300px; min-width: 280px;'>\n<h3 style='font-size: 22px; border-bottom: 2px solid currentColor; padding-bottom: 5px; margin-top: 0; color: inherit; opacity: 0.8;'>Aplicaciones<\/h3>\n<ul style='padding-left: 20px; font-size: 15px; color: inherit; margin-top: 10px;'>\n<li style='margin-bottom: 5px;'>En aplicaciones de CCTV.<\/li>\n<li style='margin-bottom: 5px;'>Tiendas de comida r\u00e1pida.<\/li>\n<li style='margin-bottom: 5px;'>Centros de desorden del sue\u00f1o.<\/li>\n<li style='margin-bottom: 5px;'>Laboratorios de terapia.<\/li>\n<li style='margin-bottom: 5px;'>Cuartos de interrogaci\u00f3n.<\/li>\n<li style='margin-bottom: 5px;'>Escuelas&comma; negocios&comma; cajeros.<\/li>\n<li style='margin-bottom: 5px;'>Tiendas departamentales.<\/li>\n<\/ul><\/div>\n<\/p><\/div>\n<p> <!-- Secci\u00f3n de caracter\u00edsticas --> <\/p>\n<div style='display: flex; flex-wrap: wrap; gap: 30px; margin-bottom: 30px;'>\n<div style='flex: 1 1 300px; min-width: 280px;'>\n<h3 style='font-size: 22px; border-bottom: 2px solid currentColor; padding-bottom: 5px; margin-top: 0; color: inherit; opacity: 0.8;'>Caracter\u00edsticas<\/h3>\n<ul style='padding-left: 20px; font-size: 15px; color: inherit; margin-top: 10px;'>\n<li style='margin-bottom: 5px;'>Captaci\u00f3n de sonidos normales de 3.5 metros de separaci\u00f3n.<\/li>\n<li style='margin-bottom: 5px;'>Compatible con bases e interfaces LOUROE.<\/li>\n<li style='margin-bottom: 5px;'>Cableados hasta de 300 metros respecto a la base e interface.<\/li>\n<li style='margin-bottom: 5px;'>Montajes para cielo \u00f3 superficies planas.<\/li>\n<li style='margin-bottom: 5px;'>Alimentaci\u00f3n a trav\u00e9s de la base o interface.<\/li>\n<\/ul><\/div>\n<\/p><\/div>\n<p> <!-- Secci\u00f3n de especificaciones --> <\/p>\n<div style='display: flex; flex-wrap: wrap; gap: 20px; margin-bottom: 30px;'>\n<div style='flex: 1 1 250px; border: 1px solid rgba(150&comma; 150&comma; 150&comma; 0.4); border-radius: 8px; overflow: hidden; display: flex; flex-direction: column;'>\n<div style='padding: 15px; border-bottom: 1px solid rgba(150&comma; 150&comma; 150&comma; 0.2); font-weight: bold; font-size: 18px; color: inherit;'>Especificaciones<\/div>\n<div style='padding: 15px; color: inherit;'>\n<ul style='padding-left: 20px; margin: 0; font-size: 14px; list-style-type: disc; color: inherit;'>\n<li style='margin-bottom: 5px;'><strong>Tipo:<\/strong> Electro-condensador<\/li>\n<li style='margin-bottom: 5px;'><strong>Salida:<\/strong> Line Level (0dB @ 1k ohm)&comma; sin balanceo.<\/li>\n<li style='margin-bottom: 5px;'><strong>Frecuencia de respuesta:<\/strong> 40 kHz +\/- 1 dB<\/li>\n<li style='margin-bottom: 5px;'><strong>Corriente de operaci\u00f3n:<\/strong> 4 mA<\/li>\n<li style='margin-bottom: 5px;'><strong>Voltaje de operaci\u00f3n:<\/strong> 12 Vcc&comma; 500 mA.<\/li>\n<li style='margin-bottom: 5px;'><strong>Dimensiones:<\/strong> Di\u00e1metro 4&#8242; x \u00bd A. Di\u00e1metro 10 cm x 3.8 cm A.<\/li>\n<li style='margin-bottom: 5px;'><strong>Peso:<\/strong> 0.11 kg.<\/li>\n<li style='margin-bottom: 5px;'><strong>Requiere cable:<\/strong> 22&comma; 20 \u00f3 18 AWG blindado&comma; requiere blindado ya que es el m\u00e1s adecuado para las aplicaciones de audio. Modelos sugeridos 9261&comma; TI21<\/li>\n<\/ul><\/div>\n<\/p><\/div>\n<\/p><\/div>\n<p> <!-- Galer\u00eda de im\u00e1genes --> <\/p>\n<div style='display: flex; flex-wrap: wrap; gap: 15px; margin-bottom: 30px;'>\n<div style='flex: 1 1 200px; min-width: 200px;'> <img style='width: 100%; height: auto; border: 1px solid rgba(150&comma;150&comma;150&comma;0.3); border-radius: 8px;' src='http:\/\/ftp3.syscom.mx\/usuarios\/fotos\/VERIFACTBima\/VERIFACTB.jpg' alt=''> <\/div>\n<div style='flex: 1 1 200px; min-width: 200px;'> <img style='width: 100%; height: auto; border: 1px solid rgba(150&comma;150&comma;150&comma;0.3); border-radius: 8px;' src='http:\/\/ftp3.syscom.mx\/usuarios\/fotos\/VERIFACTBima\/VERIFACTB1.jpg' alt=''> <\/div>\n<div style='flex: 1 1 200px; min-width: 200px;'> <img style='width: 100%; height: auto; border: 1px solid rgba(150&comma;150&comma;150&comma;0.3); border-radius: 8px;' src='http:\/\/ftp3.syscom.mx\/usuarios\/fotos\/VERIFACTBima\/_VERIFACTB2.jpg' alt=''> <\/div>\n<\/p><\/div>\n<p> <!-- Videos de YouTube --> <\/p>\n<div style='display: flex; flex-wrap: wrap; gap: 15px; margin-bottom: 30px;'>\n<div style='flex: 1 1 560px; min-width: 300px;'>\n<div style='position: relative; padding-bottom: 56.25%; height: 0; overflow: hidden; margin-bottom: 15px;'>   <\/div>\n<\/p><\/div>\n<div style='flex: 1 1 560px; min-width: 300px;'>\n<div style='position: relative; padding-bottom: 56.25%; height: 0; overflow: hidden; margin-bottom: 15px;'>   <\/div>\n<\/p><\/div>\n<div style='flex: 1 1 560px; min-width: 300px;'>\n<div style='position: relative; padding-bottom: 56.25%; height: 0; overflow: hidden; margin-bottom: 15px;'>   <\/div>\n<\/p><\/div>\n<div style='flex: 1 1 560px; min-width: 300px;'>\n<div style='position: relative; padding-bottom: 56.25%; height: 0; overflow: hidden; margin-bottom: 15px;'>   <\/div>\n<\/p><\/div>\n<\/p><\/div>\n<p> <!-- Separador final --> <\/p>\n<hr style='border: 0; border-top: 1px solid rgba(150&comma; 150&comma; 150&comma; 0.3); margin: 30px 0;'> <\/div>\n","protected":false},"excerpt":{"rendered":"<p>Micr\u00f3fono omnidireccional captaci\u00f3n de sonido hasta 5 mts en cualquier direcci\u00f3n, compatible con todas las marcas de c\u00e1maras, extensi\u00f3n de cable de 1 m para utilizarse cuando la altura del techo pasa de los 5 m<\/p>\n","protected":false},"featured_media":116201,"comment_status":"open","ping_status":"closed","template":"","meta":[],"product_brand":[],"product_cat":[2301],"product_tag":[417,975,2302],"class_list":{"0":"post-116202","1":"product","2":"type-product","3":"status-publish","4":"has-post-thumbnail","6":"product_cat-microfonos","7":"product_tag-accesorios-generales","8":"product_tag-louroe-electronics","9":"product_tag-microfonos","11":"first","12":"outofstock","13":"sale","14":"shipping-taxable","15":"purchasable","16":"product-type-simple"},"_links":{"self":[{"href":"https:\/\/soydeaqui.ddns.net\/pachuca\/index.php\/wp-json\/wp\/v2\/product\/116202","targetHints":{"allow":["GET"]}}],"collection":[{"href":"https:\/\/soydeaqui.ddns.net\/pachuca\/index.php\/wp-json\/wp\/v2\/product"}],"about":[{"href":"https:\/\/soydeaqui.ddns.net\/pachuca\/index.php\/wp-json\/wp\/v2\/types\/product"}],"replies":[{"embeddable":true,"href":"https:\/\/soydeaqui.ddns.net\/pachuca\/index.php\/wp-json\/wp\/v2\/comments?post=116202"}],"wp:featuredmedia":[{"embeddable":true,"href":"https:\/\/soydeaqui.ddns.net\/pachuca\/index.php\/wp-json\/wp\/v2\/media\/116201"}],"wp:attachment":[{"href":"https:\/\/soydeaqui.ddns.net\/pachuca\/index.php\/wp-json\/wp\/v2\/media?parent=116202"}],"wp:term":[{"taxonomy":"product_brand","embeddable":true,"href":"https:\/\/soydeaqui.ddns.net\/pachuca\/index.php\/wp-json\/wp\/v2\/product_brand?post=116202"},{"taxonomy":"product_cat","embeddable":true,"href":"https:\/\/soydeaqui.ddns.net\/pachuca\/index.php\/wp-json\/wp\/v2\/product_cat?post=116202"},{"taxonomy":"product_tag","embeddable":true,"href":"https:\/\/soydeaqui.ddns.net\/pachuca\/index.php\/wp-json\/wp\/v2\/product_tag?post=116202"}],"curies":[{"name":"wp","href":"https:\/\/api.w.org\/{rel}","templated":true}]}}