{"id":116186,"date":"2026-03-24T02:01:02","date_gmt":"2026-03-24T02:01:02","guid":{"rendered":"https:\/\/soydeaqui.ddns.net\/pachuca\/index.php\/producto\/fuente-de-poder-para-exterior-12-vcc-2-amp-1-salida-voltaje-de-entrada-de-100-240-vca\/"},"modified":"2026-03-24T02:01:17","modified_gmt":"2026-03-24T02:01:17","slug":"fuente-de-poder-para-exterior-12-vcc-2-amp-1-salida-voltaje-de-entrada-de-100-240-vca","status":"publish","type":"product","link":"https:\/\/soydeaqui.ddns.net\/pachuca\/index.php\/producto\/fuente-de-poder-para-exterior-12-vcc-2-amp-1-salida-voltaje-de-entrada-de-100-240-vca\/","title":{"rendered":"Fuente de Poder para Exterior \/ 12 Vcc \/ 2 Amp \/ 1 Salida \/ Voltaje de Entrada de 100 &#8211; 240 VCA"},"content":{"rendered":"<div style='width: 100%; max-width: 1200px; margin: 0 auto; font-family: sans-serif; line-height: 1.6; color: inherit; background-color: transparent;'>\n<div style='display: flex; flex-direction: column; align-items: center; text-align: center; margin-bottom: 30px;'>\n<h1 style='font-size: 28px; margin: 0; color: inherit;'>PL12DC2AW<\/h1>\n<h3 style='font-size: 20px; margin: 5px 0; color: inherit;'>Fuente de alimentaci\u00f3n de 12 V regulados @ 2A<\/h3>\n<\/p><\/div>\n<div style='margin-bottom: 30px;'>\n<p style='text-align: center; font-size: 15px; color: inherit;'> <strong>EPCOM POWER LINE marca lider en fuentes de alimentaci\u00f3n con alta eficiencia en alimentaci\u00f3n para equipos de seguridad electr\u00f3nica por sus ventajas de aprobaciones&comma; certificaciones&comma; protecci\u00f3n contra sobretensiones&comma; y circuitos de protecci\u00f3n contra anti- interferencia&#8230;<\/strong> <\/p>\n<\/p><\/div>\n<div style='display: flex; flex-wrap: wrap; gap: 30px; margin-bottom: 30px;'>\n<div style='flex: 1 1 300px; min-width: 280px;'>\n<div style='border: 1px solid rgba(150&comma;150&comma;150&comma;0.4); border-radius: 8px; overflow: hidden; display: flex; flex-direction: column; height: 100%;'>\n<div style='width: 100%; height: auto;'> <img style='width: 100%; height: auto; border: none;' src='https:\/\/ftp3.syscom.mx\/usuarios\/fotos\/BancoFotografiasSyscom\/EPCOMPOWERLINE\/PL12DC2AW\/PL12DC2AW-p.PNG' alt='Fuente de Poder PL12DC2AW'> <\/div>\n<div style='padding: 15px; color: inherit;'>\n<h3 style='font-size: 20px; border-bottom: 2px solid currentColor; padding-bottom: 5px; margin-top: 0; color: inherit; opacity: 0.8;'>Caracter\u00edsticas<\/h3>\n<ul style='padding-left: 20px; font-size: 15px; color: inherit; list-style-type: disc;'>\n<li style='margin-bottom: 5px;'><strong>Voltaje de entrada:<\/strong> 100-240 Vca.<\/li>\n<li style='margin-bottom: 5px;'><strong>Voltaje de salida:<\/strong> 12 Vcc<\/li>\n<li style='margin-bottom: 5px;'><strong>Corriente de salida:<\/strong> 2 Amper<\/li>\n<li style='margin-bottom: 5px;'><strong>Dimensiones (W x H x D):<\/strong> 131 x 86 x 42.5 mm.<\/li>\n<li style='margin-bottom: 5px;'><strong>Garant\u00eda de 3 a\u00f1os<\/strong><\/li>\n<\/ul><\/div>\n<\/p><\/div>\n<\/p><\/div>\n<div style='flex: 1 1 300px; min-width: 280px;'>\n<div style='border: 1px solid rgba(150&comma;150&comma;150&comma;0.4); border-radius: 8px; overflow: hidden; display: flex; flex-direction: column; height: 100%;'>\n<div style='width: 100%; height: auto;'> <img style='width: 100%; height: auto; border: none;' src='https:\/\/ftp3.syscom.mx\/usuarios\/fotos\/BancoFotografiasSyscom\/EPCOMPOWERLINE\/PL12DC2AW\/PL12DC2AW-FRENTE-p.PNG' alt='Fuente de Poder PL12DC2AW Frente'> <\/div>\n<div style='padding: 15px; color: inherit;'>\n<h3 style='font-size: 20px; border-bottom: 2px solid currentColor; padding-bottom: 5px; margin-top: 0; color: inherit; opacity: 0.8;'>Modelos Relacionados<\/h3>\n<ul style='padding-left: 20px; font-size: 14px; color: inherit; list-style-type: disc;'>\n<li style='margin-bottom: 5px;'>P5DC1A &#8230;&#8230;&#8230;&#8230;&#8230;5 Vcc @ 1 A<\/li>\n<li style='margin-bottom: 5px;'>P5DC2A&#8230;&#8230;&#8230;&#8230;&#8230;.5 Vcc @ 2 A<\/li>\n<li style='margin-bottom: 5px;'>P6DC1A&#8230;&#8230;&#8230;&#8230;&#8230;6 Vcc @ 1 A<\/li>\n<li style='margin-bottom: 5px;'>P9DC1A&#8230;&#8230;&#8230;&#8230;&#8230;9 Vcc @ 1 A<\/li>\n<li style='margin-bottom: 5px;'>P9DC3A&#8230;&#8230;&#8230;&#8230;&#8230;9 Vcc @ 3 A<\/li>\n<li style='margin-bottom: 5px;'>PLDC500&#8230;&#8230;&#8230;&#8230;.12 Vcc @ 0.5 A<\/li>\n<\/ul><\/div>\n<\/p><\/div>\n<\/p><\/div>\n<div style='flex: 1 1 300px; min-width: 280px;'>\n<div style='border: 1px solid rgba(150&comma;150&comma;150&comma;0.4); border-radius: 8px; overflow: hidden; display: flex; flex-direction: column; height: 100%;'>\n<div style='width: 100%; height: auto;'> <img style='width: 100%; height: auto; border: none;' src='https:\/\/ftp3.syscom.mx\/usuarios\/fotos\/BancoFotografiasSyscom\/EPCOMPOWERLINE\/PL12DC2AW\/PL12DC2AW-AD-1-p.PNG' alt='Fuente de Poder PL12DC2AW Detalle'> <\/div>\n<div style='padding: 15px; color: inherit;'>\n<h3 style='font-size: 20px; border-bottom: 2px solid currentColor; padding-bottom: 5px; margin-top: 0; color: inherit; opacity: 0.8;'>Modelos Relacionados<\/h3>\n<ul style='padding-left: 20px; font-size: 14px; color: inherit; list-style-type: disc;'>\n<li style='margin-bottom: 5px;'>PLDC100&#8230;&#8230;&#8230;&#8230;&#8230;.12 Vcc @ 1 A<\/li>\n<li style='margin-bottom: 5px;'>PSD1202D&#8230;&#8230;&#8230;&#8230;..12 Vcc @ 2 A<\/li>\n<li style='margin-bottom: 5px;'>PL12DC2AW&#8230;&#8230;&#8230;.12 Vcc @ 2 A Intemperie<\/li>\n<li style='margin-bottom: 5px;'>P12DC3A&#8230;&#8230;&#8230;&#8230;&#8230;.12 Vcc @ 3 A<\/li>\n<li style='margin-bottom: 5px;'>P24DC3A&#8230;&#8230;&#8230;&#8230;&#8230;.24 Vcc @ 1 A<\/li>\n<li style='margin-bottom: 5px;'>PL36V2A&#8230;&#8230;&#8230;&#8230;&#8230;.36 Vcc @ 1 A<\/li>\n<li style='margin-bottom: 5px;'>PLDC4830A&#8230;&#8230;&#8230;..48 Vcc @ 1 A<\/li>\n<li style='margin-bottom: 5px;'>PL53V3A&#8230;&#8230;&#8230;&#8230;&#8230;.53 Vcc @ 1 A<\/li>\n<\/ul><\/div>\n<\/p><\/div>\n<\/p><\/div>\n<\/p><\/div>\n<div style='margin-top: 30px;'>\n<div style='position: relative; padding-bottom: 56.25%; height: 0; overflow: hidden; margin-bottom: 30px;'>   <\/div>\n<\/p><\/div>\n<\/p><\/div>\n","protected":false},"excerpt":{"rendered":"<p>Fuente de Poder para Exterior \/ 12 Vcc \/ 2 Amp \/ 1 Salida \/ Voltaje de Entrada de 100 &#8211; 240 VCA<\/p>\n","protected":false},"featured_media":116185,"comment_status":"open","ping_status":"closed","template":"","meta":[],"product_brand":[],"product_cat":[1103],"product_tag":[142,454,457],"class_list":{"0":"post-116186","1":"product","2":"type-product","3":"status-publish","4":"has-post-thumbnail","6":"product_cat-fuentes-de-alimentacion-energia-videovigilancia","7":"product_tag-energia","8":"product_tag-epcom-powerline","9":"product_tag-fuentes-de-alimentacion","11":"first","12":"instock","13":"sale","14":"shipping-taxable","15":"purchasable","16":"product-type-simple"},"_links":{"self":[{"href":"https:\/\/soydeaqui.ddns.net\/pachuca\/index.php\/wp-json\/wp\/v2\/product\/116186","targetHints":{"allow":["GET"]}}],"collection":[{"href":"https:\/\/soydeaqui.ddns.net\/pachuca\/index.php\/wp-json\/wp\/v2\/product"}],"about":[{"href":"https:\/\/soydeaqui.ddns.net\/pachuca\/index.php\/wp-json\/wp\/v2\/types\/product"}],"replies":[{"embeddable":true,"href":"https:\/\/soydeaqui.ddns.net\/pachuca\/index.php\/wp-json\/wp\/v2\/comments?post=116186"}],"wp:featuredmedia":[{"embeddable":true,"href":"https:\/\/soydeaqui.ddns.net\/pachuca\/index.php\/wp-json\/wp\/v2\/media\/116185"}],"wp:attachment":[{"href":"https:\/\/soydeaqui.ddns.net\/pachuca\/index.php\/wp-json\/wp\/v2\/media?parent=116186"}],"wp:term":[{"taxonomy":"product_brand","embeddable":true,"href":"https:\/\/soydeaqui.ddns.net\/pachuca\/index.php\/wp-json\/wp\/v2\/product_brand?post=116186"},{"taxonomy":"product_cat","embeddable":true,"href":"https:\/\/soydeaqui.ddns.net\/pachuca\/index.php\/wp-json\/wp\/v2\/product_cat?post=116186"},{"taxonomy":"product_tag","embeddable":true,"href":"https:\/\/soydeaqui.ddns.net\/pachuca\/index.php\/wp-json\/wp\/v2\/product_tag?post=116186"}],"curies":[{"name":"wp","href":"https:\/\/api.w.org\/{rel}","templated":true}]}}