{"id":116172,"date":"2026-03-24T02:00:18","date_gmt":"2026-03-24T02:00:18","guid":{"rendered":"https:\/\/soydeaqui.ddns.net\/pachuca\/index.php\/producto\/microfono-con-cancelacion-de-ruido-de-alta-fidelidad-areas-de-aplicacion-de-100-metros-cuadrados-uso-en-interior\/"},"modified":"2026-03-24T02:00:27","modified_gmt":"2026-03-24T02:00:27","slug":"microfono-con-cancelacion-de-ruido-de-alta-fidelidad-areas-de-aplicacion-de-100-metros-cuadrados-uso-en-interior","status":"publish","type":"product","link":"https:\/\/soydeaqui.ddns.net\/pachuca\/index.php\/producto\/microfono-con-cancelacion-de-ruido-de-alta-fidelidad-areas-de-aplicacion-de-100-metros-cuadrados-uso-en-interior\/","title":{"rendered":"Micr\u00f3fono con Cancelaci\u00f3n de Ruido de Alta Fidelidad \/ \u00c1reas de Aplicaci\u00f3n de 100 Metros Cuadrados \/ Uso en Interior"},"content":{"rendered":"<div style='width: 100%; max-width: 1200px; margin: 0 auto; font-family: sans-serif; line-height: 1.6; color: inherit; background-color: transparent;'>\n<div style='width: 100%; text-align: center; margin-bottom: 30px;'>\n<h1 style='font-size: 28px; color: inherit; margin: 0 0 10px 0;'><strong>TTMIC100<\/strong><\/h1>\n<h3 style='font-size: 18px; color: inherit; margin: 0 0 20px 0;'>Micr\u00f3fono con cancelaci\u00f3n de ruido de alta fidelidad para campos de aplicaci\u00f3n de 100 metros cuadrados<\/h3>\n<p style='font-size: 15px; color: inherit; margin: 0 15% 30px;'>Los micr\u00f3fonos de la serie TT-MIC son de alta fidelidad con cancelaci\u00f3n de ruido. Con ajuste autom\u00e1tico de nivel de entrada. Se aplican en varios lugares para el control de audio oculto&comma; en monitoreo de audio tales como bancos&comma; escuelas&comma; prisiones&comma; hospitales&comma; mercados&comma; f\u00e1bricas y sistemas de reuni\u00f3n. Pueden incorporarse en la pared&comma; en el techo o en equipos de CCTV.<\/p>\n<\/p><\/div>\n<div style='display: flex; flex-wrap: wrap; gap: 30px; margin-bottom: 40px;'>\n<div style='flex: 1 1 300px; min-width: 280px;'>\n<div style='background-color: rgba(150&comma;150&comma;150&comma;0.1); border: 1px solid rgba(150&comma;150&comma;150&comma;0.3); border-radius: 8px; overflow: hidden; display: flex; flex-direction: column; height: 100%;'>\n<div style='background-color: rgba(150&comma;150&comma;150&comma;0.1); padding: 0;'><img style='width: 100%; height: auto; border: none; border-radius: 0;' src='http:\/\/ftp3.syscom.mx\/usuarios\/hallende\/Familia%20Joy\/TTMIC100\/TTMIC100-h.png' alt=''><\/div>\n<div style='flex: 1; display: flex; flex-direction: column; padding: 15px;'>\n<h3 style='font-size: 20px; border-bottom: 2px solid currentColor; padding-bottom: 5px; margin-top: 0; margin-bottom: 15px; color: inherit; opacity: 0.8;'>Caracter\u00edsticas Principales:<\/h3>\n<ul style='padding-left: 20px; font-size: 14px; color: inherit; flex: 1;'>\n<li style='margin-bottom: 8px;'>Para campos de aplicaci\u00f3n de 100 m\u00b2<\/li>\n<li style='margin-bottom: 8px;'>Alta fidelidad y cancelaci\u00f3n de ruido<\/li>\n<li style='margin-bottom: 8px;'>Terminales tipo block<\/li>\n<\/ul>\n<p style='margin-top: auto; font-size: 14px; color: inherit;'><strong style='color: #e74c3c;'>Nota:<\/strong> Para obtener la mejor calidad de sonido&comma; se recomienda el uso de cables de audio de alta calidad como el modelo <a style='color: #005cb9; text-decoration: none;' href='https:\/\/www.syscom.mx\/producto\/PRO-AUDIO-LINKEDPRO-BY-EPCOM-166947.html' target='_blank' rel='noopener'>PRO-AUDIO.<\/a><\/p>\n<\/p><\/div>\n<\/p><\/div>\n<\/p><\/div>\n<div style='flex: 1 1 300px; min-width: 280px;'>\n<div style='background-color: rgba(150&comma;150&comma;150&comma;0.1); border: 1px solid rgba(150&comma;150&comma;150&comma;0.3); border-radius: 8px; overflow: hidden; display: flex; flex-direction: column; height: 100%;'>\n<div style='background-color: rgba(150&comma;150&comma;150&comma;0.1); padding: 0;'><img style='width: 100%; height: auto; border: none; border-radius: 0;' src='http:\/\/ftp3.syscom.mx\/usuarios\/hallende\/Familia%20Joy\/TTMIC100\/TTMIC100-AD-1-h.png' alt=''><\/div>\n<div style='flex: 1; display: flex; flex-direction: column; padding: 15px;'>\n<h3 style='font-size: 20px; border-bottom: 2px solid currentColor; padding-bottom: 5px; margin-top: 0; margin-bottom: 15px; color: inherit; opacity: 0.8;'>Caracter\u00edsticas F\u00edsicas y El\u00e9ctricas:<\/h3>\n<ul style='padding-left: 20px; font-size: 14px; color: inherit; flex: 1;'>\n<li style='margin-bottom: 8px;'>Requiere alimentaci\u00f3n de 12 Vcc \/ 1 A<\/li>\n<li style='margin-bottom: 8px;'>Dimensiones: Di\u00e1metro de 8 cm<\/li>\n<li style='margin-bottom: 8px;'>Peso: 42 g<\/li>\n<\/ul><\/div>\n<\/p><\/div>\n<\/p><\/div>\n<div style='flex: 1 1 300px; min-width: 280px;'>\n<div style='background-color: rgba(150&comma;150&comma;150&comma;0.1); border: 1px solid rgba(150&comma;150&comma;150&comma;0.3); border-radius: 8px; overflow: hidden; display: flex; flex-direction: column; height: 100%;'>\n<div style='background-color: rgba(150&comma;150&comma;150&comma;0.1); padding: 0;'><img style='width: 100%; height: auto; border: none; border-radius: 0;' src='http:\/\/ftp3.syscom.mx\/usuarios\/hallende\/Familia%20Joy\/TTMIC100\/TTMIC100-AD-2-h.png' alt=''><\/div>\n<div style='flex: 1; display: flex; flex-direction: column; padding: 15px;'>\n<h3 style='font-size: 20px; border-bottom: 2px solid currentColor; padding-bottom: 5px; margin-top: 0; margin-bottom: 15px; color: inherit; opacity: 0.8;'>Caracter\u00edsticas Destacadas:<\/h3>\n<ul style='padding-left: 20px; font-size: 14px; color: inherit; flex: 1;'>\n<li style='margin-bottom: 8px;'>Requiere cable blindado para audio \u00f3 equivalente&comma; requiere blindado ya que es el m\u00e1s adecuado para las aplicaciones de audio. Modelos sugeridos 9261&comma; TI21<\/li>\n<\/ul><\/div>\n<\/p><\/div>\n<\/p><\/div>\n<\/p><\/div>\n<\/p><\/div>\n","protected":false},"excerpt":{"rendered":"<p>Micr\u00f3fono con Cancelaci\u00f3n de Ruido de Alta Fidelidad \/ \u00c1reas de Aplicaci\u00f3n de 100 Metros Cuadrados \/ Uso en Interior<\/p>\n","protected":false},"featured_media":116171,"comment_status":"open","ping_status":"closed","template":"","meta":[],"product_brand":[],"product_cat":[2301],"product_tag":[417,507,2302],"class_list":{"0":"post-116172","1":"product","2":"type-product","3":"status-publish","4":"has-post-thumbnail","6":"product_cat-microfonos","7":"product_tag-accesorios-generales","8":"product_tag-epcom-titanium","9":"product_tag-microfonos","11":"first","12":"instock","13":"sale","14":"shipping-taxable","15":"purchasable","16":"product-type-simple"},"_links":{"self":[{"href":"https:\/\/soydeaqui.ddns.net\/pachuca\/index.php\/wp-json\/wp\/v2\/product\/116172","targetHints":{"allow":["GET"]}}],"collection":[{"href":"https:\/\/soydeaqui.ddns.net\/pachuca\/index.php\/wp-json\/wp\/v2\/product"}],"about":[{"href":"https:\/\/soydeaqui.ddns.net\/pachuca\/index.php\/wp-json\/wp\/v2\/types\/product"}],"replies":[{"embeddable":true,"href":"https:\/\/soydeaqui.ddns.net\/pachuca\/index.php\/wp-json\/wp\/v2\/comments?post=116172"}],"wp:featuredmedia":[{"embeddable":true,"href":"https:\/\/soydeaqui.ddns.net\/pachuca\/index.php\/wp-json\/wp\/v2\/media\/116171"}],"wp:attachment":[{"href":"https:\/\/soydeaqui.ddns.net\/pachuca\/index.php\/wp-json\/wp\/v2\/media?parent=116172"}],"wp:term":[{"taxonomy":"product_brand","embeddable":true,"href":"https:\/\/soydeaqui.ddns.net\/pachuca\/index.php\/wp-json\/wp\/v2\/product_brand?post=116172"},{"taxonomy":"product_cat","embeddable":true,"href":"https:\/\/soydeaqui.ddns.net\/pachuca\/index.php\/wp-json\/wp\/v2\/product_cat?post=116172"},{"taxonomy":"product_tag","embeddable":true,"href":"https:\/\/soydeaqui.ddns.net\/pachuca\/index.php\/wp-json\/wp\/v2\/product_tag?post=116172"}],"curies":[{"name":"wp","href":"https:\/\/api.w.org\/{rel}","templated":true}]}}