{"id":116165,"date":"2026-03-24T01:59:54","date_gmt":"2026-03-24T01:59:54","guid":{"rendered":"https:\/\/soydeaqui.ddns.net\/pachuca\/index.php\/producto\/bobina-de-cable-siams-cat5e-cca-2-cables-gruesos-16-awg-para-alimentar-cmaras-ms-lejos-305-metros-1000-pies-instalacin-en-exterior-uso-industrial-para-climas-extremos\/"},"modified":"2026-03-24T02:00:06","modified_gmt":"2026-03-24T02:00:06","slug":"bobina-de-cable-siams-cat5e-cca-2-cables-gruesos-16-awg-para-alimentar-cmaras-ms-lejos-305-metros-1000-pies-instalacin-en-exterior-uso-industrial-para-climas-extremos","status":"publish","type":"product","link":"https:\/\/soydeaqui.ddns.net\/pachuca\/index.php\/producto\/bobina-de-cable-siams-cat5e-cca-2-cables-gruesos-16-awg-para-alimentar-cmaras-ms-lejos-305-metros-1000-pies-instalacin-en-exterior-uso-industrial-para-climas-extremos\/","title":{"rendered":"Bobina de Cable Siam?s Cat5e CCA + 2 Cables Gruesos (16 AWG) para Alimentar C?maras M?s Lejos \/ 305 Metros (1000 Pies) \/ Instalaci?n en Exterior \/ Uso Industrial para Climas Extremos"},"content":{"rendered":"<div style='width: 100%; max-width: 1200px; margin: 0 auto; font-family: sans-serif; line-height: 1.6; color: inherit; background-color: transparent;'> <!-- Banner de marca --> <\/p>\n<div style='width: 100%; margin-bottom: 20px;'> <img style='width: 100%; max-width: 378px; height: auto; border: 1px solid rgba(150&comma;150&comma;150&comma;0.3); border-radius: 8px; display: block; margin: 0 auto;' src='https:\/\/ftp3.syscom.mx\/usuarios\/orobles\/LinkedPro\/linkedpro_banner.jpg' alt=''> <\/div>\n<p> <!-- Descripci\u00f3n principal --> <\/p>\n<div style='margin-bottom: 30px;'>\n<p style='font-size: 16px; color: inherit; text-align: center;'><strong>Cable de alto rendimiento&comma; dise\u00f1ado para integradores de seguridad profesional.<\/strong><\/p>\n<\/p><\/div>\n<p> <!-- Secci\u00f3n de caracter\u00edsticas --> <\/p>\n<div style='display: flex; flex-wrap: wrap; gap: 30px; margin-bottom: 30px;'>\n<div style='flex: 1 1 300px; min-width: 280px;'>\n<h3 style='font-size: 22px; border-bottom: 2px solid currentColor; padding-bottom: 5px; margin-top: 0; color: inherit; opacity: 0.8;'>Caracter\u00edsticas<\/h3>\n<ul style='padding-left: 20px; font-size: 15px; color: inherit;'>\n<li style='margin-bottom: 5px;'>Video vigilancia IP Megapixel<\/li>\n<li style='margin-bottom: 5px;'>Instalaciones de video an\u00e1logo Redes locales de alta velocidad<\/li>\n<li style='margin-bottom: 5px;'>Redes inal\u00e1mbricas.<\/li>\n<\/ul><\/div>\n<div style='flex: 1 1 300px; min-width: 280px;'>\n<h3 style='font-size: 22px; border-bottom: 2px solid currentColor; padding-bottom: 5px; margin-top: 0; color: inherit; opacity: 0.8;'>Caracter\u00edsticas f\u00edsicas y el\u00e9ctricas<\/h3>\n<ul style='padding-left: 20px; font-size: 15px; color: inherit;'>\n<li style='margin-bottom: 5px;'><strong>Conductor CCA (Revestido de cobre y aluminio)<\/strong><\/li>\n<li style='margin-bottom: 5px;'><strong>Para instalaciones en exterior<\/strong><\/li>\n<li style='margin-bottom: 5px;'>Color Exterior: Negro<\/li>\n<li style='margin-bottom: 5px;'>LDPE &#8211; Low Density Polyethylene &#8211; Polietileno de baja densidad<\/li>\n<li style='margin-bottom: 5px;'>Sin blindaje<\/li>\n<li style='margin-bottom: 5px;'>Di\u00e1metro: 5.1 mm<\/li>\n<li style='margin-bottom: 5px;'>Aislamiento: PVC<\/li>\n<li style='margin-bottom: 5px;'>Aplicaci\u00f3n: Interior &#8211; Frecuencia: 100 MHz<\/li>\n<li style='margin-bottom: 5px;'>Tipo UTP 5 (4 pares) + 1 par cal. 16 para alimentaci\u00f3n<\/li>\n<\/ul><\/div>\n<div style='flex: 1 1 300px; min-width: 280px;'>\n<h3 style='font-size: 22px; border-bottom: 2px solid currentColor; padding-bottom: 5px; margin-top: 0; color: inherit; opacity: 0.8;'>Est\u00e1ndares y certificaciones<\/h3>\n<ul style='padding-left: 20px; font-size: 15px; color: inherit;'>\n<li style='margin-bottom: 5px;'>CMX<\/li>\n<li style='margin-bottom: 5px;'>ANSI\/TIA<\/li>\n<li style='margin-bottom: 5px;'>ISO\/IEC<\/li>\n<\/ul><\/div>\n<\/p><\/div>\n<p> <!-- Nota de precio --> <\/p>\n<div style='margin-bottom: 30px;'>\n<p style='font-size: 15px; color: inherit; text-align: center;'><strong>* Precio por bobina de 305 mts<\/strong><\/p>\n<\/p><\/div>\n<p> <!-- Imagen gu\u00eda --> <\/p>\n<div style='width: 100%; max-width: 1200px; margin: 0 auto 30px auto;'> <img style='width: 100%; height: auto; border: 1px solid rgba(150&comma;150&comma;150&comma;0.3); border-radius: 8px;' src='https:\/\/ftp3.syscom.mx\/usuarios\/ccasares\/CCTV\/Guia%20rapida%20de%20seleccion%20de%20cable.jpg' alt=''> <\/div>\n<p> <!-- Videos de instalaci\u00f3n --> <\/p>\n<div style='display: flex; flex-wrap: wrap; gap: 30px; margin-bottom: 30px;'>\n<div style='flex: 1 1 560px; min-width: 320px;'>\n<div style='position: relative; padding-bottom: 56.25%; height: 0; overflow: hidden;'>   <\/div>\n<\/p><\/div>\n<div style='flex: 1 1 560px; min-width: 320px;'>\n<div style='position: relative; padding-bottom: 56.25%; height: 0; overflow: hidden;'>   <\/div>\n<\/p><\/div>\n<\/p><\/div>\n<p> <!-- Separador final --> <\/p>\n<hr style='border: 0; border-top: 1px solid rgba(150&comma; 150&comma; 150&comma; 0.3); margin: 30px 0;'> <\/div>\n","protected":false},"excerpt":{"rendered":"<p>Bobina de Cable Siam?s Cat5e CCA + 2 Cables Gruesos (16 AWG) para Alimentar C?maras M?s Lejos \/ 305 Metros (1000 Pies) \/ Instalaci?n en Exterior \/ Uso Industrial para Climas Extremos<\/p>\n","protected":false},"featured_media":116164,"comment_status":"open","ping_status":"closed","template":"","meta":[],"product_brand":[],"product_cat":[619],"product_tag":[488,620,435],"class_list":{"0":"post-116165","1":"product","2":"type-product","3":"status-publish","4":"has-post-thumbnail","6":"product_cat-categoria-5e","7":"product_tag-cables-y-conectores","8":"product_tag-categoria-5e","9":"product_tag-linkedpro-by-epcom","11":"first","12":"instock","13":"sale","14":"shipping-taxable","15":"purchasable","16":"product-type-simple"},"_links":{"self":[{"href":"https:\/\/soydeaqui.ddns.net\/pachuca\/index.php\/wp-json\/wp\/v2\/product\/116165","targetHints":{"allow":["GET"]}}],"collection":[{"href":"https:\/\/soydeaqui.ddns.net\/pachuca\/index.php\/wp-json\/wp\/v2\/product"}],"about":[{"href":"https:\/\/soydeaqui.ddns.net\/pachuca\/index.php\/wp-json\/wp\/v2\/types\/product"}],"replies":[{"embeddable":true,"href":"https:\/\/soydeaqui.ddns.net\/pachuca\/index.php\/wp-json\/wp\/v2\/comments?post=116165"}],"wp:featuredmedia":[{"embeddable":true,"href":"https:\/\/soydeaqui.ddns.net\/pachuca\/index.php\/wp-json\/wp\/v2\/media\/116164"}],"wp:attachment":[{"href":"https:\/\/soydeaqui.ddns.net\/pachuca\/index.php\/wp-json\/wp\/v2\/media?parent=116165"}],"wp:term":[{"taxonomy":"product_brand","embeddable":true,"href":"https:\/\/soydeaqui.ddns.net\/pachuca\/index.php\/wp-json\/wp\/v2\/product_brand?post=116165"},{"taxonomy":"product_cat","embeddable":true,"href":"https:\/\/soydeaqui.ddns.net\/pachuca\/index.php\/wp-json\/wp\/v2\/product_cat?post=116165"},{"taxonomy":"product_tag","embeddable":true,"href":"https:\/\/soydeaqui.ddns.net\/pachuca\/index.php\/wp-json\/wp\/v2\/product_tag?post=116165"}],"curies":[{"name":"wp","href":"https:\/\/api.w.org\/{rel}","templated":true}]}}