{"id":116134,"date":"2026-03-24T01:58:14","date_gmt":"2026-03-24T01:58:14","guid":{"rendered":"https:\/\/soydeaqui.ddns.net\/pachuca\/index.php\/producto\/intercomunicador-louroe-de-audio-para-camaras-ip\/"},"modified":"2026-03-24T01:58:16","modified_gmt":"2026-03-24T01:58:16","slug":"intercomunicador-louroe-de-audio-para-camaras-ip","status":"publish","type":"product","link":"https:\/\/soydeaqui.ddns.net\/pachuca\/index.php\/producto\/intercomunicador-louroe-de-audio-para-camaras-ip\/","title":{"rendered":"Intercomunicador LOUROE de audio para c\u00e1maras IP"},"content":{"rendered":"<div style='width: 100%; max-width: 1200px; margin: 0 auto; font-family: sans-serif; line-height: 1.6; color: inherit; background-color: transparent;'>\n<div style='display: flex; flex-wrap: wrap; gap: 30px; margin-bottom: 30px;'>\n<div style='flex: 1 1 300px; min-width: 280px;'>\n<h3 style='font-size: 22px; border-bottom: 2px solid currentColor; padding-bottom: 5px; margin-top: 0; color: inherit; opacity: 0.8;'>Descripci\u00f3n<\/h3>\n<p style='font-size: 15px; color: inherit; margin-bottom: 15px;'>El AOP SP-PB de LOUROE es un altavoz de montaje en pared con un bot\u00f3n de llamada resistente al vandalismo de 1.6 cm. Est\u00e1n dise\u00f1adas para interactuar con varios modos de sistemas de transmisi\u00f3n de audio y video tales como las c\u00e1maras de red IP&comma; servidor de v\u00eddeo inal\u00e1mbrico que acepta audio&comma; DVR&comma; etc. Contiene un altavoz incorporado micr\u00f3fono y 10 cm para proporcionar audio bidireccional con los dispositivos de recepci\u00f3n (c\u00e1mara de red IP&comma; etc.). Tambi\u00e9n un 1&#8242; bot\u00f3n de llamada para la activaci\u00f3n del interruptor de cierre. AOP-SP-PB viene con dos cajas posteriores para montaje a la pared o montaje empotrado.<\/p>\n<h4 style='font-size: 18px; color: inherit; margin-top: 20px; margin-bottom: 10px;'>Aplicaci\u00f3n<\/h4>\n<ul style='padding-left: 20px; font-size: 15px; color: inherit; margin-bottom: 20px;'>\n<li style='margin-bottom: 5px;'>El AOPSP-PB es usado en conjunto con DVR&comma; c\u00e1maras IP&comma; encoders.<\/li>\n<\/ul><\/div>\n<\/p><\/div>\n<div style='display: flex; flex-wrap: wrap; gap: 20px; margin-bottom: 30px;'>\n<div style='flex: 1 1 250px; border: 1px solid rgba(150&comma; 150&comma; 150&comma; 0.4); border-radius: 8px; overflow: hidden; display: flex; flex-direction: column;'>\n<div style='padding: 15px; border-bottom: 1px solid rgba(150&comma; 150&comma; 150&comma; 0.2); font-weight: bold; font-size: 18px; color: inherit;'>Caracter\u00edsticas<\/div>\n<div style='padding: 15px; color: inherit;'>\n<ul style='padding-left: 20px; margin: 0; font-size: 14px; list-style-type: disc;'>\n<li style='margin-bottom: 5px;'><strong>Conexi\u00f3n:<\/strong> Directa a c\u00e1maras IP<\/li>\n<li style='margin-bottom: 5px;'><strong>Audio:<\/strong> Bidireccional<\/li>\n<li style='margin-bottom: 5px;'><strong>Bot\u00f3n:<\/strong> Doble acci\u00f3n con funci\u00f3n de activar entradas de alarma<\/li>\n<li style='margin-bottom: 5px;'><strong>Distancia:<\/strong> Hasta 1000ft (305 m)<\/li>\n<li style='margin-bottom: 5px;'><strong>Micr\u00f3fono:<\/strong> Electret omnidireccional<\/li>\n<li style='margin-bottom: 5px;'><strong>Bocina:<\/strong> 4&#8242; (10 cm)<\/li>\n<li style='margin-bottom: 5px;'><strong>Bot\u00f3n:<\/strong> Rojo de 1&#8242; (2.5 cm) para solicitud de llamado<\/li>\n<li style='margin-bottom: 5px;'><strong>LED:<\/strong> Indicador de alimentaci\u00f3n<\/li>\n<li style='margin-bottom: 5px;'><strong>Peso:<\/strong> 1.4 Kg<\/li>\n<li style='margin-bottom: 5px;'><strong>Dimensiones:<\/strong> 158mm x 203mm x 67mm<\/li>\n<\/ul><\/div>\n<\/p><\/div>\n<div style='flex: 1 1 250px; border: 1px solid rgba(150&comma; 150&comma; 150&comma; 0.4); border-radius: 8px; overflow: hidden; display: flex; flex-direction: column;'>\n<div style='padding: 15px; border-bottom: 1px solid rgba(150&comma; 150&comma; 150&comma; 0.2); font-weight: bold; font-size: 18px; color: inherit;'>Especificaciones Micr\u00f3fono<\/div>\n<div style='padding: 15px; color: inherit;'>\n<ul style='padding-left: 20px; margin: 0; font-size: 14px; list-style-type: disc;'>\n<li style='margin-bottom: 5px;'><strong>Tipo:<\/strong> Electret<\/li>\n<li style='margin-bottom: 5px;'><strong>Salida:<\/strong> 0dB @ 1 Kh<\/li>\n<li style='margin-bottom: 5px;'><strong>Sensibilidad:<\/strong> -45 dB<\/li>\n<li style='margin-bottom: 5px;'><strong>Respuesta de frecuencia:<\/strong> 40 Hz a 15kHz +\/- 1 dB<\/li>\n<li style='margin-bottom: 5px;'><strong>Impedancia de salida:<\/strong> 600 ohms<\/li>\n<li style='margin-bottom: 5px;'><strong>Voltaje de alimentaci\u00f3n:<\/strong> 12 Vcc<\/li>\n<\/ul><\/div>\n<\/p><\/div>\n<div style='flex: 1 1 250px; border: 1px solid rgba(150&comma; 150&comma; 150&comma; 0.4); border-radius: 8px; overflow: hidden; display: flex; flex-direction: column;'>\n<div style='padding: 15px; border-bottom: 1px solid rgba(150&comma; 150&comma; 150&comma; 0.2); font-weight: bold; font-size: 18px; color: inherit;'>Especificaciones Bocina<\/div>\n<div style='padding: 15px; color: inherit;'>\n<ul style='padding-left: 20px; margin: 0; font-size: 14px; list-style-type: disc;'>\n<li style='margin-bottom: 5px;'><strong>Salida:<\/strong> 2 W<\/li>\n<li style='margin-bottom: 5px;'><strong>Impedancia:<\/strong> 8<\/li>\n<li style='margin-bottom: 5px;'><strong>Dimensiones:<\/strong> 10 cm<\/li>\n<li style='margin-bottom: 5px;'><strong>Peso:<\/strong> 1.4 Kg<\/li>\n<\/ul><\/div>\n<\/p><\/div>\n<\/p><\/div>\n<hr style='border: 0; border-top: 1px solid rgba(150&comma; 150&comma; 150&comma; 0.3); margin: 30px 0;'>\n<div style='display: flex; flex-wrap: wrap; gap: 20px; margin-bottom: 30px;'>\n<div style='flex: 1 1 100%;'>\n<h3 style='font-size: 22px; border-bottom: 2px solid currentColor; padding-bottom: 5px; margin-top: 0; color: inherit; opacity: 0.8;'>Videos<\/h3>\n<div style='display: flex; flex-wrap: wrap; gap: 15px;'>\n<div style='flex: 1 1 48%; min-width: 300px;'>\n<div style='position: relative; padding-bottom: 56.25%; height: 0; overflow: hidden; margin-bottom: 30px;'>   <\/div>\n<\/p><\/div>\n<div style='flex: 1 1 48%; min-width: 300px;'>\n<div style='position: relative; padding-bottom: 56.25%; height: 0; overflow: hidden; margin-bottom: 30px;'>   <\/div>\n<\/p><\/div>\n<div style='flex: 1 1 48%; min-width: 300px;'>\n<div style='position: relative; padding-bottom: 56.25%; height: 0; overflow: hidden; margin-bottom: 30px;'>   <\/div>\n<\/p><\/div>\n<div style='flex: 1 1 48%; min-width: 300px;'>\n<div style='position: relative; padding-bottom: 56.25%; height: 0; overflow: hideen; margin-bottom: 30px;'>   <\/div>\n<\/p><\/div>\n<div style='flex: 1 1 48%; min-width: 300px;'>\n<div style='position: relative; padding-bottom: 56.25%; height: 0; overflow: hidden; margin-bottom: 30px;'>   <\/div>\n<\/p><\/div>\n<\/p><\/div>\n<\/p><\/div>\n<\/p><\/div>\n<\/p><\/div>\n","protected":false},"excerpt":{"rendered":"<p>Intercomunicador LOUROE de audio para c\u00e1maras IP<\/p>\n","protected":false},"featured_media":116133,"comment_status":"open","ping_status":"closed","template":"","meta":[],"product_brand":[],"product_cat":[2301],"product_tag":[417,975,2302],"class_list":{"0":"post-116134","1":"product","2":"type-product","3":"status-publish","4":"has-post-thumbnail","6":"product_cat-microfonos","7":"product_tag-accesorios-generales","8":"product_tag-louroe-electronics","9":"product_tag-microfonos","11":"first","12":"outofstock","13":"sale","14":"shipping-taxable","15":"purchasable","16":"product-type-simple"},"_links":{"self":[{"href":"https:\/\/soydeaqui.ddns.net\/pachuca\/index.php\/wp-json\/wp\/v2\/product\/116134","targetHints":{"allow":["GET"]}}],"collection":[{"href":"https:\/\/soydeaqui.ddns.net\/pachuca\/index.php\/wp-json\/wp\/v2\/product"}],"about":[{"href":"https:\/\/soydeaqui.ddns.net\/pachuca\/index.php\/wp-json\/wp\/v2\/types\/product"}],"replies":[{"embeddable":true,"href":"https:\/\/soydeaqui.ddns.net\/pachuca\/index.php\/wp-json\/wp\/v2\/comments?post=116134"}],"wp:featuredmedia":[{"embeddable":true,"href":"https:\/\/soydeaqui.ddns.net\/pachuca\/index.php\/wp-json\/wp\/v2\/media\/116133"}],"wp:attachment":[{"href":"https:\/\/soydeaqui.ddns.net\/pachuca\/index.php\/wp-json\/wp\/v2\/media?parent=116134"}],"wp:term":[{"taxonomy":"product_brand","embeddable":true,"href":"https:\/\/soydeaqui.ddns.net\/pachuca\/index.php\/wp-json\/wp\/v2\/product_brand?post=116134"},{"taxonomy":"product_cat","embeddable":true,"href":"https:\/\/soydeaqui.ddns.net\/pachuca\/index.php\/wp-json\/wp\/v2\/product_cat?post=116134"},{"taxonomy":"product_tag","embeddable":true,"href":"https:\/\/soydeaqui.ddns.net\/pachuca\/index.php\/wp-json\/wp\/v2\/product_tag?post=116134"}],"curies":[{"name":"wp","href":"https:\/\/api.w.org\/{rel}","templated":true}]}}