{"id":116127,"date":"2026-03-24T01:57:49","date_gmt":"2026-03-24T01:57:49","guid":{"rendered":"https:\/\/soydeaqui.ddns.net\/pachuca\/index.php\/producto\/inversor-de-corriente-120w-ent-12-vcc-sal-120-vca-de-uso-24-7-para-domos-ptz\/"},"modified":"2026-03-24T01:57:58","modified_gmt":"2026-03-24T01:57:58","slug":"inversor-de-corriente-120w-ent-12-vcc-sal-120-vca-de-uso-24-7-para-domos-ptz","status":"publish","type":"product","link":"https:\/\/soydeaqui.ddns.net\/pachuca\/index.php\/producto\/inversor-de-corriente-120w-ent-12-vcc-sal-120-vca-de-uso-24-7-para-domos-ptz\/","title":{"rendered":"Inversor de corriente 120W, Ent: 12 Vcc, Sal: 120 Vca, de Uso 24\/7 para Domos PTZ"},"content":{"rendered":"<div style='width: 100%; max-width: 1200px; margin: 0 auto; font-family: sans-serif; line-height: 1.6; color: inherit; background-color: transparent;'>\n<div style='text-align: center; margin-bottom: 30px;'>\n<h1 style='font-size: 24px; margin: 0 0 20px 0; color: inherit;'>Inversores de CD-CA de onda sinusoidal pura serie PST<\/h1>\n<p> <img style='width: 100%; max-width: 511px; height: auto; border: 1px solid rgba(150&comma;150&comma;150&comma;0.3); border-radius: 8px; margin: 0 auto 20px auto;' src='https:\/\/ftp3.syscom.mx\/usuarios\/anavarro\/Samlex\/SAM\/Samlexamerica.png' alt=''> <\/div>\n<div style='display: flex; flex-wrap: wrap; gap: 30px; justify-content: center; margin-bottom: 20px;'>\n<div style='flex: 1 1 300px; min-width: 280px;'> <img style='width: 100%; height: auto; border: 1px solid rgba(150&comma;150&comma;150&comma;0.3); border-radius: 8px;' src='https:\/\/ftp3.syscom.mx\/usuarios\/anavarro\/Samlex\/PST\/PST120\/Pure%20Sine%20Wave%20Power%20Inverter%20Samlex%20PST-120-12%20L.jpg' alt=''> <\/div>\n<div style='flex: 1 1 300px; min-width: 280px;'> <img style='width: 100%; height: auto; border: 1px solid rgba(150&comma;150&comma;150&comma;0.3); border-radius: 8px;' src='https:\/\/ftp3.syscom.mx\/usuarios\/anavarro\/Samlex\/PST\/PST120\/Pure%20Sine%20Wave%20Power%20Inverter%20Samlex%20PST-120-12%20Back%20L.jpg' alt=''> <\/div>\n<\/p><\/div>\n<div style='text-align: right; font-size: 14px; margin-bottom: 20px; color: inherit; opacity: 0.8;'> *Imagen ilustrativa&comma; el producto f\u00edsico puede variar. <\/div>\n<div style='text-align: center; margin-bottom: 30px; font-size: 14px; color: inherit;'> La serie PST de Samlex America es una serie de inversores de corriente dise\u00f1ada para aplicaciones de uso rudo y trabajo continuo&comma; ofreciendo una soluci\u00f3n confiable y de calidad para cubrir las necesidades energ\u00e9ticas en sistemas aislados de la red y una amplia gama aplicaciones m\u00f3viles. <\/div>\n<div style='display: flex; flex-wrap: wrap; gap: 30px; margin-bottom: 30px;'>\n<div style='flex: 1 1 300px; min-width: 280px;'>\n<h3 style='font-size: 22px; border-bottom: 2px solid currentColor; padding-bottom: 5px; margin-top: 0; color: inherit; opacity: 0.8;'>Caracter\u00edsticas principales:<\/h3>\n<ul style='padding-left: 20px; font-size: 15px; color: inherit;'>\n<li style='margin-bottom: 5px;'>Modelos de 120 a 3000 W en configuraci\u00f3n de 12 o 24 Vcc.<\/li>\n<li style='margin-bottom: 5px;'>Dise\u00f1ados para trabajo continuo.<\/li>\n<li style='margin-bottom: 5px;'>Tecnolog\u00eda de onda sinusoidal pura.<\/li>\n<li style='margin-bottom: 5px;'>Alta eficiencia.<\/li>\n<li style='margin-bottom: 5px;'>Ventilador controlado por temperatura.<\/li>\n<li style='margin-bottom: 5px;'>Amplio rango de voltaje de entrada.<\/li>\n<\/ul><\/div>\n<\/p><\/div>\n<div style='display: flex; flex-wrap: wrap; gap: 20px; margin-bottom: 30px;'>\n<div style='flex: 1 1 250px; border: 1px solid rgba(150&comma; 150&comma; 150&comma; 0.4); border-radius: 8px; overflow: hidden; display: flex; flex-direction: column;'>\n<div style='padding: 15px; border-bottom: 1px solid rgba(150&comma; 150&comma; 150&comma; 0.2); font-weight: bold; font-size: 18px; color: inherit;'>Especificaciones<\/div>\n<div style='padding: 15px; color: inherit;'>\n<ul style='padding-left: 20px; margin: 0; font-size: 14px; list-style-type: disc;'>\n<li style='margin-bottom: 5px;'><strong>Voltaje de entrada:<\/strong> 12 Vcc<\/li>\n<li style='margin-bottom: 5px;'><strong>Voltaje de salida:<\/strong> 120 Vca<\/li>\n<li style='margin-bottom: 5px;'><strong>Potencia nominal:<\/strong> 120 W<\/li>\n<li style='margin-bottom: 5px;'><strong>Contactos de salida:<\/strong> 1<\/li>\n<li style='margin-bottom: 5px;'><strong>Tipo de onda:<\/strong> Sinusoidal pura<\/li>\n<li style='margin-bottom: 5px;'><strong>Dimensiones:<\/strong> 105 x 189 x 30.5 mm<\/li>\n<li style='margin-bottom: 5px;'><strong>Peso:<\/strong> 0.453 kg<\/li>\n<\/ul><\/div>\n<\/p><\/div>\n<\/p><\/div>\n<\/p><\/div>\n","protected":false},"excerpt":{"rendered":"<p>Inversor de corriente 120W, Ent: 12 Vcc, Sal: 120 Vca, de Uso 24\/7 para Domos PTZ<\/p>\n","protected":false},"featured_media":116126,"comment_status":"open","ping_status":"closed","template":"","meta":[],"product_brand":[],"product_cat":[1120],"product_tag":[964,1121,1221],"class_list":{"0":"post-116127","1":"product","2":"type-product","3":"status-publish","4":"has-post-thumbnail","6":"product_cat-inversores-aislados-off-grid","7":"product_tag-energia-solar","8":"product_tag-inversores-aislados-off-grid","9":"product_tag-samlex","11":"first","12":"outofstock","13":"sale","14":"shipping-taxable","15":"purchasable","16":"product-type-simple"},"_links":{"self":[{"href":"https:\/\/soydeaqui.ddns.net\/pachuca\/index.php\/wp-json\/wp\/v2\/product\/116127","targetHints":{"allow":["GET"]}}],"collection":[{"href":"https:\/\/soydeaqui.ddns.net\/pachuca\/index.php\/wp-json\/wp\/v2\/product"}],"about":[{"href":"https:\/\/soydeaqui.ddns.net\/pachuca\/index.php\/wp-json\/wp\/v2\/types\/product"}],"replies":[{"embeddable":true,"href":"https:\/\/soydeaqui.ddns.net\/pachuca\/index.php\/wp-json\/wp\/v2\/comments?post=116127"}],"wp:featuredmedia":[{"embeddable":true,"href":"https:\/\/soydeaqui.ddns.net\/pachuca\/index.php\/wp-json\/wp\/v2\/media\/116126"}],"wp:attachment":[{"href":"https:\/\/soydeaqui.ddns.net\/pachuca\/index.php\/wp-json\/wp\/v2\/media?parent=116127"}],"wp:term":[{"taxonomy":"product_brand","embeddable":true,"href":"https:\/\/soydeaqui.ddns.net\/pachuca\/index.php\/wp-json\/wp\/v2\/product_brand?post=116127"},{"taxonomy":"product_cat","embeddable":true,"href":"https:\/\/soydeaqui.ddns.net\/pachuca\/index.php\/wp-json\/wp\/v2\/product_cat?post=116127"},{"taxonomy":"product_tag","embeddable":true,"href":"https:\/\/soydeaqui.ddns.net\/pachuca\/index.php\/wp-json\/wp\/v2\/product_tag?post=116127"}],"curies":[{"name":"wp","href":"https:\/\/api.w.org\/{rel}","templated":true}]}}