{"id":116119,"date":"2026-03-24T01:57:24","date_gmt":"2026-03-24T01:57:24","guid":{"rendered":"https:\/\/soydeaqui.ddns.net\/pachuca\/index.php\/producto\/rack-de-2-postes-estandar-19-24-unidades-fabricado-en-acero-base-l-para-anclar-a-piso\/"},"modified":"2026-03-24T01:57:38","modified_gmt":"2026-03-24T01:57:38","slug":"rack-de-2-postes-estandar-19-24-unidades-fabricado-en-acero-base-l-para-anclar-a-piso","status":"publish","type":"product","link":"https:\/\/soydeaqui.ddns.net\/pachuca\/index.php\/producto\/rack-de-2-postes-estandar-19-24-unidades-fabricado-en-acero-base-l-para-anclar-a-piso\/","title":{"rendered":"Rack de 2 Postes, Est\u00e1ndar 19&#8243;, 24 Unidades, Fabricado en Acero, Base &#8220;L&#8221; para Anclar a Piso."},"content":{"rendered":"<div style='width: 100%; max-width: 1200px; margin: 0 auto; font-family: sans-serif; line-height: 1.6; color: inherit; background-color: transparent;'> <!-- Secci\u00f3n de caracter\u00edsticas principales --> <\/p>\n<div style='display: flex; flex-wrap: wrap; gap: 30px; margin-bottom: 30px;'>\n<div style='flex: 1 1 300px; min-width: 280px;'>\n<h3 style='font-size: 22px; border-bottom: 2px solid currentColor; padding-bottom: 5px; margin-top: 0; color: inherit; opacity: 0.8;'>Caracter\u00edsticas Principales<\/h3>\n<ul style='padding-left: 20px; font-size: 15px; color: inherit;'>\n<li style='margin-bottom: 5px;'>Rack de dos postes con base tipo &#8216;L&#8217; para fijaci\u00f3n al piso (Fijaci\u00f3n necesaria para estabilidad)<\/li>\n<li style='margin-bottom: 5px;'>Liviano y f\u00e1cil de armar<\/li>\n<li style='margin-bottom: 5px;'>Ancho est\u00e1ndar de 19&#8242; (EIA-310D)<\/li>\n<li style='margin-bottom: 5px;'>Tipo de perforaci\u00f3n: cuadrada para uso con tuerca enjaulada<\/li>\n<\/ul><\/div>\n<\/p><\/div>\n<p> <!-- Secci\u00f3n de caracter\u00edsticas f\u00edsicas --> <\/p>\n<div style='display: flex; flex-wrap: wrap; gap: 30px; margin-bottom: 30px;'>\n<div style='flex: 1 1 300px; min-width: 280px;'>\n<h3 style='font-size: 22px; border-bottom: 2px solid currentColor; padding-bottom: 5px; margin-top: 0; color: inherit; opacity: 0.8;'>Caracter\u00edsticas F\u00edsicas<\/h3>\n<ul style='padding-left: 20px; font-size: 15px; color: inherit;'>\n<li style='margin-bottom: 5px;'><strong>Material:<\/strong> Acero al carbon Cal. 11 y 14<\/li>\n<li style='margin-bottom: 5px;'><strong>Unidades rack:<\/strong> 24 UR<\/li>\n<li style='margin-bottom: 5px;'><strong>Pintura:<\/strong> Aplicaci\u00f3n electrost\u00e1tica horneada<\/li>\n<li style='margin-bottom: 5px;'><strong>Color:<\/strong> Negro semi mate<\/li>\n<li style='margin-bottom: 5px;'><strong>Capacidad de carga:<\/strong> 460 Kg<\/li>\n<li style='margin-bottom: 5px;'><strong>Peso:<\/strong> 11 Kg<\/li>\n<li style='margin-bottom: 5px;'><strong>Dimensiones:<\/strong>\n<ul style='padding-left: 20px; margin-top: 8px; margin-bottom: 8px; font-size: 14px;'>\n<li style='margin-bottom: 4px;'>Ancho: 516 mm<\/li>\n<li style='margin-bottom: 4px;'>Alto: 1193 mm<\/li>\n<li style='margin-bottom: 4px;'>Profundidad: 346 mm<\/li>\n<\/ul>\n<\/li>\n<li style='margin-bottom: 5px;'><strong>Env\u00edo desarmado y empacado en caja de cart\u00f3n<\/strong><\/li>\n<\/ul><\/div>\n<\/p><\/div>\n<p> <!-- Secci\u00f3n de contenido incluido --> <\/p>\n<div style='display: flex; flex-wrap: wrap; gap: 30px; margin-bottom: 30px;'>\n<div style='flex: 1 1 300px; min-width: 280px;'>\n<h3 style='font-size: 22px; border-bottom: 2px solid currentColor; padding-bottom: 5px; margin-top: 0; color: inherit; opacity: 0.8;'>El equipo incluye<\/h3>\n<ul style='padding-left: 20px; font-size: 15px; color: inherit;'>\n<li style='margin-bottom: 5px;'>2 Postes rack<\/li>\n<li style='margin-bottom: 5px;'>2 Secciones L superiores<\/li>\n<li style='margin-bottom: 5px;'>2 Secciones L inferiores<\/li>\n<li style='margin-bottom: 5px;'>Torniller\u00eda para armado<\/li>\n<li style='margin-bottom: 5px;'>24 Tuercas enjauladas con tornillo para instalaci\u00f3n de 6 equipos<\/li>\n<\/ul><\/div>\n<\/p><\/div>\n<p> <!-- Secci\u00f3n de imagen de instalaci\u00f3n --> <\/p>\n<div style='display: flex; flex-wrap: wrap; gap: 30px; margin-bottom: 30px;'>\n<div style='flex: 1 1 300px; min-width: 280px;'>\n<h3 style='font-size: 22px; border-bottom: 2px solid currentColor; padding-bottom: 5px; margin-top: 0; color: inherit; opacity: 0.8;'>Instalaci\u00f3n de Tierra F\u00edsica para Rack de Telecomunicaciones<\/h3>\n<p> <img style='width: 100%; height: auto; border: 1px solid rgba(150&comma;150&comma;150&comma;0.3); border-radius: 8px;' src='http:\/\/ftp3.syscom.mx\/usuarios\/dcarreon\/EPCOM%20INDUSTRIAL\/PRODUCTOS2\/EIRL5524\/Tierra%20F%C3%ADsica%20para%20Rack.png' alt='Instalaci\u00f3n de Tierra F\u00edsica para Rack de Telecomunicaciones'> <\/div>\n<\/p><\/div>\n<p> <!-- Separador final --> <\/p>\n<hr style='border: 0; border-top: 1px solid rgba(150&comma; 150&comma; 150&comma; 0.3); margin: 30px 0;'> <\/div>\n","protected":false},"excerpt":{"rendered":"<p>Rack de 2 Postes, Est\u00e1ndar 19&#8243;, 24 Unidades, Fabricado en Acero, Base &#8220;L&#8221; para Anclar a Piso.<\/p>\n","protected":false},"featured_media":116118,"comment_status":"open","ping_status":"closed","template":"","meta":[],"product_brand":[],"product_cat":[680],"product_tag":[435,660,605],"class_list":{"0":"post-116119","1":"product","2":"type-product","3":"status-publish","4":"has-post-thumbnail","6":"product_cat-racks-abiertos-racks-y-gabinetes","7":"product_tag-linkedpro-by-epcom","8":"product_tag-racks-abiertos","9":"product_tag-racks-y-gabinetes","11":"first","12":"instock","13":"sale","14":"shipping-taxable","15":"purchasable","16":"product-type-simple"},"_links":{"self":[{"href":"https:\/\/soydeaqui.ddns.net\/pachuca\/index.php\/wp-json\/wp\/v2\/product\/116119","targetHints":{"allow":["GET"]}}],"collection":[{"href":"https:\/\/soydeaqui.ddns.net\/pachuca\/index.php\/wp-json\/wp\/v2\/product"}],"about":[{"href":"https:\/\/soydeaqui.ddns.net\/pachuca\/index.php\/wp-json\/wp\/v2\/types\/product"}],"replies":[{"embeddable":true,"href":"https:\/\/soydeaqui.ddns.net\/pachuca\/index.php\/wp-json\/wp\/v2\/comments?post=116119"}],"wp:featuredmedia":[{"embeddable":true,"href":"https:\/\/soydeaqui.ddns.net\/pachuca\/index.php\/wp-json\/wp\/v2\/media\/116118"}],"wp:attachment":[{"href":"https:\/\/soydeaqui.ddns.net\/pachuca\/index.php\/wp-json\/wp\/v2\/media?parent=116119"}],"wp:term":[{"taxonomy":"product_brand","embeddable":true,"href":"https:\/\/soydeaqui.ddns.net\/pachuca\/index.php\/wp-json\/wp\/v2\/product_brand?post=116119"},{"taxonomy":"product_cat","embeddable":true,"href":"https:\/\/soydeaqui.ddns.net\/pachuca\/index.php\/wp-json\/wp\/v2\/product_cat?post=116119"},{"taxonomy":"product_tag","embeddable":true,"href":"https:\/\/soydeaqui.ddns.net\/pachuca\/index.php\/wp-json\/wp\/v2\/product_tag?post=116119"}],"curies":[{"name":"wp","href":"https:\/\/api.w.org\/{rel}","templated":true}]}}