{"id":116113,"date":"2026-03-24T01:57:03","date_gmt":"2026-03-24T01:57:03","guid":{"rendered":"https:\/\/soydeaqui.ddns.net\/pachuca\/index.php\/producto\/respaldo-de-energia-para-dispositivos-de-videovigilancia-movil-epcom\/"},"modified":"2026-03-24T01:57:11","modified_gmt":"2026-03-24T01:57:11","slug":"respaldo-de-energia-para-dispositivos-de-videovigilancia-movil-epcom","status":"publish","type":"product","link":"https:\/\/soydeaqui.ddns.net\/pachuca\/index.php\/producto\/respaldo-de-energia-para-dispositivos-de-videovigilancia-movil-epcom\/","title":{"rendered":"Respaldo de energ\u00eda para dispositivos de videovigilancia m\u00f3vil epcom"},"content":{"rendered":"<div style='width: 100%; max-width: 1200px; margin: 0 auto; font-family: sans-serif; line-height: 1.6; color: inherit; background-color: transparent;'> <img style='width: 100%; height: auto; border: 1px solid rgba(150&comma;150&comma;150&comma;0.3); border-radius: 8px;' src='http:\/\/ftp3.syscom.mx\/usuarios\/aberumen\/bannerxmr.jpg' alt='Banner XMR'> <\/p>\n<p style='color: inherit; opacity: 0.6;'>\n<p style='color: inherit; opacity: 0.8; font-weight: bold; font-size: 18px;'>Seguridad Sobre Ruedas<\/p>\n<p style='color: inherit;'>Obtenga la mayor calidad de imagen con las c\u00e1maras para soluciones de videovigilancia m\u00f3vil XMR la cual ofrece nuevos dise\u00f1os en c\u00e1maras AHD con la mejor tecnolog\u00eda <strong style='color: inherit;'>Anti-vibraci\u00f3n<\/strong> y <strong style='color: inherit;'>alta fiabilidad.<\/strong><\/p>\n<div style='display: flex; flex-wrap: wrap; gap: 30px; margin: 30px 0;'>\n<div style='flex: 1 1 300px; min-width: 280px;'>\n<div style='border-left: 5px solid #080808; border-radius: 8px; padding: 15px; box-shadow: 2px 2px 10px rgba(216&comma;216&comma;216&comma;0.3); background-color: rgba(128&comma;128&comma;128&comma;0.16);'> <strong style='color: inherit;'>Caracter\u00edsticas principales:<\/strong> <\/p>\n<ul style='padding-left: 20px; margin: 10px 0 0; color: inherit;'>\n<li style='margin-bottom: 5px;'>Fuente de alimentaci\u00f3n ininterrumpida<\/li>\n<\/ul><\/div>\n<\/p><\/div>\n<div style='flex: 1 1 300px; min-width: 280px;'>\n<div style='border-left: 5px solid #080808; border-radius: 8px; padding: 15px; box-shadow: 2px 2px 10px rgba(216&comma;216&comma;216&comma;0.3); background-color: rgba(128&comma;128&comma;128&comma;0.16);'> <strong style='color: inherit;'>Caracter\u00edsticas F\u00edsicas y El\u00e9ctricas:<\/strong> <\/p>\n<ul style='padding-left: 20px; margin: 10px 0 0; color: inherit;'>\n<li style='margin-bottom: 5px;'>Voltaje de entrada 24cvd<\/li>\n<li style='margin-bottom: 5px;'>Capacidad 2000 mAh<\/li>\n<li style='margin-bottom: 5px;'>Tiempo de carga 4 horas.<\/li>\n<li style='margin-bottom: 5px;'>Temperatura soportada -10 ~ 60\u00b0c<\/li>\n<\/ul><\/div>\n<\/p><\/div>\n<div style='flex: 1 1 300px; min-width: 280px;'>\n<div style='border-left: 5px solid #080808; border-radius: 8px; padding: 15px; box-shadow: 2px 2px 10px rgba(216&comma;216&comma;216&comma;0.3); background-color: rgba(128&comma;128&comma;128&comma;0.16);'> <strong style='color: inherit;'>Caracter\u00edsticas Destacadas:<\/strong> <\/p>\n<ul style='padding-left: 20px; margin: 10px 0 0; color: inherit;'>\n<li style='margin-bottom: 5px;'><strong style='color: inherit;'>Conector tipo aviaci\u00f3n<\/strong><\/li>\n<li style='margin-bottom: 5px;'><strong style='color: inherit;'>Para interior.<\/strong><\/li>\n<li style='margin-bottom: 5px;'><strong style='color: inherit;'>Duraci\u00f3n de bater\u00eda m\u00e1ximo 20 min.<\/strong><\/li>\n<li style='margin-bottom: 5px;'><strong style='color: inherit;'>Compatible con modelos XMR401NAHD&comma; XMR401NAHDS&comma; XMR401AHD&comma; XMR401AHDS.<\/strong><\/li>\n<li style='margin-bottom: 5px;'><strong style='color: inherit;'>.<\/strong><\/li>\n<\/ul><\/div>\n<\/p><\/div>\n<\/p><\/div>\n<div style='margin: 40px 0; display: flex; flex-wrap: wrap; gap: 40px; justify-content: center;'>\n<div style='flex: 1 1 500px; min-width: 300px;'>\n<div style='position: relative; padding-bottom: 56.25%; height: 0; overflow: hidden;'>   <\/div>\n<\/p><\/div>\n<div style='flex: 1 1 500px; min-width: 300px;'>\n<div style='position: relative; padding-bottom: 56.25%; height: 0; overflow: hidden;'>   <\/div>\n<\/p><\/div>\n<\/p><\/div>\n<\/p><\/div>\n","protected":false},"excerpt":{"rendered":"<p>Respaldo de energ\u00eda para dispositivos de videovigilancia m\u00f3vil epcom<\/p>\n","protected":false},"featured_media":116112,"comment_status":"open","ping_status":"closed","template":"","meta":[],"product_brand":[],"product_cat":[1408,1406],"product_tag":[93,1409,1474,1345],"class_list":{"0":"post-116113","1":"product","2":"type-product","3":"status-publish","4":"has-post-thumbnail","6":"product_cat-accesorios-dash-cams-y-body-cams","7":"product_cat-videograbadoras-moviles-videovigilancia","8":"product_tag-accesorios","9":"product_tag-dash-cams-y-body-cams","10":"product_tag-streamax","11":"product_tag-videograbadoras-moviles","13":"first","14":"instock","15":"sale","16":"shipping-taxable","17":"purchasable","18":"product-type-simple"},"_links":{"self":[{"href":"https:\/\/soydeaqui.ddns.net\/pachuca\/index.php\/wp-json\/wp\/v2\/product\/116113","targetHints":{"allow":["GET"]}}],"collection":[{"href":"https:\/\/soydeaqui.ddns.net\/pachuca\/index.php\/wp-json\/wp\/v2\/product"}],"about":[{"href":"https:\/\/soydeaqui.ddns.net\/pachuca\/index.php\/wp-json\/wp\/v2\/types\/product"}],"replies":[{"embeddable":true,"href":"https:\/\/soydeaqui.ddns.net\/pachuca\/index.php\/wp-json\/wp\/v2\/comments?post=116113"}],"wp:featuredmedia":[{"embeddable":true,"href":"https:\/\/soydeaqui.ddns.net\/pachuca\/index.php\/wp-json\/wp\/v2\/media\/116112"}],"wp:attachment":[{"href":"https:\/\/soydeaqui.ddns.net\/pachuca\/index.php\/wp-json\/wp\/v2\/media?parent=116113"}],"wp:term":[{"taxonomy":"product_brand","embeddable":true,"href":"https:\/\/soydeaqui.ddns.net\/pachuca\/index.php\/wp-json\/wp\/v2\/product_brand?post=116113"},{"taxonomy":"product_cat","embeddable":true,"href":"https:\/\/soydeaqui.ddns.net\/pachuca\/index.php\/wp-json\/wp\/v2\/product_cat?post=116113"},{"taxonomy":"product_tag","embeddable":true,"href":"https:\/\/soydeaqui.ddns.net\/pachuca\/index.php\/wp-json\/wp\/v2\/product_tag?post=116113"}],"curies":[{"name":"wp","href":"https:\/\/api.w.org\/{rel}","templated":true}]}}