{"id":11610,"date":"2026-03-18T07:52:23","date_gmt":"2026-03-18T07:52:23","guid":{"rendered":"https:\/\/soydeaqui.ddns.net\/pachuca\/index.php\/producto\/tapa-ciega-horizontal-para-rack-estandar-de-19in-1ur-color-negro\/"},"modified":"2026-03-18T07:52:23","modified_gmt":"2026-03-18T07:52:23","slug":"tapa-ciega-horizontal-para-rack-estandar-de-19in-1ur-color-negro","status":"publish","type":"product","link":"https:\/\/soydeaqui.ddns.net\/pachuca\/index.php\/producto\/tapa-ciega-horizontal-para-rack-estandar-de-19in-1ur-color-negro\/","title":{"rendered":"Tapa Ciega Horizontal para Rack est\u00e1ndar de 19in, 1UR, Color Negro"},"content":{"rendered":"<div style='width: 100%; max-width: 1200px; margin: 0 auto; font-family: sans-serif; line-height: 1.6; color: inherit; background-color: transparent;'>\n<div style='display: flex; flex-wrap: wrap; gap: 30px; margin-bottom: 30px;'>\n<div style='flex: 1 1 300px; min-width: 280px;'>\n<h3 style='font-size: 22px; border-bottom: 2px solid currentColor; padding-bottom: 5px; margin-top: 0; color: inherit; opacity: 0.8;'>Descripci\u00f3n<\/h3>\n<p style='font-size: 15px; color: inherit; margin-bottom: 15px;'>El panel ciego de Siemon&comma; es un panel para una instalaci\u00f3n f\u00e1cil y r\u00e1pida&comma; utilizado para ayudar a mejorar el rendimiento t\u00e9rmico al impedir el flujo de aire a trav\u00e9s de espacios vac\u00edos en el Rack o Gabinete. El panel ciego permite encajar directamente en el espacio de una unidad de Rack. Al aislar la parte frontal del Rack o Gabinete&comma; estos paneles permiten mantener el aire fri\u00f3 a los equipos que lo necesitan.<\/p>\n<h4 style='font-size: 18px; color: inherit; opacity: 0.8; margin-top: 20px; margin-bottom: 10px;'>Caracter\u00edsticas principales:<\/h4>\n<ul style='padding-left: 20px; font-size: 15px; color: inherit; list-style-position: inside;'>\n<li style='margin-bottom: 5px;'>Panel resistente y ligero<\/li>\n<li style='margin-bottom: 5px;'>Soluci\u00f3n para centros de datos<\/li>\n<li style='margin-bottom: 5px;'>F\u00e1cil de quitar cuando el espacio esta listo para ser utilizado<\/li>\n<li style='margin-bottom: 5px;'>1 Unidad de Rack para mayor flexibilidad<\/li>\n<\/ul><\/div>\n<\/p><\/div>\n<\/p><\/div>\n","protected":false},"excerpt":{"rendered":"<p>Tapa Ciega Horizontal para Rack est\u00e1ndar de 19in, 1UR, Color Negro<\/p>\n","protected":false},"featured_media":11609,"comment_status":"open","ping_status":"closed","template":"","meta":[],"product_brand":[],"product_cat":[633],"product_tag":[634,605,600],"class_list":{"0":"post-11610","1":"product","2":"type-product","3":"status-publish","4":"has-post-thumbnail","6":"product_cat-accesorios-para-rack-gabinetes","7":"product_tag-accesorios-para-rack-gabinetes","8":"product_tag-racks-y-gabinetes","9":"product_tag-siemon","11":"first","12":"outofstock","13":"sale","14":"shipping-taxable","15":"purchasable","16":"product-type-simple"},"_links":{"self":[{"href":"https:\/\/soydeaqui.ddns.net\/pachuca\/index.php\/wp-json\/wp\/v2\/product\/11610","targetHints":{"allow":["GET"]}}],"collection":[{"href":"https:\/\/soydeaqui.ddns.net\/pachuca\/index.php\/wp-json\/wp\/v2\/product"}],"about":[{"href":"https:\/\/soydeaqui.ddns.net\/pachuca\/index.php\/wp-json\/wp\/v2\/types\/product"}],"replies":[{"embeddable":true,"href":"https:\/\/soydeaqui.ddns.net\/pachuca\/index.php\/wp-json\/wp\/v2\/comments?post=11610"}],"wp:featuredmedia":[{"embeddable":true,"href":"https:\/\/soydeaqui.ddns.net\/pachuca\/index.php\/wp-json\/wp\/v2\/media\/11609"}],"wp:attachment":[{"href":"https:\/\/soydeaqui.ddns.net\/pachuca\/index.php\/wp-json\/wp\/v2\/media?parent=11610"}],"wp:term":[{"taxonomy":"product_brand","embeddable":true,"href":"https:\/\/soydeaqui.ddns.net\/pachuca\/index.php\/wp-json\/wp\/v2\/product_brand?post=11610"},{"taxonomy":"product_cat","embeddable":true,"href":"https:\/\/soydeaqui.ddns.net\/pachuca\/index.php\/wp-json\/wp\/v2\/product_cat?post=11610"},{"taxonomy":"product_tag","embeddable":true,"href":"https:\/\/soydeaqui.ddns.net\/pachuca\/index.php\/wp-json\/wp\/v2\/product_tag?post=11610"}],"curies":[{"name":"wp","href":"https:\/\/api.w.org\/{rel}","templated":true}]}}