{"id":116060,"date":"2026-03-24T01:54:08","date_gmt":"2026-03-24T01:54:08","guid":{"rendered":"https:\/\/soydeaqui.ddns.net\/pachuca\/index.php\/producto\/kit-extensor-usb-por-cable-utp-cat-5-5e-6-para-distancias-de-hasta-50-metros-version-2-0\/"},"modified":"2026-03-24T01:54:23","modified_gmt":"2026-03-24T01:54:23","slug":"kit-extensor-usb-por-cable-utp-cat-5-5e-6-para-distancias-de-hasta-50-metros-version-2-0","status":"publish","type":"product","link":"https:\/\/soydeaqui.ddns.net\/pachuca\/index.php\/producto\/kit-extensor-usb-por-cable-utp-cat-5-5e-6-para-distancias-de-hasta-50-metros-version-2-0\/","title":{"rendered":"Kit extensor USB por cable UTP Cat 5 \/ 5e \/ 6 para Distancias de Hasta 50 Metros \/ Versi\u00f3n 2.0"},"content":{"rendered":"<div style='width: 100%; max-width: 1200px; margin: 0 auto; font-family: sans-serif; line-height: 1.6; color: inherit; background-color: transparent;'> <!-- T\u00edtulos principales --> <\/p>\n<div style='width: 100%; text-align: center; margin: 30px 0;'>\n<h1 style='font-size: 28px; color: inherit; margin: 0 0 10px 0; opacity: 0.9;'>TT-USB-100<\/h1>\n<h3 style='font-size: 18px; color: inherit; margin: 0 0 20px 0; opacity: 0.8;'>Kit extensor USB por cable UTP5\/5e\/6 para distancias de hasta 50 m<\/h3>\n<p style='font-size: 15px; margin: 0 auto; max-width: 800px; color: inherit; opacity: 0.8;'>El Kit TTUSB100 extiende la comunicaci\u00f3n entre dispositivos USB hasta 50 m. Lo cual supera la limitaci\u00f3n t\u00edpica de 5 m. Este kit se compone de un transmisor local y un receptor remoto&comma; que est\u00e1n conectados por Cat 5 cables est\u00e1ndar. Se aplica en gran medida en aplicaciones de CCTV y en el campo de la inform\u00e1tica donde se requieran aplicaciones de control a gran distancia.<\/p>\n<\/p><\/div>\n<p> <!-- Imagen principal --> <\/p>\n<div style='width: 100%; max-width: 600px; margin: 30px auto;'> <img style='width: 100%; height: auto; border: 1px solid rgba(150&comma;150&comma;150&comma;0.3); border-radius: 8px;' src='http:\/\/ftp3.syscom.mx\/usuarios\/hallende\/FolkTitanium\/TT-USB-100\/TTUSB100-AD-1-h.png' alt=''> <\/div>\n<p> <!-- Secci\u00f3n de caracter\u00edsticas --> <\/p>\n<div style='display: flex; flex-wrap: wrap; gap: 30px; margin: 40px 0;'> <!-- Caracter\u00edsticas principales --> <\/p>\n<div style='flex: 1 1 300px; min-width: 280px;'>\n<div style='border: 1px solid rgba(150&comma;150&comma;150&comma;0.3); border-radius: 8px; padding: 15px; margin-bottom: 20px;'>\n<h3 style='font-size: 20px; border-bottom: 2px solid currentColor; padding-bottom: 5px; margin-top: 0; color: inherit; opacity: 0.8;'>Caracter\u00edsticas Principales:<\/h3>\n<ul style='padding-left: 20px; font-size: 15px; color: inherit; margin: 15px 0;'>\n<li style='margin-bottom: 5px;'>Lo \u00faltimo en tecnolog\u00eda de transmisi\u00f3n de USB internacional m\u00e1s estable<\/li>\n<li style='margin-bottom: 5px;'>Soporta USB 1.1 y el protocolo USB 2.0&comma; la compatibilidad perfecta.<\/li>\n<li style='margin-bottom: 5px;'>Extensor con conector USB de velocidad completa computadora entre dispositivos hasta 50 m. en USB 2.0 y ciertos dispositivos de baja velocidad USB 1.1 pueden trabajar hasta 100 metros.<\/li>\n<\/ul><\/div>\n<\/p><\/div>\n<p> <!-- Caracter\u00edsticas f\u00edsicas y el\u00e9ctricas --> <\/p>\n<div style='flex: 1 1 300px; min-width: 280px;'>\n<div style='border: 1px solid rgba(150&comma;150&comma;150&comma;0.3); border-radius: 8px; padding: 15px; margin-bottom: 20px;'>\n<h3 style='font-size: 20px; border-bottom: 2px solid currentColor; padding-bottom: 5px; margin-top: 0; color: inherit; opacity: 0.8;'>Caracter\u00edsticas F\u00edsicas y El\u00e9ctricas:<\/h3>\n<ul style='padding-left: 20px; font-size: 15px; color: inherit; margin: 15px 0;'>\n<li style='margin-bottom: 5px;'>No se requiere fuente de alimentaci\u00f3n<\/li>\n<li style='margin-bottom: 5px;'>Dimensiones : 60x27x18<\/li>\n<li style='margin-bottom: 5px;'>Peso 115 grs.<\/li>\n<\/ul><\/div>\n<div style='margin: 20px 0;'> <img style='width: 100%; height: auto; border: 1px solid rgba(150&comma;150&comma;150&comma;0.3); border-radius: 8px;' src='http:\/\/ftp3.syscom.mx\/usuarios\/hallende\/FolkTitanium\/TT-USB-100\/TTUSB100-h.png' alt=''> <\/div>\n<div style='margin: 20px 0;'> <img style='width: 100%; height: auto; border: 1px solid rgba(150&comma;150&comma;150&comma;0.3); border-radius: 8px;' src='http:\/\/ftp3.syscom.mx\/usuarios\/hallende\/FolkTitanium\/TT-USB-100\/TTUSB100-AD-2-h.png' alt=''> <\/div>\n<\/p><\/div>\n<p> <!-- Caracter\u00edsticas destacadas --> <\/p>\n<div style='flex: 1 1 300px; min-width: 280px;'>\n<div style='border: 1px solid rgba(150&comma;150&comma;150&comma;0.3); border-radius: 8px; padding: 15px; margin-bottom: 20px;'>\n<h3 style='font-size: 20px; border-bottom: 2px solid currentColor; padding-bottom: 5px; margin-top: 0; color: inherit; opacity: 0.8;'>Caracter\u00edsticas Destacadas:<\/h3>\n<ul style='padding-left: 20px; font-size: 15px; color: inherit; margin: 15px 0;'>\n<li style='margin-bottom: 5px;'>No necesita driver en su instalaci\u00f3n<\/li>\n<li style='margin-bottom: 5px;'>Use cable UTP<\/li>\n<li style='margin-bottom: 5px;'>Plug &#038; play<\/li>\n<li style='margin-bottom: 5px;'><strong>Nota.- No transmite video a trav\u00e9s de camaras WEB<\/strong><\/li>\n<\/ul><\/div>\n<\/p><\/div>\n<\/p><\/div>\n<p> <!-- Diagrama de conexi\u00f3n --> <\/p>\n<div style='width: 100%; text-align: center; margin: 40px 0;'>\n<h2 style='font-size: 22px; color: inherit; margin: 0 0 20px 0; opacity: 0.8;'>DIAGRAMA DE CONEXI\u00d3N<\/h2>\n<p> <img style='width: 100%; height: auto; border: 1px solid rgba(150&comma;150&comma;150&comma;0.3); border-radius: 8px;' src='http:\/\/ftp3.syscom.mx\/usuarios\/hallende\/FolkTitanium\/TT-USB-100\/Imagen%20TTUSB100.png' alt=''> <\/div>\n<\/p><\/div>\n","protected":false},"excerpt":{"rendered":"<p>Kit extensor USB por cable UTP Cat 5 \/ 5e \/ 6 para Distancias de Hasta 50 Metros \/ Versi\u00f3n 2.0<\/p>\n","protected":false},"featured_media":116059,"comment_status":"open","ping_status":"closed","template":"","meta":[],"product_brand":[],"product_cat":[2327],"product_tag":[417,507,2328],"class_list":{"0":"post-116060","1":"product","2":"type-product","3":"status-publish","4":"has-post-thumbnail","6":"product_cat-transceptores-de-video","7":"product_tag-accesorios-generales","8":"product_tag-epcom-titanium","9":"product_tag-transceptores-de-video","11":"first","12":"instock","13":"sale","14":"shipping-taxable","15":"purchasable","16":"product-type-simple"},"_links":{"self":[{"href":"https:\/\/soydeaqui.ddns.net\/pachuca\/index.php\/wp-json\/wp\/v2\/product\/116060","targetHints":{"allow":["GET"]}}],"collection":[{"href":"https:\/\/soydeaqui.ddns.net\/pachuca\/index.php\/wp-json\/wp\/v2\/product"}],"about":[{"href":"https:\/\/soydeaqui.ddns.net\/pachuca\/index.php\/wp-json\/wp\/v2\/types\/product"}],"replies":[{"embeddable":true,"href":"https:\/\/soydeaqui.ddns.net\/pachuca\/index.php\/wp-json\/wp\/v2\/comments?post=116060"}],"wp:featuredmedia":[{"embeddable":true,"href":"https:\/\/soydeaqui.ddns.net\/pachuca\/index.php\/wp-json\/wp\/v2\/media\/116059"}],"wp:attachment":[{"href":"https:\/\/soydeaqui.ddns.net\/pachuca\/index.php\/wp-json\/wp\/v2\/media?parent=116060"}],"wp:term":[{"taxonomy":"product_brand","embeddable":true,"href":"https:\/\/soydeaqui.ddns.net\/pachuca\/index.php\/wp-json\/wp\/v2\/product_brand?post=116060"},{"taxonomy":"product_cat","embeddable":true,"href":"https:\/\/soydeaqui.ddns.net\/pachuca\/index.php\/wp-json\/wp\/v2\/product_cat?post=116060"},{"taxonomy":"product_tag","embeddable":true,"href":"https:\/\/soydeaqui.ddns.net\/pachuca\/index.php\/wp-json\/wp\/v2\/product_tag?post=116060"}],"curies":[{"name":"wp","href":"https:\/\/api.w.org\/{rel}","templated":true}]}}