{"id":116053,"date":"2026-03-24T01:53:44","date_gmt":"2026-03-24T01:53:44","guid":{"rendered":"https:\/\/soydeaqui.ddns.net\/pachuca\/index.php\/producto\/estacion-de-monitoreo-ergonomica-de-48-diseno-modular\/"},"modified":"2026-03-24T01:53:46","modified_gmt":"2026-03-24T01:53:46","slug":"estacion-de-monitoreo-ergonomica-de-48-diseno-modular","status":"publish","type":"product","link":"https:\/\/soydeaqui.ddns.net\/pachuca\/index.php\/producto\/estacion-de-monitoreo-ergonomica-de-48-diseno-modular\/","title":{"rendered":"Estaci\u00f3n de Monitoreo Ergon\u00f3mica  de 48&#8243; Dise\u00f1o Modular"},"content":{"rendered":"<div style='width: 100%; max-width: 1200px; margin: 0 auto; font-family: sans-serif; line-height: 1.6; color: inherit; background-color: transparent;'> <!-- Secci\u00f3n de descripci\u00f3n principal --> <\/p>\n<div style='margin-bottom: 30px;'>\n<p style='font-size: 15px; color: inherit; margin-bottom: 15px;'>Mobiliario de apoyo para CCTV&comma; control de acceso&comma; centrales de monitoreo de alarma&comma; consolas de despacho (radiocomunicaci\u00f3n &#8211; fleetsync)&comma; monitoreo de flotillas (GPS)&comma; que brindan comodidad para operar sistemas profesionales de control. Todo en un concepto de espacio organizado y perfectamente distribuido.<\/p>\n<ul style='padding-left: 20px; margin-bottom: 15px; font-size: 15px; color: inherit;'>\n<li style='margin-bottom: 5px;'>Estaci\u00f3n para un solo operador<\/li>\n<li style='margin-bottom: 5px;'>Cubiertas disponibles en diferentes colores<\/li>\n<li style='margin-bottom: 5px;'>Estructura de metal<\/li>\n<li style='margin-bottom: 5px;'>Garant\u00eda de por Vida<\/li>\n<\/ul>\n<p style='font-size: 15px; color: inherit; margin-bottom: 15px;'><strong>No incluye silla&comma; porta CPU&comma; soportes ni monitores (accesorios seleccionables con costo adicional).<\/strong><\/p>\n<p style='font-size: 15px; color: inherit;'><em>PRODUCTO SOBRE PEDIDO. Consulte al Depto. de Ingenier\u00eda.<\/em><\/p>\n<\/p><\/div>\n<p> <!-- T\u00edtulo de caracter\u00edsticas destacadas --> <\/p>\n<div style='margin-bottom: 20px;'>\n<h3 style='font-size: 24px; color: inherit; border-bottom: 2px solid currentColor; padding-bottom: 8px; margin-top: 0; margin-bottom: 15px;'>CARACTER\u00cdSTICAS DESTACADAS DE LA LINEA E-SOC<\/h3>\n<\/p><\/div>\n<p> <!-- Secci\u00f3n de caracter\u00edsticas --> <\/p>\n<div style='display: flex; flex-wrap: wrap; gap: 30px; margin-bottom: 30px;'>\n<div style='flex: 1 1 300px; min-width: 280px;'>\n<h3 style='font-size: 20px; border-bottom: 2px solid currentColor; padding-bottom: 5px; margin-top: 0; margin-bottom: 10px; color: inherit; opacity: 0.8;'>Montaje Ajustable para Monitores (No incluido)<\/h3>\n<p style='font-size: 14px; color: inherit;'>El VESA-compliant de rotaci\u00f3n\/inclinaci\u00f3n se monta f\u00e1cilmente sujetando los monitores a un poste de soporte&comma; proporcionando una rotaci\u00f3n suave y un ajuste de inclinaci\u00f3n para una visualizaci\u00f3n \u00f3ptima de los monitores de pantalla plana.<\/p>\n<\/p><\/div>\n<div style='flex: 1 1 300px; min-width: 280px;'>\n<h3 style='font-size: 20px; border-bottom: 2px solid currentColor; padding-bottom: 5px; margin-top: 0; margin-bottom: 10px; color: inherit; opacity: 0.8;'>Discreto Panel de Ventilaci\u00f3n<\/h3>\n<p style='font-size: 14px; color: inherit;'>Decorativo&comma; discreto panel de ventilaci\u00f3n con convenientes paneles elevados para facilitar el acceso de los cables&comma; electr\u00f3nicos y CPUs. Organizador de cables integrado con cables acordonados lo que aumenta el conjunto de caracter\u00edsticas de la E-SOC.<\/p>\n<\/p><\/div>\n<div style='flex: 1 1 300px; min-width: 280px;'>\n<h3 style='font-size: 20px; border-bottom: 2px solid currentColor; padding-bottom: 5px; margin-top: 0; margin-bottom: 10px; color: inherit; opacity: 0.8;'>Gabinete para Montaje en Rack (No incluido)<\/h3>\n<p style='font-size: 14px; color: inherit;'>Winsted ofrece el gabinete de 19\u201d EIA Montaje en Rack para complementar su Estaci\u00f3n de Control. Una amplia gama de estanter\u00edas y accesorios est\u00e1n disponibles para construir la soluci\u00f3n de rack perfecta.<\/p>\n<\/p><\/div>\n<div style='flex: 1 1 300px; min-width: 280px;'>\n<h3 style='font-size: 20px; border-bottom: 2px solid currentColor; padding-bottom: 5px; margin-top: 0; margin-bottom: 10px; color: inherit; opacity: 0.8;'>F\u00e1cil Acceso al Cableado<\/h3>\n<p style='font-size: 14px; color: inherit;'>Al mismo tiempo protege&comma; mejora la fiabilidad y manejo de los cables. Todas las Estaciones de Control E-SOC cuentan con una canaleta de cableado con cables acordonados incorporados en el panel frontal y una bandeja grande&comma; bandeja de cableado desplegable con bisagras que abarca la longitud del panel frontal.<\/p>\n<\/p><\/div>\n<div style='flex: 1 1 300px; min-width: 280px;'>\n<h3 style='font-size: 20px; border-bottom: 2px solid currentColor; padding-bottom: 5px; margin-top: 0; margin-bottom: 10px; color: inherit; opacity: 0.8;'>Poste de Tres Alturas para Montaje de Monitores (No incluido)<\/h3>\n<p style='font-size: 14px; color: inherit;'>Disponible en tres alturas diferentes: 15\u201d&comma; 28-1\/2\u201d&comma; y 42\u201d para que usted pueda crear un ambiente de monitores adecuado para cualquier aplicaci\u00f3n.<\/p>\n<\/p><\/div>\n<div style='flex: 1 1 300px; min-width: 280px;'>\n<h3 style='font-size: 20px; border-bottom: 2px solid currentColor; padding-bottom: 5px; margin-top: 0; margin-bottom: 10px; color: inherit; opacity: 0.8;'>Soporte para CPU (No incluido)<\/h3>\n<p style='font-size: 14px; color: inherit;'>El soporte para CPU proporciona un f\u00e1cil acceso a la parte delantera y trasera de su sistema inform\u00e1tico. El soporte articulado se extiende hacia adelante&comma; incluye 90\u00b0 de giro&comma; y se ajusta a CPUs de 13-1\/2\u201d a 21-1\/2\u201d de alto por 5-3\/8\u201d a 9-3\/8\u201d de ancho.<\/p>\n<\/p><\/div>\n<div style='flex: 1 1 300px; min-width: 280px;'>\n<h3 style='font-size: 20px; border-bottom: 2px solid currentColor; padding-bottom: 5px; margin-top: 0; margin-bottom: 10px; color: inherit; opacity: 0.8;'>Revestimiento de Pintura en Polvo<\/h3>\n<p style='font-size: 14px; color: inherit;'>La infraestructura de la E-SOC est\u00e1 revestida con una capa de pintura en polvo color negro que acent\u00faa la superficie de trabajo. Acabado texturizado que previene las huellas dactilares y dura por a\u00f1os.<\/p>\n<\/p><\/div>\n<div style='flex: 1 1 300px; min-width: 280px;'>\n<h3 style='font-size: 20px; border-bottom: 2px solid currentColor; padding-bottom: 5px; margin-top: 0; margin-bottom: 10px; color: inherit; opacity: 0.8;'>Bisagras de Esquina (Modular)<\/h3>\n<p style='font-size: 14px; color: inherit;'>Innovadora esquina articulada que ofrece a la E-SOC lo \u00faltimo en flexibilidad. Sin \u00e1ngulos de esquina predefinidos&comma; la E-SOC puede ser dise\u00f1ada para caber en espacios \u00fanicos.<\/p>\n<\/p><\/div>\n<\/p><\/div>\n<p> <!-- Imagen del producto --> <\/p>\n<div style='margin: 30px 0;'> <img style='width: 100%; height: auto; border: 1px solid rgba(150&comma;150&comma;150&comma;0.3); border-radius: 8px;' src='http:\/\/ftp3.syscom.mx\/usuarios\/fotos\/SYSB4302\/72013-captura_de_pantalla_2017-01-03_a_la(s)_9.11.04_a.m..png' alt=''> <\/div>\n<p> <!-- Video de YouTube --> <\/p>\n<div style='position: relative; padding-bottom: 56.25%; height: 0; overflow: hidden; margin: 30px 0;'>   <\/div>\n<\/p><\/div>\n","protected":false},"excerpt":{"rendered":"<p>Estaci\u00f3n de Monitoreo Ergon\u00f3mica  de 48&#8243; Dise\u00f1o Modular<\/p>\n","protected":false},"featured_media":116052,"comment_status":"open","ping_status":"closed","template":"","meta":[],"product_brand":[],"product_cat":[2282],"product_tag":[753,2089,2311],"class_list":{"0":"post-116053","1":"product","2":"type-product","3":"status-publish","4":"has-post-thumbnail","6":"product_cat-mobiliario-de-apoyo-monitores-pantallas-y-mobiliario","7":"product_tag-mobiliario-de-apoyo","8":"product_tag-monitores-pantallas-y-mobiliario","9":"product_tag-winsted","11":"first","12":"outofstock","13":"sale","14":"shipping-taxable","15":"purchasable","16":"product-type-simple"},"_links":{"self":[{"href":"https:\/\/soydeaqui.ddns.net\/pachuca\/index.php\/wp-json\/wp\/v2\/product\/116053","targetHints":{"allow":["GET"]}}],"collection":[{"href":"https:\/\/soydeaqui.ddns.net\/pachuca\/index.php\/wp-json\/wp\/v2\/product"}],"about":[{"href":"https:\/\/soydeaqui.ddns.net\/pachuca\/index.php\/wp-json\/wp\/v2\/types\/product"}],"replies":[{"embeddable":true,"href":"https:\/\/soydeaqui.ddns.net\/pachuca\/index.php\/wp-json\/wp\/v2\/comments?post=116053"}],"wp:featuredmedia":[{"embeddable":true,"href":"https:\/\/soydeaqui.ddns.net\/pachuca\/index.php\/wp-json\/wp\/v2\/media\/116052"}],"wp:attachment":[{"href":"https:\/\/soydeaqui.ddns.net\/pachuca\/index.php\/wp-json\/wp\/v2\/media?parent=116053"}],"wp:term":[{"taxonomy":"product_brand","embeddable":true,"href":"https:\/\/soydeaqui.ddns.net\/pachuca\/index.php\/wp-json\/wp\/v2\/product_brand?post=116053"},{"taxonomy":"product_cat","embeddable":true,"href":"https:\/\/soydeaqui.ddns.net\/pachuca\/index.php\/wp-json\/wp\/v2\/product_cat?post=116053"},{"taxonomy":"product_tag","embeddable":true,"href":"https:\/\/soydeaqui.ddns.net\/pachuca\/index.php\/wp-json\/wp\/v2\/product_tag?post=116053"}],"curies":[{"name":"wp","href":"https:\/\/api.w.org\/{rel}","templated":true}]}}