{"id":116051,"date":"2026-03-24T01:53:39","date_gmt":"2026-03-24T01:53:39","guid":{"rendered":"https:\/\/soydeaqui.ddns.net\/pachuca\/index.php\/producto\/estacion-de-monitoreo-ergonomica-de-72-diseno-modular\/"},"modified":"2026-03-24T01:53:41","modified_gmt":"2026-03-24T01:53:41","slug":"estacion-de-monitoreo-ergonomica-de-72-diseno-modular","status":"publish","type":"product","link":"https:\/\/soydeaqui.ddns.net\/pachuca\/index.php\/producto\/estacion-de-monitoreo-ergonomica-de-72-diseno-modular\/","title":{"rendered":"Estaci\u00f3n de Monitoreo Ergon\u00f3mica  de 72&#8243; Dise\u00f1o Modular"},"content":{"rendered":"<div style=\"width: 100%; max-width: 1200px; margin: 0 auto; font-family: sans-serif; line-height: 1.6; color: inherit;\">\n<div style=\"display: flex; flex-wrap: wrap; gap: 30px; margin-bottom: 30px;\">\n<div style=\"flex: 1 1 300px; min-width: 280px;\">\n<h3 style=\"font-size: 22px; border-bottom: 2px solid currentColor; padding-bottom: 5px; margin-top: 0; color: inherit; opacity: 0.8;\">Caracter&iacute;sticas Principales<\/h3>\n<ul style=\"padding-left: 20px; font-size: 15px; color: inherit;\">\n<li style=\"margin-bottom: 5px;\">Estaci&oacute;n para un solo operador<\/li>\n<li style=\"margin-bottom: 5px;\">Cubiertas disponibles en diferentes colores<\/li>\n<li style=\"margin-bottom: 5px;\">Estructura de metal<\/li>\n<li style=\"margin-bottom: 5px;\">Garant&iacute;a de por vida<\/li>\n<li style=\"margin-bottom: 5px;\">Certificaci&oacute;n ISO 9001<\/li>\n<li style=\"margin-bottom: 5px; font-weight: bold;\">No incluye silla&comma; soportes&comma; montajes&comma; porta CPU&comma; ni monitores (accesorios seleccionables con costo adicional)<\/li>\n<li style=\"margin-bottom: 5px;\">Producto sobre pedido&comma; consulte al Depto. de Ingenier&iacute;a<\/li>\n<\/ul><\/div>\n<div style=\"flex: 1 1 300px; min-width: 280px;\"><img decoding=\"async\" style=\"width: 100%; height: auto; border: 1px solid rgba(150&comma;150&comma;150&comma;0.3); border-radius: 8px;\" src=\"http:\/\/ftp3.syscom.mx\/usuarios\/fotos\/SYSB4302\/72013-captura_de_pantalla_2017-01-03_a_la(s)_9.11.04_a.m..png\" alt=\"\" \/><\/div>\n<\/p><\/div>\n<div style=\"display: flex; flex-wrap: wrap; gap: 20px; margin-bottom: 30px;\">\n<div style=\"flex: 1 1 250px; border: 1px solid rgba(150&comma; 150&comma; 150&comma; 0.4); border-radius: 8px; overflow: hidden; display: flex; flex-direction: column;\">\n<div style=\"padding: 15px; border-bottom: 1px solid rgba(150&comma; 150&comma; 150&comma; 0.2); font-weight: bold; font-size: 18px; color: inherit;\">Montaje Ajustable para Monitores<\/div>\n<div style=\"padding: 15px; color: inherit;\">\n<p style=\"margin: 0; font-size: 14px;\">El VESA-compliant de rotaci&oacute;n\/inclinaci&oacute;n se monta f&aacute;cilmente sujetando los monitores a un poste de soporte&comma; proporcionando una rotaci&oacute;n suave y un ajuste de inclinaci&oacute;n para una visualizaci&oacute;n &oacute;ptima de los monitores de pantalla plana.<\/p>\n<\/p><\/div>\n<\/p><\/div>\n<div style=\"flex: 1 1 250px; border: 1px solid rgba(150&comma; 150&comma; 150&comma; 0.4); border-radius: 8px; overflow: hidden; display: flex; flex-direction: column;\">\n<div style=\"padding: 15px; border-bottom: 1px solid rgba(150&comma; 150&comma; 150&comma; 0.2); font-weight: bold; font-size: 18px; color: inherit;\">Discreto Panel de Ventilaci&oacute;n<\/div>\n<div style=\"padding: 15px; color: inherit;\">\n<p style=\"margin: 0; font-size: 14px;\">Decorativo&comma; discreto panel de ventilaci&oacute;n con convenientes paneles elevados para facilitar el acceso de los cables&comma; electr&oacute;nicos y CPUs. Organizador de cables integrado con cables acordonados lo que aumenta el conjunto de caracter&iacute;sticas de la E-SOC.<\/p>\n<\/p><\/div>\n<\/p><\/div>\n<div style=\"flex: 1 1 250px; border: 1px solid rgba(150&comma; 150&comma; 150&comma; 0.4); border-radius: 8px; overflow: hidden; display: flex; flex-direction: column;\">\n<div style=\"padding: 15px; border-bottom: 1px solid rgba(150&comma; 150&comma; 150&comma; 0.2); font-weight: bold; font-size: 18px; color: inherit;\">Gabinete para Montaje en Rack<\/div>\n<div style=\"padding: 15px; color: inherit;\">\n<p style=\"margin: 0; font-size: 14px;\">Winsted ofrece el gabinete de 19&rdquo; EIA Montaje en Rack para complementar su Estaci&oacute;n de Control. Una amplia gama de estanter&iacute;as y accesorios est&aacute;n disponibles para construir la soluci&oacute;n de rack perfecta.<\/p>\n<\/p><\/div>\n<\/p><\/div>\n<div style=\"flex: 1 1 250px; border: 1px solid rgba(150&comma; 150&comma; 150&comma; 0.4); border-radius: 8px; overflow: hidden; display: flex; flex-direction: column;\">\n<div style=\"padding: 15px; border-bottom: 1px solid rgba(150&comma; 150&comma; 150&comma; 0.2); font-weight: bold; font-size: 18px; color: inherit;\">F&aacute;cil Acceso al Cableado<\/div>\n<div style=\"padding: 15px; color: inherit;\">\n<p style=\"margin: 0; font-size: 14px;\">Al mismo tiempo protege&comma; mejora la fiabilidad y manejo de los cables. Todas las Estaciones de Control E-SOC cuentan con una canaleta de cableado con cables acordonados incorporados en el panel frontal y una bandeja grande&comma; bandeja de cableado desplegable con bisagras que abarca la longitud del panel frontal.<\/p>\n<\/p><\/div>\n<\/p><\/div>\n<div style=\"flex: 1 1 250px; border: 1px solid rgba(150&comma; 150&comma; 150&comma; 0.4); border-radius: 8px; overflow: hidden; display: flex; flex-direction: column;\">\n<div style=\"padding: 15px; border-bottom: 1px solid rgba(150&comma; 150&comma; 150&comma; 0.2); font-weight: bold; font-size: 18px; color: inherit;\">Poste de Tres Alturas para Montaje de Monitores<\/div>\n<div style=\"padding: 15px; color: inherit;\">\n<p style=\"margin: 0; font-size: 14px;\">Disponible en tres alturas diferentes: 15&rdquo;&comma; 28-1\/2&rdquo;&comma; y 42&rdquo; para que usted pueda crear un ambiente de monitores adecuado para cualquier aplicaci&oacute;n.<\/p>\n<\/p><\/div>\n<\/p><\/div>\n<div style=\"flex: 1 1 250px; border: 1px solid rgba(150&comma; 150&comma; 150&comma; 0.4); border-radius: 8px; overflow: hidden; display: flex; flex-direction: column;\">\n<div style=\"padding: 15px; border-bottom: 1px solid rgba(150&comma; 150&comma; 150&comma; 0.2); font-weight: bold; font-size: 18px; color: inherit;\">Soporte para CPU<\/div>\n<div style=\"padding: 15px; color: inherit;\">\n<p style=\"margin: 0; font-size: 14px;\">El soporte para CPU proporciona un f&aacute;cil acceso a la parte delantera y trasera de su sistema inform&aacute;tico. El soporte articulado se extiende hacia adelante&comma; incluye 90&deg; de giro&comma; y se ajusta a CPUs de 13-1\/2&rdquo; a 21-1\/2&rdquo; de alto por 5-3\/8&rdquo; a 9-3\/8&rdquo; de ancho.<\/p>\n<\/p><\/div>\n<\/p><\/div>\n<div style=\"flex: 1 1 250px; border: 1px solid rgba(150&comma; 150&comma; 150&comma; 0.4); border-radius: 8px; overflow: hidden; display: flex; flex-direction: column;\">\n<div style=\"padding: 15px; border-bottom: 1px solid rgba(150&comma; 150&comma; 150&comma; 0.2); font-weight: bold; font-size: 18px; color: inherit;\">Revestimiento de Pintura en Polvo<\/div>\n<div style=\"padding: 15px; color: inherit;\">\n<p style=\"margin: 0; font-size: 14px;\">La infraestructura de la E-SOC est&aacute; revestida con una capa de pintura en polvo color negro que acent&uacute;a la superficie de trabajo. Acabado texturizado que previene las huellas dactilares y dura por a&ntilde;os.<\/p>\n<\/p><\/div>\n<\/p><\/div>\n<div style=\"flex: 1 1 250px; border: 1px solid rgba(150&comma; 150&comma; 150&comma; 0.4); border-radius: 8px; overflow: hidden; display: flex; flex-direction: column;\">\n<div style=\"padding: 15px; border-bottom: 1px solid rgba(150&comma; 150&comma; 150&comma; 0.2); font-weight: bold; font-size: 18px; color: inherit;\">Bisagras de Esquina (Modular)<\/div>\n<div style=\"padding: 15px; color: inherit;\">\n<p style=\"margin: 0; font-size: 14px;\">Innovadora esquina articulada que ofrece a la E-SOC lo &uacute;ltimo en flexibilidad. Sin &aacute;ngulos de esquina predefinidos&comma; la E-SOC puede ser dise&ntilde;ada para caber en espacios &uacute;nicos.<\/p>\n<\/p><\/div>\n<\/p><\/div>\n<\/p><\/div>\n<div style=\"position: relative; padding-bottom: 56.25%; height: 0; overflow: hidden; margin-bottom: 30px;\"> <\/div>\n<hr style=\"border: 0; border-top: 1px solid rgba(150&comma; 150&comma; 150&comma; 0.3); margin: 30px 0;\" \/><\/div>\n","protected":false},"excerpt":{"rendered":"<p>Estaci\u00f3n de Monitoreo Ergon\u00f3mica  de 72&#8243; Dise\u00f1o Modular<\/p>\n","protected":false},"featured_media":116050,"comment_status":"open","ping_status":"closed","template":"","meta":[],"product_brand":[],"product_cat":[2282],"product_tag":[753,2089,2311],"class_list":{"0":"post-116051","1":"product","2":"type-product","3":"status-publish","4":"has-post-thumbnail","6":"product_cat-mobiliario-de-apoyo-monitores-pantallas-y-mobiliario","7":"product_tag-mobiliario-de-apoyo","8":"product_tag-monitores-pantallas-y-mobiliario","9":"product_tag-winsted","11":"first","12":"outofstock","13":"sale","14":"shipping-taxable","15":"purchasable","16":"product-type-simple"},"_links":{"self":[{"href":"https:\/\/soydeaqui.ddns.net\/pachuca\/index.php\/wp-json\/wp\/v2\/product\/116051","targetHints":{"allow":["GET"]}}],"collection":[{"href":"https:\/\/soydeaqui.ddns.net\/pachuca\/index.php\/wp-json\/wp\/v2\/product"}],"about":[{"href":"https:\/\/soydeaqui.ddns.net\/pachuca\/index.php\/wp-json\/wp\/v2\/types\/product"}],"replies":[{"embeddable":true,"href":"https:\/\/soydeaqui.ddns.net\/pachuca\/index.php\/wp-json\/wp\/v2\/comments?post=116051"}],"wp:featuredmedia":[{"embeddable":true,"href":"https:\/\/soydeaqui.ddns.net\/pachuca\/index.php\/wp-json\/wp\/v2\/media\/116050"}],"wp:attachment":[{"href":"https:\/\/soydeaqui.ddns.net\/pachuca\/index.php\/wp-json\/wp\/v2\/media?parent=116051"}],"wp:term":[{"taxonomy":"product_brand","embeddable":true,"href":"https:\/\/soydeaqui.ddns.net\/pachuca\/index.php\/wp-json\/wp\/v2\/product_brand?post=116051"},{"taxonomy":"product_cat","embeddable":true,"href":"https:\/\/soydeaqui.ddns.net\/pachuca\/index.php\/wp-json\/wp\/v2\/product_cat?post=116051"},{"taxonomy":"product_tag","embeddable":true,"href":"https:\/\/soydeaqui.ddns.net\/pachuca\/index.php\/wp-json\/wp\/v2\/product_tag?post=116051"}],"curies":[{"name":"wp","href":"https:\/\/api.w.org\/{rel}","templated":true}]}}