{"id":116038,"date":"2026-03-24T01:52:57","date_gmt":"2026-03-24T01:52:57","guid":{"rendered":"https:\/\/soydeaqui.ddns.net\/pachuca\/index.php\/producto\/videoportero-premium-frente-de-calle-antivandalismo-ideal-para-baja-iluminacion-alta-calidad-de-fabricacion\/"},"modified":"2026-03-24T01:53:00","modified_gmt":"2026-03-24T01:53:00","slug":"videoportero-premium-frente-de-calle-antivandalismo-ideal-para-baja-iluminacion-alta-calidad-de-fabricacion","status":"publish","type":"product","link":"https:\/\/soydeaqui.ddns.net\/pachuca\/index.php\/producto\/videoportero-premium-frente-de-calle-antivandalismo-ideal-para-baja-iluminacion-alta-calidad-de-fabricacion\/","title":{"rendered":"Videoportero PREMIUM \/ Frente de Calle Antivandalismo \/ Ideal Para Baja Iluminaci\u00f3n \/ Alta calidad de fabricaci\u00f3n"},"content":{"rendered":"<div style='width: 100%; max-width: 1200px; margin: 0 auto; font-family: sans-serif; line-height: 1.6; color: inherit; background-color: transparent;'> <!-- Secci\u00f3n de caracter\u00edsticas en tres columnas --> <\/p>\n<div style='display: flex; flex-wrap: wrap; gap: 30px; margin-bottom: 30px;'> <!-- Caracter\u00edsticas principales --> <\/p>\n<div style='flex: 1 1 300px; min-width: 280px;'>\n<h3 style='font-size: 22px; border-bottom: 2px solid currentColor; padding-bottom: 5px; margin-top: 0; color: inherit; opacity: 0.8;'>Caracter\u00edsticas principales<\/h3>\n<ul style='padding-left: 20px; font-size: 15px; color: inherit;'>\n<li style='margin-bottom: 5px;'>Dise\u00f1o delgado y compacto.<\/li>\n<li style='margin-bottom: 5px;'>Monitor LCD digital a color de 4.3\u201d pulgadas.<\/li>\n<li style='margin-bottom: 5px;'>Pantalla Alta Resoluci\u00f3n&comma; C\u00e1mara 900TVL.<\/li>\n<li style='margin-bottom: 5px;'>Bot\u00f3n de Iconos y de contacto.<\/li>\n<li style='margin-bottom: 5px;'>Funci\u00f3n OSD.<\/li>\n<li style='margin-bottom: 5px;'>Comunicaci\u00f3n con el visitante y apertura de puerta.<\/li>\n<li style='margin-bottom: 5px;'>Soporta 2 monitores.<\/li>\n<\/ul><\/div>\n<p> <!-- Caracter\u00edsticas F\u00edsicas y El\u00e9ctricas --> <\/p>\n<div style='flex: 1 1 300px; min-width: 280px;'>\n<h3 style='font-size: 22px; border-bottom: 2px solid currentColor; padding-bottom: 5px; margin-top: 0; color: inherit; opacity: 0.8;'>Caracter\u00edsticas F\u00edsicas y El\u00e9ctricas<\/h3>\n<ul style='padding-left: 20px; font-size: 15px; color: inherit;'>\n<li style='margin-bottom: 5px;'>Resistente frente de calle met\u00e1lico.<\/li>\n<li style='margin-bottom: 5px;'>C\u00e1mara 900TVL<\/li>\n<li style='margin-bottom: 5px;'>Montaje para superficie y pared.<\/li>\n<li style='margin-bottom: 5px;'>C\u00e1mara color con lente de 3.6 mm tipo pinhole.<\/li>\n<li style='margin-bottom: 5px;'>Iluminaci\u00f3n m\u00ednima de 0.1 lux&comma; con luz blanca para visi\u00f3n nocturna.<\/li>\n<li style='margin-bottom: 5px;'>Salida de relevador normalmente Abierto.<\/li>\n<li style='margin-bottom: 5px;'>Para uso de contrachapas el\u00e9ctricas (se requiere alimentaci\u00f3n adicional).<\/li>\n<li style='margin-bottom: 5px;'>Alimentaci\u00f3n del Monitor: 110 Vca.<\/li>\n<li style='margin-bottom: 5px;'>Dimensiones monitor 210 x 222 x 57 mm.<\/li>\n<li style='margin-bottom: 5px;'>Peso monitor: 1.2 kg<\/li>\n<li style='margin-bottom: 5px;'>Incluye Kit de Instalaci\u00f3n<\/li>\n<li style='margin-bottom: 5px;'>Compatible con frentes de calle:\n<ul style='padding-left: 20px; margin: 10px 0; color: inherit;'>\n<li style='margin-bottom: 5px;'><a style='color: inherit; text-decoration: underline;' href='https:\/\/www.syscom.mx\/principal\/searchcont?route=TVF-PRO20-AccessPRO-72091&#038;autodetect=tvpro' target='_blank'>TVF-PRO20<\/a><\/li>\n<li style='margin-bottom: 5px;'><a style='color: inherit; text-decoration: underline;' href='https:\/\/www.syscom.mx\/principal\/searchcont?route=KCM-C30-KOCOM-36463&#038;autodetect=kcmc30' target='_blank'>KCM-C30<\/a><\/li>\n<li style='margin-bottom: 5px;'><a style='color: inherit; text-decoration: underline;' href='https:\/\/www.syscom.mx\/principal\/searchcont?route=KCM-C24-KOCOM-36982&#038;autodetect=kcmc24' target='_blank'>KCM-C24<\/a><\/li>\n<\/ul>\n<\/li>\n<\/ul><\/div>\n<p> <!-- Caracter\u00edsticas Destacadas --> <\/p>\n<div style='flex: 1 1 300px; min-width: 280px;'>\n<h3 style='font-size: 22px; border-bottom: 2px solid currentColor; padding-bottom: 5px; margin-top: 0; color: inherit; opacity: 0.8;'>Caracter\u00edsticas Destacadas<\/h3>\n<p style='font-size: 15px; margin-bottom: 15px; color: inherit;'>Los sistemas de videoporteros <a style='color: inherit; text-decoration: underline;' href='https:\/\/www.syscom.mx\/principal\/searchcont?route=TVPRO-400W-AccessPRO-72087&#038;autodetect=tvpro' target='_blank'>TVPRO-400W<\/a> \/ <a style='color: inherit; text-decoration: underline;' href='https:\/\/www.syscom.mx\/principal\/searchcont?route=TVPRO-400B-AccessPRO-72088&#038;autodetect=tvpro' target='_blank'>TVPRO-400B<\/a> son muy redituables ya que al ser equipos anal\u00f3gicos es muy sencilla y fiable su instalaci\u00f3n&comma; para estos equipos se recomienda usar cable calibre 18 100% cobre de preferencia blindado para tener la mayor distancia y calidad de video.<\/p>\n<p style='font-size: 15px; margin-bottom: 15px; color: inherit;'><strong style='color: inherit;'>Cables sugeridos:<\/strong> <br \/><a style='color: inherit; text-decoration: underline;' href='https:\/\/www.syscom.mx\/principal\/searchcont?route=9274-VIAKON-183319&#038;autodetect=calibre_18' target='_blank'>9274<\/a> <br \/><a style='color: inherit; text-decoration: underline;' href='https:\/\/www.syscom.mx\/principal\/searchcont?route=1119-5501\/500-HONEYWELL-HOME-RESIDEO-74981&#038;autodetect=111955' target='_blank'>1119-5501\/500<\/a> <br \/><a style='color: inherit; text-decoration: underline;' href='https:\/\/www.syscom.mx\/principal\/searchcont?route=92-70-VIAKON-78789&#038;autodetect=calibre_18' target='_blank'>92-70<\/a> <br \/><a style='color: inherit; text-decoration: underline;' href='https:\/\/www.syscom.mx\/principal\/searchcont?route=ACCESS-184\/500-AccessPRO-166995&#038;autodetect=ACCESS184' target='_blank'>ACCESS-184\/500<\/a> <\/p>\n<p style='font-size: 15px; margin-bottom: 0; color: inherit;'><strong style='color: inherit;'>*2 A\u00f1os de Garant\u00eda.<\/strong><\/p>\n<\/p><\/div>\n<\/p><\/div>\n<p> <!-- Im\u00e1genes --> <\/p>\n<div style='display: grid; grid-template-columns: repeat(auto-fill&comma; minmax(280px&comma; 1fr)); gap: 20px; margin-bottom: 30px;'>\n<div style='width: 100%;'> <img style='width: 100%; height: auto; border: 1px solid rgba(150&comma;150&comma;150&comma;0.3); border-radius: 8px;' src='http:\/\/ftp3.syscom.mx\/usuarios\/gjimenez\/TVPRO\/diagrama%20conex%20TVPRO400%20Dic2014.jpg' alt='Diagrama de conexi\u00f3n'> <\/div>\n<div style='width: 100%;'> <img style='width: 100%; height: auto; border: 1px solid rgba(150&comma;150&comma;150&comma;0.3); border-radius: 8px;' src='http:\/\/ftp3.syscom.mx\/usuarios\/fotos\/TVPRO400W\/muro1.png' alt='Instalaci\u00f3n en muro 1'> <\/div>\n<div style='width: 100%;'> <img style='width: 100%; height: auto; border: 1px solid rgba(150&comma;150&comma;150&comma;0.3); border-radius: 8px;' src='http:\/\/ftp3.syscom.mx\/usuarios\/fotos\/TVPRO400W\/muro3.png' alt='Instalaci\u00f3n en muro 2'> <\/div>\n<div style='width: 100%;'> <img style='width: 100%; height: auto; border: 1px solid rgba(150&comma;150&comma;150&comma;0.3); border-radius: 8px;' src='http:\/\/ftp3.syscom.mx\/usuarios\/fotos\/TVPRO400W\/muro5.png' alt='Instalaci\u00f3n en muro 3'> <\/div>\n<\/p><\/div>\n<p> <!-- Nota final --> <\/p>\n<div style='margin-top: 20px; padding: 15px; border-left: 5px solid rgba(150&comma;150&comma;150&comma;0.3); background-color: rgba(150&comma;150&comma;150&comma;0.05); color: inherit;'>\n<p style='margin: 0; font-size: 14px; color: inherit;'>* Producto exclusivo para clientes de Seguridad Electr\u00f3nica.<\/p>\n<\/p><\/div>\n<\/p><\/div>\n","protected":false},"excerpt":{"rendered":"<p>Videoportero PREMIUM \/ Frente de Calle Antivandalismo \/ Ideal Para Baja Iluminaci\u00f3n \/ Alta calidad de fabricaci\u00f3n<\/p>\n","protected":false},"featured_media":116037,"comment_status":"open","ping_status":"closed","template":"","meta":[],"product_brand":[],"product_cat":[974],"product_tag":[234,872,557],"class_list":{"0":"post-116038","1":"product","2":"type-product","3":"status-publish","4":"has-post-thumbnail","6":"product_cat-videoporteros-analogicos-videoporteros-e-interfonos","7":"product_tag-accesspro","8":"product_tag-videoporteros-analogicos","9":"product_tag-videoporteros-e-interfonos","11":"first","12":"outofstock","13":"sale","14":"shipping-taxable","15":"purchasable","16":"product-type-simple"},"_links":{"self":[{"href":"https:\/\/soydeaqui.ddns.net\/pachuca\/index.php\/wp-json\/wp\/v2\/product\/116038","targetHints":{"allow":["GET"]}}],"collection":[{"href":"https:\/\/soydeaqui.ddns.net\/pachuca\/index.php\/wp-json\/wp\/v2\/product"}],"about":[{"href":"https:\/\/soydeaqui.ddns.net\/pachuca\/index.php\/wp-json\/wp\/v2\/types\/product"}],"replies":[{"embeddable":true,"href":"https:\/\/soydeaqui.ddns.net\/pachuca\/index.php\/wp-json\/wp\/v2\/comments?post=116038"}],"wp:featuredmedia":[{"embeddable":true,"href":"https:\/\/soydeaqui.ddns.net\/pachuca\/index.php\/wp-json\/wp\/v2\/media\/116037"}],"wp:attachment":[{"href":"https:\/\/soydeaqui.ddns.net\/pachuca\/index.php\/wp-json\/wp\/v2\/media?parent=116038"}],"wp:term":[{"taxonomy":"product_brand","embeddable":true,"href":"https:\/\/soydeaqui.ddns.net\/pachuca\/index.php\/wp-json\/wp\/v2\/product_brand?post=116038"},{"taxonomy":"product_cat","embeddable":true,"href":"https:\/\/soydeaqui.ddns.net\/pachuca\/index.php\/wp-json\/wp\/v2\/product_cat?post=116038"},{"taxonomy":"product_tag","embeddable":true,"href":"https:\/\/soydeaqui.ddns.net\/pachuca\/index.php\/wp-json\/wp\/v2\/product_tag?post=116038"}],"curies":[{"name":"wp","href":"https:\/\/api.w.org\/{rel}","templated":true}]}}