{"id":116036,"date":"2026-03-24T01:52:52","date_gmt":"2026-03-24T01:52:52","guid":{"rendered":"https:\/\/soydeaqui.ddns.net\/pachuca\/index.php\/producto\/microfono-louroe-omnidireccional-en-caja-para-aplicaciones-en-exteriores\/"},"modified":"2026-03-24T01:52:54","modified_gmt":"2026-03-24T01:52:54","slug":"microfono-louroe-omnidireccional-en-caja-para-aplicaciones-en-exteriores","status":"publish","type":"product","link":"https:\/\/soydeaqui.ddns.net\/pachuca\/index.php\/producto\/microfono-louroe-omnidireccional-en-caja-para-aplicaciones-en-exteriores\/","title":{"rendered":"Micr\u00f3fono LOUROE omnidireccional en caja para aplicaciones en exteriores"},"content":{"rendered":"<div style='width: 100%; max-width: 1200px; margin: 0 auto; font-family: sans-serif; line-height: 1.6; color: inherit; background-color: transparent;'> <!-- Secci\u00f3n de descripci\u00f3n principal --> <\/p>\n<div style='margin-bottom: 30px;'>\n<p style='font-size: 16px; margin: 0 0 15px 0; color: inherit;'> <strong>Verifact\u2122 E<\/strong> es un micr\u00f3fono omnidireccional dise\u00f1ado para usos exteriores y es resistente a la intemperie. El <strong>Verifact\u00ae E<\/strong> tiene la capacidad de escuchar hasta dentro de <strong>9 metros<\/strong> de di\u00e1metro alrededor&comma; es alimentado por 12 Vdc y produce se\u00f1al nivel de l\u00ednea. <\/p>\n<\/p><\/div>\n<p> <!-- Secci\u00f3n de aplicaciones --> <\/p>\n<div style='display: flex; flex-wrap: wrap; gap: 30px; margin-bottom: 30px;'>\n<div style='flex: 1 1 300px; min-width: 280px;'>\n<h3 style='font-size: 22px; border-bottom: 2px solid currentColor; padding-bottom: 5px; margin-top: 0; color: inherit; opacity: 0.8;'>Aplicaciones<\/h3>\n<ul style='padding-left: 20px; font-size: 15px; color: inherit; list-style-type: disc;'>\n<li style='margin-bottom: 5px;'>En aplicaciones de CCTV<\/li>\n<li style='margin-bottom: 5px;'>Tiendas de comida r\u00e1pida<\/li>\n<li style='margin-bottom: 5px;'>Centros de desorden del sue\u00f1o<\/li>\n<li style='margin-bottom: 5px;'>Laboratorios de terapia<\/li>\n<li style='margin-bottom: 5px;'>Cuartos de interrogaci\u00f3n<\/li>\n<li style='margin-bottom: 5px;'>Escuelas&comma; negocios&comma; cajeros<\/li>\n<li style='margin-bottom: 5px;'>Tiendas departamentales<\/li>\n<\/ul><\/div>\n<\/p><\/div>\n<p> <!-- Secci\u00f3n de especificaciones --> <\/p>\n<div style='display: flex; flex-wrap: wrap; gap: 20px; margin-bottom: 30px;'>\n<div style='flex: 1 1 250px; border: 1px solid rgba(150&comma; 150&comma; 150&comma; 0.4); border-radius: 8px; overflow: hidden; display: flex; flex-direction: column;'>\n<div style='padding: 15px; border-bottom: 1px solid rgba(150&comma; 150&comma; 150&comma; 0.2); font-weight: bold; font-size: 18px; color: inherit;'>Especificaciones<\/div>\n<div style='padding: 15px; color: inherit;'>\n<ul style='padding-left: 20px; margin: 0; font-size: 14px; list-style-type: disc;'>\n<li style='margin-bottom: 5px;'><strong>Tipo:<\/strong> Electro-condensador<\/li>\n<li style='margin-bottom: 5px;'><strong>Salida:<\/strong> Line Level (0dB @ 1k ohm)&comma; sin balanceo<\/li>\n<li style='margin-bottom: 5px;'><strong>Impedancia de salida:<\/strong> 600 ohm<\/li>\n<li style='margin-bottom: 5px;'><strong>Frecuencia de respuesta:<\/strong> 40 kHz +\/- 1 dB<\/li>\n<li style='margin-bottom: 5px;'><strong>Corriente de operaci\u00f3n:<\/strong> 4 mA<\/li>\n<li style='margin-bottom: 5px;'><strong>Voltaje de operaci\u00f3n:<\/strong> 12 Vcc&comma; 500 mA<\/li>\n<li style='margin-bottom: 5px;'><strong>Dimensiones:<\/strong> 4 3\/8&#8242; H x 2 3\/4&#8242; W x 2&#8242; D. Altura 11.12 cm x Ancho 16.9 cm x Profundidad 5.0 cm<\/li>\n<li style='margin-bottom: 5px;'><strong>Cable requerido:<\/strong> Requiere cable blindado para audio \u00f3 equivalente&comma; requiere blindado ya que es el m\u00e1s adecuado para las aplicaciones de audio. Modelos sugeridos 9261&comma; TI21<\/li>\n<\/ul><\/div>\n<\/p><\/div>\n<\/p><\/div>\n<p> <!-- Secci\u00f3n de videos --> <\/p>\n<div style='display: flex; flex-wrap: wrap; gap: 20px; margin-bottom: 30px;'>\n<div style='flex: 1 1 100%; min-width: 300px;'>\n<h3 style='font-size: 22px; border-bottom: 2px solid currentColor; padding-bottom: 5px; margin-top: 0; color: inherit; opacity: 0.8;'>Videos<\/h3>\n<\/p><\/div>\n<\/p><\/div>\n<p> <!-- Videos individuales --> <\/p>\n<div style='display: flex; flex-wrap: wrap; gap: 20px; margin-bottom: 30px;'>\n<div style='flex: 1 1 45%; min-width: 300px;'>\n<div style='position: relative; padding-bottom: 56.25%; height: 0; overflow: hidden; margin-bottom: 30px;'>   <\/div>\n<\/p><\/div>\n<div style='flex: 1 1 45%; min-width: 300px;'>\n<div style='position: relative; padding-bottom: 56.25%; height: 0; overflow: hidden; margin-bottom: 30px;'>   <\/div>\n<\/p><\/div>\n<div style='flex: 1 1 45%; min-width: 300px;'>\n<div style='position: relative; padding-bottom: 56.25%; height: 0; overflow: hidden; margin-bottom: 30px;'>   <\/div>\n<\/p><\/div>\n<div style='flex: 1 1 45%; min-width: 300px;'>\n<div style='position: relative; padding-bottom: 56.25%; height: 0; overflow: hidden; margin-bottom: 30px;'>   <\/div>\n<\/p><\/div>\n<\/p><\/div>\n<p> <!-- Separador final --> <\/p>\n<hr style='border: 0; border-top: 1px solid rgba(150&comma; 150&comma; 150&comma; 0.3); margin: 30px 0;'> <\/div>\n","protected":false},"excerpt":{"rendered":"<p>Micr\u00f3fono LOUROE omnidireccional en caja para aplicaciones en exteriores<\/p>\n","protected":false},"featured_media":116035,"comment_status":"open","ping_status":"closed","template":"","meta":[],"product_brand":[],"product_cat":[2301],"product_tag":[417,975,2302],"class_list":{"0":"post-116036","1":"product","2":"type-product","3":"status-publish","4":"has-post-thumbnail","6":"product_cat-microfonos","7":"product_tag-accesorios-generales","8":"product_tag-louroe-electronics","9":"product_tag-microfonos","11":"first","12":"outofstock","13":"sale","14":"shipping-taxable","15":"purchasable","16":"product-type-simple"},"_links":{"self":[{"href":"https:\/\/soydeaqui.ddns.net\/pachuca\/index.php\/wp-json\/wp\/v2\/product\/116036","targetHints":{"allow":["GET"]}}],"collection":[{"href":"https:\/\/soydeaqui.ddns.net\/pachuca\/index.php\/wp-json\/wp\/v2\/product"}],"about":[{"href":"https:\/\/soydeaqui.ddns.net\/pachuca\/index.php\/wp-json\/wp\/v2\/types\/product"}],"replies":[{"embeddable":true,"href":"https:\/\/soydeaqui.ddns.net\/pachuca\/index.php\/wp-json\/wp\/v2\/comments?post=116036"}],"wp:featuredmedia":[{"embeddable":true,"href":"https:\/\/soydeaqui.ddns.net\/pachuca\/index.php\/wp-json\/wp\/v2\/media\/116035"}],"wp:attachment":[{"href":"https:\/\/soydeaqui.ddns.net\/pachuca\/index.php\/wp-json\/wp\/v2\/media?parent=116036"}],"wp:term":[{"taxonomy":"product_brand","embeddable":true,"href":"https:\/\/soydeaqui.ddns.net\/pachuca\/index.php\/wp-json\/wp\/v2\/product_brand?post=116036"},{"taxonomy":"product_cat","embeddable":true,"href":"https:\/\/soydeaqui.ddns.net\/pachuca\/index.php\/wp-json\/wp\/v2\/product_cat?post=116036"},{"taxonomy":"product_tag","embeddable":true,"href":"https:\/\/soydeaqui.ddns.net\/pachuca\/index.php\/wp-json\/wp\/v2\/product_tag?post=116036"}],"curies":[{"name":"wp","href":"https:\/\/api.w.org\/{rel}","templated":true}]}}