{"id":116018,"date":"2026-03-24T01:51:47","date_gmt":"2026-03-24T01:51:47","guid":{"rendered":"https:\/\/soydeaqui.ddns.net\/pachuca\/index.php\/producto\/plataforma-cloud-p2p-para-dispositivos-ezviz-podemos-tener-video-y-audio-de-manera-remota-sin-necesidad-de-abrir-puertos-almacenamiento-en-la-nube-prueba-gratuita-por-1-mes\/"},"modified":"2026-03-24T01:51:50","modified_gmt":"2026-03-24T01:51:50","slug":"plataforma-cloud-p2p-para-dispositivos-ezviz-podemos-tener-video-y-audio-de-manera-remota-sin-necesidad-de-abrir-puertos-almacenamiento-en-la-nube-prueba-gratuita-por-1-mes","status":"publish","type":"product","link":"https:\/\/soydeaqui.ddns.net\/pachuca\/index.php\/producto\/plataforma-cloud-p2p-para-dispositivos-ezviz-podemos-tener-video-y-audio-de-manera-remota-sin-necesidad-de-abrir-puertos-almacenamiento-en-la-nube-prueba-gratuita-por-1-mes\/","title":{"rendered":"Plataforma Cloud P2P Para Dispositivos EZVIZ \/ Podemos Tener Video y Audio de Manera Remota sin Necesidad de Abrir Puertos, Almacenamiento en la Nube Prueba Gratuita por 1 Mes"},"content":{"rendered":"<div style='width: 100%; max-width: 1200px; margin: 0 auto; font-family: sans-serif; line-height: 1.6; color: inherit; background-color: transparent;'>\n<div style='width: 100%; margin-bottom: 30px;'> <a href='#link' target='_blank' rel='noopener' style='display: block; width: 100%;'> <img style='width: 100%; height: auto; border: 1px solid rgba(150&comma;150&comma;150&comma;0.3); border-radius: 8px;' src='https:\/\/ftp3.syscom.mx\/usuarios\/rcovarrubias\/EZVIZ\/IMAGENES\/banner_EZVIZ.png' alt=''> <\/a> <\/div>\n<div style='margin-bottom: 30px;'>\n<p style='margin: 0 0 10px; color: inherit;'>\n<p style='margin: 0 0 15px; color: inherit;'> <strong>EZVIZ<\/strong> es una plataforma P2P que le permitir\u00e1 la conectividad de forma remota a sus equipos <strong>EZVIZ<\/strong> sin la necesidad de abrir puertos en el router&comma; logrando as\u00ed una configuraci\u00f3n r\u00e1pida&comma; sencilla y confiable para su comodidad. <\/p>\n<p style='margin: 0 0 15px; color: inherit;'> Podemos tener video y audio en vivo as\u00ed como la reproducci\u00f3n de los eventos con la seguridad de que siempre estaremos conectados y no estaremos preocupados de que alg\u00fan d\u00eda los puertos se cierren en el modem y no poder tener imagen. <\/p>\n<p><strong>Aplicaci\u00f3n M\u00f3vil disponible en Android&comma; iPhone y iPad.<\/strong> <\/p>\n<\/p><\/div>\n<div style='margin-bottom: 30px;'> <img style='width: 100%; height: auto; border: 1px solid rgba(150&comma;150&comma;150&comma;0.3); border-radius: 8px;' src='http:\/\/ftp3.syscom.mx\/usuarios\/cbarrera\/Imagenes\/Hikvision\/EZVIZ\/ezviz_firewall.png' alt=''> <\/div>\n<div style='margin-bottom: 30px;'> <img style='width: 100%; height: auto; border: 1px solid rgba(150&comma;150&comma;150&comma;0.3); border-radius: 8px;' src='https:\/\/ftp3.syscom.mx\/usuarios\/rcovarrubias\/EZVIZ\/IMAGENES\/Grabacion%20Nube%20ezviz.png' alt=''> <\/div>\n<div style='margin-bottom: 30px;'> <img style='width: 100%; height: auto; border: 1px solid rgba(150&comma;150&comma;150&comma;0.3); border-radius: 8px;' src='https:\/\/ftp3.syscom.mx\/usuarios\/rcovarrubias\/EZVIZ\/IMAGENES\/Grabacion%20nube%20ezviz2.png' alt=''> <\/div>\n<div style='margin-bottom: 30px;'> <img style='width: 100%; height: auto; border: 1px solid rgba(150&comma;150&comma;150&comma;0.3); border-radius: 8px;' src='https:\/\/ftp3.syscom.mx\/usuarios\/rcovarrubias\/EZVIZ\/IMAGENES\/Grabacion%20nube%20ezviz3.png' alt=''> <\/div>\n<div style='margin-bottom: 30px;'>\n<h2 style='text-align: center; font-size: 24px; color: #e74c3c; margin: 0 0 20px; color: inherit;'> <strong>Videos sobre conexi\u00f3n con Alexa y Google Home<\/strong> <\/h2>\n<div style='display: flex; flex-wrap: wrap; gap: 20px;'>\n<div style='flex: 1 1 400px; min-width: 300px;'>\n<h3 style='text-align: center; color: #2880b9; font-size: 18px; margin: 0 0 15px; color: inherit;'> Conexi\u00f3n con Google Home <\/h3>\n<div style='position: relative; padding-bottom: 56.25%; height: 0; overflow: hidden; margin-bottom: 30px;'>   <\/div>\n<\/p><\/div>\n<div style='flex: 1 1 400px; min-width: 300px;'>\n<h3 style='text-align: center; color: #2880b9; font-size: 18px; margin: 0 0 15px; color: inherit;'> Conexi\u00f3n con Alexa <\/h3>\n<div style='position: relative; padding-bottom: 56.25%; height: 0; overflow: hidden; margin-bottom: 30px;'>   <\/div>\n<\/p><\/div>\n<\/p><\/div>\n<\/p><\/div>\n<div style='margin-bottom: 30px;'>\n<h2 style='text-align: center; font-size: 20px; color: #e74c3c; margin: 0 0 20px; color: inherit;'> <strong>Crea una vida segura mediante dispositivos inteligentes.<\/strong> <\/h2>\n<div style='position: relative; padding-bottom: 56.25%; height: 0; overflow: hidden; margin-bottom: 30px;'>   <\/div>\n<\/p><\/div>\n<div style='margin-bottom: 30px;'>\n<p style='margin: 0 0 15px; color: inherit;'> <span style='color: #1674cc; font-family: Arial&comma; Helvetica Neue&comma; Helvetica&comma; sans-serif; font-size: 18px; line-height: 15px; color: inherit;'> Video demostrativo: <\/span> <\/p>\n<div style='position: relative; padding-bottom: 56.25%; height: 0; overflow: hidden; margin-bottom: 30px;'>   <\/div>\n<\/p><\/div>\n<\/p><\/div>\n","protected":false},"excerpt":{"rendered":"<p>Plataforma Cloud P2P Para Dispositivos EZVIZ \/ Podemos Tener Video y Audio de Manera Remota sin Necesidad de Abrir Puertos, Almacenamiento en la Nube Prueba Gratuita por 1 Mes<\/p>\n","protected":false},"featured_media":116017,"comment_status":"open","ping_status":"closed","template":"","meta":[],"product_brand":[],"product_cat":[121],"product_tag":[122,111,123],"class_list":{"0":"post-116018","1":"product","2":"type-product","3":"status-publish","4":"has-post-thumbnail","6":"product_cat-wifi-4g-inalambricas","7":"product_tag-camaras-ip-y-nvrs","8":"product_tag-ezviz","9":"product_tag-wifi-4g-inalambricas","11":"first","12":"outofstock","13":"sale","14":"shipping-taxable","15":"purchasable","16":"product-type-simple"},"_links":{"self":[{"href":"https:\/\/soydeaqui.ddns.net\/pachuca\/index.php\/wp-json\/wp\/v2\/product\/116018","targetHints":{"allow":["GET"]}}],"collection":[{"href":"https:\/\/soydeaqui.ddns.net\/pachuca\/index.php\/wp-json\/wp\/v2\/product"}],"about":[{"href":"https:\/\/soydeaqui.ddns.net\/pachuca\/index.php\/wp-json\/wp\/v2\/types\/product"}],"replies":[{"embeddable":true,"href":"https:\/\/soydeaqui.ddns.net\/pachuca\/index.php\/wp-json\/wp\/v2\/comments?post=116018"}],"wp:featuredmedia":[{"embeddable":true,"href":"https:\/\/soydeaqui.ddns.net\/pachuca\/index.php\/wp-json\/wp\/v2\/media\/116017"}],"wp:attachment":[{"href":"https:\/\/soydeaqui.ddns.net\/pachuca\/index.php\/wp-json\/wp\/v2\/media?parent=116018"}],"wp:term":[{"taxonomy":"product_brand","embeddable":true,"href":"https:\/\/soydeaqui.ddns.net\/pachuca\/index.php\/wp-json\/wp\/v2\/product_brand?post=116018"},{"taxonomy":"product_cat","embeddable":true,"href":"https:\/\/soydeaqui.ddns.net\/pachuca\/index.php\/wp-json\/wp\/v2\/product_cat?post=116018"},{"taxonomy":"product_tag","embeddable":true,"href":"https:\/\/soydeaqui.ddns.net\/pachuca\/index.php\/wp-json\/wp\/v2\/product_tag?post=116018"}],"curies":[{"name":"wp","href":"https:\/\/api.w.org\/{rel}","templated":true}]}}