{"id":115999,"date":"2026-03-24T01:50:46","date_gmt":"2026-03-24T01:50:46","guid":{"rendered":"https:\/\/soydeaqui.ddns.net\/pachuca\/index.php\/producto\/canaleta-blanca-de-pvc-auto-extinguible-con-division-20-x-10-mm-tramo-de-2-5m-5101-01250\/"},"modified":"2026-03-24T01:50:47","modified_gmt":"2026-03-24T01:50:47","slug":"canaleta-blanca-de-pvc-auto-extinguible-con-division-20-x-10-mm-tramo-de-2-5m-5101-01250","status":"publish","type":"product","link":"https:\/\/soydeaqui.ddns.net\/pachuca\/index.php\/producto\/canaleta-blanca-de-pvc-auto-extinguible-con-division-20-x-10-mm-tramo-de-2-5m-5101-01250\/","title":{"rendered":"Canaleta blanca de PVC auto extinguible, con divisi\u00f3n, 20 x 10 mm, tramo de 2.5m (5101-01250)"},"content":{"rendered":"<div style='width: 100%; max-width: 1200px; margin: 0 auto; font-family: sans-serif; line-height: 1.6; color: inherit; background-color: transparent;'> <!-- Logo --> <\/p>\n<div style='margin-bottom: 30px;'> <img style='width: 350px; height: 105px; border: 1px solid rgba(150&comma;150&comma;150&comma;0.3); border-radius: 8px;' src='https:\/\/ftp3.syscom.mx\/usuarios\/acordova\/Thorsman\/LOGO%20FINAL%20THORSMAN%20AGOSTO%202016.jpg' alt='Logo Thorsman'> <\/div>\n<p> <!-- Caracter\u00edsticas Generales --> <\/p>\n<div style='display: flex; flex-wrap: wrap; gap: 30px; margin-bottom: 30px;'>\n<div style='flex: 1 1 300px; min-width: 280px;'>\n<h3 style='font-size: 22px; border-bottom: 2px solid currentColor; padding-bottom: 5px; margin-top: 0; color: inherit; opacity: 0.8;'>Caracter\u00edsticas Generales<\/h3>\n<ul style='padding-left: 20px; font-size: 15px; color: inherit;'>\n<li style='margin-bottom: 5px;'>Para uso en instalaciones el\u00e9ctricas y de cableado estructurado<\/li>\n<li style='margin-bottom: 5px;'>Color blanco<\/li>\n<li style='margin-bottom: 5px;'>Peso del canal&comma; base y tapa: 0.206 kg<\/li>\n<li style='margin-bottom: 5px;'>Dimensiones: 20 x 10 x 2500mm<\/li>\n<li style='margin-bottom: 5px;'>Cuenta con un \u00e1rea interna de 130 mm\u00b2<\/li>\n<li style='margin-bottom: 5px;'>Temperatura de trabajo -20\u00baC a +85\u00baC<\/li>\n<li style='margin-bottom: 5px;'>Resistencia a la humedad y atm\u00f3sfera corrosiva<\/li>\n<li style='margin-bottom: 5px;'>Alta rigidez diel\u00e9ctrica<\/li>\n<li style='margin-bottom: 5px;'>Cumple con los requerimientos de la norma NOM-001-SEDE-2005<\/li>\n<li style='margin-bottom: 5px;'>Certificado en <img style='width: 20px; height: 20px; border: 1px solid rgba(150&comma;150&comma;150&comma;0.3); border-radius: 4px; vertical-align: middle;' src='http:\/\/ftp3.syscom.mx\/usuarios\/egomez\/CSA.jpg' alt='Certificado CSA'><\/li>\n<\/ul><\/div>\n<\/p><\/div>\n<p> <!-- Materiales --> <\/p>\n<div style='display: flex; flex-wrap: wrap; gap: 30px; margin-bottom: 30px;'>\n<div style='flex: 1 1 300px; min-width: 280px;'>\n<h3 style='font-size: 22px; border-bottom: 2px solid currentColor; padding-bottom: 5px; margin-top: 0; color: inherit; opacity: 0.8;'>Materiales<\/h3>\n<ul style='padding-left: 20px; font-size: 15px; color: inherit;'>\n<li style='margin-bottom: 5px;'>PVC r\u00edgido de alto impacto resistente a la tensi\u00f3n<\/li>\n<li style='margin-bottom: 5px;'>Material auto-extinguible<\/li>\n<li style='margin-bottom: 5px;'>Resistente a los rayos UV<\/li>\n<li style='margin-bottom: 5px;'>Pruebas ASTM a las 250 hrs. No debe cambiar de tono<\/li>\n<\/ul><\/div>\n<\/p><\/div>\n<p> <!-- Imagen de dimensiones --> <\/p>\n<div style='margin-bottom: 30px;'> <img style='width: 100%; height: auto; border: 1px solid rgba(150&comma;150&comma;150&comma;0.3); border-radius: 8px;' src='http:\/\/ftp3.syscom.mx\/usuarios\/fotos\/TMK1020CD\/76968-tmk1020cd.png' alt='Dimensiones'> <\/p>\n<div style='text-align: center; margin-top: 15px; font-size: 14px; color: inherit;'>Dimensiones (Acotaci\u00f3n en mm)<\/div>\n<\/p><\/div>\n<p> <!-- Bandera de fabricaci\u00f3n --> <\/p>\n<div style='margin-bottom: 30px;'> <img style='width: 79px; height: 59px; border: 1px solid rgba(150&comma;150&comma;150&comma;0.3); border-radius: 4px;' src='http:\/\/ftp3.syscom.mx\/usuarios\/egomez\/Hecho%20en%20Mexico.jpg' alt='Hecho en M\u00e9xico'> <\/div>\n<p> <!-- Im\u00e1genes adicionales --> <\/p>\n<div style='display: flex; flex-wrap: wrap; gap: 20px; margin-bottom: 30px;'>\n<div style='flex: 1 1 400px; min-width: 300px;'> <img style='width: 100%; height: auto; border: 1px solid rgba(150&comma;150&comma;150&comma;0.3); border-radius: 8px;' src='https:\/\/ftp3.syscom.mx\/usuarios\/ftp\/single_page\/thorsman\/Thorsman1-02.jpg' alt='Thorsman sistema 1'> <\/div>\n<div style='flex: 1 1 400px; min-width: 300px;'> <img style='width: 100%; height: auto; border: 1px solid rgba(150&comma;150&comma;150&comma;0.3); border-radius: 8px;' src='https:\/\/ftp3.syscom.mx\/usuarios\/ftp\/single_page\/thorsman\/Thorsman1-01.jpg' alt='Thorsman sistema 2'> <\/div>\n<\/p><\/div>\n<p> <!-- Slogan --> <\/p>\n<div style='margin-bottom: 30px; padding: 20px; color: #fff; background: linear-gradient(90deg&comma; #2a397a 50%&comma; #0080ff 100%); border-radius: 8px;'>\n<h2 style='font-size: 22px; margin: 0; padding: 10px 0; color: #fff;'>Thorsman es la Marca L\u00edder en M\u00e9xico Reconocida por Productos de Canalizaci\u00f3n y Fijaci\u00f3n<\/h2>\n<\/p><\/div>\n<p> <!-- Imagen promocional --> <\/p>\n<div style='display: flex; flex-wrap: wrap; gap: 20px; margin-bottom: 30px;'>\n<div style='flex: 1 1 300px; min-width: 250px;'> <img style='width: 100%; height: auto; border: 1px solid rgba(150&comma;150&comma;150&comma;0.3); border-radius: 8px;' src='https:\/\/ftp3.syscom.mx\/usuarios\/ftp\/single_page\/thorsman\/thorsman1-04.png' alt='Thorsman promoci\u00f3n'> <\/div>\n<div style='flex: 1 1 600px; min-width: 300px;'>\n<h3 style='margin-top: 0; color: inherit;'>Thorsman<\/h3>\n<p style='color: inherit;'>Cuenta con amplia gama de soluciones para instalaciones el\u00e9ctricas y de cableado estructurado&comma; voz y datos; brindan funcionalidad&comma; distribuci\u00f3n&comma; protecci\u00f3n y est\u00e9tica&comma; tambi\u00e9n lo puede encontrar como: mesa de capacidades para eletrocalhas&comma; capacidad de carga de canaletas aparentes.<\/p>\n<\/p><\/div>\n<\/p><\/div>\n<p> <!-- Sistemas por aplicaci\u00f3n --> <\/p>\n<div style='margin-bottom: 30px;'>\n<h3 style='font-size: 20px; border-bottom: 2px solid currentColor; padding-bottom: 5px; margin-top: 0; color: inherit; opacity: 0.8; margin-bottom: 20px;'>Sistemas que cubren todas las necesidades<\/h3>\n<div style='display: flex; flex-wrap: wrap; gap: 20px; justify-content: center;'>\n<div style='flex: 1 1 150px; text-align: center;'> <img style='width: 64px; height: 64px; border: 1px solid rgba(150&comma;150&comma;150&comma;0.3); border-radius: 8px;' src='https:\/\/ftp3.syscom.mx\/usuarios\/ftp\/single_page\/thorsman\/thorsman1-09.png' alt='Hospital'> <\/p>\n<p style='margin-top: 10px; margin-bottom: 0; color: inherit;'>Hospital<\/p>\n<\/p><\/div>\n<div style='flex: 1 1 150px; text-align: center;'> <img style='width: 64px; height: 64px; border: 1px solid rgba(150&comma;150&comma;150&comma;0.3); border-radius: 8px;' src='https:\/\/ftp3.syscom.mx\/usuarios\/ftp\/single_page\/thorsman\/thorsman1-08.png' alt='Hogar'> <\/p>\n<p style='margin-top: 10px; margin-bottom: 0; color: inherit;'>Hogar<\/p>\n<\/p><\/div>\n<div style='flex: 1 1 150px; text-align: center;'> <img style='width: 64px; height: 64px; border: 1px solid rgba(150&comma;150&comma;150&comma;0.3); border-radius: 8px;' src='https:\/\/ftp3.syscom.mx\/usuarios\/ftp\/single_page\/thorsman\/thorsman1-10.png' alt='Industria'> <\/p>\n<p style='margin-top: 10px; margin-bottom: 0; color: inherit;'>Industria<\/p>\n<\/p><\/div>\n<div style='flex: 1 1 150px; text-align: center;'> <img style='width: 64px; height: 64px; border: 1px solid rgba(150&comma;150&comma;150&comma;0.3); border-radius: 8px;' src='https:\/\/ftp3.syscom.mx\/usuarios\/ftp\/single_page\/thorsman\/thorsman1-11.png' alt='Oficina'> <\/p>\n<p style='margin-top: 10px; margin-bottom: 0; color: inherit;'>Oficina<\/p>\n<\/p><\/div>\n<\/p><\/div>\n<\/p><\/div>\n<p> <!-- Aplicaciones espec\u00edficas --> <\/p>\n<div style='display: flex; flex-wrap: wrap; gap: 30px; margin-bottom: 30px;'>\n<div style='flex: 1 1 300px; min-width: 280px;'> <img style='width: 100%; height: auto; border: 1px solid rgba(150&comma;150&comma;150&comma;0.3); border-radius: 8px;' src='https:\/\/ftp3.syscom.mx\/usuarios\/ftp\/single_page\/thorsman\/thorsman1-05.png' alt='Aplicaci\u00f3n 1'> <\/p>\n<p style='color: inherit; margin-top: 15px; font-size: 14px;'>El 40% de la capacidad es la m\u00e1xima recomendada por EIA\/TIA-569-A para dise\u00f1ar sistemas de cableado estructurado.<\/p>\n<\/p><\/div>\n<div style='flex: 1 1 300px; min-width: 280px;'> <img style='width: 100%; height: auto; border: 1px solid rgba(150&comma;150&comma;150&comma;0.3); border-radius: 8px;' src='https:\/\/ftp3.syscom.mx\/usuarios\/ftp\/single_page\/thorsman\/thorsman1-06.png' alt='Aplicaci\u00f3n 2'> <\/p>\n<p style='color: inherit; margin-top: 15px; font-size: 14px;'>Encuentre los sistemas de fijaci\u00f3n de Thorsman&comma; como las grapas para cable&comma; fleje&comma; cinchos de nylon y acero inoxidable&comma; que son fundamentales para la seguridad en cualquier instalaci\u00f3n.<\/p>\n<\/p><\/div>\n<div style='flex: 1 1 300px; min-width: 280px;'> <img style='width: 100%; height: auto; border: 1px solid rgba(150&comma;150&comma;150&comma;0.3); border-radius: 8px;' src='https:\/\/ftp3.syscom.mx\/usuarios\/ftp\/single_page\/thorsman\/thorsman1-07.png' alt='Aplicaci\u00f3n 3'> <\/p>\n<p style='color: inherit; margin-top: 15px; font-size: 14px;'>Los sistemas thelecom de Thorsman&comma; como las mini cajas de piso de energ\u00eda y voz\/datos&comma; as\u00ed como las cajas de piso de 2 y 4 m\u00f3dulos configurables&comma; brindan la soluci\u00f3n completa en conectividad para centros de entretenimiento como lo son casinos&comma; ferias&comma; museos&comma; plazas comerciales&comma; entre otros.<\/p>\n<\/p><\/div>\n<\/p><\/div>\n<\/p><\/div>\n","protected":false},"excerpt":{"rendered":"<p>Canaleta blanca de PVC auto extinguible, con divisi\u00f3n, 20 x 10 mm, tramo de 2.5m (5101-01250)<\/p>\n","protected":false},"featured_media":115998,"comment_status":"open","ping_status":"closed","template":"","meta":[],"product_brand":[],"product_cat":[581],"product_tag":[582,572,583],"class_list":{"0":"post-115999","1":"product","2":"type-product","3":"status-publish","4":"has-post-thumbnail","6":"product_cat-canaletas","7":"product_tag-canaletas","8":"product_tag-canalizacion","9":"product_tag-thorsman","11":"first","12":"instock","13":"sale","14":"shipping-taxable","15":"purchasable","16":"product-type-simple"},"_links":{"self":[{"href":"https:\/\/soydeaqui.ddns.net\/pachuca\/index.php\/wp-json\/wp\/v2\/product\/115999","targetHints":{"allow":["GET"]}}],"collection":[{"href":"https:\/\/soydeaqui.ddns.net\/pachuca\/index.php\/wp-json\/wp\/v2\/product"}],"about":[{"href":"https:\/\/soydeaqui.ddns.net\/pachuca\/index.php\/wp-json\/wp\/v2\/types\/product"}],"replies":[{"embeddable":true,"href":"https:\/\/soydeaqui.ddns.net\/pachuca\/index.php\/wp-json\/wp\/v2\/comments?post=115999"}],"wp:featuredmedia":[{"embeddable":true,"href":"https:\/\/soydeaqui.ddns.net\/pachuca\/index.php\/wp-json\/wp\/v2\/media\/115998"}],"wp:attachment":[{"href":"https:\/\/soydeaqui.ddns.net\/pachuca\/index.php\/wp-json\/wp\/v2\/media?parent=115999"}],"wp:term":[{"taxonomy":"product_brand","embeddable":true,"href":"https:\/\/soydeaqui.ddns.net\/pachuca\/index.php\/wp-json\/wp\/v2\/product_brand?post=115999"},{"taxonomy":"product_cat","embeddable":true,"href":"https:\/\/soydeaqui.ddns.net\/pachuca\/index.php\/wp-json\/wp\/v2\/product_cat?post=115999"},{"taxonomy":"product_tag","embeddable":true,"href":"https:\/\/soydeaqui.ddns.net\/pachuca\/index.php\/wp-json\/wp\/v2\/product_tag?post=115999"}],"curies":[{"name":"wp","href":"https:\/\/api.w.org\/{rel}","templated":true}]}}