{"id":115977,"date":"2026-03-24T01:49:46","date_gmt":"2026-03-24T01:49:46","guid":{"rendered":"https:\/\/soydeaqui.ddns.net\/pachuca\/index.php\/producto\/esquinero-exterior-blanco-para-canaleta-tmk1720-5210-02001\/"},"modified":"2026-03-24T01:49:47","modified_gmt":"2026-03-24T01:49:47","slug":"esquinero-exterior-blanco-para-canaleta-tmk1720-5210-02001","status":"publish","type":"product","link":"https:\/\/soydeaqui.ddns.net\/pachuca\/index.php\/producto\/esquinero-exterior-blanco-para-canaleta-tmk1720-5210-02001\/","title":{"rendered":"Esquinero exterior blanco para canaleta TMK1720 (5210-02001)"},"content":{"rendered":"<div style='width: 100%; max-width: 1200px; margin: 0 auto; font-family: sans-serif; line-height: 1.6; color: inherit; background-color: transparent;'> <!-- Imagen de marca --> <\/p>\n<div style='text-align: center; margin: 20px 0;'> <img style='width: 412px; height: auto; border: 1px solid rgba(150&comma;150&comma;150&comma;0.3); border-radius: 8px;' src='http:\/\/ftp3.syscom.mx\/usuarios\/jdelafuente\/THORSMAN\/THORSMAN%20logo.jpg' alt='Logo Thorsman'> <\/div>\n<p> <!-- Secci\u00f3n de descripci\u00f3n --> <\/p>\n<div style='margin: 30px 0;'>\n<h3 style='font-size: 22px; border-bottom: 2px solid currentColor; padding-bottom: 5px; margin-top: 0; color: inherit; opacity: 0.8;'>Descripci\u00f3n<\/h3>\n<ul style='padding-left: 20px; font-size: 15px; color: inherit;'>\n<li style='margin-bottom: 5px;'>Reduce el tiempo de instalaci\u00f3n evitando hacer cortes especiales.<\/li>\n<li style='margin-bottom: 5px;'>Color blanco.<\/li>\n<li style='margin-bottom: 5px;'>Peso del accesorio: .014kg.<\/li>\n<li style='margin-bottom: 5px;'>Certificado en <img style='width: 20px; height: 20px; border: 1px solid rgba(150&comma;150&comma;150&comma;0.3); vertical-align: middle;' src='http:\/\/ftp3.syscom.mx\/usuarios\/egomez\/CSA.jpg' alt='CSA'><\/li>\n<li style='margin-bottom: 5px;'>Temperatura de trabajo -40\u00b0C a + 85\u00b0C<\/li>\n<li style='margin-bottom: 5px;'>Resistencia a la humedad y atm\u00f3sfera corrosiva<\/li>\n<li style='margin-bottom: 5px;'>Alta rigidez diel\u00e9ctrica<\/li>\n<li style='margin-bottom: 5px;'>Cumple con los requerimientos de la norma NOM-001-SEDE-2005<\/li>\n<li style='margin-bottom: 5px;'>Para instalaci\u00f3n: Colocaci\u00f3n f\u00e1cil y sencilla a presi\u00f3n sobre la canaleta.<\/li>\n<\/ul><\/div>\n<p> <!-- Materiales --> <\/p>\n<div style='margin: 30px 0;'>\n<h3 style='font-size: 22px; border-bottom: 2px solid currentColor; padding-bottom: 5px; margin-top: 0; color: inherit; opacity: 0.8;'>Materiales<\/h3>\n<ul style='padding-left: 20px; font-size: 15px; color: inherit;'>\n<li style='margin-bottom: 5px;'>Material ABS auto-extinguible<\/li>\n<\/ul><\/div>\n<p> <!-- Dimensiones --> <\/p>\n<div style='margin: 30px 0;'>\n<h3 style='font-size: 22px; border-bottom: 2px solid currentColor; padding-bottom: 5px; margin-top: 0; color: inherit; opacity: 0.8;'>Dimensiones (Acotaci\u00f3n en mm)<\/h3>\n<div style='text-align: center; margin: 20px 0;'> <img style='width: 400px; height: auto; border: 1px solid rgba(150&comma;150&comma;150&comma;0.3); border-radius: 8px;' src='http:\/\/ftp3.syscom.mx\/usuarios\/fotos\/TMK1720EE\/76976-tmk1720ee.jpg' alt='Dimensiones TMK1720EE'> <\/div>\n<\/p><\/div>\n<p> <!-- Im\u00e1genes adicionales Thorsman --> <\/p>\n<div style='margin: 30px 0;'>\n<h3 style='font-size: 22px; border-bottom: 2px solid currentColor; padding-bottom: 5px; margin-top: 0; color: inherit; opacity: 0.8;'>Sobre la marca<\/h3>\n<div style='display: flex; flex-wrap: wrap; gap: 20px; justify-content: center; margin-top: 20px;'>\n<div style='flex: 1 1 300px; min-width: 200px; text-align: center;'> <img style='width: 100%; height: auto; border: 1px solid rgba(150&comma;150&comma;150&comma;0.3); border-radius: 8px;' src='https:\/\/ftp3.syscom.mx\/usuarios\/ftp\/single_page\/thorsman\/Thorsman1-02.jpg' alt='Thorsman Instalaciones'> <\/div>\n<div style='flex: 1 1 300px; min-width: 200px; text-align: center;'> <img style='width: 100%; height: auto; border: 1px solid rgba(150&comma;150&comma;150&comma;0.3); border-radius: 8px;' src='https:\/\/ftp3.syscom.mx\/usuarios\/ftp\/single_page\/thorsman\/Thorsman1-01.jpg' alt='Thorsman Soluciones'> <\/div>\n<\/p><\/div>\n<\/p><\/div>\n<p> <!-- Slogan Thorsman --> <\/p>\n<div style='margin: 30px 0; background: linear-gradient(90deg&comma; #2a397a 50%&comma; #0080ff 100%); color: white; padding: 20px; border-radius: 8px;'>\n<p style='font-size: 18px; font-family: roboto; font-weight: 300; text-align: center; margin: 0; padding: 10px 0;'>Thorsman es la Marca L\u00edder en M\u00e9xico Reconocida por Productos de Canalizaci\u00f3n y Fijaci\u00f3n<\/p>\n<\/p><\/div>\n<p> <!-- Informaci\u00f3n adicional --> <\/p>\n<div style='margin: 30px 0;'>\n<div style='display: flex; flex-wrap: wrap; gap: 20px; align-items: center; margin-bottom: 30px;'>\n<div style='flex: 1 1 300px; min-width: 200px; text-align: center;'> <img style='width: 100%; height: auto; border: 1px solid rgba(150&comma;150&comma;150&comma;0.3); border-radius: 8px; padding: 15px;' src='https:\/\/ftp3.syscom.mx\/usuarios\/ftp\/single_page\/thorsman\/thorsman1-04.png' alt='Thorsman Soluciones'> <\/div>\n<div style='flex: 2 1 400px; min-width: 250px;'>\n<h4 style='font-family: roboto; font-weight: 300; line-height: 1.4; color: inherit;'>Cuenta con amplia gama de soluciones para instalaciones el\u00e9ctricas y de cableado estructurado&comma; brindan funcionalidad&comma; distribuci\u00f3n&comma; protecci\u00f3n y est\u00e9tica&comma; tambi\u00e9n lo puede encontrar como: mesa de capacidades para eletrocalhas&comma; capacidad de carga de canaletas aparentes.<\/h4>\n<\/p><\/div>\n<\/p><\/div>\n<\/p><\/div>\n<p> <!-- Sistemas --> <\/p>\n<div style='margin: 30px 0;'>\n<h3 style='font-size: 22px; border-bottom: 2px solid currentColor; padding-bottom: 5px; margin-top: 0; color: inherit; opacity: 0.8; text-align: center;'>Sistemas que cubren todas las necesidades<\/h3>\n<div style='display: flex; flex-wrap: wrap; gap: 20px; justify-content: center; margin-top: 20px;'>\n<div style='flex: 1 1 200px; text-align: center;'> <img style='width: 80px; height: auto; border: 1px solid rgba(150&comma;150&comma;150&comma;0.3); border-radius: 8px; padding: 12px;' src='https:\/\/ftp3.syscom.mx\/usuarios\/ftp\/single_page\/thorsman\/thorsman1-09.png' alt='Hospital'> <\/p>\n<p style='margin-top: 10px; margin-bottom: 10px;'>Hospital<\/p>\n<\/p><\/div>\n<div style='flex: 1 1 200px; text-align: center;'> <img style='width: 80px; height: auto; border: 1px solid rgba(150&comma;150&comma;150&comma;0.3); border-radius: 8px; padding: 12px;' src='https:\/\/ftp3.syscom.mx\/usuarios\/ftp\/single_page\/thorsman\/thorsman1-08.png' alt='Hogar'> <\/p>\n<p style='margin-top: 10px; margin-bottom: 10px;'>Hogar<\/p>\n<\/p><\/div>\n<div style='flex: 1 1 200px; text-align: center;'> <img style='width: 80px; height: auto; border: 1px solid rgba(150&comma;150&comma;150&comma;0.3); border-radius: 8px; padding: 12px;' src='https:\/\/ftp3.syscom.mx\/usuarios\/ftp\/single_page\/thorsman\/thorsman1-10.png' alt='Industria'> <\/p>\n<p style='margin-top: 10px; margin-bottom: 10px;'>Industria<\/p>\n<\/p><\/div>\n<div style='flex: 1 1 200px; text-align: center;'> <img style='width: 80px; height: auto; border: 1px solid rgba(150&comma;150&comma;150&comma;0.3); border-radius: 8px; padding: 12px;' src='https:\/\/ftp3.syscom.mx\/usuarios\/ftp\/single_page\/thorsman\/thorsman1-11.png' alt='Oficina'> <\/p>\n<p style='margin-top: 10px; margin-bottom: 10px;'>Oficina<\/p>\n<\/p><\/div>\n<\/p><\/div>\n<\/p><\/div>\n<p> <!-- Informaci\u00f3n t\u00e9cnica adicional --> <\/p>\n<div style='margin: 30px 0;'>\n<div style='display: flex; flex-wrap: wrap; gap: 30px;'>\n<div style='flex: 1 1 300px; min-width: 250px;'> <img style='width: 100%; height: auto; border: 1px solid rgba(150&comma;150&comma;150&comma;0.3); border-radius: 8px; padding: 10px;' src='https:\/\/ftp3.syscom.mx\/usuarios\/ftp\/single_page\/thorsman\/thorsman1-05.png' alt='Capacidad recomendada'> <\/p>\n<p style='font-size: 14px; margin-top: 15px; color: inherit;'>El 40% de la capacidad es la m\u00e1xima recomendada por EIA\/TIA-569-A para dise\u00f1ar sistemas de cableado estructurado.<\/p>\n<\/p><\/div>\n<div style='flex: 1 1 300px; min-width: 250px;'> <img style='width: 100%; height: auto; border: 1px solid rgba(150&comma;150&comma;150&comma;0.3); border-radius: 8px; padding: 10px;' src='https:\/\/ftp3.syscom.mx\/usuarios\/ftp\/single_page\/thorsman\/thorsman1-06.png' alt='Sistemas de fijaci\u00f3n'> <\/p>\n<p style='font-size: 14px; margin-top: 15px; color: inherit;'>Encuentre los sistemas de fijaci\u00f3n de Thorsman&comma; como las grapas para cable&comma; fleje&comma; cinchos de nylon y acero inoxidable&comma; que son fundamentales para la seguridad en cualquier instalaci\u00f3n.<\/p>\n<\/p><\/div>\n<div style='flex: 1 1 300px; min-width: 250px;'> <img style='width: 100%; height: auto; border: 1px solid rgba(150&comma;150&comma;150&comma;0.3); border-radius: 8px; padding: 10px;' src='https:\/\/ftp3.syscom.mx\/usuarios\/ftp\/single_page\/thorsman\/thorsman1-07.png' alt='Sistemas telecom'> <\/p>\n<p style='font-size: 14px; margin-top: 15px; color: inherit;'>Los sistemas thelecom de Thorsman&comma; como las mini cajas de piso de energ\u00eda y voz\/datos&comma; as\u00ed como las cajas de piso de 2 y 4 m\u00f3dulos configurables&comma; brindan la soluci\u00f3n completa en conectividad para centros de entretenimiento como lo son casinos&comma; ferias&comma; museos&comma; plazas comerciales&comma; entre otros.<\/p>\n<\/p><\/div>\n<\/p><\/div>\n<\/p><\/div>\n<\/p><\/div>\n","protected":false},"excerpt":{"rendered":"<p>Esquinero exterior blanco para canaleta TMK1720 (5210-02001)<\/p>\n","protected":false},"featured_media":115976,"comment_status":"open","ping_status":"closed","template":"","meta":[],"product_brand":[],"product_cat":[571],"product_tag":[573,572,583],"class_list":{"0":"post-115977","1":"product","2":"type-product","3":"status-publish","4":"has-post-thumbnail","6":"product_cat-accesorios-para-canaletas","7":"product_tag-accesorios-para-canaletas","8":"product_tag-canalizacion","9":"product_tag-thorsman","11":"first","12":"instock","13":"sale","14":"shipping-taxable","15":"purchasable","16":"product-type-simple"},"_links":{"self":[{"href":"https:\/\/soydeaqui.ddns.net\/pachuca\/index.php\/wp-json\/wp\/v2\/product\/115977","targetHints":{"allow":["GET"]}}],"collection":[{"href":"https:\/\/soydeaqui.ddns.net\/pachuca\/index.php\/wp-json\/wp\/v2\/product"}],"about":[{"href":"https:\/\/soydeaqui.ddns.net\/pachuca\/index.php\/wp-json\/wp\/v2\/types\/product"}],"replies":[{"embeddable":true,"href":"https:\/\/soydeaqui.ddns.net\/pachuca\/index.php\/wp-json\/wp\/v2\/comments?post=115977"}],"wp:featuredmedia":[{"embeddable":true,"href":"https:\/\/soydeaqui.ddns.net\/pachuca\/index.php\/wp-json\/wp\/v2\/media\/115976"}],"wp:attachment":[{"href":"https:\/\/soydeaqui.ddns.net\/pachuca\/index.php\/wp-json\/wp\/v2\/media?parent=115977"}],"wp:term":[{"taxonomy":"product_brand","embeddable":true,"href":"https:\/\/soydeaqui.ddns.net\/pachuca\/index.php\/wp-json\/wp\/v2\/product_brand?post=115977"},{"taxonomy":"product_cat","embeddable":true,"href":"https:\/\/soydeaqui.ddns.net\/pachuca\/index.php\/wp-json\/wp\/v2\/product_cat?post=115977"},{"taxonomy":"product_tag","embeddable":true,"href":"https:\/\/soydeaqui.ddns.net\/pachuca\/index.php\/wp-json\/wp\/v2\/product_tag?post=115977"}],"curies":[{"name":"wp","href":"https:\/\/api.w.org\/{rel}","templated":true}]}}