{"id":115874,"date":"2026-03-24T01:44:27","date_gmt":"2026-03-24T01:44:27","guid":{"rendered":"https:\/\/soydeaqui.ddns.net\/pachuca\/index.php\/producto\/canaleta-en-color-blanco-de-pvc-auto-extinguible-35-x-17-tramo-de-2-5m-5301-01250\/"},"modified":"2026-03-24T01:44:29","modified_gmt":"2026-03-24T01:44:29","slug":"canaleta-en-color-blanco-de-pvc-auto-extinguible-35-x-17-tramo-de-2-5m-5301-01250","status":"publish","type":"product","link":"https:\/\/soydeaqui.ddns.net\/pachuca\/index.php\/producto\/canaleta-en-color-blanco-de-pvc-auto-extinguible-35-x-17-tramo-de-2-5m-5301-01250\/","title":{"rendered":"Canaleta en color blanco de PVC auto extinguible, 35 x 17, tramo de 2.5m (5301-01250)"},"content":{"rendered":"<div style='width: 100%; max-width: 1200px; margin: 0 auto; font-family: sans-serif; line-height: 1.6; color: inherit; background-color: transparent;'> <!-- Secci\u00f3n de caracter\u00edsticas generales --> <\/p>\n<div style='display: flex; flex-wrap: wrap; gap: 30px; margin-bottom: 30px;'>\n<div style='flex: 1 1 300px; min-width: 280px;'>\n<h3 style='font-size: 22px; border-bottom: 2px solid currentColor; padding-bottom: 5px; margin-top: 0; color: inherit; opacity: 0.8;'>Caracter\u00edsticas Generales<\/h3>\n<ul style='padding-left: 20px; font-size: 15px; color: inherit;'>\n<li style='margin-bottom: 5px;'>Para uso en instalaciones el\u00e9ctricas y de cableado estructurado<\/li>\n<li style='margin-bottom: 5px;'>Color blanco<\/li>\n<li style='margin-bottom: 5px;'>Peso del canal&comma; base y tapa: 0.610 kg<\/li>\n<li style='margin-bottom: 5px;'>Dimensiones: 17 x 35 x 2.5 m<\/li>\n<li style='margin-bottom: 5px;'>Cuenta con un \u00e1rea interna de 202 mm\u00b2 por ducto<\/li>\n<li style='margin-bottom: 5px;'>Temperatura de trabajo -20\u00baC a +85\u00baC<\/li>\n<li style='margin-bottom: 5px;'>Resistencia a la humedad y atm\u00f3sfera corrosiva<\/li>\n<li style='margin-bottom: 5px;'>Alta rigidez diel\u00e9ctrica<\/li>\n<li style='margin-bottom: 5px;'>Cumple con los requerimientos de la norma NOM-001-SEDE-2005<\/li>\n<li style='margin-bottom: 5px;'>Certificado en <img style='width: 20px; height: auto; border: 1px solid rgba(150&comma;150&comma;150&comma;0.3); border-radius: 4px; vertical-align: middle;' src='http:\/\/ftp3.syscom.mx\/usuarios\/egomez\/CSA.jpg' alt='CSA' \/><\/li>\n<\/ul>\n<div style='margin-top: 20px;'> <img style='width: 100%; height: auto; border: 1px solid rgba(150&comma;150&comma;150&comma;0.3); border-radius: 8px;' src='http:\/\/ftp3.syscom.mx\/usuarios\/jdelafuente\/THORSMAN\/THORSMAN%20logo.jpg' alt='Logo THORSMAN' \/> <\/div>\n<\/p><\/div>\n<p> <!-- Secci\u00f3n de materiales --> <\/p>\n<div style='flex: 1 1 300px; min-width: 280px;'>\n<h3 style='font-size: 22px; border-bottom: 2px solid currentColor; padding-bottom: 5px; margin-top: 0; color: inherit; opacity: 0.8;'>Materiales<\/h3>\n<ul style='padding-left: 20px; font-size: 15px; color: inherit;'>\n<li style='margin-bottom: 5px;'>PVC r\u00edgido de alto impacto resistente a la tensi\u00f3n<\/li>\n<li style='margin-bottom: 5px;'>Material auto-extinguible<\/li>\n<li style='margin-bottom: 5px;'>Resistente a los rayos UV<\/li>\n<li style='margin-bottom: 5px;'>Pruebas ASTM a las 250 hrs. No debe cambiar de tono<\/li>\n<\/ul><\/div>\n<\/p><\/div>\n<p> <!-- Secci\u00f3n de im\u00e1genes --> <\/p>\n<div style='display: flex; flex-wrap: wrap; gap: 30px; margin-bottom: 30px;'>\n<div style='flex: 1 1 100%; min-width: 280px;'> <img style='width: 100%; height: auto; border: 1px solid rgba(150&comma;150&comma;150&comma;0.3); border-radius: 8px;' src='http:\/\/ftp3.syscom.mx\/usuarios\/egomez\/Hecho%20en%20Mexico.jpg' alt='Hecho en M\u00e9xico' \/> <\/p>\n<p style='margin-top: 15px; font-size: 15px; color: inherit;'>Dimensiones (Acotaci\u00f3n en mm):<\/p>\n<p> <img style='width: 100%; height: auto; border: 1px solid rgba(150&comma;150&comma;150&comma;0.3); border-radius: 8px;' src='http:\/\/ftp3.syscom.mx\/usuarios\/jdelafuente\/THORSMAN\/Productos\/CANALIZACION\/TMK1735.PNG' alt='Dimensiones del producto' \/> <\/p>\n<h3 style='font-size: 20px; margin-top: 25px; margin-bottom: 15px; color: inherit; opacity: 0.8;'>Ejemplo de Instalaci\u00f3n<\/h3>\n<p> <img style='width: 100%; height: auto; border: 1px solid rgba(150&comma;150&comma;150&comma;0.3); border-radius: 8px;' src='http:\/\/ftp3.syscom.mx\/usuarios\/jdelafuente\/THORSMAN\/Productos\/CANALIZACION\/Ejemplo%20de%20Instalacion.PNG' alt='Ejemplo de Instalaci\u00f3n' \/> <\/div>\n<\/p><\/div>\n<p> <!-- Secci\u00f3n de im\u00e1genes adicionales --> <\/p>\n<div style='display: flex; flex-wrap: wrap; gap: 30px; margin-bottom: 30px;'>\n<div style='flex: 1 1 100%; min-width: 280px;'>\n<div style='display: flex; flex-wrap: wrap; gap: 15px;'>\n<div style='flex: 1 1 48%; min-width: 280px;'> <img style='width: 100%; height: auto; border: 1px solid rgba(150&comma;150&comma;150&comma;0.3); border-radius: 8px;' src='https:\/\/ftp3.syscom.mx\/usuarios\/ftp\/single_page\/thorsman\/Thorsman1-02.jpg' alt='Thorsman 1-02' \/> <\/div>\n<div style='flex: 1 1 48%; min-width: 280px;'> <img style='width: 100%; height: auto; border: 1px solid rgba(150&comma;150&comma;150&comma;0.3); border-radius: 8px;' src='https:\/\/ftp3.syscom.mx\/usuarios\/ftp\/single_page\/thorsman\/Thorsman1-01.jpg' alt='Thorsman 1-01' \/> <\/div>\n<\/p><\/div>\n<\/p><\/div>\n<\/p><\/div>\n<p> <!-- Secci\u00f3n de informaci\u00f3n adicional --> <\/p>\n<div style='margin-bottom: 30px;'>\n<div style='width: 100%; padding: 15px; background-color: #2a397a; background-image: linear-gradient(90deg&comma; #2a397a 50%&comma; #0080ff 100%); text-align: center; margin-bottom: 30px;'>\n<h2 style='font-size: 22px; font-family: sans-serif; font-weight: 300; color: white; margin: 0; padding-bottom: 1%;'>Thorsman es la Marca L\u00edder en M\u00e9xico Reconocida por Productos de Canalizaci\u00f3n y Fijaci\u00f3n<\/h2>\n<\/p><\/div>\n<div style='display: flex; flex-wrap: wrap; gap: 30px; margin-bottom: 30px;'>\n<div style='flex: 1 1 48%; min-width: 280px;'> <img style='width: 100%; height: auto; border: 1px solid rgba(150&comma;150&comma;150&comma;0.3); border-radius: 8px;' src='https:\/\/ftp3.syscom.mx\/usuarios\/ftp\/single_page\/thorsman\/thorsman1-04.png' alt='Thorsman 1-04' \/> <\/p>\n<p style='margin-top: 15px; font-size: 15px; color: inherit;'>El 40% de la capacidad es la m\u00e1xima recomendada por EIA\/TIA-569-A para dise\u00f1ar sistemas de cableado estructurado.<\/p>\n<\/p><\/div>\n<div style='flex: 1 1 48%; min-width: 280px;'> <img style='width: 100%; height: auto; border: 1px solid rgba(150&comma;150&comma;150&comma;0.3); border-radius: 8px;' src='https:\/\/ftp3.syscom.mx\/usuarios\/ftp\/single_page\/thorsman\/thorsman1-06.png' alt='Thorsman 1-06' \/> <\/p>\n<p style='margin-top: 15px; font-size: 15px; color: inherit;'>Encuentre los sistemas de fijaci\u00f3n de Thorsman&comma; como las grapas para cable&comma; fleje&comma; cinchos de nylon y acero inoxidable&comma; que son fundamentales para la seguridad en cualquier instalaci\u00f3n.<\/p>\n<\/p><\/div>\n<div style='flex: 1 1 48%; min-width: 280px;'> <img style='width: 100%; height: auto; border: 1px solid rgba(150&comma;150&comma;150&comma;0.3); border-radius: 8px;' src='https:\/\/ftp3.syscom.mx\/usuarios\/ftp\/single_page\/thorsman\/thorsman1-07.png' alt='Thorsman 1-07' \/> <\/p>\n<p style='margin-top: 15px; font-size: 15px; color: inherit;'>Los sistemas thelecom de Thorsman&comma; como las mini cajas de piso de energ\u00eda y voz\/datos&comma; as\u00ed como las cajas de piso de 2 y 4 m\u00f3dulos configurables&comma; brindan la soluci\u00f3n completa en conectividad para centros de entretenimiento como lo son casinos&comma; ferias&comma; museos&comma; plazas comerciales&comma; entre otros.<\/p>\n<\/p><\/div>\n<\/p><\/div>\n<\/p><\/div>\n<p> <!-- Secci\u00f3n de sistemas --> <\/p>\n<div style='margin-bottom: 30px;'>\n<div style='width: 100%; padding: 15px; background-color: #2a397a; text-align: center; margin-bottom: 30px;'>\n<h3 style='font-size: 20px; text-align: center; padding-top: 1%; margin: 0; color: white;'>Sistemas que cubren todas las necesidades<\/h3>\n<\/p><\/div>\n<div style='display: flex; flex-wrap: wrap; justify-content: space-between; gap: 20px;'>\n<div style='flex: 1 1 22%; min-width: 180px; text-align: center;'> <img style='width: 60px; height: auto; border: 1px solid rgba(150&comma;150&comma;150&comma;0.3); border-radius: 8px;' src='https:\/\/ftp3.syscom.mx\/usuarios\/ftp\/single_page\/thorsman\/thorsman1-09.png' alt='Hospital' \/> <\/p>\n<p style='margin-top: 10px; font-size: 15px; color: inherit;'>Hospital<\/p>\n<\/p><\/div>\n<div style='flex: 1 1 22%; min-width: 180px; text-align: center;'> <img style='width: 60px; height: auto; border: 1px solid rgba(150&comma;150&comma;150&comma;0.3); border-radius: 8px;' src='https:\/\/ftp3.syscom.mx\/usuarios\/ftp\/single_page\/thorsman\/thorsman1-08.png' alt='Hogar' \/> <\/p>\n<p style='margin-top: 10px; font-size: 15px; color: inherit;'>Hogar<\/p>\n<\/p><\/div>\n<div style='flex: 1 1 22%; min-width: 180px; text-align: center;'> <img style='width: 60px; height: auto; border: 1px solid rgba(150&comma;150&comma;150&comma;0.3); border-radius: 8px;' src='https:\/\/ftp3.syscom.mx\/usuarios\/ftp\/single_page\/thorsman\/thorsman1-10.png' alt='Industria' \/> <\/p>\n<p style='margin-top: 10px; font-size: 15px; color: inherit;'>Industria<\/p>\n<\/p><\/div>\n<div style='flex: 1 1 22%; min-width: 180px; text-align: center;'> <img style='width: 60px; height: auto; border: 1px solid rgba(150&comma;150&comma;150&comma;0.3); border-radius: 8px;' src='https:\/\/ftp3.syscom.mx\/usuarios\/ftp\/single_page\/thorsman\/thorsman1-11.png' alt='Oficina' \/> <\/p>\n<p style='margin-top: 10px; font-size: 15px; color: inherit;'>Oficina<\/p>\n<\/p><\/div>\n<\/p><\/div>\n<\/p><\/div>\n<p> <!-- Secci\u00f3n de imagen adicional --> <\/p>\n<div style='display: flex; flex-wrap: wrap; gap: 30px; margin-bottom: 30px;'>\n<div style='flex: 1 1 100%; min-width: 280px;'> <img style='width: 100%; height: auto; border: 1px solid rgba(150&comma;150&comma;150&comma;0.3); border-radius: 8px;' src='https:\/\/ftp3.syscom.mx\/usuarios\/ftp\/single_page\/thorsman\/thorsman1-03.jpg' alt='Thorsman 1-03' \/> <\/p>\n<div style='display: flex; flex-wrap: wrap; gap: 15px; margin-top: 15px;'>\n<div style='flex: 1 1 48%; min-width: 280px;'> <img style='width: 100%; height: auto; border: 1px solid rgba(150&comma;150&comma;150&comma;0.3); border-radius: 8px;' src='https:\/\/ftp3.syscom.mx\/usuarios\/ftp\/single_page\/thorsman\/thorsman1-05.png' alt='Thorsman 1-05' \/> <\/div>\n<div style='flex: 1 1 48%; min-width: 280px;'> <img style='width: 100%; height: auto; border: 1px solid rgba(150&comma;150&comma;150&comma;0.3); border-radius: 8px;' src='https:\/\/ftp3.syscom.mx\/usuarios\/ftp\/single_page\/thorsman\/thorsman1-07.png' alt='Thorsman 1-07' \/> <\/div>\n<\/p><\/div>\n<\/p><\/div>\n<\/p><\/div>\n<\/p><\/div>\n","protected":false},"excerpt":{"rendered":"<p>Canaleta en color blanco de PVC auto extinguible, 35 x 17, tramo de 2.5m (5301-01250)<\/p>\n","protected":false},"featured_media":115873,"comment_status":"open","ping_status":"closed","template":"","meta":[],"product_brand":[],"product_cat":[581],"product_tag":[582,572,583],"class_list":{"0":"post-115874","1":"product","2":"type-product","3":"status-publish","4":"has-post-thumbnail","6":"product_cat-canaletas","7":"product_tag-canaletas","8":"product_tag-canalizacion","9":"product_tag-thorsman","11":"first","12":"instock","13":"sale","14":"shipping-taxable","15":"purchasable","16":"product-type-simple"},"_links":{"self":[{"href":"https:\/\/soydeaqui.ddns.net\/pachuca\/index.php\/wp-json\/wp\/v2\/product\/115874","targetHints":{"allow":["GET"]}}],"collection":[{"href":"https:\/\/soydeaqui.ddns.net\/pachuca\/index.php\/wp-json\/wp\/v2\/product"}],"about":[{"href":"https:\/\/soydeaqui.ddns.net\/pachuca\/index.php\/wp-json\/wp\/v2\/types\/product"}],"replies":[{"embeddable":true,"href":"https:\/\/soydeaqui.ddns.net\/pachuca\/index.php\/wp-json\/wp\/v2\/comments?post=115874"}],"wp:featuredmedia":[{"embeddable":true,"href":"https:\/\/soydeaqui.ddns.net\/pachuca\/index.php\/wp-json\/wp\/v2\/media\/115873"}],"wp:attachment":[{"href":"https:\/\/soydeaqui.ddns.net\/pachuca\/index.php\/wp-json\/wp\/v2\/media?parent=115874"}],"wp:term":[{"taxonomy":"product_brand","embeddable":true,"href":"https:\/\/soydeaqui.ddns.net\/pachuca\/index.php\/wp-json\/wp\/v2\/product_brand?post=115874"},{"taxonomy":"product_cat","embeddable":true,"href":"https:\/\/soydeaqui.ddns.net\/pachuca\/index.php\/wp-json\/wp\/v2\/product_cat?post=115874"},{"taxonomy":"product_tag","embeddable":true,"href":"https:\/\/soydeaqui.ddns.net\/pachuca\/index.php\/wp-json\/wp\/v2\/product_tag?post=115874"}],"curies":[{"name":"wp","href":"https:\/\/api.w.org\/{rel}","templated":true}]}}