{"id":115864,"date":"2026-03-24T01:43:52","date_gmt":"2026-03-24T01:43:52","guid":{"rendered":"https:\/\/soydeaqui.ddns.net\/pachuca\/index.php\/producto\/esquinero-interior-color-blanco-de-pvc-auto-extinguible-para-canaleta-tmk1735-tmk1735sd-5320-02001\/"},"modified":"2026-03-24T01:44:05","modified_gmt":"2026-03-24T01:44:05","slug":"esquinero-interior-color-blanco-de-pvc-auto-extinguible-para-canaleta-tmk1735-tmk1735sd-5320-02001","status":"publish","type":"product","link":"https:\/\/soydeaqui.ddns.net\/pachuca\/index.php\/producto\/esquinero-interior-color-blanco-de-pvc-auto-extinguible-para-canaleta-tmk1735-tmk1735sd-5320-02001\/","title":{"rendered":"Esquinero interior color blanco de PVC auto extinguible, para canaleta TMK1735, TMK1735SD (5320-02001)"},"content":{"rendered":"<div style='width: 100%; max-width: 1200px; margin: 0 auto; font-family: sans-serif; line-height: 1.6; color: inherit; background-color: transparent;'> <!-- Imagen de marca --> <\/p>\n<div style='text-align: center; margin-bottom: 30px;'> <img style='width: 350px; height: 105px; border: 1px solid rgba(150&comma;150&comma;150&comma;0.3); border-radius: 8px;' src='https:\/\/ftp3.syscom.mx\/usuarios\/acordova\/Thorsman\/LOGO%20FINAL%20THORSMAN%20AGOSTO%202016.jpg' alt='Logo Thorsman'> <\/div>\n<p> <!-- Caracter\u00edsticas Generales --> <\/p>\n<div style='display: flex; flex-wrap: wrap; gap: 30px; margin-bottom: 30px;'>\n<div style='flex: 1 1 300px; min-width: 280px;'>\n<h3 style='font-size: 22px; border-bottom: 2px solid currentColor; padding-bottom: 5px; margin-top: 0; color: inherit; opacity: 0.8;'>Caracter\u00edsticas Generales<\/h3>\n<ul style='padding-left: 20px; font-size: 15px; color: inherit;'>\n<li style='margin-bottom: 5px;'><strong>Reduce el tiempo de instalaci\u00f3n:<\/strong> Evitando hacer cortes especiales<\/li>\n<li style='margin-bottom: 5px;'><strong>Color:<\/strong> Blanco<\/li>\n<li style='margin-bottom: 5px;'><strong>Peso:<\/strong> 0.008 kg<\/li>\n<li style='margin-bottom: 5px;'><strong>Temperatura de trabajo:<\/strong> -40\u00baC a +85\u00baC<\/li>\n<li style='margin-bottom: 5px;'><strong>Resistencia:<\/strong> Humedad y atm\u00f3sfera corrosiva<\/li>\n<li style='margin-bottom: 5px;'><strong>Rigidez diel\u00e9ctrica:<\/strong> Alta<\/li>\n<li style='margin-bottom: 5px;'><strong>Norma:<\/strong> NOM-001-SEDE-2005<\/li>\n<li style='margin-bottom: 5px;'><strong>Instalaci\u00f3n:<\/strong> Colocaci\u00f3n f\u00e1cil y sencilla a presi\u00f3n sobre la canaleta<\/li>\n<li style='margin-bottom: 5px;'><strong>Certificado:<\/strong> <img style='width: 20px; height: 20px; border: 1px solid rgba(150&comma;150&comma;150&comma;0.3); border-radius: 4px; vertical-align: middle;' src='http:\/\/ftp3.syscom.mx\/usuarios\/egomez\/CSA.jpg' alt='CSA'><\/li>\n<\/ul><\/div>\n<\/p><\/div>\n<p> <!-- Materiales --> <\/p>\n<div style='display: flex; flex-wrap: wrap; gap: 30px; margin-bottom: 30px;'>\n<div style='flex: 1 1 300px; min-width: 280px;'>\n<h3 style='font-size: 22px; border-bottom: 2px solid currentColor; padding-bottom: 5px; margin-top: 0; color: inherit; opacity: 0.8;'>Materiales<\/h3>\n<ul style='padding-left: 20px; font-size: 15px; color: inherit;'>\n<li style='margin-bottom: 5px;'><strong>Material:<\/strong> ABS auto-extinguible<\/li>\n<\/ul>\n<p> <img style='width: 79px; height: 59px; border: 1px solid rgba(150&comma;150&comma;150&comma;0.3); border-radius: 8px; margin-top: 15px;' src='http:\/\/ftp3.syscom.mx\/usuarios\/egomez\/Hecho%20en%20Mexico.jpg' alt='Hecho en M\u00e9xico'> <\/div>\n<\/p><\/div>\n<p> <!-- Dimensiones --> <\/p>\n<div style='display: flex; flex-wrap: wrap; gap: 30px; margin-bottom: 30px;'>\n<div style='flex: 1 1 300px; min-width: 280px;'>\n<h3 style='font-size: 22px; border-bottom: 2px solid currentColor; padding-bottom: 5px; margin-top: 0; color: inherit; opacity: 0.8;'>Dimensiones (Acotaci\u00f3n en mm)<\/h3>\n<p> <img style='width: 100%; height: auto; border: 1px solid rgba(150&comma;150&comma;150&comma;0.3); border-radius: 8px;' src='http:\/\/ftp3.syscom.mx\/usuarios\/jdelafuente\/THORSMAN\/Productos\/CANALIZACION\/TMK1735EI.PNG' alt='Dimensiones TMK1735EI'> <\/div>\n<\/p><\/div>\n<p> <!-- Ejemplo de Instalaci\u00f3n --> <\/p>\n<div style='display: flex; flex-wrap: wrap; gap: 30px; margin-bottom: 30px;'>\n<div style='flex: 1 1 300px; min-width: 280px;'>\n<h3 style='font-size: 22px; border-bottom: 2px solid currentColor; padding-bottom: 5px; margin-top: 0; color: inherit; opacity: 0.8;'>Ejemplo de Instalaci\u00f3n<\/h3>\n<p> <img style='width: 100%; height: auto; border: 1px solid rgba(150&comma;150&comma;150&comma;0.3); border-radius: 8px;' src='http:\/\/ftp3.syscom.mx\/usuarios\/jdelafuente\/THORSMAN\/Productos\/CANALIZACION\/Ejemplo%20de%20Instalacion.PNG' alt='Ejemplo de Instalaci\u00f3n'> <\/div>\n<\/p><\/div>\n<p> <!-- Im\u00e1genes adicionales --> <\/p>\n<div style='display: flex; flex-wrap: wrap; gap: 20px; margin-bottom: 30px;'>\n<div style='flex: 1 1 40%; min-width: 280px;'> <img style='width: 100%; height: auto; border: 1px solid rgba(150&comma;150&comma;150&comma;0.3); border-radius: 8px;' src='https:\/\/ftp3.syscom.mx\/usuarios\/ftp\/single_page\/thorsman\/Thorsman1-02.jpg' alt='Thorsman Instalaci\u00f3n 1'> <\/div>\n<div style='flex: 1 1 40%; min-width: 280px;'> <img style='width: 100%; height: auto; border: 1px solid rgba(150&comma;150&comma;150&comma;0.3); border-radius: 8px;' src='https:\/\/ftp3.syscom.mx\/usuarios\/ftp\/single_page\/thorsman\/Thorsman1-01.jpg' alt='Thorsman Instalaci\u00f3n 2'> <\/div>\n<\/p><\/div>\n<p> <!-- Informaci\u00f3n de la marca --> <\/p>\n<div style='margin-bottom: 30px; padding: 20px; background-color: rgba(42&comma;57&comma;122&comma;0.1); border-left: 4px solid #2a397a; border-right: 4px solid #0080ff;'>\n<h3 style='font-size: 18px; color: #2a397a; margin-top: 0; margin-bottom: 15px;'>Thorsman<\/h3>\n<p style='margin: 0; font-size: 14px; color: inherit;'>Es la marca l\u00edder en M\u00e9xico reconocida por productos de canalizaci\u00f3n y fijaci\u00f3n. Cuenta con amplia gama de soluciones para instalaciones el\u00e9ctricas y de cableado estructurado&comma; brindando funcionalidad&comma; distribuci\u00f3n&comma; protecci\u00f3n y est\u00e9tica.<\/p>\n<\/p><\/div>\n<p> <!-- Sistemas por aplicaci\u00f3n --> <\/p>\n<div style='margin-bottom: 30px;'>\n<h3 style='font-size: 18px; border-bottom: 2px solid currentColor; padding-bottom: 5px; margin-top: 0; color: inherit; opacity: 0.8;'>Sistemas que cubren todas las necesidades<\/h3>\n<div style='display: flex; flex-wrap: wrap; gap: 20px; margin-top: 20px;'>\n<div style='flex: 1 1 200px; min-width: 150px; text-align: center;'> <img style='width: 80px; height: 80px; border: 1px solid rgba(150&comma;150&comma;150&comma;0.3); border-radius: 8px; margin-bottom: 10px;' src='https:\/\/ftp3.syscom.mx\/usuarios\/ftp\/single_page\/thorsman\/thorsman1-09.png' alt='Hospital'> <\/p>\n<p style='margin: 0; font-size: 14px;'>Hospital<\/p>\n<\/p><\/div>\n<div style='flex: 1 1 200px; min-width: 150px; text-align: center;'> <img style='width: 80px; height: 80px; border: 1px solid rgba(150&comma;150&comma;150&comma;0.3); border-radius: 8px; margin-bottom: 10px;' src='https:\/\/ftp3.syscom.mx\/usuarios\/ftp\/single_page\/thorsman\/thorsman1-08.png' alt='Hogar'> <\/p>\n<p style='margin: 0; font-size: 14px;'>Hogar<\/p>\n<\/p><\/div>\n<div style='flex: 1 1 200px; min-width: 150px; text-align: center;'> <img style='width: 80px; height: 80px; border: 1px solid rgba(150&comma;150&comma;150&comma;0.3); border-radius: 8px; margin-bottom: 10px;' src='https:\/\/ftp3.syscom.mx\/usuarios\/ftp\/single_page\/thorsman\/thorsman1-10.png' alt='Industria'> <\/p>\n<p style='margin: 0; font-size: 14px;'>Industria<\/p>\n<\/p><\/div>\n<div style='flex: 1 1 200px; min-width: 150px; text-align: center;'> <img style='width: 80px; height: 80px; border: 1px solid rgba(150&comma;150&comma;150&comma;0.3); border-radius: 8px; margin-bottom: 10px;' src='https:\/\/ftp3.syscom.mx\/usuarios\/ftp\/single_page\/thorsman\/thorsman1-11.png' alt='Oficina'> <\/p>\n<p style='margin: 0; font-size: 14px;'>Oficina<\/p>\n<\/p><\/div>\n<\/p><\/div>\n<\/p><\/div>\n<p> <!-- Aplicaciones espec\u00edficas --> <\/p>\n<div style='display: flex; flex-wrap: wrap; gap: 30px; margin-bottom: 30px;'>\n<div style='flex: 1 1 300px; min-width: 280px;'> <img style='width: 100%; height: auto; border: 1px solid rgba(150&comma;150&comma;150&comma;0.3); border-radius: 8px; margin-bottom: 10px;' src='https:\/\/ftp3.syscom.mx\/usuarios\/ftp\/single_page\/thorsman\/thorsman1-05.png' alt='Capacidad recomendada'> <\/p>\n<p style='font-size: 14px; color: inherit; margin: 0;'>El 40% de la capacidad es la m\u00e1xima recomendada por EIA\/TIA-569-A para dise\u00f1ar sistemas de cableado estructurado.<\/p>\n<\/p><\/div>\n<div style='flex: 1 1 300px; min-width: 280px;'> <img style='width: 100%; height: auto; border: 1px solid rgba(150&comma;150&comma;150&comma;0.3); border-radius: 8px; margin-bottom: 10px;' src='https:\/\/ftp3.syscom.mx\/usuarios\/ftp\/single_page\/thorsman\/thorsman1-06.png' alt='Sistemas de fijaci\u00f3n'> <\/p>\n<p style='font-size: 14px; color: inherit; margin: 0;'>Encuentre los sistemas de fijaci\u00f3n de Thorsman&comma; como las grapas para cable&comma; fleje&comma; cinchos de nylon y acero inoxidable&comma; que son fundamentales para la seguridad en cualquier instalaci\u00f3n.<\/p>\n<\/p><\/div>\n<div style='flex: 1 1 300px; min-width: 280px;'> <img style='width: 100%; height: auto; border: 1px solid rgba(150&comma;150&comma;150&comma;0.3); border-radius: 8px; margin-bottom: 10px;' src='https:\/\/ftp3.syscom.mx\/usuarios\/ftp\/single_page\/thorsman\/thorsman1-07.png' alt='Sistemas telecom'> <\/p>\n<p style='font-size: 14px; color: inherit; margin: 0;'>Los sistemas thelecom de Thorsman&comma; como las mini cajas de piso de energ\u00eda y voz\/datos&comma; as\u00ed como las cajas de piso de 2 y 4 m\u00f3dulos configurables&comma; brindan la soluci\u00f3n completa en conectividad para centros de entretenimiento como lo son casinos&comma; ferias&comma; museos&comma; plazas comerciales&comma; entre otros.<\/p>\n<\/p><\/div>\n<\/p><\/div>\n<p> <!-- Separador final --> <\/p>\n<hr style='border: 0; border-top: 1px solid rgba(150&comma; 150&comma; 150&comma; 0.3); margin: 30px 0;'> <\/div>\n","protected":false},"excerpt":{"rendered":"<p>Esquinero interior color blanco de PVC auto extinguible, para canaleta TMK1735, TMK1735SD (5320-02001)<\/p>\n","protected":false},"featured_media":115863,"comment_status":"open","ping_status":"closed","template":"","meta":[],"product_brand":[],"product_cat":[571],"product_tag":[573,572,583],"class_list":{"0":"post-115864","1":"product","2":"type-product","3":"status-publish","4":"has-post-thumbnail","6":"product_cat-accesorios-para-canaletas","7":"product_tag-accesorios-para-canaletas","8":"product_tag-canalizacion","9":"product_tag-thorsman","11":"first","12":"outofstock","13":"sale","14":"shipping-taxable","15":"purchasable","16":"product-type-simple"},"_links":{"self":[{"href":"https:\/\/soydeaqui.ddns.net\/pachuca\/index.php\/wp-json\/wp\/v2\/product\/115864","targetHints":{"allow":["GET"]}}],"collection":[{"href":"https:\/\/soydeaqui.ddns.net\/pachuca\/index.php\/wp-json\/wp\/v2\/product"}],"about":[{"href":"https:\/\/soydeaqui.ddns.net\/pachuca\/index.php\/wp-json\/wp\/v2\/types\/product"}],"replies":[{"embeddable":true,"href":"https:\/\/soydeaqui.ddns.net\/pachuca\/index.php\/wp-json\/wp\/v2\/comments?post=115864"}],"wp:featuredmedia":[{"embeddable":true,"href":"https:\/\/soydeaqui.ddns.net\/pachuca\/index.php\/wp-json\/wp\/v2\/media\/115863"}],"wp:attachment":[{"href":"https:\/\/soydeaqui.ddns.net\/pachuca\/index.php\/wp-json\/wp\/v2\/media?parent=115864"}],"wp:term":[{"taxonomy":"product_brand","embeddable":true,"href":"https:\/\/soydeaqui.ddns.net\/pachuca\/index.php\/wp-json\/wp\/v2\/product_brand?post=115864"},{"taxonomy":"product_cat","embeddable":true,"href":"https:\/\/soydeaqui.ddns.net\/pachuca\/index.php\/wp-json\/wp\/v2\/product_cat?post=115864"},{"taxonomy":"product_tag","embeddable":true,"href":"https:\/\/soydeaqui.ddns.net\/pachuca\/index.php\/wp-json\/wp\/v2\/product_tag?post=115864"}],"curies":[{"name":"wp","href":"https:\/\/api.w.org\/{rel}","templated":true}]}}