{"id":11586,"date":"2026-03-18T07:52:02","date_gmt":"2026-03-18T07:52:02","guid":{"rendered":"https:\/\/soydeaqui.ddns.net\/pachuca\/index.php\/producto\/jumper-de-fibra-ptica-monomodo-os2-xglo-riser-lc-upc-lc-upc-duplex-ofnr-color-amarillo-5-metros-16-40-pies\/"},"modified":"2026-03-18T07:52:03","modified_gmt":"2026-03-18T07:52:03","slug":"jumper-de-fibra-ptica-monomodo-os2-xglo-riser-lc-upc-lc-upc-duplex-ofnr-color-amarillo-5-metros-16-40-pies","status":"publish","type":"product","link":"https:\/\/soydeaqui.ddns.net\/pachuca\/index.php\/producto\/jumper-de-fibra-ptica-monomodo-os2-xglo-riser-lc-upc-lc-upc-duplex-ofnr-color-amarillo-5-metros-16-40-pies\/","title":{"rendered":"Jumper de Fibra ?ptica Monomodo (OS2), XGLO, Riser, LC\/UPC-LC\/UPC Duplex, OFNR, Color Amarillo, 5 Metros (16.40 Pies)"},"content":{"rendered":"<div style='width: 100%; max-width: 1200px; margin: 0 auto; font-family: sans-serif; line-height: 1.6; color: inherit; background-color: transparent;'> <!-- Secci\u00f3n de descripci\u00f3n principal --> <\/p>\n<div style='margin-bottom: 30px;'>\n<p style='font-size: 15px; margin-bottom: 15px; color: inherit;'>Los cables de Fibra \u00d3ptica XGLO son ideales para aplicaciones de fibra con soporte de 10 Gigabit a trav\u00e9s de distancias extendidas y redes troncales de pr\u00f3xima generaci\u00f3n.<\/p>\n<p style='font-size: 15px; margin-bottom: 15px; color: inherit;'>La Fibra \u00d3ptica cumple con el est\u00e1ndar Gigabit IEEE 802.3.<\/p>\n<\/p><\/div>\n<p> <!-- Secci\u00f3n de caracter\u00edsticas --> <\/p>\n<div style='display: flex; flex-wrap: wrap; gap: 30px; margin-bottom: 30px;'>\n<div style='flex: 1 1 300px; min-width: 280px;'>\n<h3 style='font-size: 22px; border-bottom: 2px solid currentColor; padding-bottom: 5px; margin-top: 0; color: inherit; opacity: 0.8;'>Caracter\u00edsticas principales<\/h3>\n<ul style='padding-left: 20px; font-size: 15px; color: inherit; list-style-type: disc;'>\n<li style='margin-bottom: 5px;'>Soporte de 10 Gigabit en distancias extendidas<\/li>\n<li style='margin-bottom: 5px;'>Cumple con est\u00e1ndar IEEE 802.3 Gigabit<\/li>\n<li style='margin-bottom: 5px;'>Fibra monomodo tipo OS2<\/li>\n<li style='margin-bottom: 5px;'>Forro OFNR (Riser)<\/li>\n<li style='margin-bottom: 5px;'>Color amarillo (jacket)<\/li>\n<li style='margin-bottom: 5px;'>Conectores LC\/UPC Duplex<\/li>\n<li style='margin-bottom: 5px;'>Longitud: 5 metros<\/li>\n<\/ul><\/div>\n<p> <!-- Secci\u00f3n de especificaciones de rendimiento --> <\/p>\n<div style='flex: 1 1 300px; min-width: 280px;'>\n<h3 style='font-size: 22px; border-bottom: 2px solid currentColor; padding-bottom: 5px; margin-top: 0; color: inherit; opacity: 0.8;'>Especificaciones de rendimiento<\/h3>\n<ul style='padding-left: 20px; font-size: 15px; color: inherit; list-style-type: disc;'>\n<li style='margin-bottom: 5px;'><strong>Longitud de onda:<\/strong> 1310\/1550 nm<\/li>\n<li style='margin-bottom: 5px;'><strong>P\u00e9rdida de inserci\u00f3n (m\u00e1x.):<\/strong> 0.40 dB (0.10 dB t\u00edpico)<\/li>\n<li style='margin-bottom: 5px;'><strong>Retorno de p\u00e9rdida (m\u00edn.):<\/strong> 55 dB (60 dB t\u00edpico)<\/li>\n<li style='margin-bottom: 5px;'><strong>Est\u00e1ndares:<\/strong> Telcordia y ISO\/IEC para geometr\u00eda de extremo de ferrule<\/li>\n<li style='margin-bottom: 5px;'><strong>Compatibilidad:<\/strong> Excede los requisitos de envejecimiento&comma; humedad&comma; temperatura&comma; impacto y vibraci\u00f3n<\/li>\n<\/ul><\/div>\n<\/p><\/div>\n<p> <!-- Secci\u00f3n de est\u00e1ndares y certificaciones --> <\/p>\n<div style='display: flex; flex-wrap: wrap; gap: 20px; margin-bottom: 30px;'>\n<div style='flex: 1 1 250px; border: 1px solid rgba(150&comma; 150&comma; 150&comma; 0.4); border-radius: 8px; overflow: hidden; display: flex; flex-direction: column;'>\n<div style='padding: 15px; border-bottom: 1px solid rgba(150&comma; 150&comma; 150&comma; 0.2); font-weight: bold; font-size: 18px; color: inherit;'>Est\u00e1ndares<\/div>\n<div style='padding: 15px; color: inherit;'>\n<ul style='padding-left: 20px; margin: 0; font-size: 14px; list-style-type: disc;'>\n<li style='margin-bottom: 5px;'>IEC-60793-2-10<\/li>\n<li style='margin-bottom: 5px;'>TIA-492AAAC (OM3)<\/li>\n<li style='margin-bottom: 5px;'>TIA-492AAAD (OM4)<\/li>\n<li style='margin-bottom: 5px;'>ANSI\/TIA<\/li>\n<li style='margin-bottom: 5px;'>ISO\/IEC<\/li>\n<\/ul><\/div>\n<\/p><\/div>\n<p> <!-- Secci\u00f3n de aplicaciones --> <\/p>\n<div style='flex: 1 1 250px; border: 1px solid rgba(150&comma; 150&comma; 150&comma; 0.4); border-radius: 8px; overflow: hidden; display: flex; flex-direction: column;'>\n<div style='padding: 15px; border-bottom: 1px solid rgba(150&comma; 150&comma; 150&comma; 0.2); font-weight: bold; font-size: 18px; color: inherit;'>Aplicaciones<\/div>\n<div style='padding: 15px; color: inherit;'>\n<ul style='padding-left: 20px; margin: 0; font-size: 14px; list-style-type: disc;'>\n<li style='margin-bottom: 5px;'>Redes troncales de pr\u00f3xima generaci\u00f3n<\/li>\n<li style='margin-bottom: 5px;'>Instalaciones de fibra con soporte de 10 Gigabit<\/li>\n<li style='margin-bottom: 5px;'>Entornos que requieren fibra monomodo OS2<\/li>\n<\/ul><\/div>\n<\/p><\/div>\n<p> <!-- Secci\u00f3n de garant\u00eda y calidad --> <\/p>\n<div style='flex: 1 1 250px; border: 1px solid rgba(150&comma; 150&comma; 150&comma; 0.4); border-radius: 8px; overflow: hidden; display: flex; flex-direction: column;'>\n<div style='padding: 15px; border-bottom: 1px solid rgba(150&comma; 150&comma; 150&comma; 0.2); font-weight: bold; font-size: 18px; color: inherit;'>Calidad y garant\u00eda<\/div>\n<div style='padding: 15px; color: inherit;'>\n<ul style='padding-left: 20px; margin: 0; font-size: 14px; list-style-type: disc;'>\n<li style='margin-bottom: 5px;'>20 a\u00f1os de garant\u00eda<\/li>\n<li style='margin-bottom: 5px;'>100% inspecci\u00f3n de calidad<\/li>\n<li style='margin-bottom: 5px;'>Cumple con RoHS<\/li>\n<\/ul><\/div>\n<\/p><\/div>\n<\/p><\/div>\n<p> <!-- Secci\u00f3n de construcci\u00f3n --> <\/p>\n<div style='display: flex; flex-wrap: wrap; gap: 30px; margin-bottom: 30px;'>\n<div style='flex: 1 1 300px; min-width: 280px;'>\n<h3 style='font-size: 22px; border-bottom: 2px solid currentColor; padding-bottom: 5px; margin-top: 0; color: inherit; opacity: 0.8;'>Construcci\u00f3n<\/h3>\n<ul style='padding-left: 20px; font-size: 15px; color: inherit; list-style-type: disc;'>\n<li style='margin-bottom: 5px;'>Conectores con pulido UPC (Ultra Physical Contact)<\/li>\n<li style='margin-bottom: 5px;'>Cubierta de color amarillo para fibra monomodo<\/li>\n<li style='margin-bottom: 5px;'>Dise\u00f1o Duplex<\/li>\n<li style='margin-bottom: 5px;'>Cable con protecci\u00f3n contra impurezas en el n\u00facleo<\/li>\n<li style='margin-bottom: 5px;'>Incluye caps protectores contra polvo<\/li>\n<\/ul><\/div>\n<p> <!-- Secci\u00f3n de identificaci\u00f3n de modelo --> <\/p>\n<div style='flex: 1 1 300px; min-width: 280px;'>\n<h3 style='font-size: 22px; border-bottom: 2px solid currentColor; padding-bottom: 5px; margin-top: 0; color: inherit; opacity: 0.8;'>Identificaci\u00f3n del modelo<\/h3>\n<p style='font-size: 15px; margin-bottom: 15px; color: inherit;'>FJ2-LCULCUL-05:<\/p>\n<ul style='padding-left: 20px; font-size: 14px; color: inherit; list-style-type: disc;'>\n<li style='margin-bottom: 5px;'><strong>FJ2:<\/strong> Familia XGLO<\/li>\n<li style='margin-bottom: 5px;'><strong>LCULCUL:<\/strong> Conectores LC\/UPC Duplex<\/li>\n<li style='margin-bottom: 5px;'><strong>05:<\/strong> Longitud de 5 metros<\/li>\n<\/ul><\/div>\n<\/p><\/div>\n<p> <!-- Separador --> <\/p>\n<hr style='border: 0; border-top: 1px solid rgba(150&comma; 150&comma; 150&comma; 0.3); margin: 30px 0;'> <\/div>\n","protected":false},"excerpt":{"rendered":"<p>Jumper de Fibra ?ptica Monomodo (OS2), XGLO, Riser, LC\/UPC-LC\/UPC Duplex, OFNR, Color Amarillo, 5 Metros (16.40 Pies)<\/p>\n","protected":false},"featured_media":11585,"comment_status":"open","ping_status":"closed","template":"","meta":[],"product_brand":[],"product_cat":[617],"product_tag":[611,618,600],"class_list":{"0":"post-11586","1":"product","2":"type-product","3":"status-publish","4":"has-post-thumbnail","6":"product_cat-jumpers-y-pigtails","7":"product_tag-fibra-optica","8":"product_tag-jumpers-y-pigtails","9":"product_tag-siemon","11":"first","12":"instock","13":"sale","14":"shipping-taxable","15":"purchasable","16":"product-type-simple"},"_links":{"self":[{"href":"https:\/\/soydeaqui.ddns.net\/pachuca\/index.php\/wp-json\/wp\/v2\/product\/11586","targetHints":{"allow":["GET"]}}],"collection":[{"href":"https:\/\/soydeaqui.ddns.net\/pachuca\/index.php\/wp-json\/wp\/v2\/product"}],"about":[{"href":"https:\/\/soydeaqui.ddns.net\/pachuca\/index.php\/wp-json\/wp\/v2\/types\/product"}],"replies":[{"embeddable":true,"href":"https:\/\/soydeaqui.ddns.net\/pachuca\/index.php\/wp-json\/wp\/v2\/comments?post=11586"}],"wp:featuredmedia":[{"embeddable":true,"href":"https:\/\/soydeaqui.ddns.net\/pachuca\/index.php\/wp-json\/wp\/v2\/media\/11585"}],"wp:attachment":[{"href":"https:\/\/soydeaqui.ddns.net\/pachuca\/index.php\/wp-json\/wp\/v2\/media?parent=11586"}],"wp:term":[{"taxonomy":"product_brand","embeddable":true,"href":"https:\/\/soydeaqui.ddns.net\/pachuca\/index.php\/wp-json\/wp\/v2\/product_brand?post=11586"},{"taxonomy":"product_cat","embeddable":true,"href":"https:\/\/soydeaqui.ddns.net\/pachuca\/index.php\/wp-json\/wp\/v2\/product_cat?post=11586"},{"taxonomy":"product_tag","embeddable":true,"href":"https:\/\/soydeaqui.ddns.net\/pachuca\/index.php\/wp-json\/wp\/v2\/product_tag?post=11586"}],"curies":[{"name":"wp","href":"https:\/\/api.w.org\/{rel}","templated":true}]}}